{"id":31393,"date":"2021-05-16T08:54:06","date_gmt":"2021-05-16T06:54:06","guid":{"rendered":"https:\/\/staging.lucky-hunter.com\/product\/rigem-right-stump-jumper-backpack-in-optifade-timber-2\/"},"modified":"2022-11-15T15:44:50","modified_gmt":"2022-11-15T14:44:50","slug":"rigem-right-stump-jumper-backpack-in-optifade-timber","status":"publish","type":"product","link":"https:\/\/staging.lucky-hunter.com\/fr\/product\/rigem-right-stump-jumper-backpack-in-optifade-timber\/","title":{"rendered":"Sac \u00e0 dos Rig&#8217;Em Right Stump Jumper &#8211; Optifade Timber"},"content":{"rendered":"<p><iframe title=\"Rig\u2019Em Right Stump Jumper Backpack\" width=\"1020\" height=\"574\" src=\"https:\/\/www.youtube.com\/embed\/XF2WvvgAtWw?wmode=transparent&amp;rel=0&amp;feature=oembed&#038;enablejsapi=1&#038;origin=https:\/\/staging.lucky-hunter.com\" frameborder=\"0\" allow=\"accelerometer; autoplay; clipboard-write; encrypted-media; gyroscope; picture-in-picture\" allowfullscreen><\/iframe><\/p>\n<h2><strong>Sac \u00e0 dos Rig&#8217;Em Right Stump Jumper &#8211; sac plus petit pour les chasses plus courtes<\/strong><\/h2>\n<p>Le sac \u00e0 dos Stump Jumper est sp\u00e9cialement con\u00e7u pour les chasseurs de gibier d\u2019eau \u00e0 la recherche d&#8217;un sac plus petit \u00e0 emporter avec l\u2019aff\u00fbt. Tr\u00e8s durable et capable de transporter l&#8217;\u00e9quipement dont vous avez besoin.<\/p>\n<ul>\n<li>Garde votre \u00e9quipement prot\u00e9g\u00e9, organis\u00e9 et facilement accessible.<\/li>\n<li>Grand compartiment principal et deux compartiments de taille moyenne.<\/li>\n<li>Poche \u00e0 munitions \u00e0 acc\u00e8s rapide<\/li>\n<li>Poche \u00e0 lunettes de soleil<\/li>\n<li>Poches int\u00e9rieures transparentes et poches ext\u00e9rieures pour thermos ou gourde.<\/li>\n<li>Bretelles rembourr\u00e9es multicouches et soutien du dos menant \u00e0 une poign\u00e9e d\u00e9coup\u00e9e unique pour une prise facile ou pour \u00eatre accroch\u00e9 \u00e0 une pat\u00e8re.<\/li>\n<li>Motif camouflage Optifade Timber.<\/li>\n<\/ul>\n<p>Ce sac \u00e0 dos garde bien en place et \u00e0 l&#8217;\u00e9cart tout ce dont vous avez besoin. Vous pouvez le porter pendant la chasse.<\/p>\n","protected":false},"excerpt":{"rendered":"<p>Le sac \u00e0 dos Stump Jumper est sp\u00e9cialement con\u00e7u pour les chasseurs de sauvagines \u00e0 la recherche d&#8217;un sac plus petit \u00e0 emporter dans l\u2019aff\u00fbt. Garde votre \u00e9quipement prot\u00e9g\u00e9, organis\u00e9 et facilement accessible.<\/p>\n","protected":false},"featured_media":30267,"template":"","meta":[],"product_brand":[9660],"product_cat":[8605],"product_tag":[],"yoast_head":"<!-- This site is optimized with the Yoast SEO plugin v24.3 - https:\/\/yoast.com\/wordpress\/plugins\/seo\/ -->\n<title>Rig&#039;Em Sac \u00e0 Dos Right Stump Jumper en Optifade Timber | Chasseur chanceux<\/title>\n<meta name=\"description\" content=\"Le sac \u00e0 dos Rig&#039;Em Right Stump Jumper est parfait comme un petit sac avec tous les avantages d&#039;\u00eatre enti\u00e8rement camoufl\u00e9 et durable.\" \/>\n<meta name=\"robots\" content=\"noindex, follow, max-snippet:-1, max-image-preview:large, max-video-preview:-1\" \/>\n<meta property=\"og:locale\" content=\"fr_FR\" \/>\n<meta property=\"og:type\" content=\"article\" \/>\n<meta property=\"og:title\" content=\"Sac \u00e0 dos Rig&#039;Em Right Stump Jumper - Max5\" \/>\n<meta property=\"og:description\" content=\"Plus petit mais pas moins. Le sac \u00e0 dos Rig&#039;Em Right Stump Jumper est parfait comme un petit sac avec tous les avantages d&#039;\u00eatre enti\u00e8rement camoufl\u00e9 et durable.\" \/>\n<meta property=\"og:url\" content=\"https:\/\/staging.lucky-hunter.com\/fr\/product\/rigem-right-stump-jumper-backpack-in-optifade-timber\/\" \/>\n<meta property=\"og:site_name\" content=\"Lucky-Hunter\" \/>\n<meta property=\"article:modified_time\" content=\"2022-11-15T14:44:50+00:00\" \/>\n<meta property=\"og:image\" content=\"https:\/\/staging.lucky-hunter.com\/wp-content\/uploads\/2021\/05\/PU-242.png\" \/>\n\t<meta property=\"og:image:width\" content=\"1000\" \/>\n\t<meta property=\"og:image:height\" content=\"1000\" \/>\n\t<meta property=\"og:image:type\" content=\"image\/png\" \/>\n<meta name=\"twitter:card\" content=\"summary_large_image\" \/>\n<meta name=\"twitter:title\" content=\"Sac \u00e0 dos Rig&#039;Em Right Stump Jumper - Max5\" \/>\n<meta name=\"twitter:description\" content=\"Plus petit mais pas moins. Le sac \u00e0 dos Rig&#039;Em Right Stump Jumper est parfait comme un petit sac avec tous les avantages d&#039;\u00eatre enti\u00e8rement camoufl\u00e9 et durable.\" \/>\n<meta name=\"twitter:label1\" content=\"Dur\u00e9e de lecture estim\u00e9e\" \/>\n\t<meta name=\"twitter:data1\" content=\"1 minute\" \/>\n<script type=\"application\/ld+json\" class=\"yoast-schema-graph\">{\"@context\":\"https:\/\/schema.org\",\"@graph\":[{\"@type\":\"WebPage\",\"@id\":\"https:\/\/staging.lucky-hunter.com\/fr\/product\/rigem-right-stump-jumper-backpack-in-optifade-timber\/\",\"url\":\"https:\/\/staging.lucky-hunter.com\/fr\/product\/rigem-right-stump-jumper-backpack-in-optifade-timber\/\",\"name\":\"Rig'Em Sac \u00e0 Dos Right Stump Jumper en Optifade Timber | Chasseur chanceux\",\"isPartOf\":{\"@id\":\"https:\/\/staging.lucky-hunter.com\/#website\"},\"primaryImageOfPage\":{\"@id\":\"https:\/\/staging.lucky-hunter.com\/fr\/product\/rigem-right-stump-jumper-backpack-in-optifade-timber\/#primaryimage\"},\"image\":{\"@id\":\"https:\/\/staging.lucky-hunter.com\/fr\/product\/rigem-right-stump-jumper-backpack-in-optifade-timber\/#primaryimage\"},\"thumbnailUrl\":\"https:\/\/staging.lucky-hunter.com\/wp-content\/uploads\/2021\/05\/PU-242.png\",\"datePublished\":\"2021-05-16T06:54:06+00:00\",\"dateModified\":\"2022-11-15T14:44:50+00:00\",\"description\":\"Le sac \u00e0 dos Rig'Em Right Stump Jumper est parfait comme un petit sac avec tous les avantages d'\u00eatre enti\u00e8rement camoufl\u00e9 et durable.\",\"breadcrumb\":{\"@id\":\"https:\/\/staging.lucky-hunter.com\/fr\/product\/rigem-right-stump-jumper-backpack-in-optifade-timber\/#breadcrumb\"},\"inLanguage\":\"fr-FR\",\"potentialAction\":[{\"@type\":\"ReadAction\",\"target\":[\"https:\/\/staging.lucky-hunter.com\/fr\/product\/rigem-right-stump-jumper-backpack-in-optifade-timber\/\"]}]},{\"@type\":\"ImageObject\",\"inLanguage\":\"fr-FR\",\"@id\":\"https:\/\/staging.lucky-hunter.com\/fr\/product\/rigem-right-stump-jumper-backpack-in-optifade-timber\/#primaryimage\",\"url\":\"https:\/\/staging.lucky-hunter.com\/wp-content\/uploads\/2021\/05\/PU-242.png\",\"contentUrl\":\"https:\/\/staging.lucky-hunter.com\/wp-content\/uploads\/2021\/05\/PU-242.png\",\"width\":1000,\"height\":1000},{\"@type\":\"BreadcrumbList\",\"@id\":\"https:\/\/staging.lucky-hunter.com\/fr\/product\/rigem-right-stump-jumper-backpack-in-optifade-timber\/#breadcrumb\",\"itemListElement\":[{\"@type\":\"ListItem\",\"position\":1,\"name\":\"Home\",\"item\":\"https:\/\/staging.lucky-hunter.com\/fr\/\"},{\"@type\":\"ListItem\",\"position\":2,\"name\":\"Boutique\",\"item\":\"https:\/\/staging.lucky-hunter.com\/fr\/shop\/\"},{\"@type\":\"ListItem\",\"position\":3,\"name\":\"Sac \u00e0 dos Rig&#8217;Em Right Stump Jumper &#8211; Optifade Timber\"}]},{\"@type\":\"WebSite\",\"@id\":\"https:\/\/staging.lucky-hunter.com\/#website\",\"url\":\"https:\/\/staging.lucky-hunter.com\/\",\"name\":\"Lucky-Hunter\",\"description\":\"Gear Up or Give Up\",\"potentialAction\":[{\"@type\":\"SearchAction\",\"target\":{\"@type\":\"EntryPoint\",\"urlTemplate\":\"https:\/\/staging.lucky-hunter.com\/?s={search_term_string}\"},\"query-input\":{\"@type\":\"PropertyValueSpecification\",\"valueRequired\":true,\"valueName\":\"search_term_string\"}}],\"inLanguage\":\"fr-FR\"}]}<\/script>\n<!-- \/ Yoast SEO plugin. -->","yoast_head_json":{"title":"Rig'Em Sac \u00e0 Dos Right Stump Jumper en Optifade Timber | Chasseur chanceux","description":"Le sac \u00e0 dos Rig'Em Right Stump Jumper est parfait comme un petit sac avec tous les avantages d'\u00eatre enti\u00e8rement camoufl\u00e9 et durable.","robots":{"index":"noindex","follow":"follow","max-snippet":"max-snippet:-1","max-image-preview":"max-image-preview:large","max-video-preview":"max-video-preview:-1"},"og_locale":"fr_FR","og_type":"article","og_title":"Sac \u00e0 dos Rig'Em Right Stump Jumper - Max5","og_description":"Plus petit mais pas moins. Le sac \u00e0 dos Rig'Em Right Stump Jumper est parfait comme un petit sac avec tous les avantages d'\u00eatre enti\u00e8rement camoufl\u00e9 et durable.","og_url":"https:\/\/staging.lucky-hunter.com\/fr\/product\/rigem-right-stump-jumper-backpack-in-optifade-timber\/","og_site_name":"Lucky-Hunter","article_modified_time":"2022-11-15T14:44:50+00:00","og_image":[{"width":1000,"height":1000,"url":"https:\/\/staging.lucky-hunter.com\/wp-content\/uploads\/2021\/05\/PU-242.png","type":"image\/png"}],"twitter_card":"summary_large_image","twitter_title":"Sac \u00e0 dos Rig'Em Right Stump Jumper - Max5","twitter_description":"Plus petit mais pas moins. Le sac \u00e0 dos Rig'Em Right Stump Jumper est parfait comme un petit sac avec tous les avantages d'\u00eatre enti\u00e8rement camoufl\u00e9 et durable.","twitter_misc":{"Dur\u00e9e de lecture estim\u00e9e":"1 minute"},"schema":{"@context":"https:\/\/schema.org","@graph":[{"@type":"WebPage","@id":"https:\/\/staging.lucky-hunter.com\/fr\/product\/rigem-right-stump-jumper-backpack-in-optifade-timber\/","url":"https:\/\/staging.lucky-hunter.com\/fr\/product\/rigem-right-stump-jumper-backpack-in-optifade-timber\/","name":"Rig'Em Sac \u00e0 Dos Right Stump Jumper en Optifade Timber | Chasseur chanceux","isPartOf":{"@id":"https:\/\/staging.lucky-hunter.com\/#website"},"primaryImageOfPage":{"@id":"https:\/\/staging.lucky-hunter.com\/fr\/product\/rigem-right-stump-jumper-backpack-in-optifade-timber\/#primaryimage"},"image":{"@id":"https:\/\/staging.lucky-hunter.com\/fr\/product\/rigem-right-stump-jumper-backpack-in-optifade-timber\/#primaryimage"},"thumbnailUrl":"https:\/\/staging.lucky-hunter.com\/wp-content\/uploads\/2021\/05\/PU-242.png","datePublished":"2021-05-16T06:54:06+00:00","dateModified":"2022-11-15T14:44:50+00:00","description":"Le sac \u00e0 dos Rig'Em Right Stump Jumper est parfait comme un petit sac avec tous les avantages d'\u00eatre enti\u00e8rement camoufl\u00e9 et durable.","breadcrumb":{"@id":"https:\/\/staging.lucky-hunter.com\/fr\/product\/rigem-right-stump-jumper-backpack-in-optifade-timber\/#breadcrumb"},"inLanguage":"fr-FR","potentialAction":[{"@type":"ReadAction","target":["https:\/\/staging.lucky-hunter.com\/fr\/product\/rigem-right-stump-jumper-backpack-in-optifade-timber\/"]}]},{"@type":"ImageObject","inLanguage":"fr-FR","@id":"https:\/\/staging.lucky-hunter.com\/fr\/product\/rigem-right-stump-jumper-backpack-in-optifade-timber\/#primaryimage","url":"https:\/\/staging.lucky-hunter.com\/wp-content\/uploads\/2021\/05\/PU-242.png","contentUrl":"https:\/\/staging.lucky-hunter.com\/wp-content\/uploads\/2021\/05\/PU-242.png","width":1000,"height":1000},{"@type":"BreadcrumbList","@id":"https:\/\/staging.lucky-hunter.com\/fr\/product\/rigem-right-stump-jumper-backpack-in-optifade-timber\/#breadcrumb","itemListElement":[{"@type":"ListItem","position":1,"name":"Home","item":"https:\/\/staging.lucky-hunter.com\/fr\/"},{"@type":"ListItem","position":2,"name":"Boutique","item":"https:\/\/staging.lucky-hunter.com\/fr\/shop\/"},{"@type":"ListItem","position":3,"name":"Sac \u00e0 dos Rig&#8217;Em Right Stump Jumper &#8211; Optifade Timber"}]},{"@type":"WebSite","@id":"https:\/\/staging.lucky-hunter.com\/#website","url":"https:\/\/staging.lucky-hunter.com\/","name":"Lucky-Hunter","description":"Gear Up or Give Up","potentialAction":[{"@type":"SearchAction","target":{"@type":"EntryPoint","urlTemplate":"https:\/\/staging.lucky-hunter.com\/?s={search_term_string}"},"query-input":{"@type":"PropertyValueSpecification","valueRequired":true,"valueName":"search_term_string"}}],"inLanguage":"fr-FR"}]}},"_links":{"self":[{"href":"https:\/\/staging.lucky-hunter.com\/fr\/wp-json\/wp\/v2\/product\/31393"}],"collection":[{"href":"https:\/\/staging.lucky-hunter.com\/fr\/wp-json\/wp\/v2\/product"}],"about":[{"href":"https:\/\/staging.lucky-hunter.com\/fr\/wp-json\/wp\/v2\/types\/product"}],"wp:featuredmedia":[{"embeddable":true,"href":"https:\/\/staging.lucky-hunter.com\/fr\/wp-json\/wp\/v2\/media\/30267"}],"wp:attachment":[{"href":"https:\/\/staging.lucky-hunter.com\/fr\/wp-json\/wp\/v2\/media?parent=31393"}],"wp:term":[{"taxonomy":"product_brand","embeddable":true,"href":"https:\/\/staging.lucky-hunter.com\/fr\/wp-json\/wp\/v2\/product_brand?post=31393"},{"taxonomy":"product_cat","embeddable":true,"href":"https:\/\/staging.lucky-hunter.com\/fr\/wp-json\/wp\/v2\/product_cat?post=31393"},{"taxonomy":"product_tag","embeddable":true,"href":"https:\/\/staging.lucky-hunter.com\/fr\/wp-json\/wp\/v2\/product_tag?post=31393"}],"curies":[{"name":"wp","href":"https:\/\/api.w.org\/{rel}","templated":true}]}}