{"id":31392,"date":"2017-04-07T13:36:30","date_gmt":"2017-04-07T11:36:30","guid":{"rendered":"https:\/\/staging.lucky-hunter.com\/product\/rigem-right-shell-shocker-2\/"},"modified":"2023-03-05T00:48:00","modified_gmt":"2023-03-04T23:48:00","slug":"rigem-right-shell-shocker","status":"publish","type":"product","link":"https:\/\/staging.lucky-hunter.com\/fr\/product\/rigem-right-shell-shocker\/","title":{"rendered":"Rig&#8217;Em Right Shell Shocker &#8211; Max5"},"content":{"rendered":"<div class=\"video video-fit mb\" style=\"padding-top:56.25%;\"><p><iframe width=\"1020\" height=\"574\" src=\"https:\/\/www.youtube.com\/embed\/o2Qih7eEwXU?wmode=transparent&amp;rel=0&amp;feature=oembed\" frameborder=\"0\" allowfullscreen><\/iframe><\/p>\n<\/div>\n<h2><strong>Sac \u00e0 aff\u00fbt Rig&#8217;Em Right Shell Shocker<\/strong><\/h2>\n<p>Le sac de chasse ultime pour le chasseur d&#8217;oiseaux passionn\u00e9, avec une multitude de d\u00e9tails qui permettent de prot\u00e9ger, d&#8217;organiser et de retrouver facilement votre mat\u00e9riel de chasse.<\/p>\n<p>Il est fantastique pour les chasseurs de gibier d\u2019eau, mais serait \u00e9galement un excellent compl\u00e9ment \u00e0 un voyage de p\u00eache gr\u00e2ce \u00e0 ses fermetures \u00e9clair r\u00e9sistantes aux intemp\u00e9ries et son m\u00e9canisme flottant.<\/p>\n<p>Un sac vraiment audacieux, fabriqu\u00e9 \u00e0 partir des mat\u00e9riaux les plus r\u00e9sistants pour s&#8217;assurer que tout votre \u00e9quipement est prot\u00e9g\u00e9 et en s\u00e9curit\u00e9 pendant que vous \u00eates \u00e0 la chasse, avec m\u00eame une protection pour votre t\u00e9l\u00e9phone portable avec des fermetures \u00e9clair r\u00e9sistantes aux intemp\u00e9ries. Et le mieux est qu&#8217;il flotte\u00a0! Vous n&#8217;avez donc plus \u00e0 craindre que votre mat\u00e9riel ne tombe au fond de l&#8217;eau gr\u00e2ce \u00e0 ce produit haut de gamme de Rig&#8217;Em Right.<\/p>\n<p>Le sac \u00e0 aff\u00fbt Shell Shocker de la soci\u00e9t\u00e9 am\u00e9ricaine Rig&#8217;em Right est fabriqu\u00e9 dans une toile tr\u00e8s solide qui peut r\u00e9sister \u00e0 la chasse par tous les temps et sur tous les terrains pendant des ann\u00e9es.<\/p>\n<p><strong>Le sac comporte\u00a0:<\/strong><\/p>\n<ul>\n<li>\u00c9tui \u00e0 lunettes de soleil int\u00e9gr\u00e9<\/li>\n<li>Poche pour bouteille d&#8217;eau ou thermos<\/li>\n<li>Poche pour t\u00e9l\u00e9phone portable avec fermeture \u00e9clair \u00e9tanche<\/li>\n<li>Compartiment pour munitions<\/li>\n<li>Poches transparentes pour voir le contenu \u00e0 l&#8217;int\u00e9rieur<\/li>\n<li>Bandouli\u00e8re rembourr\u00e9e et r\u00e9glable<\/li>\n<li>Fond en PVC pour plus de durabilit\u00e9<\/li>\n<li>Poign\u00e9e en paracorde tress\u00e9e agr\u00e9able<\/li>\n<li>Design MAX5 Camo HD.<\/li>\n<li>Dimensions\u00a0: 20 x 20 x 30 cm<\/li>\n<\/ul>\n<div class=\"video video-fit mb\" style=\"padding-top:56.25%;\"><p><iframe width=\"1020\" height=\"574\" src=\"https:\/\/www.youtube.com\/embed\/V5jC7_Jsgtw?wmode=transparent&amp;rel=0&amp;feature=oembed\" frameborder=\"0\" allowfullscreen><\/iframe><\/p>\n<\/div>\n","protected":false},"excerpt":{"rendered":"<p>Le sac de chasse ultime pour le chasseur d&#8217;oiseaux passionn\u00e9, avec une multitude de d\u00e9tails qui permettent de prot\u00e9ger, d&#8217;organiser et de retrouver facilement votre mat\u00e9riel de chasse.<\/p>\n","protected":false},"featured_media":64015,"template":"","meta":[],"product_brand":[8127],"product_cat":[8174],"product_tag":[],"yoast_head":"<!-- This site is optimized with the Yoast SEO plugin v24.3 - https:\/\/yoast.com\/wordpress\/plugins\/seo\/ -->\n<title>Rig&#039;Em Right Shell Shocker Sac de chasse robuste | Chasseur chanceux<\/title>\n<meta name=\"description\" content=\"Gardez votre \u00e9quipement organis\u00e9. Le Shell Shocker de Rig &#039;Em Right est l&#039;accessoire ultime pour les sauvagines s\u00e9rieuses.\" \/>\n<meta name=\"robots\" content=\"noindex, follow, max-snippet:-1, max-image-preview:large, max-video-preview:-1\" \/>\n<meta property=\"og:locale\" content=\"fr_FR\" \/>\n<meta property=\"og:type\" content=\"article\" \/>\n<meta property=\"og:title\" content=\"Rig&#039;Em Right Shell Shocker Sac de chasse robuste | Chasseur chanceux\" \/>\n<meta property=\"og:description\" content=\"Gardez votre \u00e9quipement organis\u00e9. Le Shell Shocker de Rig &#039;Em Right est l&#039;accessoire ultime pour les sauvagines s\u00e9rieuses.\" \/>\n<meta property=\"og:url\" content=\"https:\/\/staging.lucky-hunter.com\/product\/rigem-right-shell-shocker\/\" \/>\n<meta property=\"og:site_name\" content=\"Lucky-Hunter\" \/>\n<meta property=\"article:modified_time\" content=\"2023-03-04T23:48:00+00:00\" \/>\n<meta property=\"og:image\" content=\"https:\/\/staging.lucky-hunter.com\/wp-content\/uploads\/2017\/04\/PU-200-1000.png\" \/>\n\t<meta property=\"og:image:width\" content=\"1000\" \/>\n\t<meta property=\"og:image:height\" content=\"1000\" \/>\n\t<meta property=\"og:image:type\" content=\"image\/png\" \/>\n<meta name=\"twitter:card\" content=\"summary_large_image\" \/>\n<meta name=\"twitter:title\" content=\"Rig&#039;Em Right Shell Shocker Sac de chasse robuste | Chasseur chanceux\" \/>\n<meta name=\"twitter:description\" content=\"Gardez votre \u00e9quipement organis\u00e9. Le Shell Shocker de Rig &#039;Em Right est l&#039;accessoire ultime pour les sauvagines s\u00e9rieuses.\" \/>\n<meta name=\"twitter:label1\" content=\"Dur\u00e9e de lecture estim\u00e9e\" \/>\n\t<meta name=\"twitter:data1\" content=\"2 minutes\" \/>\n<script type=\"application\/ld+json\" class=\"yoast-schema-graph\">{\"@context\":\"https:\/\/schema.org\",\"@graph\":[{\"@type\":\"WebPage\",\"@id\":\"https:\/\/staging.lucky-hunter.com\/product\/rigem-right-shell-shocker\/\",\"url\":\"https:\/\/staging.lucky-hunter.com\/product\/rigem-right-shell-shocker\/\",\"name\":\"Rig'Em Right Shell Shocker Sac de chasse robuste | Chasseur chanceux\",\"isPartOf\":{\"@id\":\"https:\/\/staging.lucky-hunter.com\/#website\"},\"primaryImageOfPage\":{\"@id\":\"https:\/\/staging.lucky-hunter.com\/product\/rigem-right-shell-shocker\/#primaryimage\"},\"image\":{\"@id\":\"https:\/\/staging.lucky-hunter.com\/product\/rigem-right-shell-shocker\/#primaryimage\"},\"thumbnailUrl\":\"https:\/\/staging.lucky-hunter.com\/wp-content\/uploads\/2017\/04\/PU-200-1000.png\",\"datePublished\":\"2017-04-07T11:36:30+00:00\",\"dateModified\":\"2023-03-04T23:48:00+00:00\",\"description\":\"Gardez votre \u00e9quipement organis\u00e9. Le Shell Shocker de Rig 'Em Right est l'accessoire ultime pour les sauvagines s\u00e9rieuses.\",\"breadcrumb\":{\"@id\":\"https:\/\/staging.lucky-hunter.com\/product\/rigem-right-shell-shocker\/#breadcrumb\"},\"inLanguage\":\"fr-FR\",\"potentialAction\":[{\"@type\":\"ReadAction\",\"target\":[\"https:\/\/staging.lucky-hunter.com\/product\/rigem-right-shell-shocker\/\"]}]},{\"@type\":\"ImageObject\",\"inLanguage\":\"fr-FR\",\"@id\":\"https:\/\/staging.lucky-hunter.com\/product\/rigem-right-shell-shocker\/#primaryimage\",\"url\":\"https:\/\/staging.lucky-hunter.com\/wp-content\/uploads\/2017\/04\/PU-200-1000.png\",\"contentUrl\":\"https:\/\/staging.lucky-hunter.com\/wp-content\/uploads\/2017\/04\/PU-200-1000.png\",\"width\":1000,\"height\":1000},{\"@type\":\"BreadcrumbList\",\"@id\":\"https:\/\/staging.lucky-hunter.com\/product\/rigem-right-shell-shocker\/#breadcrumb\",\"itemListElement\":[{\"@type\":\"ListItem\",\"position\":1,\"name\":\"Home\",\"item\":\"https:\/\/staging.lucky-hunter.com\/fr\/\"},{\"@type\":\"ListItem\",\"position\":2,\"name\":\"Boutique\",\"item\":\"https:\/\/staging.lucky-hunter.com\/fr\/shop\/\"},{\"@type\":\"ListItem\",\"position\":3,\"name\":\"Rig&#8217;Em Right Shell Shocker &#8211; Max5\"}]},{\"@type\":\"WebSite\",\"@id\":\"https:\/\/staging.lucky-hunter.com\/#website\",\"url\":\"https:\/\/staging.lucky-hunter.com\/\",\"name\":\"Lucky-Hunter\",\"description\":\"Gear Up or Give Up\",\"potentialAction\":[{\"@type\":\"SearchAction\",\"target\":{\"@type\":\"EntryPoint\",\"urlTemplate\":\"https:\/\/staging.lucky-hunter.com\/?s={search_term_string}\"},\"query-input\":{\"@type\":\"PropertyValueSpecification\",\"valueRequired\":true,\"valueName\":\"search_term_string\"}}],\"inLanguage\":\"fr-FR\"}]}<\/script>\n<!-- \/ Yoast SEO plugin. -->","yoast_head_json":{"title":"Rig'Em Right Shell Shocker Sac de chasse robuste | Chasseur chanceux","description":"Gardez votre \u00e9quipement organis\u00e9. Le Shell Shocker de Rig 'Em Right est l'accessoire ultime pour les sauvagines s\u00e9rieuses.","robots":{"index":"noindex","follow":"follow","max-snippet":"max-snippet:-1","max-image-preview":"max-image-preview:large","max-video-preview":"max-video-preview:-1"},"og_locale":"fr_FR","og_type":"article","og_title":"Rig'Em Right Shell Shocker Sac de chasse robuste | Chasseur chanceux","og_description":"Gardez votre \u00e9quipement organis\u00e9. Le Shell Shocker de Rig 'Em Right est l'accessoire ultime pour les sauvagines s\u00e9rieuses.","og_url":"https:\/\/staging.lucky-hunter.com\/product\/rigem-right-shell-shocker\/","og_site_name":"Lucky-Hunter","article_modified_time":"2023-03-04T23:48:00+00:00","og_image":[{"width":1000,"height":1000,"url":"https:\/\/staging.lucky-hunter.com\/wp-content\/uploads\/2017\/04\/PU-200-1000.png","type":"image\/png"}],"twitter_card":"summary_large_image","twitter_title":"Rig'Em Right Shell Shocker Sac de chasse robuste | Chasseur chanceux","twitter_description":"Gardez votre \u00e9quipement organis\u00e9. Le Shell Shocker de Rig 'Em Right est l'accessoire ultime pour les sauvagines s\u00e9rieuses.","twitter_misc":{"Dur\u00e9e de lecture estim\u00e9e":"2 minutes"},"schema":{"@context":"https:\/\/schema.org","@graph":[{"@type":"WebPage","@id":"https:\/\/staging.lucky-hunter.com\/product\/rigem-right-shell-shocker\/","url":"https:\/\/staging.lucky-hunter.com\/product\/rigem-right-shell-shocker\/","name":"Rig'Em Right Shell Shocker Sac de chasse robuste | Chasseur chanceux","isPartOf":{"@id":"https:\/\/staging.lucky-hunter.com\/#website"},"primaryImageOfPage":{"@id":"https:\/\/staging.lucky-hunter.com\/product\/rigem-right-shell-shocker\/#primaryimage"},"image":{"@id":"https:\/\/staging.lucky-hunter.com\/product\/rigem-right-shell-shocker\/#primaryimage"},"thumbnailUrl":"https:\/\/staging.lucky-hunter.com\/wp-content\/uploads\/2017\/04\/PU-200-1000.png","datePublished":"2017-04-07T11:36:30+00:00","dateModified":"2023-03-04T23:48:00+00:00","description":"Gardez votre \u00e9quipement organis\u00e9. Le Shell Shocker de Rig 'Em Right est l'accessoire ultime pour les sauvagines s\u00e9rieuses.","breadcrumb":{"@id":"https:\/\/staging.lucky-hunter.com\/product\/rigem-right-shell-shocker\/#breadcrumb"},"inLanguage":"fr-FR","potentialAction":[{"@type":"ReadAction","target":["https:\/\/staging.lucky-hunter.com\/product\/rigem-right-shell-shocker\/"]}]},{"@type":"ImageObject","inLanguage":"fr-FR","@id":"https:\/\/staging.lucky-hunter.com\/product\/rigem-right-shell-shocker\/#primaryimage","url":"https:\/\/staging.lucky-hunter.com\/wp-content\/uploads\/2017\/04\/PU-200-1000.png","contentUrl":"https:\/\/staging.lucky-hunter.com\/wp-content\/uploads\/2017\/04\/PU-200-1000.png","width":1000,"height":1000},{"@type":"BreadcrumbList","@id":"https:\/\/staging.lucky-hunter.com\/product\/rigem-right-shell-shocker\/#breadcrumb","itemListElement":[{"@type":"ListItem","position":1,"name":"Home","item":"https:\/\/staging.lucky-hunter.com\/fr\/"},{"@type":"ListItem","position":2,"name":"Boutique","item":"https:\/\/staging.lucky-hunter.com\/fr\/shop\/"},{"@type":"ListItem","position":3,"name":"Rig&#8217;Em Right Shell Shocker &#8211; Max5"}]},{"@type":"WebSite","@id":"https:\/\/staging.lucky-hunter.com\/#website","url":"https:\/\/staging.lucky-hunter.com\/","name":"Lucky-Hunter","description":"Gear Up or Give Up","potentialAction":[{"@type":"SearchAction","target":{"@type":"EntryPoint","urlTemplate":"https:\/\/staging.lucky-hunter.com\/?s={search_term_string}"},"query-input":{"@type":"PropertyValueSpecification","valueRequired":true,"valueName":"search_term_string"}}],"inLanguage":"fr-FR"}]}},"_links":{"self":[{"href":"https:\/\/staging.lucky-hunter.com\/fr\/wp-json\/wp\/v2\/product\/31392"}],"collection":[{"href":"https:\/\/staging.lucky-hunter.com\/fr\/wp-json\/wp\/v2\/product"}],"about":[{"href":"https:\/\/staging.lucky-hunter.com\/fr\/wp-json\/wp\/v2\/types\/product"}],"wp:featuredmedia":[{"embeddable":true,"href":"https:\/\/staging.lucky-hunter.com\/fr\/wp-json\/wp\/v2\/media\/64015"}],"wp:attachment":[{"href":"https:\/\/staging.lucky-hunter.com\/fr\/wp-json\/wp\/v2\/media?parent=31392"}],"wp:term":[{"taxonomy":"product_brand","embeddable":true,"href":"https:\/\/staging.lucky-hunter.com\/fr\/wp-json\/wp\/v2\/product_brand?post=31392"},{"taxonomy":"product_cat","embeddable":true,"href":"https:\/\/staging.lucky-hunter.com\/fr\/wp-json\/wp\/v2\/product_cat?post=31392"},{"taxonomy":"product_tag","embeddable":true,"href":"https:\/\/staging.lucky-hunter.com\/fr\/wp-json\/wp\/v2\/product_tag?post=31392"}],"curies":[{"name":"wp","href":"https:\/\/api.w.org\/{rel}","templated":true}]}}