{"id":31367,"date":"2017-03-02T14:49:23","date_gmt":"2017-03-02T13:49:23","guid":{"rendered":"https:\/\/staging.lucky-hunter.com\/product\/rigem-right-recon-decoy-bag-2\/"},"modified":"2025-08-13T13:06:25","modified_gmt":"2025-08-13T11:06:25","slug":"sac-a-formes-rigem-right-recon-equipement-pour-le-passionne-de-chasse","status":"publish","type":"product","link":"https:\/\/staging.lucky-hunter.com\/fr\/product\/sac-a-formes-rigem-right-recon-equipement-pour-le-passionne-de-chasse\/","title":{"rendered":"Sac Recon pour formes &#8211; Rig&#8217;Em Right"},"content":{"rendered":"<p><iframe title=\"Rig\u2019Em Right Recon Decoy Bag\" width=\"1020\" height=\"574\" src=\"https:\/\/www.youtube.com\/embed\/r8ALo_nuvQA?wmode=transparent&amp;rel=0&amp;feature=oembed&#038;enablejsapi=1&#038;origin=https:\/\/staging.lucky-hunter.com\" frameborder=\"0\" allow=\"accelerometer; autoplay; clipboard-write; encrypted-media; gyroscope; picture-in-picture; web-share\" referrerpolicy=\"strict-origin-when-cross-origin\" allowfullscreen><\/iframe><\/p>\n<p>Le sac Recon Decoy de Rig&#8217;Em Right est con\u00e7u pour r\u00e9sister aux mauvais traitements qu&#8217;une longue saison de chasse au gibier d\u2019eau peut infliger.<\/p>\n<p>Le mat\u00e9riau du corps 600D est r\u00e9sistant et durable.<\/p>\n<p>Le mat\u00e9riau du fond en mesh permet \u00e0 l&#8217;eau de s&#8217;\u00e9couler rapidement.<\/p>\n<p>Le syst\u00e8me de sac \u00e0 dos moul\u00e9 et la ceinture de taille permettent de fixer environ 24 formes de canard de taille Avian-X sur votre dos et de maintenir ce sac \u00e0 flot pendant que vous ramassez les formes. Vous pouvez l&#8217;attacher \u00e0 l&#8217;aide du cordon de serrage et vous \u00eates pr\u00eat \u00e0 partir.<\/p>\n<p>Taille\u00a0:\u00a091,50 cm x 106,5 cm.<\/p>\n","protected":false},"excerpt":{"rendered":"<p>Le sac Recon Decoy de Rig&#8217;Em Right est con\u00e7u pour r\u00e9sister aux mauvais traitements qu&#8217;une longue saison de chasse au gibier d\u2019eau peut infliger. Le mat\u00e9riau du corps 600D est r\u00e9sistant et durable. Le mat\u00e9riau du fond en mesh permet \u00e0 l&#8217;eau de s&#8217;\u00e9couler rapidement. Le syst\u00e8me de sac \u00e0 dos moul\u00e9 et la ceinture [&#8230;]\n","protected":false},"featured_media":30566,"template":"","meta":[],"product_brand":[8127],"product_cat":[9321],"product_tag":[9235],"yoast_head":"<!-- This site is optimized with the Yoast SEO plugin v24.3 - https:\/\/yoast.com\/wordpress\/plugins\/seo\/ -->\n<title>Sac pour formes Rig&#039;em Right Recon - \u00c9quipement pour le passionn\u00e9 de chasse<\/title>\n<meta name=\"description\" content=\"Le sac \u00e0 formes Recon de Rig&#039;Em Right est con\u00e7u pour r\u00e9sister aux rigueurs d&#039;une longue saison de chasse au gibier d&#039;eau.\" \/>\n<meta name=\"robots\" content=\"noindex, follow, max-snippet:-1, max-image-preview:large, max-video-preview:-1\" \/>\n<meta property=\"og:locale\" content=\"fr_FR\" \/>\n<meta property=\"og:type\" content=\"article\" \/>\n<meta property=\"og:title\" content=\"Sac pour formes Rig&#039;em Right Recon - \u00c9quipement pour le passionn\u00e9 de chasse\" \/>\n<meta property=\"og:description\" content=\"Le sac \u00e0 formes Recon de Rig&#039;Em Right est con\u00e7u pour r\u00e9sister aux rigueurs d&#039;une longue saison de chasse au gibier d&#039;eau.\" \/>\n<meta property=\"og:url\" content=\"https:\/\/staging.lucky-hunter.com\/fr\/product\/sac-a-formes-rigem-right-recon-equipement-pour-le-passionne-de-chasse\/\" \/>\n<meta property=\"og:site_name\" content=\"Lucky-Hunter\" \/>\n<meta property=\"article:modified_time\" content=\"2025-08-13T11:06:25+00:00\" \/>\n<meta property=\"og:image\" content=\"https:\/\/staging.lucky-hunter.com\/wp-content\/uploads\/2017\/03\/PU-202.png.webp\" \/>\n\t<meta property=\"og:image:width\" content=\"1000\" \/>\n\t<meta property=\"og:image:height\" content=\"1000\" \/>\n\t<meta property=\"og:image:type\" content=\"image\/webp\" \/>\n<meta name=\"twitter:card\" content=\"summary_large_image\" \/>\n<meta name=\"twitter:label1\" content=\"Dur\u00e9e de lecture estim\u00e9e\" \/>\n\t<meta name=\"twitter:data1\" content=\"1 minute\" \/>\n<script type=\"application\/ld+json\" class=\"yoast-schema-graph\">{\"@context\":\"https:\/\/schema.org\",\"@graph\":[{\"@type\":\"WebPage\",\"@id\":\"https:\/\/staging.lucky-hunter.com\/fr\/product\/sac-a-formes-rigem-right-recon-equipement-pour-le-passionne-de-chasse\/\",\"url\":\"https:\/\/staging.lucky-hunter.com\/fr\/product\/sac-a-formes-rigem-right-recon-equipement-pour-le-passionne-de-chasse\/\",\"name\":\"Sac pour formes Rig'em Right Recon - \u00c9quipement pour le passionn\u00e9 de chasse\",\"isPartOf\":{\"@id\":\"https:\/\/staging.lucky-hunter.com\/#website\"},\"primaryImageOfPage\":{\"@id\":\"https:\/\/staging.lucky-hunter.com\/fr\/product\/sac-a-formes-rigem-right-recon-equipement-pour-le-passionne-de-chasse\/#primaryimage\"},\"image\":{\"@id\":\"https:\/\/staging.lucky-hunter.com\/fr\/product\/sac-a-formes-rigem-right-recon-equipement-pour-le-passionne-de-chasse\/#primaryimage\"},\"thumbnailUrl\":\"https:\/\/staging.lucky-hunter.com\/wp-content\/uploads\/2017\/03\/PU-202.png.webp\",\"datePublished\":\"2017-03-02T13:49:23+00:00\",\"dateModified\":\"2025-08-13T11:06:25+00:00\",\"description\":\"Le sac \u00e0 formes Recon de Rig'Em Right est con\u00e7u pour r\u00e9sister aux rigueurs d'une longue saison de chasse au gibier d'eau.\",\"breadcrumb\":{\"@id\":\"https:\/\/staging.lucky-hunter.com\/fr\/product\/sac-a-formes-rigem-right-recon-equipement-pour-le-passionne-de-chasse\/#breadcrumb\"},\"inLanguage\":\"fr-FR\",\"potentialAction\":[{\"@type\":\"ReadAction\",\"target\":[\"https:\/\/staging.lucky-hunter.com\/fr\/product\/sac-a-formes-rigem-right-recon-equipement-pour-le-passionne-de-chasse\/\"]}]},{\"@type\":\"ImageObject\",\"inLanguage\":\"fr-FR\",\"@id\":\"https:\/\/staging.lucky-hunter.com\/fr\/product\/sac-a-formes-rigem-right-recon-equipement-pour-le-passionne-de-chasse\/#primaryimage\",\"url\":\"https:\/\/staging.lucky-hunter.com\/wp-content\/uploads\/2017\/03\/PU-202.png.webp\",\"contentUrl\":\"https:\/\/staging.lucky-hunter.com\/wp-content\/uploads\/2017\/03\/PU-202.png.webp\",\"width\":1000,\"height\":1000},{\"@type\":\"BreadcrumbList\",\"@id\":\"https:\/\/staging.lucky-hunter.com\/fr\/product\/sac-a-formes-rigem-right-recon-equipement-pour-le-passionne-de-chasse\/#breadcrumb\",\"itemListElement\":[{\"@type\":\"ListItem\",\"position\":1,\"name\":\"Home\",\"item\":\"https:\/\/staging.lucky-hunter.com\/fr\/\"},{\"@type\":\"ListItem\",\"position\":2,\"name\":\"Boutique\",\"item\":\"https:\/\/staging.lucky-hunter.com\/fr\/shop\/\"},{\"@type\":\"ListItem\",\"position\":3,\"name\":\"Sac Recon pour formes &#8211; Rig&#8217;Em Right\"}]},{\"@type\":\"WebSite\",\"@id\":\"https:\/\/staging.lucky-hunter.com\/#website\",\"url\":\"https:\/\/staging.lucky-hunter.com\/\",\"name\":\"Lucky-Hunter\",\"description\":\"Gear Up or Give Up\",\"potentialAction\":[{\"@type\":\"SearchAction\",\"target\":{\"@type\":\"EntryPoint\",\"urlTemplate\":\"https:\/\/staging.lucky-hunter.com\/?s={search_term_string}\"},\"query-input\":{\"@type\":\"PropertyValueSpecification\",\"valueRequired\":true,\"valueName\":\"search_term_string\"}}],\"inLanguage\":\"fr-FR\"}]}<\/script>\n<!-- \/ Yoast SEO plugin. -->","yoast_head_json":{"title":"Sac pour formes Rig'em Right Recon - \u00c9quipement pour le passionn\u00e9 de chasse","description":"Le sac \u00e0 formes Recon de Rig'Em Right est con\u00e7u pour r\u00e9sister aux rigueurs d'une longue saison de chasse au gibier d'eau.","robots":{"index":"noindex","follow":"follow","max-snippet":"max-snippet:-1","max-image-preview":"max-image-preview:large","max-video-preview":"max-video-preview:-1"},"og_locale":"fr_FR","og_type":"article","og_title":"Sac pour formes Rig'em Right Recon - \u00c9quipement pour le passionn\u00e9 de chasse","og_description":"Le sac \u00e0 formes Recon de Rig'Em Right est con\u00e7u pour r\u00e9sister aux rigueurs d'une longue saison de chasse au gibier d'eau.","og_url":"https:\/\/staging.lucky-hunter.com\/fr\/product\/sac-a-formes-rigem-right-recon-equipement-pour-le-passionne-de-chasse\/","og_site_name":"Lucky-Hunter","article_modified_time":"2025-08-13T11:06:25+00:00","og_image":[{"width":1000,"height":1000,"url":"https:\/\/staging.lucky-hunter.com\/wp-content\/uploads\/2017\/03\/PU-202.png.webp","type":"image\/webp"}],"twitter_card":"summary_large_image","twitter_misc":{"Dur\u00e9e de lecture estim\u00e9e":"1 minute"},"schema":{"@context":"https:\/\/schema.org","@graph":[{"@type":"WebPage","@id":"https:\/\/staging.lucky-hunter.com\/fr\/product\/sac-a-formes-rigem-right-recon-equipement-pour-le-passionne-de-chasse\/","url":"https:\/\/staging.lucky-hunter.com\/fr\/product\/sac-a-formes-rigem-right-recon-equipement-pour-le-passionne-de-chasse\/","name":"Sac pour formes Rig'em Right Recon - \u00c9quipement pour le passionn\u00e9 de chasse","isPartOf":{"@id":"https:\/\/staging.lucky-hunter.com\/#website"},"primaryImageOfPage":{"@id":"https:\/\/staging.lucky-hunter.com\/fr\/product\/sac-a-formes-rigem-right-recon-equipement-pour-le-passionne-de-chasse\/#primaryimage"},"image":{"@id":"https:\/\/staging.lucky-hunter.com\/fr\/product\/sac-a-formes-rigem-right-recon-equipement-pour-le-passionne-de-chasse\/#primaryimage"},"thumbnailUrl":"https:\/\/staging.lucky-hunter.com\/wp-content\/uploads\/2017\/03\/PU-202.png.webp","datePublished":"2017-03-02T13:49:23+00:00","dateModified":"2025-08-13T11:06:25+00:00","description":"Le sac \u00e0 formes Recon de Rig'Em Right est con\u00e7u pour r\u00e9sister aux rigueurs d'une longue saison de chasse au gibier d'eau.","breadcrumb":{"@id":"https:\/\/staging.lucky-hunter.com\/fr\/product\/sac-a-formes-rigem-right-recon-equipement-pour-le-passionne-de-chasse\/#breadcrumb"},"inLanguage":"fr-FR","potentialAction":[{"@type":"ReadAction","target":["https:\/\/staging.lucky-hunter.com\/fr\/product\/sac-a-formes-rigem-right-recon-equipement-pour-le-passionne-de-chasse\/"]}]},{"@type":"ImageObject","inLanguage":"fr-FR","@id":"https:\/\/staging.lucky-hunter.com\/fr\/product\/sac-a-formes-rigem-right-recon-equipement-pour-le-passionne-de-chasse\/#primaryimage","url":"https:\/\/staging.lucky-hunter.com\/wp-content\/uploads\/2017\/03\/PU-202.png.webp","contentUrl":"https:\/\/staging.lucky-hunter.com\/wp-content\/uploads\/2017\/03\/PU-202.png.webp","width":1000,"height":1000},{"@type":"BreadcrumbList","@id":"https:\/\/staging.lucky-hunter.com\/fr\/product\/sac-a-formes-rigem-right-recon-equipement-pour-le-passionne-de-chasse\/#breadcrumb","itemListElement":[{"@type":"ListItem","position":1,"name":"Home","item":"https:\/\/staging.lucky-hunter.com\/fr\/"},{"@type":"ListItem","position":2,"name":"Boutique","item":"https:\/\/staging.lucky-hunter.com\/fr\/shop\/"},{"@type":"ListItem","position":3,"name":"Sac Recon pour formes &#8211; Rig&#8217;Em Right"}]},{"@type":"WebSite","@id":"https:\/\/staging.lucky-hunter.com\/#website","url":"https:\/\/staging.lucky-hunter.com\/","name":"Lucky-Hunter","description":"Gear Up or Give Up","potentialAction":[{"@type":"SearchAction","target":{"@type":"EntryPoint","urlTemplate":"https:\/\/staging.lucky-hunter.com\/?s={search_term_string}"},"query-input":{"@type":"PropertyValueSpecification","valueRequired":true,"valueName":"search_term_string"}}],"inLanguage":"fr-FR"}]}},"_links":{"self":[{"href":"https:\/\/staging.lucky-hunter.com\/fr\/wp-json\/wp\/v2\/product\/31367"}],"collection":[{"href":"https:\/\/staging.lucky-hunter.com\/fr\/wp-json\/wp\/v2\/product"}],"about":[{"href":"https:\/\/staging.lucky-hunter.com\/fr\/wp-json\/wp\/v2\/types\/product"}],"wp:featuredmedia":[{"embeddable":true,"href":"https:\/\/staging.lucky-hunter.com\/fr\/wp-json\/wp\/v2\/media\/30566"}],"wp:attachment":[{"href":"https:\/\/staging.lucky-hunter.com\/fr\/wp-json\/wp\/v2\/media?parent=31367"}],"wp:term":[{"taxonomy":"product_brand","embeddable":true,"href":"https:\/\/staging.lucky-hunter.com\/fr\/wp-json\/wp\/v2\/product_brand?post=31367"},{"taxonomy":"product_cat","embeddable":true,"href":"https:\/\/staging.lucky-hunter.com\/fr\/wp-json\/wp\/v2\/product_cat?post=31367"},{"taxonomy":"product_tag","embeddable":true,"href":"https:\/\/staging.lucky-hunter.com\/fr\/wp-json\/wp\/v2\/product_tag?post=31367"}],"curies":[{"name":"wp","href":"https:\/\/api.w.org\/{rel}","templated":true}]}}