{"id":31364,"date":"2019-11-07T12:38:56","date_gmt":"2019-11-07T11:38:56","guid":{"rendered":"https:\/\/staging.lucky-hunter.com\/product\/avery-guides-bag-2\/"},"modified":"2022-11-16T09:49:32","modified_gmt":"2022-11-16T08:49:32","slug":"avery-guides-bag","status":"publish","type":"product","link":"https:\/\/staging.lucky-hunter.com\/fr\/product\/avery-guides-bag\/","title":{"rendered":"Sac de guide Avery"},"content":{"rendered":"<h2><strong>Sac de guide Avery &#8211; d\u00e9velopp\u00e9 par et pour les chasseurs de gibier d\u2019eau<\/strong><\/h2>\n<p>Ce nouveau sac de chasse de l\u2019am\u00e9ricain Avery (Banded) a \u00e9t\u00e9 d\u00e9velopp\u00e9 en collaboration avec des guides professionnels de la chasse au gibier d\u2019eau lorsqu&#8217;ils sont en d\u00e9placement, \u00e0 la chasse, font du rep\u00e9rage, et s&#8217;assurent du confort de leurs clients.<\/p>\n<p>Le sac est de bonne taille et est fabriqu\u00e9 dans un tissu DuraMax solide qui peut r\u00e9sister \u00e0 tous les temps ou terrains.<\/p>\n<p>Une caract\u00e9ristique int\u00e9ressante est que le sac peut \u00eatre agrandi \u00e0 l&#8217;aide d&#8217;une fermeture \u00e9clair en bas si un espace de stockage suppl\u00e9mentaire est n\u00e9cessaire.<\/p>\n<p><strong>Caract\u00e9ristiques\u00a0:<\/strong><\/p>\n<ul>\n<li>Tissu DuraMax<\/li>\n<li>Dimensions\u00a0: 33 x 12 x 25 cm<\/li>\n<li>\u00c9pauli\u00e8re \u00e0 friction coulissante<\/li>\n<li>Bandouli\u00e8re r\u00e9glable avec fermeture \u00e0 mousqueton en m\u00e9tal<\/li>\n<li>Rabat-temp\u00eate rabattable et fermeture velcro<\/li>\n<li>Poign\u00e9e de transport rembourr\u00e9e<\/li>\n<li>\u00ab\u00a0Sac int\u00e9rieur sec\u00a0\u00bb scell\u00e9 par des coutures<\/li>\n<li>Poche en filet zipp\u00e9e sous le rabat<\/li>\n<li>Boucles \u00e0 d\u00e9gagement rapide<\/li>\n<li>Extenseur zipp\u00e9<\/li>\n<li>Poche frontale extensible.<\/li>\n<\/ul>\n","protected":false},"excerpt":{"rendered":"<p>Ce nouveau sac de chasse de l\u2019am\u00e9ricain Avery (Banded) a \u00e9t\u00e9 d\u00e9velopp\u00e9 en collaboration avec des guides professionnels de la chasse au gibier d\u2019eau lorsqu&#8217;ils sont en d\u00e9placement, \u00e0 la chasse, font du rep\u00e9rage, et s&#8217;assurent du confort de leurs clients.<\/p>\n","protected":false},"featured_media":30508,"template":"","meta":[],"product_brand":[8123],"product_cat":[8174],"product_tag":[],"yoast_head":"<!-- This site is optimized with the Yoast SEO plugin v24.3 - https:\/\/yoast.com\/wordpress\/plugins\/seo\/ -->\n<title>Avery Guide&#039;s Bag - Expandable Hunting Blind Bag | Lucky Hunter<\/title>\n<meta name=\"description\" content=\"Avery Guide&#039;s bag is great for using in your hunting blind. Developed by wildfowl guides, this bag is ideal for wildfowling.\" \/>\n<meta name=\"robots\" content=\"noindex, follow, max-snippet:-1, max-image-preview:large, max-video-preview:-1\" \/>\n<meta property=\"og:locale\" content=\"fr_FR\" \/>\n<meta property=\"og:type\" content=\"article\" \/>\n<meta property=\"og:title\" content=\"Avery Guide&#039;s Bag - Expandable Hunting Blind Bag | Lucky Hunter\" \/>\n<meta property=\"og:description\" content=\"Avery Guide&#039;s bag is great for using in your hunting blind. Developed by wildfowl guides, this bag is ideal for wildfowling.\" \/>\n<meta property=\"og:url\" content=\"https:\/\/staging.lucky-hunter.com\/product\/avery-guides-bag\/\" \/>\n<meta property=\"og:site_name\" content=\"Lucky-Hunter\" \/>\n<meta property=\"article:modified_time\" content=\"2022-11-16T08:49:32+00:00\" \/>\n<meta property=\"og:image\" content=\"https:\/\/staging.lucky-hunter.com\/wp-content\/uploads\/2019\/11\/PU-515.png\" \/>\n\t<meta property=\"og:image:width\" content=\"1000\" \/>\n\t<meta property=\"og:image:height\" content=\"1000\" \/>\n\t<meta property=\"og:image:type\" content=\"image\/png\" \/>\n<meta name=\"twitter:card\" content=\"summary_large_image\" \/>\n<meta name=\"twitter:title\" content=\"Avery Guide&#039;s Bag - Expandable Hunting Blind Bag | Lucky Hunter\" \/>\n<meta name=\"twitter:description\" content=\"Avery Guide&#039;s bag is great for using in your hunting blind. Developed by wildfowl guides, this bag is ideal for wildfowling.\" \/>\n<meta name=\"twitter:label1\" content=\"Dur\u00e9e de lecture estim\u00e9e\" \/>\n\t<meta name=\"twitter:data1\" content=\"1 minute\" \/>\n<script type=\"application\/ld+json\" class=\"yoast-schema-graph\">{\"@context\":\"https:\/\/schema.org\",\"@graph\":[{\"@type\":\"WebPage\",\"@id\":\"https:\/\/staging.lucky-hunter.com\/product\/avery-guides-bag\/\",\"url\":\"https:\/\/staging.lucky-hunter.com\/product\/avery-guides-bag\/\",\"name\":\"Avery Guide's Bag - Expandable Hunting Blind Bag | Lucky Hunter\",\"isPartOf\":{\"@id\":\"https:\/\/staging.lucky-hunter.com\/#website\"},\"primaryImageOfPage\":{\"@id\":\"https:\/\/staging.lucky-hunter.com\/product\/avery-guides-bag\/#primaryimage\"},\"image\":{\"@id\":\"https:\/\/staging.lucky-hunter.com\/product\/avery-guides-bag\/#primaryimage\"},\"thumbnailUrl\":\"https:\/\/staging.lucky-hunter.com\/wp-content\/uploads\/2019\/11\/PU-515.png\",\"datePublished\":\"2019-11-07T11:38:56+00:00\",\"dateModified\":\"2022-11-16T08:49:32+00:00\",\"description\":\"Avery Guide's bag is great for using in your hunting blind. Developed by wildfowl guides, this bag is ideal for wildfowling.\",\"breadcrumb\":{\"@id\":\"https:\/\/staging.lucky-hunter.com\/product\/avery-guides-bag\/#breadcrumb\"},\"inLanguage\":\"fr-FR\",\"potentialAction\":[{\"@type\":\"ReadAction\",\"target\":[\"https:\/\/staging.lucky-hunter.com\/product\/avery-guides-bag\/\"]}]},{\"@type\":\"ImageObject\",\"inLanguage\":\"fr-FR\",\"@id\":\"https:\/\/staging.lucky-hunter.com\/product\/avery-guides-bag\/#primaryimage\",\"url\":\"https:\/\/staging.lucky-hunter.com\/wp-content\/uploads\/2019\/11\/PU-515.png\",\"contentUrl\":\"https:\/\/staging.lucky-hunter.com\/wp-content\/uploads\/2019\/11\/PU-515.png\",\"width\":1000,\"height\":1000},{\"@type\":\"BreadcrumbList\",\"@id\":\"https:\/\/staging.lucky-hunter.com\/product\/avery-guides-bag\/#breadcrumb\",\"itemListElement\":[{\"@type\":\"ListItem\",\"position\":1,\"name\":\"Home\",\"item\":\"https:\/\/staging.lucky-hunter.com\/fr\/\"},{\"@type\":\"ListItem\",\"position\":2,\"name\":\"Boutique\",\"item\":\"https:\/\/staging.lucky-hunter.com\/fr\/shop\/\"},{\"@type\":\"ListItem\",\"position\":3,\"name\":\"Sac de guide Avery\"}]},{\"@type\":\"WebSite\",\"@id\":\"https:\/\/staging.lucky-hunter.com\/#website\",\"url\":\"https:\/\/staging.lucky-hunter.com\/\",\"name\":\"Lucky-Hunter\",\"description\":\"Gear Up or Give Up\",\"potentialAction\":[{\"@type\":\"SearchAction\",\"target\":{\"@type\":\"EntryPoint\",\"urlTemplate\":\"https:\/\/staging.lucky-hunter.com\/?s={search_term_string}\"},\"query-input\":{\"@type\":\"PropertyValueSpecification\",\"valueRequired\":true,\"valueName\":\"search_term_string\"}}],\"inLanguage\":\"fr-FR\"}]}<\/script>\n<!-- \/ Yoast SEO plugin. -->","yoast_head_json":{"title":"Avery Guide's Bag - Expandable Hunting Blind Bag | Lucky Hunter","description":"Avery Guide's bag is great for using in your hunting blind. Developed by wildfowl guides, this bag is ideal for wildfowling.","robots":{"index":"noindex","follow":"follow","max-snippet":"max-snippet:-1","max-image-preview":"max-image-preview:large","max-video-preview":"max-video-preview:-1"},"og_locale":"fr_FR","og_type":"article","og_title":"Avery Guide's Bag - Expandable Hunting Blind Bag | Lucky Hunter","og_description":"Avery Guide's bag is great for using in your hunting blind. Developed by wildfowl guides, this bag is ideal for wildfowling.","og_url":"https:\/\/staging.lucky-hunter.com\/product\/avery-guides-bag\/","og_site_name":"Lucky-Hunter","article_modified_time":"2022-11-16T08:49:32+00:00","og_image":[{"width":1000,"height":1000,"url":"https:\/\/staging.lucky-hunter.com\/wp-content\/uploads\/2019\/11\/PU-515.png","type":"image\/png"}],"twitter_card":"summary_large_image","twitter_title":"Avery Guide's Bag - Expandable Hunting Blind Bag | Lucky Hunter","twitter_description":"Avery Guide's bag is great for using in your hunting blind. Developed by wildfowl guides, this bag is ideal for wildfowling.","twitter_misc":{"Dur\u00e9e de lecture estim\u00e9e":"1 minute"},"schema":{"@context":"https:\/\/schema.org","@graph":[{"@type":"WebPage","@id":"https:\/\/staging.lucky-hunter.com\/product\/avery-guides-bag\/","url":"https:\/\/staging.lucky-hunter.com\/product\/avery-guides-bag\/","name":"Avery Guide's Bag - Expandable Hunting Blind Bag | Lucky Hunter","isPartOf":{"@id":"https:\/\/staging.lucky-hunter.com\/#website"},"primaryImageOfPage":{"@id":"https:\/\/staging.lucky-hunter.com\/product\/avery-guides-bag\/#primaryimage"},"image":{"@id":"https:\/\/staging.lucky-hunter.com\/product\/avery-guides-bag\/#primaryimage"},"thumbnailUrl":"https:\/\/staging.lucky-hunter.com\/wp-content\/uploads\/2019\/11\/PU-515.png","datePublished":"2019-11-07T11:38:56+00:00","dateModified":"2022-11-16T08:49:32+00:00","description":"Avery Guide's bag is great for using in your hunting blind. Developed by wildfowl guides, this bag is ideal for wildfowling.","breadcrumb":{"@id":"https:\/\/staging.lucky-hunter.com\/product\/avery-guides-bag\/#breadcrumb"},"inLanguage":"fr-FR","potentialAction":[{"@type":"ReadAction","target":["https:\/\/staging.lucky-hunter.com\/product\/avery-guides-bag\/"]}]},{"@type":"ImageObject","inLanguage":"fr-FR","@id":"https:\/\/staging.lucky-hunter.com\/product\/avery-guides-bag\/#primaryimage","url":"https:\/\/staging.lucky-hunter.com\/wp-content\/uploads\/2019\/11\/PU-515.png","contentUrl":"https:\/\/staging.lucky-hunter.com\/wp-content\/uploads\/2019\/11\/PU-515.png","width":1000,"height":1000},{"@type":"BreadcrumbList","@id":"https:\/\/staging.lucky-hunter.com\/product\/avery-guides-bag\/#breadcrumb","itemListElement":[{"@type":"ListItem","position":1,"name":"Home","item":"https:\/\/staging.lucky-hunter.com\/fr\/"},{"@type":"ListItem","position":2,"name":"Boutique","item":"https:\/\/staging.lucky-hunter.com\/fr\/shop\/"},{"@type":"ListItem","position":3,"name":"Sac de guide Avery"}]},{"@type":"WebSite","@id":"https:\/\/staging.lucky-hunter.com\/#website","url":"https:\/\/staging.lucky-hunter.com\/","name":"Lucky-Hunter","description":"Gear Up or Give Up","potentialAction":[{"@type":"SearchAction","target":{"@type":"EntryPoint","urlTemplate":"https:\/\/staging.lucky-hunter.com\/?s={search_term_string}"},"query-input":{"@type":"PropertyValueSpecification","valueRequired":true,"valueName":"search_term_string"}}],"inLanguage":"fr-FR"}]}},"_links":{"self":[{"href":"https:\/\/staging.lucky-hunter.com\/fr\/wp-json\/wp\/v2\/product\/31364"}],"collection":[{"href":"https:\/\/staging.lucky-hunter.com\/fr\/wp-json\/wp\/v2\/product"}],"about":[{"href":"https:\/\/staging.lucky-hunter.com\/fr\/wp-json\/wp\/v2\/types\/product"}],"wp:featuredmedia":[{"embeddable":true,"href":"https:\/\/staging.lucky-hunter.com\/fr\/wp-json\/wp\/v2\/media\/30508"}],"wp:attachment":[{"href":"https:\/\/staging.lucky-hunter.com\/fr\/wp-json\/wp\/v2\/media?parent=31364"}],"wp:term":[{"taxonomy":"product_brand","embeddable":true,"href":"https:\/\/staging.lucky-hunter.com\/fr\/wp-json\/wp\/v2\/product_brand?post=31364"},{"taxonomy":"product_cat","embeddable":true,"href":"https:\/\/staging.lucky-hunter.com\/fr\/wp-json\/wp\/v2\/product_cat?post=31364"},{"taxonomy":"product_tag","embeddable":true,"href":"https:\/\/staging.lucky-hunter.com\/fr\/wp-json\/wp\/v2\/product_tag?post=31364"}],"curies":[{"name":"wp","href":"https:\/\/api.w.org\/{rel}","templated":true}]}}