{"id":31363,"date":"2018-04-24T09:00:00","date_gmt":"2018-04-24T07:00:00","guid":{"rendered":"https:\/\/staging.lucky-hunter.com\/product\/shell-shocker-blind-bag-optifade-marsh-camo-2\/"},"modified":"2022-11-16T10:27:26","modified_gmt":"2022-11-16T09:27:26","slug":"shell-shocker-blind-bag-optifade-marsh-camo","status":"publish","type":"product","link":"https:\/\/staging.lucky-hunter.com\/fr\/product\/shell-shocker-blind-bag-optifade-marsh-camo\/","title":{"rendered":"Sac \u00e0 aff\u00fbt Rig&#8217;Em Right Shell Shocker en Optifade Marsh"},"content":{"rendered":"<p><iframe title=\"Shell Shocker Blind Bag\" width=\"1020\" height=\"574\" src=\"https:\/\/www.youtube.com\/embed\/o2Qih7eEwXU?wmode=transparent&amp;rel=0&amp;feature=oembed&#038;enablejsapi=1&#038;origin=https:\/\/staging.lucky-hunter.com\" frameborder=\"0\" allow=\"accelerometer; autoplay; clipboard-write; encrypted-media; gyroscope; picture-in-picture\" allowfullscreen><\/iframe><\/p>\n<h2><strong>Sac \u00e0 aff\u00fbt Rig&#8217;Em Right Shell Shocker\u00a0: l&#8217;ultime sac de chasse pour le passionn\u00e9 de chasse au gibier d&#8217;eau<\/strong><\/h2>\n<p>C&#8217;est sans conteste le meilleur sac de chasse. Fabriqu\u00e9 par l\u2019am\u00e9ricain Rig&#8217;Em Right, il est dot\u00e9 de nombreuses fonctionnalit\u00e9s qui permettent de prot\u00e9ger, d&#8217;organiser et de rendre facilement accessible votre mat\u00e9riel de chasse.<\/p>\n<p>Disponible dans le nouveau design de camouflage Optifade Marsh. Par cons\u00e9quent, votre \u00e9quipement reste hors de vue \u00e0 c\u00f4t\u00e9 de vous.<\/p>\n<p>Ce sac poss\u00e8de tous les \u00e9l\u00e9ments de design et de durabilit\u00e9 qui sont la marque de fabrique de Rig&#8217;Em Right\u2122 Waterfowl. Fabriqu\u00e9 dans une qualit\u00e9 de toile tr\u00e8s puissante qui peut r\u00e9sister \u00e0 tous les temps et \u00e0 tous les terrains pendant des ann\u00e9es. Vous pouvez ainsi continuer \u00e0 utiliser le m\u00eame sac en toute confiance ann\u00e9e apr\u00e8s ann\u00e9e.<\/p>\n<p><strong>Le sac est dot\u00e9 de\u00a0:<\/strong><\/p>\n<ul>\n<li>\u00c9tui \u00e0 lunettes de soleil int\u00e9gr\u00e9<\/li>\n<li>Poche pour gourde ou thermocouple<\/li>\n<li>Protection pour t\u00e9l\u00e9phone portable avec fermeture \u00e9clair \u00e9tanche<\/li>\n<li>Espace pour les munitions<\/li>\n<li>Poches int\u00e9rieures transparentes pour divers rangements<\/li>\n<li>Bandouli\u00e8re rembourr\u00e9e et r\u00e9glable<\/li>\n<li>Les c\u00f4t\u00e9s rembourr\u00e9s cr\u00e9ent une flottaison maximale<\/li>\n<li>Fond en PVC pour plus de durabilit\u00e9<\/li>\n<li>Poign\u00e9e de transport en mat\u00e9riau souple paracord tress\u00e9<\/li>\n<li>Conception Optifade Marsh.<\/li>\n<li>Dimensions\u00a0: 22 x 24 x 40 cm<\/li>\n<\/ul>\n","protected":false},"excerpt":{"rendered":"<p>C&#8217;est sans conteste le meilleur sac de chasse. Fabriqu\u00e9 par l\u2019am\u00e9ricain Rig&#8217;Em Right, il est dot\u00e9 de nombreuses fonctionnalit\u00e9s qui permettent de prot\u00e9ger, d&#8217;organiser et de rendre facilement accessible votre mat\u00e9riel de chasse.\u00a0Disponible dans le nouveau design de camouflage Optifade Marsh.<\/p>\n","protected":false},"featured_media":29789,"template":"","meta":[],"product_brand":[8127],"product_cat":[8174],"product_tag":[9446,9235],"yoast_head":"<!-- This site is optimized with the Yoast SEO plugin v24.3 - https:\/\/yoast.com\/wordpress\/plugins\/seo\/ -->\n<title>{1&gt;Sac \u00e0 aff\u00fbt Rig&#039;Em Right Shell Shocker&lt;1}<\/title>\n<meta name=\"description\" content=\"Prot\u00e9g\u00e9, organis\u00e9 et facilement accessible. Le Rig&#039;Em Right Shell Shocker Blind Bag est le sac de chasse parfait. Nouveau motif Optifade Marsh.\" \/>\n<meta name=\"robots\" content=\"noindex, follow, max-snippet:-1, max-image-preview:large, max-video-preview:-1\" \/>\n<meta property=\"og:locale\" content=\"fr_FR\" \/>\n<meta property=\"og:type\" content=\"article\" \/>\n<meta property=\"og:title\" content=\"{1&gt;Sac \u00e0 aff\u00fbt Rig&#039;Em Right Shell Shocker&lt;1}\" \/>\n<meta property=\"og:description\" content=\"Prot\u00e9g\u00e9, organis\u00e9 et facilement accessible. Le Rig&#039;Em Right Shell Shocker Blind Bag est le sac de chasse parfait. Nouveau motif Optifade Marsh.\" \/>\n<meta property=\"og:url\" content=\"https:\/\/staging.lucky-hunter.com\/fr\/product\/shell-shocker-blind-bag-optifade-marsh-camo\/\" \/>\n<meta property=\"og:site_name\" content=\"Lucky-Hunter\" \/>\n<meta property=\"article:modified_time\" content=\"2022-11-16T09:27:26+00:00\" \/>\n<meta property=\"og:image\" content=\"https:\/\/staging.lucky-hunter.com\/wp-content\/uploads\/2018\/04\/PV-215.png\" \/>\n\t<meta property=\"og:image:width\" content=\"1000\" \/>\n\t<meta property=\"og:image:height\" content=\"1000\" \/>\n\t<meta property=\"og:image:type\" content=\"image\/png\" \/>\n<meta name=\"twitter:card\" content=\"summary_large_image\" \/>\n<meta name=\"twitter:title\" content=\"{1&gt;Sac \u00e0 aff\u00fbt Rig&#039;Em Right Shell Shocker&lt;1}\" \/>\n<meta name=\"twitter:description\" content=\"Prot\u00e9g\u00e9, organis\u00e9 et facilement accessible. Le Rig&#039;Em Right Shell Shocker Blind Bag est le sac de chasse parfait. Nouveau motif Optifade Marsh.\" \/>\n<meta name=\"twitter:label1\" content=\"Dur\u00e9e de lecture estim\u00e9e\" \/>\n\t<meta name=\"twitter:data1\" content=\"1 minute\" \/>\n<script type=\"application\/ld+json\" class=\"yoast-schema-graph\">{\"@context\":\"https:\/\/schema.org\",\"@graph\":[{\"@type\":\"WebPage\",\"@id\":\"https:\/\/staging.lucky-hunter.com\/fr\/product\/shell-shocker-blind-bag-optifade-marsh-camo\/\",\"url\":\"https:\/\/staging.lucky-hunter.com\/fr\/product\/shell-shocker-blind-bag-optifade-marsh-camo\/\",\"name\":\"{1>Sac \u00e0 aff\u00fbt Rig'Em Right Shell Shocker&lt;1}\",\"isPartOf\":{\"@id\":\"https:\/\/staging.lucky-hunter.com\/#website\"},\"primaryImageOfPage\":{\"@id\":\"https:\/\/staging.lucky-hunter.com\/fr\/product\/shell-shocker-blind-bag-optifade-marsh-camo\/#primaryimage\"},\"image\":{\"@id\":\"https:\/\/staging.lucky-hunter.com\/fr\/product\/shell-shocker-blind-bag-optifade-marsh-camo\/#primaryimage\"},\"thumbnailUrl\":\"https:\/\/staging.lucky-hunter.com\/wp-content\/uploads\/2018\/04\/PV-215.png\",\"datePublished\":\"2018-04-24T07:00:00+00:00\",\"dateModified\":\"2022-11-16T09:27:26+00:00\",\"description\":\"Prot\u00e9g\u00e9, organis\u00e9 et facilement accessible. Le Rig'Em Right Shell Shocker Blind Bag est le sac de chasse parfait. Nouveau motif Optifade Marsh.\",\"breadcrumb\":{\"@id\":\"https:\/\/staging.lucky-hunter.com\/fr\/product\/shell-shocker-blind-bag-optifade-marsh-camo\/#breadcrumb\"},\"inLanguage\":\"fr-FR\",\"potentialAction\":[{\"@type\":\"ReadAction\",\"target\":[\"https:\/\/staging.lucky-hunter.com\/fr\/product\/shell-shocker-blind-bag-optifade-marsh-camo\/\"]}]},{\"@type\":\"ImageObject\",\"inLanguage\":\"fr-FR\",\"@id\":\"https:\/\/staging.lucky-hunter.com\/fr\/product\/shell-shocker-blind-bag-optifade-marsh-camo\/#primaryimage\",\"url\":\"https:\/\/staging.lucky-hunter.com\/wp-content\/uploads\/2018\/04\/PV-215.png\",\"contentUrl\":\"https:\/\/staging.lucky-hunter.com\/wp-content\/uploads\/2018\/04\/PV-215.png\",\"width\":1000,\"height\":1000},{\"@type\":\"BreadcrumbList\",\"@id\":\"https:\/\/staging.lucky-hunter.com\/fr\/product\/shell-shocker-blind-bag-optifade-marsh-camo\/#breadcrumb\",\"itemListElement\":[{\"@type\":\"ListItem\",\"position\":1,\"name\":\"Home\",\"item\":\"https:\/\/staging.lucky-hunter.com\/fr\/\"},{\"@type\":\"ListItem\",\"position\":2,\"name\":\"Boutique\",\"item\":\"https:\/\/staging.lucky-hunter.com\/fr\/shop\/\"},{\"@type\":\"ListItem\",\"position\":3,\"name\":\"Sac \u00e0 aff\u00fbt Rig&#8217;Em Right Shell Shocker en Optifade Marsh\"}]},{\"@type\":\"WebSite\",\"@id\":\"https:\/\/staging.lucky-hunter.com\/#website\",\"url\":\"https:\/\/staging.lucky-hunter.com\/\",\"name\":\"Lucky-Hunter\",\"description\":\"Gear Up or Give Up\",\"potentialAction\":[{\"@type\":\"SearchAction\",\"target\":{\"@type\":\"EntryPoint\",\"urlTemplate\":\"https:\/\/staging.lucky-hunter.com\/?s={search_term_string}\"},\"query-input\":{\"@type\":\"PropertyValueSpecification\",\"valueRequired\":true,\"valueName\":\"search_term_string\"}}],\"inLanguage\":\"fr-FR\"}]}<\/script>\n<!-- \/ Yoast SEO plugin. -->","yoast_head_json":{"title":"{1>Sac \u00e0 aff\u00fbt Rig'Em Right Shell Shocker&lt;1}","description":"Prot\u00e9g\u00e9, organis\u00e9 et facilement accessible. Le Rig'Em Right Shell Shocker Blind Bag est le sac de chasse parfait. Nouveau motif Optifade Marsh.","robots":{"index":"noindex","follow":"follow","max-snippet":"max-snippet:-1","max-image-preview":"max-image-preview:large","max-video-preview":"max-video-preview:-1"},"og_locale":"fr_FR","og_type":"article","og_title":"{1>Sac \u00e0 aff\u00fbt Rig'Em Right Shell Shocker&lt;1}","og_description":"Prot\u00e9g\u00e9, organis\u00e9 et facilement accessible. Le Rig'Em Right Shell Shocker Blind Bag est le sac de chasse parfait. Nouveau motif Optifade Marsh.","og_url":"https:\/\/staging.lucky-hunter.com\/fr\/product\/shell-shocker-blind-bag-optifade-marsh-camo\/","og_site_name":"Lucky-Hunter","article_modified_time":"2022-11-16T09:27:26+00:00","og_image":[{"width":1000,"height":1000,"url":"https:\/\/staging.lucky-hunter.com\/wp-content\/uploads\/2018\/04\/PV-215.png","type":"image\/png"}],"twitter_card":"summary_large_image","twitter_title":"{1>Sac \u00e0 aff\u00fbt Rig'Em Right Shell Shocker&lt;1}","twitter_description":"Prot\u00e9g\u00e9, organis\u00e9 et facilement accessible. Le Rig'Em Right Shell Shocker Blind Bag est le sac de chasse parfait. Nouveau motif Optifade Marsh.","twitter_misc":{"Dur\u00e9e de lecture estim\u00e9e":"1 minute"},"schema":{"@context":"https:\/\/schema.org","@graph":[{"@type":"WebPage","@id":"https:\/\/staging.lucky-hunter.com\/fr\/product\/shell-shocker-blind-bag-optifade-marsh-camo\/","url":"https:\/\/staging.lucky-hunter.com\/fr\/product\/shell-shocker-blind-bag-optifade-marsh-camo\/","name":"{1>Sac \u00e0 aff\u00fbt Rig'Em Right Shell Shocker&lt;1}","isPartOf":{"@id":"https:\/\/staging.lucky-hunter.com\/#website"},"primaryImageOfPage":{"@id":"https:\/\/staging.lucky-hunter.com\/fr\/product\/shell-shocker-blind-bag-optifade-marsh-camo\/#primaryimage"},"image":{"@id":"https:\/\/staging.lucky-hunter.com\/fr\/product\/shell-shocker-blind-bag-optifade-marsh-camo\/#primaryimage"},"thumbnailUrl":"https:\/\/staging.lucky-hunter.com\/wp-content\/uploads\/2018\/04\/PV-215.png","datePublished":"2018-04-24T07:00:00+00:00","dateModified":"2022-11-16T09:27:26+00:00","description":"Prot\u00e9g\u00e9, organis\u00e9 et facilement accessible. Le Rig'Em Right Shell Shocker Blind Bag est le sac de chasse parfait. Nouveau motif Optifade Marsh.","breadcrumb":{"@id":"https:\/\/staging.lucky-hunter.com\/fr\/product\/shell-shocker-blind-bag-optifade-marsh-camo\/#breadcrumb"},"inLanguage":"fr-FR","potentialAction":[{"@type":"ReadAction","target":["https:\/\/staging.lucky-hunter.com\/fr\/product\/shell-shocker-blind-bag-optifade-marsh-camo\/"]}]},{"@type":"ImageObject","inLanguage":"fr-FR","@id":"https:\/\/staging.lucky-hunter.com\/fr\/product\/shell-shocker-blind-bag-optifade-marsh-camo\/#primaryimage","url":"https:\/\/staging.lucky-hunter.com\/wp-content\/uploads\/2018\/04\/PV-215.png","contentUrl":"https:\/\/staging.lucky-hunter.com\/wp-content\/uploads\/2018\/04\/PV-215.png","width":1000,"height":1000},{"@type":"BreadcrumbList","@id":"https:\/\/staging.lucky-hunter.com\/fr\/product\/shell-shocker-blind-bag-optifade-marsh-camo\/#breadcrumb","itemListElement":[{"@type":"ListItem","position":1,"name":"Home","item":"https:\/\/staging.lucky-hunter.com\/fr\/"},{"@type":"ListItem","position":2,"name":"Boutique","item":"https:\/\/staging.lucky-hunter.com\/fr\/shop\/"},{"@type":"ListItem","position":3,"name":"Sac \u00e0 aff\u00fbt Rig&#8217;Em Right Shell Shocker en Optifade Marsh"}]},{"@type":"WebSite","@id":"https:\/\/staging.lucky-hunter.com\/#website","url":"https:\/\/staging.lucky-hunter.com\/","name":"Lucky-Hunter","description":"Gear Up or Give Up","potentialAction":[{"@type":"SearchAction","target":{"@type":"EntryPoint","urlTemplate":"https:\/\/staging.lucky-hunter.com\/?s={search_term_string}"},"query-input":{"@type":"PropertyValueSpecification","valueRequired":true,"valueName":"search_term_string"}}],"inLanguage":"fr-FR"}]}},"_links":{"self":[{"href":"https:\/\/staging.lucky-hunter.com\/fr\/wp-json\/wp\/v2\/product\/31363"}],"collection":[{"href":"https:\/\/staging.lucky-hunter.com\/fr\/wp-json\/wp\/v2\/product"}],"about":[{"href":"https:\/\/staging.lucky-hunter.com\/fr\/wp-json\/wp\/v2\/types\/product"}],"wp:featuredmedia":[{"embeddable":true,"href":"https:\/\/staging.lucky-hunter.com\/fr\/wp-json\/wp\/v2\/media\/29789"}],"wp:attachment":[{"href":"https:\/\/staging.lucky-hunter.com\/fr\/wp-json\/wp\/v2\/media?parent=31363"}],"wp:term":[{"taxonomy":"product_brand","embeddable":true,"href":"https:\/\/staging.lucky-hunter.com\/fr\/wp-json\/wp\/v2\/product_brand?post=31363"},{"taxonomy":"product_cat","embeddable":true,"href":"https:\/\/staging.lucky-hunter.com\/fr\/wp-json\/wp\/v2\/product_cat?post=31363"},{"taxonomy":"product_tag","embeddable":true,"href":"https:\/\/staging.lucky-hunter.com\/fr\/wp-json\/wp\/v2\/product_tag?post=31363"}],"curies":[{"name":"wp","href":"https:\/\/api.w.org\/{rel}","templated":true}]}}