{"id":31360,"date":"2021-04-17T10:44:24","date_gmt":"2021-04-17T08:44:24","guid":{"rendered":"https:\/\/staging.lucky-hunter.com\/product\/final-approach-wader-bag-2\/"},"modified":"2022-11-15T15:51:21","modified_gmt":"2022-11-15T14:51:21","slug":"final-approach-wader-bag","status":"publish","type":"product","link":"https:\/\/staging.lucky-hunter.com\/fr\/product\/final-approach-wader-bag\/","title":{"rendered":"Sac \u00e0 cuissardes Final Approach"},"content":{"rendered":"<p><iframe title=\"Final Approach Wader Bag\" width=\"1020\" height=\"574\" src=\"https:\/\/www.youtube.com\/embed\/bSxrxKXXMOA?wmode=transparent&amp;rel=0&amp;feature=oembed&#038;enablejsapi=1&#038;origin=https:\/\/staging.lucky-hunter.com\" frameborder=\"0\" allow=\"accelerometer; autoplay; clipboard-write; encrypted-media; gyroscope; picture-in-picture\" allowfullscreen><\/iframe><\/p>\n<h2><strong>Le sac parfait pour transporter et ranger facilement les cuissardes<\/strong><\/h2>\n<p>Ce sac de l\u2019am\u00e9ricain Final Approach est sp\u00e9cialement con\u00e7u pour transporter vos cuissardes mouill\u00e9es et boueuses apr\u00e8s une bonne journ\u00e9e de chasse.<br \/>\nL&#8217;utilisation de ce sac emp\u00eachera le coffre de la voiture d\u2019\u00eatre sali. Lorsque vous transportez vos cuissardes dans le sac vers et depuis la chasse, elles sont \u00e9galement bien prot\u00e9g\u00e9es contre les d\u00e9chirures.<br \/>\nLe grand compartiment du sac a une doublure imperm\u00e9able et suffisamment d&#8217;espace pour 2 paires de cuissardes.<br \/>\nLe sac \u00e0 cuissardes de Final Approach comprend un tapis int\u00e9gr\u00e9 qui peut \u00eatre d\u00e9pli\u00e9, ce qui vous permet de rester au sec en collants pour enfiler et enlever vos cuissardes.<\/p>\n<p><strong>Caract\u00e9ristiques\u00a0:<\/strong><\/p>\n<ul>\n<li>Doublure imperm\u00e9able amovible pour un nettoyage facile<\/li>\n<li>Double poign\u00e9e de transport avec fermeture velcro<\/li>\n<li>Bandouli\u00e8re solide avec ferrures m\u00e9talliques<\/li>\n<li>Espace de rangement s\u00e9par\u00e9 pour les chaussettes suppl\u00e9mentaires, etc.<\/li>\n<li>Poche de rangement sur le couvercle avec fermeture \u00e9clair<\/li>\n<li>Herbe d&#8217;ombre de ch\u00eane moussu.<\/li>\n<\/ul>\n","protected":false},"excerpt":{"rendered":"<p>Ce sac de l\u2019am\u00e9ricain Final Approach est sp\u00e9cialement con\u00e7u pour transporter vos cuissardes mouill\u00e9es et boueuses apr\u00e8s une bonne journ\u00e9e de chasse.<\/p>\n","protected":false},"featured_media":30555,"template":"","meta":[],"product_brand":[8136],"product_cat":[8174],"product_tag":[9446,9235],"yoast_head":"<!-- This site is optimized with the Yoast SEO plugin v24.3 - https:\/\/yoast.com\/wordpress\/plugins\/seo\/ -->\n<title>Final Approach Wader Bag - Check out full program on Lucky-Hunter.com<\/title>\n<meta name=\"description\" content=\"This bag from American Final Approach is specially designed to transport your wet and muddy waders after a fun day of hunting.\" \/>\n<meta name=\"robots\" content=\"noindex, follow, max-snippet:-1, max-image-preview:large, max-video-preview:-1\" \/>\n<meta property=\"og:locale\" content=\"fr_FR\" \/>\n<meta property=\"og:type\" content=\"article\" \/>\n<meta property=\"og:title\" content=\"Final Approach Wader Bag - Check out full program on Lucky-Hunter.com\" \/>\n<meta property=\"og:description\" content=\"This bag from American Final Approach is specially designed to transport your wet and muddy waders after a fun day of hunting.\" \/>\n<meta property=\"og:url\" content=\"https:\/\/staging.lucky-hunter.com\/product\/final-approach-wader-bag\/\" \/>\n<meta property=\"og:site_name\" content=\"Lucky-Hunter\" \/>\n<meta property=\"article:modified_time\" content=\"2022-11-15T14:51:21+00:00\" \/>\n<meta property=\"og:image\" content=\"https:\/\/staging.lucky-hunter.com\/wp-content\/uploads\/2021\/04\/PU-607-1.png\" \/>\n\t<meta property=\"og:image:width\" content=\"1000\" \/>\n\t<meta property=\"og:image:height\" content=\"1000\" \/>\n\t<meta property=\"og:image:type\" content=\"image\/png\" \/>\n<meta name=\"twitter:card\" content=\"summary_large_image\" \/>\n<meta name=\"twitter:label1\" content=\"Dur\u00e9e de lecture estim\u00e9e\" \/>\n\t<meta name=\"twitter:data1\" content=\"1 minute\" \/>\n<script type=\"application\/ld+json\" class=\"yoast-schema-graph\">{\"@context\":\"https:\/\/schema.org\",\"@graph\":[{\"@type\":\"WebPage\",\"@id\":\"https:\/\/staging.lucky-hunter.com\/product\/final-approach-wader-bag\/\",\"url\":\"https:\/\/staging.lucky-hunter.com\/product\/final-approach-wader-bag\/\",\"name\":\"Final Approach Wader Bag - Check out full program on Lucky-Hunter.com\",\"isPartOf\":{\"@id\":\"https:\/\/staging.lucky-hunter.com\/#website\"},\"primaryImageOfPage\":{\"@id\":\"https:\/\/staging.lucky-hunter.com\/product\/final-approach-wader-bag\/#primaryimage\"},\"image\":{\"@id\":\"https:\/\/staging.lucky-hunter.com\/product\/final-approach-wader-bag\/#primaryimage\"},\"thumbnailUrl\":\"https:\/\/staging.lucky-hunter.com\/wp-content\/uploads\/2021\/04\/PU-607-1.png\",\"datePublished\":\"2021-04-17T08:44:24+00:00\",\"dateModified\":\"2022-11-15T14:51:21+00:00\",\"description\":\"This bag from American Final Approach is specially designed to transport your wet and muddy waders after a fun day of hunting.\",\"breadcrumb\":{\"@id\":\"https:\/\/staging.lucky-hunter.com\/product\/final-approach-wader-bag\/#breadcrumb\"},\"inLanguage\":\"fr-FR\",\"potentialAction\":[{\"@type\":\"ReadAction\",\"target\":[\"https:\/\/staging.lucky-hunter.com\/product\/final-approach-wader-bag\/\"]}]},{\"@type\":\"ImageObject\",\"inLanguage\":\"fr-FR\",\"@id\":\"https:\/\/staging.lucky-hunter.com\/product\/final-approach-wader-bag\/#primaryimage\",\"url\":\"https:\/\/staging.lucky-hunter.com\/wp-content\/uploads\/2021\/04\/PU-607-1.png\",\"contentUrl\":\"https:\/\/staging.lucky-hunter.com\/wp-content\/uploads\/2021\/04\/PU-607-1.png\",\"width\":1000,\"height\":1000},{\"@type\":\"BreadcrumbList\",\"@id\":\"https:\/\/staging.lucky-hunter.com\/product\/final-approach-wader-bag\/#breadcrumb\",\"itemListElement\":[{\"@type\":\"ListItem\",\"position\":1,\"name\":\"Home\",\"item\":\"https:\/\/staging.lucky-hunter.com\/fr\/\"},{\"@type\":\"ListItem\",\"position\":2,\"name\":\"Boutique\",\"item\":\"https:\/\/staging.lucky-hunter.com\/fr\/shop\/\"},{\"@type\":\"ListItem\",\"position\":3,\"name\":\"Sac \u00e0 cuissardes Final Approach\"}]},{\"@type\":\"WebSite\",\"@id\":\"https:\/\/staging.lucky-hunter.com\/#website\",\"url\":\"https:\/\/staging.lucky-hunter.com\/\",\"name\":\"Lucky-Hunter\",\"description\":\"Gear Up or Give Up\",\"potentialAction\":[{\"@type\":\"SearchAction\",\"target\":{\"@type\":\"EntryPoint\",\"urlTemplate\":\"https:\/\/staging.lucky-hunter.com\/?s={search_term_string}\"},\"query-input\":{\"@type\":\"PropertyValueSpecification\",\"valueRequired\":true,\"valueName\":\"search_term_string\"}}],\"inLanguage\":\"fr-FR\"}]}<\/script>\n<!-- \/ Yoast SEO plugin. -->","yoast_head_json":{"title":"Final Approach Wader Bag - Check out full program on Lucky-Hunter.com","description":"This bag from American Final Approach is specially designed to transport your wet and muddy waders after a fun day of hunting.","robots":{"index":"noindex","follow":"follow","max-snippet":"max-snippet:-1","max-image-preview":"max-image-preview:large","max-video-preview":"max-video-preview:-1"},"og_locale":"fr_FR","og_type":"article","og_title":"Final Approach Wader Bag - Check out full program on Lucky-Hunter.com","og_description":"This bag from American Final Approach is specially designed to transport your wet and muddy waders after a fun day of hunting.","og_url":"https:\/\/staging.lucky-hunter.com\/product\/final-approach-wader-bag\/","og_site_name":"Lucky-Hunter","article_modified_time":"2022-11-15T14:51:21+00:00","og_image":[{"width":1000,"height":1000,"url":"https:\/\/staging.lucky-hunter.com\/wp-content\/uploads\/2021\/04\/PU-607-1.png","type":"image\/png"}],"twitter_card":"summary_large_image","twitter_misc":{"Dur\u00e9e de lecture estim\u00e9e":"1 minute"},"schema":{"@context":"https:\/\/schema.org","@graph":[{"@type":"WebPage","@id":"https:\/\/staging.lucky-hunter.com\/product\/final-approach-wader-bag\/","url":"https:\/\/staging.lucky-hunter.com\/product\/final-approach-wader-bag\/","name":"Final Approach Wader Bag - Check out full program on Lucky-Hunter.com","isPartOf":{"@id":"https:\/\/staging.lucky-hunter.com\/#website"},"primaryImageOfPage":{"@id":"https:\/\/staging.lucky-hunter.com\/product\/final-approach-wader-bag\/#primaryimage"},"image":{"@id":"https:\/\/staging.lucky-hunter.com\/product\/final-approach-wader-bag\/#primaryimage"},"thumbnailUrl":"https:\/\/staging.lucky-hunter.com\/wp-content\/uploads\/2021\/04\/PU-607-1.png","datePublished":"2021-04-17T08:44:24+00:00","dateModified":"2022-11-15T14:51:21+00:00","description":"This bag from American Final Approach is specially designed to transport your wet and muddy waders after a fun day of hunting.","breadcrumb":{"@id":"https:\/\/staging.lucky-hunter.com\/product\/final-approach-wader-bag\/#breadcrumb"},"inLanguage":"fr-FR","potentialAction":[{"@type":"ReadAction","target":["https:\/\/staging.lucky-hunter.com\/product\/final-approach-wader-bag\/"]}]},{"@type":"ImageObject","inLanguage":"fr-FR","@id":"https:\/\/staging.lucky-hunter.com\/product\/final-approach-wader-bag\/#primaryimage","url":"https:\/\/staging.lucky-hunter.com\/wp-content\/uploads\/2021\/04\/PU-607-1.png","contentUrl":"https:\/\/staging.lucky-hunter.com\/wp-content\/uploads\/2021\/04\/PU-607-1.png","width":1000,"height":1000},{"@type":"BreadcrumbList","@id":"https:\/\/staging.lucky-hunter.com\/product\/final-approach-wader-bag\/#breadcrumb","itemListElement":[{"@type":"ListItem","position":1,"name":"Home","item":"https:\/\/staging.lucky-hunter.com\/fr\/"},{"@type":"ListItem","position":2,"name":"Boutique","item":"https:\/\/staging.lucky-hunter.com\/fr\/shop\/"},{"@type":"ListItem","position":3,"name":"Sac \u00e0 cuissardes Final Approach"}]},{"@type":"WebSite","@id":"https:\/\/staging.lucky-hunter.com\/#website","url":"https:\/\/staging.lucky-hunter.com\/","name":"Lucky-Hunter","description":"Gear Up or Give Up","potentialAction":[{"@type":"SearchAction","target":{"@type":"EntryPoint","urlTemplate":"https:\/\/staging.lucky-hunter.com\/?s={search_term_string}"},"query-input":{"@type":"PropertyValueSpecification","valueRequired":true,"valueName":"search_term_string"}}],"inLanguage":"fr-FR"}]}},"_links":{"self":[{"href":"https:\/\/staging.lucky-hunter.com\/fr\/wp-json\/wp\/v2\/product\/31360"}],"collection":[{"href":"https:\/\/staging.lucky-hunter.com\/fr\/wp-json\/wp\/v2\/product"}],"about":[{"href":"https:\/\/staging.lucky-hunter.com\/fr\/wp-json\/wp\/v2\/types\/product"}],"wp:featuredmedia":[{"embeddable":true,"href":"https:\/\/staging.lucky-hunter.com\/fr\/wp-json\/wp\/v2\/media\/30555"}],"wp:attachment":[{"href":"https:\/\/staging.lucky-hunter.com\/fr\/wp-json\/wp\/v2\/media?parent=31360"}],"wp:term":[{"taxonomy":"product_brand","embeddable":true,"href":"https:\/\/staging.lucky-hunter.com\/fr\/wp-json\/wp\/v2\/product_brand?post=31360"},{"taxonomy":"product_cat","embeddable":true,"href":"https:\/\/staging.lucky-hunter.com\/fr\/wp-json\/wp\/v2\/product_cat?post=31360"},{"taxonomy":"product_tag","embeddable":true,"href":"https:\/\/staging.lucky-hunter.com\/fr\/wp-json\/wp\/v2\/product_tag?post=31360"}],"curies":[{"name":"wp","href":"https:\/\/api.w.org\/{rel}","templated":true}]}}