{"id":31359,"date":"2020-09-01T13:24:54","date_gmt":"2020-09-01T11:24:54","guid":{"rendered":"https:\/\/staging.lucky-hunter.com\/product\/avery-messenger-bag-timber-camo-2\/"},"modified":"2025-06-26T15:05:28","modified_gmt":"2025-06-26T13:05:28","slug":"avery-messenger-bag-timber-camo","status":"publish","type":"product","link":"https:\/\/staging.lucky-hunter.com\/fr\/product\/avery-messenger-bag-timber-camo\/","title":{"rendered":"Sac Messenger Timber Camo &#8211; Avery"},"content":{"rendered":"<p><iframe title=\"Avery Messenger Bag\" width=\"1020\" height=\"574\" src=\"https:\/\/www.youtube.com\/embed\/W5qMswF1MZo?wmode=transparent&amp;rel=0&amp;feature=oembed&#038;enablejsapi=1&#038;origin=https:\/\/staging.lucky-hunter.com\" frameborder=\"0\" allow=\"accelerometer; autoplay; clipboard-write; encrypted-media; gyroscope; picture-in-picture\" allowfullscreen><\/iframe><\/p>\n<h2><strong>Le petit sac \u00e0 dos aux superbes d\u00e9tails de l\u2019am\u00e9ricain Avery Outdoors<\/strong><\/h2>\n<p>Ce nouveau sac \u00e0 dos de chasse d&#8217;Avery Outdoors est l\u00e9ger, confortable et facile \u00e0 transporter si vous ne partez pas \u00e0 la chasse toute la journ\u00e9e.<\/p>\n<p>Vous pouvez y ranger les accessoires les plus n\u00e9cessaires, et les nombreuses poches et l\u2019espace ouvert du sac \u00e0 dos offrent suffisamment de place pour vos appeaux, votre argent, votre t\u00e9l\u00e9phone portable, votre permis de chasse, votre masque, votre chapeau, vos jumelles, etc.<\/p>\n<p>Le sac \u00e0 dos Avery Messenger garantit que vos affaires sont bien rang\u00e9es et prot\u00e9g\u00e9es par tous les temps.<\/p>\n<p>Le design ergonomique et le dos souple et rembourr\u00e9 rendent le sac tr\u00e8s confortable \u00e0 porter sur les \u00e9paules et le dos.<\/p>\n<p><strong>D\u00e9tails\u00a0:<\/strong><\/p>\n<ul>\n<li>Mat\u00e9riau imperm\u00e9able Duramax 900 solide<\/li>\n<li>Sangles r\u00e9glables aux \u00e9paules et \u00e0 la taille<\/li>\n<li>Compartiment principal ouvert avec une puissante boucle \u00e0 ouverture rapide<\/li>\n<li>7 compartiments \u00e0 fermeture \u00e9clair YKK avec cordon de serrage, de sorte que les petites poches et les compartiments sont faciles \u00e0 ouvrir et \u00e0 fermer.<\/li>\n<li>Bandouli\u00e8re rembourr\u00e9e<\/li>\n<li>Dos matelass\u00e9 et respirant.<\/li>\n<li>Conception de camouflage en bois.<\/li>\n<\/ul>\n","protected":false},"excerpt":{"rendered":"<p>Ce nouveau sac \u00e0 dos de chasse d&#8217;Avery Outdoors est l\u00e9ger, confortable et facile \u00e0 transporter si vous ne partez pas \u00e0 la chasse toute la journ\u00e9e.<\/p>\n","protected":false},"featured_media":30098,"template":"","meta":[],"product_brand":[8123],"product_cat":[8174],"product_tag":[],"yoast_head":"<!-- This site is optimized with the Yoast SEO plugin v24.3 - https:\/\/yoast.com\/wordpress\/plugins\/seo\/ -->\n<title>Sac messager Avery - Timber Camo Le petit sac \u00e0 dos aux superbes d\u00e9tails de l\u2019am\u00e9ricain Avery Outdoors<\/title>\n<meta name=\"description\" content=\"Ce nouveau sac \u00e0 dos de chasse d&#039;Avery Outdoors est l\u00e9ger, confortable et facile \u00e0 transporter si vous ne partez pas \u00e0 la chasse toute la journ\u00e9e.\" \/>\n<meta name=\"robots\" content=\"noindex, follow, max-snippet:-1, max-image-preview:large, max-video-preview:-1\" \/>\n<meta property=\"og:locale\" content=\"fr_FR\" \/>\n<meta property=\"og:type\" content=\"article\" \/>\n<meta property=\"og:title\" content=\"Sac messager Avery - Timber Camo Le petit sac \u00e0 dos aux superbes d\u00e9tails de l\u2019am\u00e9ricain Avery Outdoors\" \/>\n<meta property=\"og:description\" content=\"Ce nouveau sac \u00e0 dos de chasse d&#039;Avery Outdoors est l\u00e9ger, confortable et facile \u00e0 transporter si vous ne partez pas \u00e0 la chasse toute la journ\u00e9e.\" \/>\n<meta property=\"og:url\" content=\"https:\/\/staging.lucky-hunter.com\/product\/avery-messenger-bag-timber-camo\/\" \/>\n<meta property=\"og:site_name\" content=\"Lucky-Hunter\" \/>\n<meta property=\"article:modified_time\" content=\"2025-06-26T13:05:28+00:00\" \/>\n<meta property=\"og:image\" content=\"https:\/\/staging.lucky-hunter.com\/wp-content\/uploads\/2020\/09\/pu-565.png\" \/>\n\t<meta property=\"og:image:width\" content=\"1000\" \/>\n\t<meta property=\"og:image:height\" content=\"1000\" \/>\n\t<meta property=\"og:image:type\" content=\"image\/png\" \/>\n<meta name=\"twitter:card\" content=\"summary_large_image\" \/>\n<meta name=\"twitter:label1\" content=\"Dur\u00e9e de lecture estim\u00e9e\" \/>\n\t<meta name=\"twitter:data1\" content=\"2 minutes\" \/>\n<script type=\"application\/ld+json\" class=\"yoast-schema-graph\">{\"@context\":\"https:\/\/schema.org\",\"@graph\":[{\"@type\":\"WebPage\",\"@id\":\"https:\/\/staging.lucky-hunter.com\/product\/avery-messenger-bag-timber-camo\/\",\"url\":\"https:\/\/staging.lucky-hunter.com\/product\/avery-messenger-bag-timber-camo\/\",\"name\":\"Sac messager Avery - Timber Camo Le petit sac \u00e0 dos aux superbes d\u00e9tails de l\u2019am\u00e9ricain Avery Outdoors\",\"isPartOf\":{\"@id\":\"https:\/\/staging.lucky-hunter.com\/#website\"},\"primaryImageOfPage\":{\"@id\":\"https:\/\/staging.lucky-hunter.com\/product\/avery-messenger-bag-timber-camo\/#primaryimage\"},\"image\":{\"@id\":\"https:\/\/staging.lucky-hunter.com\/product\/avery-messenger-bag-timber-camo\/#primaryimage\"},\"thumbnailUrl\":\"https:\/\/staging.lucky-hunter.com\/wp-content\/uploads\/2020\/09\/pu-565.png\",\"datePublished\":\"2020-09-01T11:24:54+00:00\",\"dateModified\":\"2025-06-26T13:05:28+00:00\",\"description\":\"Ce nouveau sac \u00e0 dos de chasse d'Avery Outdoors est l\u00e9ger, confortable et facile \u00e0 transporter si vous ne partez pas \u00e0 la chasse toute la journ\u00e9e.\",\"breadcrumb\":{\"@id\":\"https:\/\/staging.lucky-hunter.com\/product\/avery-messenger-bag-timber-camo\/#breadcrumb\"},\"inLanguage\":\"fr-FR\",\"potentialAction\":[{\"@type\":\"ReadAction\",\"target\":[\"https:\/\/staging.lucky-hunter.com\/product\/avery-messenger-bag-timber-camo\/\"]}]},{\"@type\":\"ImageObject\",\"inLanguage\":\"fr-FR\",\"@id\":\"https:\/\/staging.lucky-hunter.com\/product\/avery-messenger-bag-timber-camo\/#primaryimage\",\"url\":\"https:\/\/staging.lucky-hunter.com\/wp-content\/uploads\/2020\/09\/pu-565.png\",\"contentUrl\":\"https:\/\/staging.lucky-hunter.com\/wp-content\/uploads\/2020\/09\/pu-565.png\",\"width\":1000,\"height\":1000},{\"@type\":\"BreadcrumbList\",\"@id\":\"https:\/\/staging.lucky-hunter.com\/product\/avery-messenger-bag-timber-camo\/#breadcrumb\",\"itemListElement\":[{\"@type\":\"ListItem\",\"position\":1,\"name\":\"Home\",\"item\":\"https:\/\/staging.lucky-hunter.com\/fr\/\"},{\"@type\":\"ListItem\",\"position\":2,\"name\":\"Boutique\",\"item\":\"https:\/\/staging.lucky-hunter.com\/fr\/shop\/\"},{\"@type\":\"ListItem\",\"position\":3,\"name\":\"Sac Messenger Timber Camo &#8211; Avery\"}]},{\"@type\":\"WebSite\",\"@id\":\"https:\/\/staging.lucky-hunter.com\/#website\",\"url\":\"https:\/\/staging.lucky-hunter.com\/\",\"name\":\"Lucky-Hunter\",\"description\":\"Gear Up or Give Up\",\"potentialAction\":[{\"@type\":\"SearchAction\",\"target\":{\"@type\":\"EntryPoint\",\"urlTemplate\":\"https:\/\/staging.lucky-hunter.com\/?s={search_term_string}\"},\"query-input\":{\"@type\":\"PropertyValueSpecification\",\"valueRequired\":true,\"valueName\":\"search_term_string\"}}],\"inLanguage\":\"fr-FR\"}]}<\/script>\n<!-- \/ Yoast SEO plugin. -->","yoast_head_json":{"title":"Sac messager Avery - Timber Camo Le petit sac \u00e0 dos aux superbes d\u00e9tails de l\u2019am\u00e9ricain Avery Outdoors","description":"Ce nouveau sac \u00e0 dos de chasse d'Avery Outdoors est l\u00e9ger, confortable et facile \u00e0 transporter si vous ne partez pas \u00e0 la chasse toute la journ\u00e9e.","robots":{"index":"noindex","follow":"follow","max-snippet":"max-snippet:-1","max-image-preview":"max-image-preview:large","max-video-preview":"max-video-preview:-1"},"og_locale":"fr_FR","og_type":"article","og_title":"Sac messager Avery - Timber Camo Le petit sac \u00e0 dos aux superbes d\u00e9tails de l\u2019am\u00e9ricain Avery Outdoors","og_description":"Ce nouveau sac \u00e0 dos de chasse d'Avery Outdoors est l\u00e9ger, confortable et facile \u00e0 transporter si vous ne partez pas \u00e0 la chasse toute la journ\u00e9e.","og_url":"https:\/\/staging.lucky-hunter.com\/product\/avery-messenger-bag-timber-camo\/","og_site_name":"Lucky-Hunter","article_modified_time":"2025-06-26T13:05:28+00:00","og_image":[{"width":1000,"height":1000,"url":"https:\/\/staging.lucky-hunter.com\/wp-content\/uploads\/2020\/09\/pu-565.png","type":"image\/png"}],"twitter_card":"summary_large_image","twitter_misc":{"Dur\u00e9e de lecture estim\u00e9e":"2 minutes"},"schema":{"@context":"https:\/\/schema.org","@graph":[{"@type":"WebPage","@id":"https:\/\/staging.lucky-hunter.com\/product\/avery-messenger-bag-timber-camo\/","url":"https:\/\/staging.lucky-hunter.com\/product\/avery-messenger-bag-timber-camo\/","name":"Sac messager Avery - Timber Camo Le petit sac \u00e0 dos aux superbes d\u00e9tails de l\u2019am\u00e9ricain Avery Outdoors","isPartOf":{"@id":"https:\/\/staging.lucky-hunter.com\/#website"},"primaryImageOfPage":{"@id":"https:\/\/staging.lucky-hunter.com\/product\/avery-messenger-bag-timber-camo\/#primaryimage"},"image":{"@id":"https:\/\/staging.lucky-hunter.com\/product\/avery-messenger-bag-timber-camo\/#primaryimage"},"thumbnailUrl":"https:\/\/staging.lucky-hunter.com\/wp-content\/uploads\/2020\/09\/pu-565.png","datePublished":"2020-09-01T11:24:54+00:00","dateModified":"2025-06-26T13:05:28+00:00","description":"Ce nouveau sac \u00e0 dos de chasse d'Avery Outdoors est l\u00e9ger, confortable et facile \u00e0 transporter si vous ne partez pas \u00e0 la chasse toute la journ\u00e9e.","breadcrumb":{"@id":"https:\/\/staging.lucky-hunter.com\/product\/avery-messenger-bag-timber-camo\/#breadcrumb"},"inLanguage":"fr-FR","potentialAction":[{"@type":"ReadAction","target":["https:\/\/staging.lucky-hunter.com\/product\/avery-messenger-bag-timber-camo\/"]}]},{"@type":"ImageObject","inLanguage":"fr-FR","@id":"https:\/\/staging.lucky-hunter.com\/product\/avery-messenger-bag-timber-camo\/#primaryimage","url":"https:\/\/staging.lucky-hunter.com\/wp-content\/uploads\/2020\/09\/pu-565.png","contentUrl":"https:\/\/staging.lucky-hunter.com\/wp-content\/uploads\/2020\/09\/pu-565.png","width":1000,"height":1000},{"@type":"BreadcrumbList","@id":"https:\/\/staging.lucky-hunter.com\/product\/avery-messenger-bag-timber-camo\/#breadcrumb","itemListElement":[{"@type":"ListItem","position":1,"name":"Home","item":"https:\/\/staging.lucky-hunter.com\/fr\/"},{"@type":"ListItem","position":2,"name":"Boutique","item":"https:\/\/staging.lucky-hunter.com\/fr\/shop\/"},{"@type":"ListItem","position":3,"name":"Sac Messenger Timber Camo &#8211; Avery"}]},{"@type":"WebSite","@id":"https:\/\/staging.lucky-hunter.com\/#website","url":"https:\/\/staging.lucky-hunter.com\/","name":"Lucky-Hunter","description":"Gear Up or Give Up","potentialAction":[{"@type":"SearchAction","target":{"@type":"EntryPoint","urlTemplate":"https:\/\/staging.lucky-hunter.com\/?s={search_term_string}"},"query-input":{"@type":"PropertyValueSpecification","valueRequired":true,"valueName":"search_term_string"}}],"inLanguage":"fr-FR"}]}},"_links":{"self":[{"href":"https:\/\/staging.lucky-hunter.com\/fr\/wp-json\/wp\/v2\/product\/31359"}],"collection":[{"href":"https:\/\/staging.lucky-hunter.com\/fr\/wp-json\/wp\/v2\/product"}],"about":[{"href":"https:\/\/staging.lucky-hunter.com\/fr\/wp-json\/wp\/v2\/types\/product"}],"wp:featuredmedia":[{"embeddable":true,"href":"https:\/\/staging.lucky-hunter.com\/fr\/wp-json\/wp\/v2\/media\/30098"}],"wp:attachment":[{"href":"https:\/\/staging.lucky-hunter.com\/fr\/wp-json\/wp\/v2\/media?parent=31359"}],"wp:term":[{"taxonomy":"product_brand","embeddable":true,"href":"https:\/\/staging.lucky-hunter.com\/fr\/wp-json\/wp\/v2\/product_brand?post=31359"},{"taxonomy":"product_cat","embeddable":true,"href":"https:\/\/staging.lucky-hunter.com\/fr\/wp-json\/wp\/v2\/product_cat?post=31359"},{"taxonomy":"product_tag","embeddable":true,"href":"https:\/\/staging.lucky-hunter.com\/fr\/wp-json\/wp\/v2\/product_tag?post=31359"}],"curies":[{"name":"wp","href":"https:\/\/api.w.org\/{rel}","templated":true}]}}