{"id":31358,"date":"2018-06-13T16:10:24","date_gmt":"2018-06-13T14:10:24","guid":{"rendered":"https:\/\/staging.lucky-hunter.com\/product\/rigem-right-lock-load-optifade-marsh-2\/"},"modified":"2024-10-31T13:15:29","modified_gmt":"2024-10-31T12:15:29","slug":"rigem-right-lock-load-optifade-marsh","status":"publish","type":"product","link":"https:\/\/staging.lucky-hunter.com\/fr\/product\/rigem-right-lock-load-optifade-marsh\/","title":{"rendered":"Sac \u00e0 aff\u00fbt Rig&#8217;Em Right Lock &amp; Load GORE OPTIFADE Marsh"},"content":{"rendered":"<p><iframe title=\"Rig&#039;Em Right Waterfowl Lock and Load Blind Bag\" width=\"1020\" height=\"574\" src=\"https:\/\/www.youtube.com\/embed\/GxyacAWPqlQ?wmode=transparent&amp;rel=0&amp;feature=oembed&#038;enablejsapi=1&#038;origin=https:\/\/staging.lucky-hunter.com\" frameborder=\"0\" allow=\"accelerometer; autoplay; clipboard-write; encrypted-media; gyroscope; picture-in-picture\" allowfullscreen><\/iframe><\/p>\n<h2><strong>Sac d\u2019aff\u00fbt Rig&#8217;Em Right Lock &amp; Load GORE OPTIFADE Marsh &#8211; le sac d\u2019aff\u00fbt parfait<\/strong><\/h2>\n<p>Si vous avez toujours voulu un sac d\u2019aff\u00fbt compact, sans compromis sur les caract\u00e9ristiques et la qualit\u00e9, alors ce sac est fait pour vous.<\/p>\n<p>Le sac d\u2019aff\u00fbt Lock and Load&#x2122; est non seulement robuste et durable, mais il poss\u00e8de tous les \u00e9l\u00e9ments de conception importants que vous attendez de Rig&#8217;Em Right&#x2122;.<\/p>\n<p>Ce sac comprend un compartiment \u00e0 munitions moul\u00e9 s\u00e9par\u00e9 \u00e0 fond rigide, un \u00e9tui moul\u00e9 pour les lunettes de soleil, une poche porte-gobelet, des poches int\u00e9rieures transparentes et un compartiment principal s\u00e9par\u00e9 pour vos effets personnels.<\/p>\n<p>De plus, son profil \u00e9troit lui permet de s&#8217;adapter \u00e0 l&#8217;int\u00e9rieur d&#8217;un aff\u00fbt et il est dot\u00e9 de clips permettant de l\u2019attacher aux sangles de chaume \u00e0 l&#8217;ext\u00e9rieur de votre aff\u00fbt si vous le souhaitez.<\/p>\n<p>Il dispose \u00e9galement d&#8217;un crochet m\u00e9tallique \u00e0 fixer \u00e0 un clou dans l\u2019aff\u00fbt ou \u00e0 un crochet dans le bois.<\/p>\n<p>Bref, c&#8217;est le sac \u00e0 aff\u00fbt compact ultime.<\/p>\n","protected":false},"excerpt":{"rendered":"<p>Ce sac Rig&#8217;Em Right comprend un compartiment \u00e0 munitions moul\u00e9 avec un fond rigide, un \u00e9tui moul\u00e9 pour lunettes de soleil, une poche pour porte-boisson, des poches internes transparentes et un compartiment principal s\u00e9par\u00e9 pour vos essentiels.<\/p>\n","protected":false},"featured_media":30613,"template":"","meta":[],"product_brand":[8127],"product_cat":[8174],"product_tag":[9446,9235],"yoast_head":"<!-- This site is optimized with the Yoast SEO plugin v24.3 - https:\/\/yoast.com\/wordpress\/plugins\/seo\/ -->\n<title>Rig&#039;Em Right Lock &amp; Load Blind Bag GORE OPTIFADE Marsh - id\u00e9al pour s&#039;int\u00e9grer dans un aff\u00fbt couch\u00e9<\/title>\n<meta name=\"description\" content=\"Rig&#039;Em Right Lock &amp; Load Blind Bag GORE OPTIFADE Marsh. Le sac parfait pour l&#039;aff\u00fbt, avec un excellent assortiment de compartiments pour vos \u00e9quipements de chasse.\" \/>\n<meta name=\"robots\" content=\"noindex, follow, max-snippet:-1, max-image-preview:large, max-video-preview:-1\" \/>\n<meta property=\"og:locale\" content=\"fr_FR\" \/>\n<meta property=\"og:type\" content=\"article\" \/>\n<meta property=\"og:title\" content=\"Rig&#039;Em Right Lock &amp; Load Blind Bag GORE OPTIFADE Marsh - id\u00e9al pour s&#039;int\u00e9grer dans un aff\u00fbt couch\u00e9\" \/>\n<meta property=\"og:description\" content=\"Rig&#039;Em Right Lock &amp; Load Blind Bag GORE OPTIFADE Marsh. Le sac parfait pour l&#039;aff\u00fbt, avec un excellent assortiment de compartiments pour vos \u00e9quipements de chasse.\" \/>\n<meta property=\"og:url\" content=\"https:\/\/staging.lucky-hunter.com\/fr\/product\/rigem-right-lock-load-optifade-marsh\/\" \/>\n<meta property=\"og:site_name\" content=\"Lucky-Hunter\" \/>\n<meta property=\"article:modified_time\" content=\"2024-10-31T12:15:29+00:00\" \/>\n<meta property=\"og:image\" content=\"https:\/\/staging.lucky-hunter.com\/wp-content\/uploads\/2018\/06\/PU-203_01.png.webp\" \/>\n\t<meta property=\"og:image:width\" content=\"1000\" \/>\n\t<meta property=\"og:image:height\" content=\"1000\" \/>\n\t<meta property=\"og:image:type\" content=\"image\/webp\" \/>\n<meta name=\"twitter:card\" content=\"summary_large_image\" \/>\n<meta name=\"twitter:label1\" content=\"Dur\u00e9e de lecture estim\u00e9e\" \/>\n\t<meta name=\"twitter:data1\" content=\"1 minute\" \/>\n<script type=\"application\/ld+json\" class=\"yoast-schema-graph\">{\"@context\":\"https:\/\/schema.org\",\"@graph\":[{\"@type\":\"WebPage\",\"@id\":\"https:\/\/staging.lucky-hunter.com\/fr\/product\/rigem-right-lock-load-optifade-marsh\/\",\"url\":\"https:\/\/staging.lucky-hunter.com\/fr\/product\/rigem-right-lock-load-optifade-marsh\/\",\"name\":\"Rig'Em Right Lock & Load Blind Bag GORE OPTIFADE Marsh - id\u00e9al pour s'int\u00e9grer dans un aff\u00fbt couch\u00e9\",\"isPartOf\":{\"@id\":\"https:\/\/staging.lucky-hunter.com\/#website\"},\"primaryImageOfPage\":{\"@id\":\"https:\/\/staging.lucky-hunter.com\/fr\/product\/rigem-right-lock-load-optifade-marsh\/#primaryimage\"},\"image\":{\"@id\":\"https:\/\/staging.lucky-hunter.com\/fr\/product\/rigem-right-lock-load-optifade-marsh\/#primaryimage\"},\"thumbnailUrl\":\"https:\/\/staging.lucky-hunter.com\/wp-content\/uploads\/2018\/06\/PU-203_01.png.webp\",\"datePublished\":\"2018-06-13T14:10:24+00:00\",\"dateModified\":\"2024-10-31T12:15:29+00:00\",\"description\":\"Rig'Em Right Lock & Load Blind Bag GORE OPTIFADE Marsh. Le sac parfait pour l'aff\u00fbt, avec un excellent assortiment de compartiments pour vos \u00e9quipements de chasse.\",\"breadcrumb\":{\"@id\":\"https:\/\/staging.lucky-hunter.com\/fr\/product\/rigem-right-lock-load-optifade-marsh\/#breadcrumb\"},\"inLanguage\":\"fr-FR\",\"potentialAction\":[{\"@type\":\"ReadAction\",\"target\":[\"https:\/\/staging.lucky-hunter.com\/fr\/product\/rigem-right-lock-load-optifade-marsh\/\"]}]},{\"@type\":\"ImageObject\",\"inLanguage\":\"fr-FR\",\"@id\":\"https:\/\/staging.lucky-hunter.com\/fr\/product\/rigem-right-lock-load-optifade-marsh\/#primaryimage\",\"url\":\"https:\/\/staging.lucky-hunter.com\/wp-content\/uploads\/2018\/06\/PU-203_01.png.webp\",\"contentUrl\":\"https:\/\/staging.lucky-hunter.com\/wp-content\/uploads\/2018\/06\/PU-203_01.png.webp\",\"width\":1000,\"height\":1000},{\"@type\":\"BreadcrumbList\",\"@id\":\"https:\/\/staging.lucky-hunter.com\/fr\/product\/rigem-right-lock-load-optifade-marsh\/#breadcrumb\",\"itemListElement\":[{\"@type\":\"ListItem\",\"position\":1,\"name\":\"Home\",\"item\":\"https:\/\/staging.lucky-hunter.com\/fr\/\"},{\"@type\":\"ListItem\",\"position\":2,\"name\":\"Boutique\",\"item\":\"https:\/\/staging.lucky-hunter.com\/fr\/shop\/\"},{\"@type\":\"ListItem\",\"position\":3,\"name\":\"Sac \u00e0 aff\u00fbt Rig&#8217;Em Right Lock &amp; Load GORE OPTIFADE Marsh\"}]},{\"@type\":\"WebSite\",\"@id\":\"https:\/\/staging.lucky-hunter.com\/#website\",\"url\":\"https:\/\/staging.lucky-hunter.com\/\",\"name\":\"Lucky-Hunter\",\"description\":\"Gear Up or Give Up\",\"potentialAction\":[{\"@type\":\"SearchAction\",\"target\":{\"@type\":\"EntryPoint\",\"urlTemplate\":\"https:\/\/staging.lucky-hunter.com\/?s={search_term_string}\"},\"query-input\":{\"@type\":\"PropertyValueSpecification\",\"valueRequired\":true,\"valueName\":\"search_term_string\"}}],\"inLanguage\":\"fr-FR\"}]}<\/script>\n<!-- \/ Yoast SEO plugin. -->","yoast_head_json":{"title":"Rig'Em Right Lock & Load Blind Bag GORE OPTIFADE Marsh - id\u00e9al pour s'int\u00e9grer dans un aff\u00fbt couch\u00e9","description":"Rig'Em Right Lock & Load Blind Bag GORE OPTIFADE Marsh. Le sac parfait pour l'aff\u00fbt, avec un excellent assortiment de compartiments pour vos \u00e9quipements de chasse.","robots":{"index":"noindex","follow":"follow","max-snippet":"max-snippet:-1","max-image-preview":"max-image-preview:large","max-video-preview":"max-video-preview:-1"},"og_locale":"fr_FR","og_type":"article","og_title":"Rig'Em Right Lock & Load Blind Bag GORE OPTIFADE Marsh - id\u00e9al pour s'int\u00e9grer dans un aff\u00fbt couch\u00e9","og_description":"Rig'Em Right Lock & Load Blind Bag GORE OPTIFADE Marsh. Le sac parfait pour l'aff\u00fbt, avec un excellent assortiment de compartiments pour vos \u00e9quipements de chasse.","og_url":"https:\/\/staging.lucky-hunter.com\/fr\/product\/rigem-right-lock-load-optifade-marsh\/","og_site_name":"Lucky-Hunter","article_modified_time":"2024-10-31T12:15:29+00:00","og_image":[{"width":1000,"height":1000,"url":"https:\/\/staging.lucky-hunter.com\/wp-content\/uploads\/2018\/06\/PU-203_01.png.webp","type":"image\/webp"}],"twitter_card":"summary_large_image","twitter_misc":{"Dur\u00e9e de lecture estim\u00e9e":"1 minute"},"schema":{"@context":"https:\/\/schema.org","@graph":[{"@type":"WebPage","@id":"https:\/\/staging.lucky-hunter.com\/fr\/product\/rigem-right-lock-load-optifade-marsh\/","url":"https:\/\/staging.lucky-hunter.com\/fr\/product\/rigem-right-lock-load-optifade-marsh\/","name":"Rig'Em Right Lock & Load Blind Bag GORE OPTIFADE Marsh - id\u00e9al pour s'int\u00e9grer dans un aff\u00fbt couch\u00e9","isPartOf":{"@id":"https:\/\/staging.lucky-hunter.com\/#website"},"primaryImageOfPage":{"@id":"https:\/\/staging.lucky-hunter.com\/fr\/product\/rigem-right-lock-load-optifade-marsh\/#primaryimage"},"image":{"@id":"https:\/\/staging.lucky-hunter.com\/fr\/product\/rigem-right-lock-load-optifade-marsh\/#primaryimage"},"thumbnailUrl":"https:\/\/staging.lucky-hunter.com\/wp-content\/uploads\/2018\/06\/PU-203_01.png.webp","datePublished":"2018-06-13T14:10:24+00:00","dateModified":"2024-10-31T12:15:29+00:00","description":"Rig'Em Right Lock & Load Blind Bag GORE OPTIFADE Marsh. Le sac parfait pour l'aff\u00fbt, avec un excellent assortiment de compartiments pour vos \u00e9quipements de chasse.","breadcrumb":{"@id":"https:\/\/staging.lucky-hunter.com\/fr\/product\/rigem-right-lock-load-optifade-marsh\/#breadcrumb"},"inLanguage":"fr-FR","potentialAction":[{"@type":"ReadAction","target":["https:\/\/staging.lucky-hunter.com\/fr\/product\/rigem-right-lock-load-optifade-marsh\/"]}]},{"@type":"ImageObject","inLanguage":"fr-FR","@id":"https:\/\/staging.lucky-hunter.com\/fr\/product\/rigem-right-lock-load-optifade-marsh\/#primaryimage","url":"https:\/\/staging.lucky-hunter.com\/wp-content\/uploads\/2018\/06\/PU-203_01.png.webp","contentUrl":"https:\/\/staging.lucky-hunter.com\/wp-content\/uploads\/2018\/06\/PU-203_01.png.webp","width":1000,"height":1000},{"@type":"BreadcrumbList","@id":"https:\/\/staging.lucky-hunter.com\/fr\/product\/rigem-right-lock-load-optifade-marsh\/#breadcrumb","itemListElement":[{"@type":"ListItem","position":1,"name":"Home","item":"https:\/\/staging.lucky-hunter.com\/fr\/"},{"@type":"ListItem","position":2,"name":"Boutique","item":"https:\/\/staging.lucky-hunter.com\/fr\/shop\/"},{"@type":"ListItem","position":3,"name":"Sac \u00e0 aff\u00fbt Rig&#8217;Em Right Lock &amp; Load GORE OPTIFADE Marsh"}]},{"@type":"WebSite","@id":"https:\/\/staging.lucky-hunter.com\/#website","url":"https:\/\/staging.lucky-hunter.com\/","name":"Lucky-Hunter","description":"Gear Up or Give Up","potentialAction":[{"@type":"SearchAction","target":{"@type":"EntryPoint","urlTemplate":"https:\/\/staging.lucky-hunter.com\/?s={search_term_string}"},"query-input":{"@type":"PropertyValueSpecification","valueRequired":true,"valueName":"search_term_string"}}],"inLanguage":"fr-FR"}]}},"_links":{"self":[{"href":"https:\/\/staging.lucky-hunter.com\/fr\/wp-json\/wp\/v2\/product\/31358"}],"collection":[{"href":"https:\/\/staging.lucky-hunter.com\/fr\/wp-json\/wp\/v2\/product"}],"about":[{"href":"https:\/\/staging.lucky-hunter.com\/fr\/wp-json\/wp\/v2\/types\/product"}],"wp:featuredmedia":[{"embeddable":true,"href":"https:\/\/staging.lucky-hunter.com\/fr\/wp-json\/wp\/v2\/media\/30613"}],"wp:attachment":[{"href":"https:\/\/staging.lucky-hunter.com\/fr\/wp-json\/wp\/v2\/media?parent=31358"}],"wp:term":[{"taxonomy":"product_brand","embeddable":true,"href":"https:\/\/staging.lucky-hunter.com\/fr\/wp-json\/wp\/v2\/product_brand?post=31358"},{"taxonomy":"product_cat","embeddable":true,"href":"https:\/\/staging.lucky-hunter.com\/fr\/wp-json\/wp\/v2\/product_cat?post=31358"},{"taxonomy":"product_tag","embeddable":true,"href":"https:\/\/staging.lucky-hunter.com\/fr\/wp-json\/wp\/v2\/product_tag?post=31358"}],"curies":[{"name":"wp","href":"https:\/\/api.w.org\/{rel}","templated":true}]}}