{"id":31357,"date":"2020-06-22T11:40:45","date_gmt":"2020-06-22T09:40:45","guid":{"rendered":"https:\/\/staging.lucky-hunter.com\/product\/banded-hunting-trip-bag-2\/"},"modified":"2022-11-16T09:35:08","modified_gmt":"2022-11-16T08:35:08","slug":"banded-hunting-trip-bag","status":"publish","type":"product","link":"https:\/\/staging.lucky-hunter.com\/fr\/product\/banded-hunting-trip-bag\/","title":{"rendered":"Banded &#8211; Sac de voyage de chasse"},"content":{"rendered":"<p><iframe title=\"Banded Hunting Trip Bag\" width=\"1020\" height=\"574\" src=\"https:\/\/www.youtube.com\/embed\/OkTiWW9Nbac?wmode=transparent&amp;rel=0&amp;feature=oembed&#038;enablejsapi=1&#038;origin=https:\/\/staging.lucky-hunter.com\" frameborder=\"0\" allow=\"accelerometer; autoplay; clipboard-write; encrypted-media; gyroscope; picture-in-picture\" allowfullscreen><\/iframe><\/p>\n<h2><strong>Sac de voyage de chasse &#8211; Sac 100\u00a0% \u00e9tanche de Banded<\/strong><\/h2>\n<p>Le sac de chasse parfait pour le chasseur c\u00f4tier qui a besoin de garder ses accessoires de chasse au sec et prot\u00e9g\u00e9s. Ce sac est en effet id\u00e9al pour tous les types de chasse, lorsque vous voulez \u00eatre s\u00fbr que la pluie et la neige ne d\u00e9truiront pas votre t\u00e9l\u00e9phone, votre appareil photo, vos papiers, etc.<\/p>\n<p>Le sac de voyage de chasse dispose de coutures soud\u00e9es \u00e0 l&#8217;aide de la technologie Arc Welded et est donc 100\u00a0% \u00e9tanche.<\/p>\n<p>Les doubles bretelles amovibles avec boucle \u00e0 d\u00e9gagement rapide rendent le sac tr\u00e8s facile \u00e0 porter &#8211; il poss\u00e8de \u00e9galement des poign\u00e9es de transport.<\/p>\n<p>Fabriqu\u00e9 en Dura-Max 600D, un mat\u00e9riau super r\u00e9sistant.<\/p>\n<p>Le sac dispose de 6 bandes de fixation pour une int\u00e9gration facile de l\u2019\u00e9quipement<\/p>\n<p>Motif camouflage Max5 en taille Medium (L 30,5 cm x L 76 cm x H 30,5 cm).<\/p>\n<p>UGS\u00a0: B08110<\/p>\n","protected":false},"excerpt":{"rendered":"<p>Le sac de chasse parfait pour le chasseur c\u00f4tier qui a besoin de garder ses accessoires de chasse au sec et prot\u00e9g\u00e9s. Ce sac est en effet id\u00e9al pour tous les types de chasse, lorsque vous voulez \u00eatre s\u00fbr que la pluie et la neige ne d\u00e9truiront pas votre t\u00e9l\u00e9phone, votre appareil photo, vos papiers, etc.<\/p>\n","protected":false},"featured_media":30392,"template":"","meta":[],"product_brand":[9074],"product_cat":[8174],"product_tag":[],"yoast_head":"<!-- This site is optimized with the Yoast SEO plugin v24.3 - https:\/\/yoast.com\/wordpress\/plugins\/seo\/ -->\n<title>Sac de voyage de chasse - Sac \u00e0 bandes 100% \u00e9tanche | Chasseur chanceux<\/title>\n<meta name=\"description\" content=\"Le sac de voyage de chasse dispose de coutures soud\u00e9es \u00e0 l&#039;aide de la technologie Arc Welded et est donc 100\u00a0% \u00e9tanche. Id\u00e9al pour toutes les activit\u00e9s de plein air !\" \/>\n<meta name=\"robots\" content=\"noindex, follow, max-snippet:-1, max-image-preview:large, max-video-preview:-1\" \/>\n<meta property=\"og:locale\" content=\"fr_FR\" \/>\n<meta property=\"og:type\" content=\"article\" \/>\n<meta property=\"og:title\" content=\"The Hunting Trip Bag - Sac \u00e0 bandes 100% \u00e9tanche | Chasseur chanceux\" \/>\n<meta property=\"og:description\" content=\"Le sac de voyage de chasse dispose de coutures soud\u00e9es \u00e0 l&#039;aide de la technologie Arc Welded et est donc 100\u00a0% \u00e9tanche. Id\u00e9al pour toutes les activit\u00e9s de plein air !\" \/>\n<meta property=\"og:url\" content=\"https:\/\/staging.lucky-hunter.com\/product\/banded-hunting-trip-bag\/\" \/>\n<meta property=\"og:site_name\" content=\"Lucky-Hunter\" \/>\n<meta property=\"article:modified_time\" content=\"2022-11-16T08:35:08+00:00\" \/>\n<meta property=\"og:image\" content=\"https:\/\/staging.lucky-hunter.com\/wp-content\/uploads\/2020\/06\/pu-536.png\" \/>\n\t<meta property=\"og:image:width\" content=\"1000\" \/>\n\t<meta property=\"og:image:height\" content=\"1000\" \/>\n\t<meta property=\"og:image:type\" content=\"image\/png\" \/>\n<meta name=\"twitter:card\" content=\"summary_large_image\" \/>\n<meta name=\"twitter:title\" content=\"The Hunting Trip Bag - Sac \u00e0 bandes 100% \u00e9tanche | Chasseur chanceux\" \/>\n<meta name=\"twitter:description\" content=\"Le sac de voyage de chasse dispose de coutures soud\u00e9es \u00e0 l&#039;aide de la technologie Arc Welded et est donc 100\u00a0% \u00e9tanche. Id\u00e9al pour toutes les activit\u00e9s de plein air !\" \/>\n<meta name=\"twitter:label1\" content=\"Dur\u00e9e de lecture estim\u00e9e\" \/>\n\t<meta name=\"twitter:data1\" content=\"1 minute\" \/>\n<script type=\"application\/ld+json\" class=\"yoast-schema-graph\">{\"@context\":\"https:\/\/schema.org\",\"@graph\":[{\"@type\":\"WebPage\",\"@id\":\"https:\/\/staging.lucky-hunter.com\/product\/banded-hunting-trip-bag\/\",\"url\":\"https:\/\/staging.lucky-hunter.com\/product\/banded-hunting-trip-bag\/\",\"name\":\"Sac de voyage de chasse - Sac \u00e0 bandes 100% \u00e9tanche | Chasseur chanceux\",\"isPartOf\":{\"@id\":\"https:\/\/staging.lucky-hunter.com\/#website\"},\"primaryImageOfPage\":{\"@id\":\"https:\/\/staging.lucky-hunter.com\/product\/banded-hunting-trip-bag\/#primaryimage\"},\"image\":{\"@id\":\"https:\/\/staging.lucky-hunter.com\/product\/banded-hunting-trip-bag\/#primaryimage\"},\"thumbnailUrl\":\"https:\/\/staging.lucky-hunter.com\/wp-content\/uploads\/2020\/06\/pu-536.png\",\"datePublished\":\"2020-06-22T09:40:45+00:00\",\"dateModified\":\"2022-11-16T08:35:08+00:00\",\"description\":\"Le sac de voyage de chasse dispose de coutures soud\u00e9es \u00e0 l'aide de la technologie Arc Welded et est donc 100\u00a0% \u00e9tanche. Id\u00e9al pour toutes les activit\u00e9s de plein air !\",\"breadcrumb\":{\"@id\":\"https:\/\/staging.lucky-hunter.com\/product\/banded-hunting-trip-bag\/#breadcrumb\"},\"inLanguage\":\"fr-FR\",\"potentialAction\":[{\"@type\":\"ReadAction\",\"target\":[\"https:\/\/staging.lucky-hunter.com\/product\/banded-hunting-trip-bag\/\"]}]},{\"@type\":\"ImageObject\",\"inLanguage\":\"fr-FR\",\"@id\":\"https:\/\/staging.lucky-hunter.com\/product\/banded-hunting-trip-bag\/#primaryimage\",\"url\":\"https:\/\/staging.lucky-hunter.com\/wp-content\/uploads\/2020\/06\/pu-536.png\",\"contentUrl\":\"https:\/\/staging.lucky-hunter.com\/wp-content\/uploads\/2020\/06\/pu-536.png\",\"width\":1000,\"height\":1000},{\"@type\":\"BreadcrumbList\",\"@id\":\"https:\/\/staging.lucky-hunter.com\/product\/banded-hunting-trip-bag\/#breadcrumb\",\"itemListElement\":[{\"@type\":\"ListItem\",\"position\":1,\"name\":\"Home\",\"item\":\"https:\/\/staging.lucky-hunter.com\/fr\/\"},{\"@type\":\"ListItem\",\"position\":2,\"name\":\"Boutique\",\"item\":\"https:\/\/staging.lucky-hunter.com\/fr\/shop\/\"},{\"@type\":\"ListItem\",\"position\":3,\"name\":\"Banded &#8211; Sac de voyage de chasse\"}]},{\"@type\":\"WebSite\",\"@id\":\"https:\/\/staging.lucky-hunter.com\/#website\",\"url\":\"https:\/\/staging.lucky-hunter.com\/\",\"name\":\"Lucky-Hunter\",\"description\":\"Gear Up or Give Up\",\"potentialAction\":[{\"@type\":\"SearchAction\",\"target\":{\"@type\":\"EntryPoint\",\"urlTemplate\":\"https:\/\/staging.lucky-hunter.com\/?s={search_term_string}\"},\"query-input\":{\"@type\":\"PropertyValueSpecification\",\"valueRequired\":true,\"valueName\":\"search_term_string\"}}],\"inLanguage\":\"fr-FR\"}]}<\/script>\n<!-- \/ Yoast SEO plugin. -->","yoast_head_json":{"title":"Sac de voyage de chasse - Sac \u00e0 bandes 100% \u00e9tanche | Chasseur chanceux","description":"Le sac de voyage de chasse dispose de coutures soud\u00e9es \u00e0 l'aide de la technologie Arc Welded et est donc 100\u00a0% \u00e9tanche. Id\u00e9al pour toutes les activit\u00e9s de plein air !","robots":{"index":"noindex","follow":"follow","max-snippet":"max-snippet:-1","max-image-preview":"max-image-preview:large","max-video-preview":"max-video-preview:-1"},"og_locale":"fr_FR","og_type":"article","og_title":"The Hunting Trip Bag - Sac \u00e0 bandes 100% \u00e9tanche | Chasseur chanceux","og_description":"Le sac de voyage de chasse dispose de coutures soud\u00e9es \u00e0 l'aide de la technologie Arc Welded et est donc 100\u00a0% \u00e9tanche. Id\u00e9al pour toutes les activit\u00e9s de plein air !","og_url":"https:\/\/staging.lucky-hunter.com\/product\/banded-hunting-trip-bag\/","og_site_name":"Lucky-Hunter","article_modified_time":"2022-11-16T08:35:08+00:00","og_image":[{"width":1000,"height":1000,"url":"https:\/\/staging.lucky-hunter.com\/wp-content\/uploads\/2020\/06\/pu-536.png","type":"image\/png"}],"twitter_card":"summary_large_image","twitter_title":"The Hunting Trip Bag - Sac \u00e0 bandes 100% \u00e9tanche | Chasseur chanceux","twitter_description":"Le sac de voyage de chasse dispose de coutures soud\u00e9es \u00e0 l'aide de la technologie Arc Welded et est donc 100\u00a0% \u00e9tanche. Id\u00e9al pour toutes les activit\u00e9s de plein air !","twitter_misc":{"Dur\u00e9e de lecture estim\u00e9e":"1 minute"},"schema":{"@context":"https:\/\/schema.org","@graph":[{"@type":"WebPage","@id":"https:\/\/staging.lucky-hunter.com\/product\/banded-hunting-trip-bag\/","url":"https:\/\/staging.lucky-hunter.com\/product\/banded-hunting-trip-bag\/","name":"Sac de voyage de chasse - Sac \u00e0 bandes 100% \u00e9tanche | Chasseur chanceux","isPartOf":{"@id":"https:\/\/staging.lucky-hunter.com\/#website"},"primaryImageOfPage":{"@id":"https:\/\/staging.lucky-hunter.com\/product\/banded-hunting-trip-bag\/#primaryimage"},"image":{"@id":"https:\/\/staging.lucky-hunter.com\/product\/banded-hunting-trip-bag\/#primaryimage"},"thumbnailUrl":"https:\/\/staging.lucky-hunter.com\/wp-content\/uploads\/2020\/06\/pu-536.png","datePublished":"2020-06-22T09:40:45+00:00","dateModified":"2022-11-16T08:35:08+00:00","description":"Le sac de voyage de chasse dispose de coutures soud\u00e9es \u00e0 l'aide de la technologie Arc Welded et est donc 100\u00a0% \u00e9tanche. Id\u00e9al pour toutes les activit\u00e9s de plein air !","breadcrumb":{"@id":"https:\/\/staging.lucky-hunter.com\/product\/banded-hunting-trip-bag\/#breadcrumb"},"inLanguage":"fr-FR","potentialAction":[{"@type":"ReadAction","target":["https:\/\/staging.lucky-hunter.com\/product\/banded-hunting-trip-bag\/"]}]},{"@type":"ImageObject","inLanguage":"fr-FR","@id":"https:\/\/staging.lucky-hunter.com\/product\/banded-hunting-trip-bag\/#primaryimage","url":"https:\/\/staging.lucky-hunter.com\/wp-content\/uploads\/2020\/06\/pu-536.png","contentUrl":"https:\/\/staging.lucky-hunter.com\/wp-content\/uploads\/2020\/06\/pu-536.png","width":1000,"height":1000},{"@type":"BreadcrumbList","@id":"https:\/\/staging.lucky-hunter.com\/product\/banded-hunting-trip-bag\/#breadcrumb","itemListElement":[{"@type":"ListItem","position":1,"name":"Home","item":"https:\/\/staging.lucky-hunter.com\/fr\/"},{"@type":"ListItem","position":2,"name":"Boutique","item":"https:\/\/staging.lucky-hunter.com\/fr\/shop\/"},{"@type":"ListItem","position":3,"name":"Banded &#8211; Sac de voyage de chasse"}]},{"@type":"WebSite","@id":"https:\/\/staging.lucky-hunter.com\/#website","url":"https:\/\/staging.lucky-hunter.com\/","name":"Lucky-Hunter","description":"Gear Up or Give Up","potentialAction":[{"@type":"SearchAction","target":{"@type":"EntryPoint","urlTemplate":"https:\/\/staging.lucky-hunter.com\/?s={search_term_string}"},"query-input":{"@type":"PropertyValueSpecification","valueRequired":true,"valueName":"search_term_string"}}],"inLanguage":"fr-FR"}]}},"_links":{"self":[{"href":"https:\/\/staging.lucky-hunter.com\/fr\/wp-json\/wp\/v2\/product\/31357"}],"collection":[{"href":"https:\/\/staging.lucky-hunter.com\/fr\/wp-json\/wp\/v2\/product"}],"about":[{"href":"https:\/\/staging.lucky-hunter.com\/fr\/wp-json\/wp\/v2\/types\/product"}],"wp:featuredmedia":[{"embeddable":true,"href":"https:\/\/staging.lucky-hunter.com\/fr\/wp-json\/wp\/v2\/media\/30392"}],"wp:attachment":[{"href":"https:\/\/staging.lucky-hunter.com\/fr\/wp-json\/wp\/v2\/media?parent=31357"}],"wp:term":[{"taxonomy":"product_brand","embeddable":true,"href":"https:\/\/staging.lucky-hunter.com\/fr\/wp-json\/wp\/v2\/product_brand?post=31357"},{"taxonomy":"product_cat","embeddable":true,"href":"https:\/\/staging.lucky-hunter.com\/fr\/wp-json\/wp\/v2\/product_cat?post=31357"},{"taxonomy":"product_tag","embeddable":true,"href":"https:\/\/staging.lucky-hunter.com\/fr\/wp-json\/wp\/v2\/product_tag?post=31357"}],"curies":[{"name":"wp","href":"https:\/\/api.w.org\/{rel}","templated":true}]}}