{"id":31356,"date":"2021-03-17T15:39:27","date_gmt":"2021-03-17T14:39:27","guid":{"rendered":"https:\/\/staging.lucky-hunter.com\/product\/final-approach-hard-case-silhouette-decoy-bag-2\/"},"modified":"2025-06-26T14:29:53","modified_gmt":"2025-06-26T12:29:53","slug":"sac-a-formes-silhouettes-final-approach-hard-case","status":"publish","type":"product","link":"https:\/\/staging.lucky-hunter.com\/fr\/product\/sac-a-formes-silhouettes-final-approach-hard-case\/","title":{"rendered":"Sac \u00e0 formes silhouettes &#8211; Final Approach Hard Case"},"content":{"rendered":"<p><iframe title=\"Final Approach Hard Case Silhouette Decoy Bag\" width=\"1020\" height=\"574\" src=\"https:\/\/www.youtube.com\/embed\/XIg_rw2JgDk?wmode=transparent&amp;rel=0&amp;feature=oembed&#038;enablejsapi=1&#038;origin=https:\/\/staging.lucky-hunter.com\" frameborder=\"0\" allow=\"accelerometer; autoplay; clipboard-write; encrypted-media; gyroscope; picture-in-picture; web-share\" referrerpolicy=\"strict-origin-when-cross-origin\" allowfullscreen><\/iframe><\/p>\n<h2><strong>FA Silhouette Bag &#8211; Transportez vos formes silhouette facilement\u00a0!\u00a0<\/strong><\/h2>\n<p>Ce nouveau sac \u00e0 formes rigide de l\u2019am\u00e9ricain Final Approach Waterfowl peut contenir 60 formes silhouette de Big Al.<\/p>\n<p>Vous pouvez \u00e9galement utiliser le sac pour transporter et stocker jusqu&#8217;\u00e0 120 formes \u00e0 manche \u00e0 air (Sillosocks).<\/p>\n<p>Le sac \u00e0 formes a une forme carr\u00e9e pratique qui maintient bien les silhouettes en place, une poign\u00e9e de transport confortable et une bandouli\u00e8re.<\/p>\n<p>Il est fabriqu\u00e9 dans un mat\u00e9riau durable et a un fond ouvert pour les piquets de formes.<\/p>\n<p>Sangles velcro et boucles sur 3 c\u00f4t\u00e9s<\/p>\n<p>Couleur\u00a0: Field Brown (marrron)<\/p>\n","protected":false},"excerpt":{"rendered":"<p>Ce nouveau sac \u00e0 formes rigide de l\u2019am\u00e9ricain Final Approach Waterfowl peut contenir 60 formes silhouette de Big Al.<\/p>\n","protected":false},"featured_media":30651,"template":"","meta":[],"product_brand":[8136],"product_cat":[9321],"product_tag":[],"yoast_head":"<!-- This site is optimized with the Yoast SEO plugin v24.3 - https:\/\/yoast.com\/wordpress\/plugins\/seo\/ -->\n<title>Sac \u00e0 formes silhouettes - Final Approach Hard Case<\/title>\n<meta name=\"description\" content=\"Ce nouveau sac de transport rigide de la soci\u00e9t\u00e9 am\u00e9ricaine Final Approach Waterfowl peut contenir 60 formes de Big Al&#039;s Decoys.\" \/>\n<meta name=\"robots\" content=\"noindex, follow, max-snippet:-1, max-image-preview:large, max-video-preview:-1\" \/>\n<meta property=\"og:locale\" content=\"fr_FR\" \/>\n<meta property=\"og:type\" content=\"article\" \/>\n<meta property=\"og:title\" content=\"Avery Silhouette Satchel - Transport Up To 48 Full-Size Silhouette Decoys! | Lucky Hunter\" \/>\n<meta property=\"og:description\" content=\"Avery Silhouette Satchel allows you to easily and comfortably transport up to 48 full-size silhouette decoys and stakes. Hard-wearing, great quality.\" \/>\n<meta property=\"og:url\" content=\"https:\/\/staging.lucky-hunter.com\/fr\/product\/sac-a-formes-silhouettes-final-approach-hard-case\/\" \/>\n<meta property=\"og:site_name\" content=\"Lucky-Hunter\" \/>\n<meta property=\"article:modified_time\" content=\"2025-06-26T12:29:53+00:00\" \/>\n<meta property=\"og:image\" content=\"https:\/\/staging.lucky-hunter.com\/wp-content\/uploads\/2021\/03\/PU-600.png\" \/>\n\t<meta property=\"og:image:width\" content=\"1200\" \/>\n\t<meta property=\"og:image:height\" content=\"1200\" \/>\n\t<meta property=\"og:image:type\" content=\"image\/png\" \/>\n<meta name=\"twitter:card\" content=\"summary_large_image\" \/>\n<meta name=\"twitter:title\" content=\"Avery Silhouette Satchel - Transport Silhouette Decoys! | Lucky Hunter\" \/>\n<meta name=\"twitter:description\" content=\"Avery Silhouette Satchel allows you to easily and comfortably transport up to 48 full-size silhouette decoys and stakes. Hard-wearing, great quality.\" \/>\n<meta name=\"twitter:label1\" content=\"Dur\u00e9e de lecture estim\u00e9e\" \/>\n\t<meta name=\"twitter:data1\" content=\"1 minute\" \/>\n<script type=\"application\/ld+json\" class=\"yoast-schema-graph\">{\"@context\":\"https:\/\/schema.org\",\"@graph\":[{\"@type\":\"WebPage\",\"@id\":\"https:\/\/staging.lucky-hunter.com\/fr\/product\/sac-a-formes-silhouettes-final-approach-hard-case\/\",\"url\":\"https:\/\/staging.lucky-hunter.com\/fr\/product\/sac-a-formes-silhouettes-final-approach-hard-case\/\",\"name\":\"Sac \u00e0 formes silhouettes - Final Approach Hard Case\",\"isPartOf\":{\"@id\":\"https:\/\/staging.lucky-hunter.com\/#website\"},\"primaryImageOfPage\":{\"@id\":\"https:\/\/staging.lucky-hunter.com\/fr\/product\/sac-a-formes-silhouettes-final-approach-hard-case\/#primaryimage\"},\"image\":{\"@id\":\"https:\/\/staging.lucky-hunter.com\/fr\/product\/sac-a-formes-silhouettes-final-approach-hard-case\/#primaryimage\"},\"thumbnailUrl\":\"https:\/\/staging.lucky-hunter.com\/wp-content\/uploads\/2021\/03\/PU-600.png\",\"datePublished\":\"2021-03-17T14:39:27+00:00\",\"dateModified\":\"2025-06-26T12:29:53+00:00\",\"description\":\"Ce nouveau sac de transport rigide de la soci\u00e9t\u00e9 am\u00e9ricaine Final Approach Waterfowl peut contenir 60 formes de Big Al's Decoys.\",\"breadcrumb\":{\"@id\":\"https:\/\/staging.lucky-hunter.com\/fr\/product\/sac-a-formes-silhouettes-final-approach-hard-case\/#breadcrumb\"},\"inLanguage\":\"fr-FR\",\"potentialAction\":[{\"@type\":\"ReadAction\",\"target\":[\"https:\/\/staging.lucky-hunter.com\/fr\/product\/sac-a-formes-silhouettes-final-approach-hard-case\/\"]}]},{\"@type\":\"ImageObject\",\"inLanguage\":\"fr-FR\",\"@id\":\"https:\/\/staging.lucky-hunter.com\/fr\/product\/sac-a-formes-silhouettes-final-approach-hard-case\/#primaryimage\",\"url\":\"https:\/\/staging.lucky-hunter.com\/wp-content\/uploads\/2021\/03\/PU-600.png\",\"contentUrl\":\"https:\/\/staging.lucky-hunter.com\/wp-content\/uploads\/2021\/03\/PU-600.png\",\"width\":1200,\"height\":1200},{\"@type\":\"BreadcrumbList\",\"@id\":\"https:\/\/staging.lucky-hunter.com\/fr\/product\/sac-a-formes-silhouettes-final-approach-hard-case\/#breadcrumb\",\"itemListElement\":[{\"@type\":\"ListItem\",\"position\":1,\"name\":\"Home\",\"item\":\"https:\/\/staging.lucky-hunter.com\/fr\/\"},{\"@type\":\"ListItem\",\"position\":2,\"name\":\"Boutique\",\"item\":\"https:\/\/staging.lucky-hunter.com\/fr\/shop\/\"},{\"@type\":\"ListItem\",\"position\":3,\"name\":\"Sac \u00e0 formes silhouettes &#8211; Final Approach Hard Case\"}]},{\"@type\":\"WebSite\",\"@id\":\"https:\/\/staging.lucky-hunter.com\/#website\",\"url\":\"https:\/\/staging.lucky-hunter.com\/\",\"name\":\"Lucky-Hunter\",\"description\":\"Gear Up or Give Up\",\"potentialAction\":[{\"@type\":\"SearchAction\",\"target\":{\"@type\":\"EntryPoint\",\"urlTemplate\":\"https:\/\/staging.lucky-hunter.com\/?s={search_term_string}\"},\"query-input\":{\"@type\":\"PropertyValueSpecification\",\"valueRequired\":true,\"valueName\":\"search_term_string\"}}],\"inLanguage\":\"fr-FR\"}]}<\/script>\n<!-- \/ Yoast SEO plugin. -->","yoast_head_json":{"title":"Sac \u00e0 formes silhouettes - Final Approach Hard Case","description":"Ce nouveau sac de transport rigide de la soci\u00e9t\u00e9 am\u00e9ricaine Final Approach Waterfowl peut contenir 60 formes de Big Al's Decoys.","robots":{"index":"noindex","follow":"follow","max-snippet":"max-snippet:-1","max-image-preview":"max-image-preview:large","max-video-preview":"max-video-preview:-1"},"og_locale":"fr_FR","og_type":"article","og_title":"Avery Silhouette Satchel - Transport Up To 48 Full-Size Silhouette Decoys! | Lucky Hunter","og_description":"Avery Silhouette Satchel allows you to easily and comfortably transport up to 48 full-size silhouette decoys and stakes. Hard-wearing, great quality.","og_url":"https:\/\/staging.lucky-hunter.com\/fr\/product\/sac-a-formes-silhouettes-final-approach-hard-case\/","og_site_name":"Lucky-Hunter","article_modified_time":"2025-06-26T12:29:53+00:00","og_image":[{"width":1200,"height":1200,"url":"https:\/\/staging.lucky-hunter.com\/wp-content\/uploads\/2021\/03\/PU-600.png","type":"image\/png"}],"twitter_card":"summary_large_image","twitter_title":"Avery Silhouette Satchel - Transport Silhouette Decoys! | Lucky Hunter","twitter_description":"Avery Silhouette Satchel allows you to easily and comfortably transport up to 48 full-size silhouette decoys and stakes. Hard-wearing, great quality.","twitter_misc":{"Dur\u00e9e de lecture estim\u00e9e":"1 minute"},"schema":{"@context":"https:\/\/schema.org","@graph":[{"@type":"WebPage","@id":"https:\/\/staging.lucky-hunter.com\/fr\/product\/sac-a-formes-silhouettes-final-approach-hard-case\/","url":"https:\/\/staging.lucky-hunter.com\/fr\/product\/sac-a-formes-silhouettes-final-approach-hard-case\/","name":"Sac \u00e0 formes silhouettes - Final Approach Hard Case","isPartOf":{"@id":"https:\/\/staging.lucky-hunter.com\/#website"},"primaryImageOfPage":{"@id":"https:\/\/staging.lucky-hunter.com\/fr\/product\/sac-a-formes-silhouettes-final-approach-hard-case\/#primaryimage"},"image":{"@id":"https:\/\/staging.lucky-hunter.com\/fr\/product\/sac-a-formes-silhouettes-final-approach-hard-case\/#primaryimage"},"thumbnailUrl":"https:\/\/staging.lucky-hunter.com\/wp-content\/uploads\/2021\/03\/PU-600.png","datePublished":"2021-03-17T14:39:27+00:00","dateModified":"2025-06-26T12:29:53+00:00","description":"Ce nouveau sac de transport rigide de la soci\u00e9t\u00e9 am\u00e9ricaine Final Approach Waterfowl peut contenir 60 formes de Big Al's Decoys.","breadcrumb":{"@id":"https:\/\/staging.lucky-hunter.com\/fr\/product\/sac-a-formes-silhouettes-final-approach-hard-case\/#breadcrumb"},"inLanguage":"fr-FR","potentialAction":[{"@type":"ReadAction","target":["https:\/\/staging.lucky-hunter.com\/fr\/product\/sac-a-formes-silhouettes-final-approach-hard-case\/"]}]},{"@type":"ImageObject","inLanguage":"fr-FR","@id":"https:\/\/staging.lucky-hunter.com\/fr\/product\/sac-a-formes-silhouettes-final-approach-hard-case\/#primaryimage","url":"https:\/\/staging.lucky-hunter.com\/wp-content\/uploads\/2021\/03\/PU-600.png","contentUrl":"https:\/\/staging.lucky-hunter.com\/wp-content\/uploads\/2021\/03\/PU-600.png","width":1200,"height":1200},{"@type":"BreadcrumbList","@id":"https:\/\/staging.lucky-hunter.com\/fr\/product\/sac-a-formes-silhouettes-final-approach-hard-case\/#breadcrumb","itemListElement":[{"@type":"ListItem","position":1,"name":"Home","item":"https:\/\/staging.lucky-hunter.com\/fr\/"},{"@type":"ListItem","position":2,"name":"Boutique","item":"https:\/\/staging.lucky-hunter.com\/fr\/shop\/"},{"@type":"ListItem","position":3,"name":"Sac \u00e0 formes silhouettes &#8211; Final Approach Hard Case"}]},{"@type":"WebSite","@id":"https:\/\/staging.lucky-hunter.com\/#website","url":"https:\/\/staging.lucky-hunter.com\/","name":"Lucky-Hunter","description":"Gear Up or Give Up","potentialAction":[{"@type":"SearchAction","target":{"@type":"EntryPoint","urlTemplate":"https:\/\/staging.lucky-hunter.com\/?s={search_term_string}"},"query-input":{"@type":"PropertyValueSpecification","valueRequired":true,"valueName":"search_term_string"}}],"inLanguage":"fr-FR"}]}},"_links":{"self":[{"href":"https:\/\/staging.lucky-hunter.com\/fr\/wp-json\/wp\/v2\/product\/31356"}],"collection":[{"href":"https:\/\/staging.lucky-hunter.com\/fr\/wp-json\/wp\/v2\/product"}],"about":[{"href":"https:\/\/staging.lucky-hunter.com\/fr\/wp-json\/wp\/v2\/types\/product"}],"wp:featuredmedia":[{"embeddable":true,"href":"https:\/\/staging.lucky-hunter.com\/fr\/wp-json\/wp\/v2\/media\/30651"}],"wp:attachment":[{"href":"https:\/\/staging.lucky-hunter.com\/fr\/wp-json\/wp\/v2\/media?parent=31356"}],"wp:term":[{"taxonomy":"product_brand","embeddable":true,"href":"https:\/\/staging.lucky-hunter.com\/fr\/wp-json\/wp\/v2\/product_brand?post=31356"},{"taxonomy":"product_cat","embeddable":true,"href":"https:\/\/staging.lucky-hunter.com\/fr\/wp-json\/wp\/v2\/product_cat?post=31356"},{"taxonomy":"product_tag","embeddable":true,"href":"https:\/\/staging.lucky-hunter.com\/fr\/wp-json\/wp\/v2\/product_tag?post=31356"}],"curies":[{"name":"wp","href":"https:\/\/api.w.org\/{rel}","templated":true}]}}