{"id":31355,"date":"2018-04-24T09:05:56","date_gmt":"2018-04-24T07:05:56","guid":{"rendered":"https:\/\/staging.lucky-hunter.com\/product\/rigem-right-refuge-decoy-bag-2\/"},"modified":"2024-09-12T11:24:42","modified_gmt":"2024-09-12T09:24:42","slug":"rigem-right-refuge-decoy-bag","status":"publish","type":"product","link":"https:\/\/staging.lucky-hunter.com\/fr\/product\/rigem-right-refuge-decoy-bag\/","title":{"rendered":"Rig&#8217;Em Right &#8211; Sac \u00e0 formes Refuge Runner"},"content":{"rendered":"<p><iframe title=\"Rig\u2019Em Right \u2013 Refuge Runner Decoy Bag\" width=\"1020\" height=\"574\" src=\"https:\/\/www.youtube.com\/embed\/QjzHjLgwiZ8?wmode=transparent&amp;rel=0&amp;feature=oembed&#038;enablejsapi=1&#038;origin=https:\/\/staging.lucky-hunter.com\" frameborder=\"0\" allow=\"accelerometer; autoplay; clipboard-write; encrypted-media; gyroscope; picture-in-picture; web-share\" allowfullscreen><\/iframe><\/p>\n<h2><strong>Sac \u00e0 formes Rig&#8217;Em Right Refuge Runner : Ce sac est \u00e9norme<\/strong><\/h2>\n<p>Nouveaut\u00e9 de la saison de chasse 2018 dans le nouveau design camouflage Optifade Marsh.<\/p>\n<p>Un sac \u00e0 dos tr\u00e8s solide et durable de l\u2019am\u00e9ricain Rig&#8217;Em Right pour un transport et un stockage faciles pouvant aller jusqu&#8217;\u00e0 24 formes de canard (taille Avian-X et GHG) ou d&#8217;autres \u00e9quipements de chasse.<\/p>\n<p>Large ouverture pour faciliter le remplissage.<\/p>\n<p>Le sac est dot\u00e9 de bretelles matelass\u00e9es de luxe et d\u2019une ceinture \u00e9paisse pour un maximum de confort.<\/p>\n<p>Sur un c\u00f4t\u00e9, on trouve une grande poche pour un transport facile des fusils, des formes, des ailes de forme, etc.<\/p>\n<p>Le fond est constitu\u00e9 d&#8217;un filet en mesh, de sorte que l&#8217;eau peut s&#8217;\u00e9couler lorsque vous r\u00e9cup\u00e9rez les formes dans l&#8217;eau.<\/p>\n<p>Construction en toile r\u00e9sistante qui peut durer des ann\u00e9es d&#8217;utilisation, m\u00eame dans des conditions difficiles.<\/p>\n<p>Plusieurs sangles de serrage pour serrer votre charge ou pour r\u00e9duire le volume du sac.<\/p>\n<p>Taille\u00a0: 57 cm de large et 95 cm de haut.<\/p>\n","protected":false},"excerpt":{"rendered":"<p>Nouveau pour la saison de chasse avec le nouveau motif camouflage Optifade Marsh. Un sac \u00e0 dos vraiment solide et durable de l&#8217;Am\u00e9ricain Rig&#8217;Em Right pour faciliter le transport et le stockage de jusqu&#8217;\u00e0 24 formes de canard (taille Avian-X et GHG) ou d&#8217;autres \u00e9quipements de chasse.<\/p>\n","protected":false},"featured_media":29905,"template":"","meta":[],"product_brand":[8127],"product_cat":[9321],"product_tag":[9235],"yoast_head":"<!-- This site is optimized with the Yoast SEO plugin v24.3 - https:\/\/yoast.com\/wordpress\/plugins\/seo\/ -->\n<title>Sac \u00e0 formes Rig&#039;Em Right Refuge : NOUVEAU design Optifade | Lucky Hunter<\/title>\n<meta name=\"description\" content=\"\u00c9norme, solide et durable. Le sac \u00e0 formes Rig&#039;Em Right Refuge est parfait pour votre prochaine sortie de chasse. Tr\u00e8s spacieux et s\u00e9curis\u00e9.\" \/>\n<meta name=\"robots\" content=\"noindex, follow, max-snippet:-1, max-image-preview:large, max-video-preview:-1\" \/>\n<meta property=\"og:locale\" content=\"fr_FR\" \/>\n<meta property=\"og:type\" content=\"article\" \/>\n<meta property=\"og:title\" content=\"Rig\u00b4Em Right Refuge Decoy Bag: NEW Optifade Design | Lucky Hunter\" \/>\n<meta property=\"og:description\" content=\"\u00c9norme, solide et durable. Le sac \u00e0 formes Rig&#039;Em Right Refuge est parfait pour votre prochaine sortie de chasse. Tr\u00e8s spacieux et s\u00e9curis\u00e9.\" \/>\n<meta property=\"og:url\" content=\"https:\/\/staging.lucky-hunter.com\/fr\/product\/rigem-right-refuge-decoy-bag\/\" \/>\n<meta property=\"og:site_name\" content=\"Lucky-Hunter\" \/>\n<meta property=\"article:modified_time\" content=\"2024-09-12T09:24:42+00:00\" \/>\n<meta property=\"og:image\" content=\"https:\/\/staging.lucky-hunter.com\/wp-content\/uploads\/2018\/04\/PU-217.png\" \/>\n\t<meta property=\"og:image:width\" content=\"1000\" \/>\n\t<meta property=\"og:image:height\" content=\"1000\" \/>\n\t<meta property=\"og:image:type\" content=\"image\/png\" \/>\n<meta name=\"twitter:card\" content=\"summary_large_image\" \/>\n<meta name=\"twitter:title\" content=\"Sac \u00e0 formes Rig&#039;Em Right Refuge | Lucky Hunter\" \/>\n<meta name=\"twitter:description\" content=\"\u00c9norme, solide et durable. Le sac \u00e0 formes Rig&#039;Em Right Refuge est parfait pour votre prochaine sortie de chasse. Tr\u00e8s spacieux et s\u00e9curis\u00e9.\" \/>\n<meta name=\"twitter:label1\" content=\"Dur\u00e9e de lecture estim\u00e9e\" \/>\n\t<meta name=\"twitter:data1\" content=\"1 minute\" \/>\n<script type=\"application\/ld+json\" class=\"yoast-schema-graph\">{\"@context\":\"https:\/\/schema.org\",\"@graph\":[{\"@type\":\"WebPage\",\"@id\":\"https:\/\/staging.lucky-hunter.com\/fr\/product\/rigem-right-refuge-decoy-bag\/\",\"url\":\"https:\/\/staging.lucky-hunter.com\/fr\/product\/rigem-right-refuge-decoy-bag\/\",\"name\":\"Sac \u00e0 formes Rig'Em Right Refuge : NOUVEAU design Optifade | Lucky Hunter\",\"isPartOf\":{\"@id\":\"https:\/\/staging.lucky-hunter.com\/#website\"},\"primaryImageOfPage\":{\"@id\":\"https:\/\/staging.lucky-hunter.com\/fr\/product\/rigem-right-refuge-decoy-bag\/#primaryimage\"},\"image\":{\"@id\":\"https:\/\/staging.lucky-hunter.com\/fr\/product\/rigem-right-refuge-decoy-bag\/#primaryimage\"},\"thumbnailUrl\":\"https:\/\/staging.lucky-hunter.com\/wp-content\/uploads\/2018\/04\/PU-217.png\",\"datePublished\":\"2018-04-24T07:05:56+00:00\",\"dateModified\":\"2024-09-12T09:24:42+00:00\",\"description\":\"\u00c9norme, solide et durable. Le sac \u00e0 formes Rig'Em Right Refuge est parfait pour votre prochaine sortie de chasse. Tr\u00e8s spacieux et s\u00e9curis\u00e9.\",\"breadcrumb\":{\"@id\":\"https:\/\/staging.lucky-hunter.com\/fr\/product\/rigem-right-refuge-decoy-bag\/#breadcrumb\"},\"inLanguage\":\"fr-FR\",\"potentialAction\":[{\"@type\":\"ReadAction\",\"target\":[\"https:\/\/staging.lucky-hunter.com\/fr\/product\/rigem-right-refuge-decoy-bag\/\"]}]},{\"@type\":\"ImageObject\",\"inLanguage\":\"fr-FR\",\"@id\":\"https:\/\/staging.lucky-hunter.com\/fr\/product\/rigem-right-refuge-decoy-bag\/#primaryimage\",\"url\":\"https:\/\/staging.lucky-hunter.com\/wp-content\/uploads\/2018\/04\/PU-217.png\",\"contentUrl\":\"https:\/\/staging.lucky-hunter.com\/wp-content\/uploads\/2018\/04\/PU-217.png\",\"width\":1000,\"height\":1000},{\"@type\":\"BreadcrumbList\",\"@id\":\"https:\/\/staging.lucky-hunter.com\/fr\/product\/rigem-right-refuge-decoy-bag\/#breadcrumb\",\"itemListElement\":[{\"@type\":\"ListItem\",\"position\":1,\"name\":\"Home\",\"item\":\"https:\/\/staging.lucky-hunter.com\/fr\/\"},{\"@type\":\"ListItem\",\"position\":2,\"name\":\"Boutique\",\"item\":\"https:\/\/staging.lucky-hunter.com\/fr\/shop\/\"},{\"@type\":\"ListItem\",\"position\":3,\"name\":\"Rig&#8217;Em Right &#8211; Sac \u00e0 formes Refuge Runner\"}]},{\"@type\":\"WebSite\",\"@id\":\"https:\/\/staging.lucky-hunter.com\/#website\",\"url\":\"https:\/\/staging.lucky-hunter.com\/\",\"name\":\"Lucky-Hunter\",\"description\":\"Gear Up or Give Up\",\"potentialAction\":[{\"@type\":\"SearchAction\",\"target\":{\"@type\":\"EntryPoint\",\"urlTemplate\":\"https:\/\/staging.lucky-hunter.com\/?s={search_term_string}\"},\"query-input\":{\"@type\":\"PropertyValueSpecification\",\"valueRequired\":true,\"valueName\":\"search_term_string\"}}],\"inLanguage\":\"fr-FR\"}]}<\/script>\n<!-- \/ Yoast SEO plugin. -->","yoast_head_json":{"title":"Sac \u00e0 formes Rig'Em Right Refuge : NOUVEAU design Optifade | Lucky Hunter","description":"\u00c9norme, solide et durable. Le sac \u00e0 formes Rig'Em Right Refuge est parfait pour votre prochaine sortie de chasse. Tr\u00e8s spacieux et s\u00e9curis\u00e9.","robots":{"index":"noindex","follow":"follow","max-snippet":"max-snippet:-1","max-image-preview":"max-image-preview:large","max-video-preview":"max-video-preview:-1"},"og_locale":"fr_FR","og_type":"article","og_title":"Rig\u00b4Em Right Refuge Decoy Bag: NEW Optifade Design | Lucky Hunter","og_description":"\u00c9norme, solide et durable. Le sac \u00e0 formes Rig'Em Right Refuge est parfait pour votre prochaine sortie de chasse. Tr\u00e8s spacieux et s\u00e9curis\u00e9.","og_url":"https:\/\/staging.lucky-hunter.com\/fr\/product\/rigem-right-refuge-decoy-bag\/","og_site_name":"Lucky-Hunter","article_modified_time":"2024-09-12T09:24:42+00:00","og_image":[{"width":1000,"height":1000,"url":"https:\/\/staging.lucky-hunter.com\/wp-content\/uploads\/2018\/04\/PU-217.png","type":"image\/png"}],"twitter_card":"summary_large_image","twitter_title":"Sac \u00e0 formes Rig'Em Right Refuge | Lucky Hunter","twitter_description":"\u00c9norme, solide et durable. Le sac \u00e0 formes Rig'Em Right Refuge est parfait pour votre prochaine sortie de chasse. Tr\u00e8s spacieux et s\u00e9curis\u00e9.","twitter_misc":{"Dur\u00e9e de lecture estim\u00e9e":"1 minute"},"schema":{"@context":"https:\/\/schema.org","@graph":[{"@type":"WebPage","@id":"https:\/\/staging.lucky-hunter.com\/fr\/product\/rigem-right-refuge-decoy-bag\/","url":"https:\/\/staging.lucky-hunter.com\/fr\/product\/rigem-right-refuge-decoy-bag\/","name":"Sac \u00e0 formes Rig'Em Right Refuge : NOUVEAU design Optifade | Lucky Hunter","isPartOf":{"@id":"https:\/\/staging.lucky-hunter.com\/#website"},"primaryImageOfPage":{"@id":"https:\/\/staging.lucky-hunter.com\/fr\/product\/rigem-right-refuge-decoy-bag\/#primaryimage"},"image":{"@id":"https:\/\/staging.lucky-hunter.com\/fr\/product\/rigem-right-refuge-decoy-bag\/#primaryimage"},"thumbnailUrl":"https:\/\/staging.lucky-hunter.com\/wp-content\/uploads\/2018\/04\/PU-217.png","datePublished":"2018-04-24T07:05:56+00:00","dateModified":"2024-09-12T09:24:42+00:00","description":"\u00c9norme, solide et durable. Le sac \u00e0 formes Rig'Em Right Refuge est parfait pour votre prochaine sortie de chasse. Tr\u00e8s spacieux et s\u00e9curis\u00e9.","breadcrumb":{"@id":"https:\/\/staging.lucky-hunter.com\/fr\/product\/rigem-right-refuge-decoy-bag\/#breadcrumb"},"inLanguage":"fr-FR","potentialAction":[{"@type":"ReadAction","target":["https:\/\/staging.lucky-hunter.com\/fr\/product\/rigem-right-refuge-decoy-bag\/"]}]},{"@type":"ImageObject","inLanguage":"fr-FR","@id":"https:\/\/staging.lucky-hunter.com\/fr\/product\/rigem-right-refuge-decoy-bag\/#primaryimage","url":"https:\/\/staging.lucky-hunter.com\/wp-content\/uploads\/2018\/04\/PU-217.png","contentUrl":"https:\/\/staging.lucky-hunter.com\/wp-content\/uploads\/2018\/04\/PU-217.png","width":1000,"height":1000},{"@type":"BreadcrumbList","@id":"https:\/\/staging.lucky-hunter.com\/fr\/product\/rigem-right-refuge-decoy-bag\/#breadcrumb","itemListElement":[{"@type":"ListItem","position":1,"name":"Home","item":"https:\/\/staging.lucky-hunter.com\/fr\/"},{"@type":"ListItem","position":2,"name":"Boutique","item":"https:\/\/staging.lucky-hunter.com\/fr\/shop\/"},{"@type":"ListItem","position":3,"name":"Rig&#8217;Em Right &#8211; Sac \u00e0 formes Refuge Runner"}]},{"@type":"WebSite","@id":"https:\/\/staging.lucky-hunter.com\/#website","url":"https:\/\/staging.lucky-hunter.com\/","name":"Lucky-Hunter","description":"Gear Up or Give Up","potentialAction":[{"@type":"SearchAction","target":{"@type":"EntryPoint","urlTemplate":"https:\/\/staging.lucky-hunter.com\/?s={search_term_string}"},"query-input":{"@type":"PropertyValueSpecification","valueRequired":true,"valueName":"search_term_string"}}],"inLanguage":"fr-FR"}]}},"_links":{"self":[{"href":"https:\/\/staging.lucky-hunter.com\/fr\/wp-json\/wp\/v2\/product\/31355"}],"collection":[{"href":"https:\/\/staging.lucky-hunter.com\/fr\/wp-json\/wp\/v2\/product"}],"about":[{"href":"https:\/\/staging.lucky-hunter.com\/fr\/wp-json\/wp\/v2\/types\/product"}],"wp:featuredmedia":[{"embeddable":true,"href":"https:\/\/staging.lucky-hunter.com\/fr\/wp-json\/wp\/v2\/media\/29905"}],"wp:attachment":[{"href":"https:\/\/staging.lucky-hunter.com\/fr\/wp-json\/wp\/v2\/media?parent=31355"}],"wp:term":[{"taxonomy":"product_brand","embeddable":true,"href":"https:\/\/staging.lucky-hunter.com\/fr\/wp-json\/wp\/v2\/product_brand?post=31355"},{"taxonomy":"product_cat","embeddable":true,"href":"https:\/\/staging.lucky-hunter.com\/fr\/wp-json\/wp\/v2\/product_cat?post=31355"},{"taxonomy":"product_tag","embeddable":true,"href":"https:\/\/staging.lucky-hunter.com\/fr\/wp-json\/wp\/v2\/product_tag?post=31355"}],"curies":[{"name":"wp","href":"https:\/\/api.w.org\/{rel}","templated":true}]}}