{"id":31354,"date":"2017-03-02T14:57:13","date_gmt":"2017-03-02T13:57:13","guid":{"rendered":"https:\/\/staging.lucky-hunter.com\/product\/rigem-right-gunslinger-decoy-bag-2\/"},"modified":"2025-07-01T14:30:15","modified_gmt":"2025-07-01T12:30:15","slug":"sac-pour-formes-de-rigem-right-le-sac-a-formes-ultime","status":"publish","type":"product","link":"https:\/\/staging.lucky-hunter.com\/fr\/product\/sac-pour-formes-de-rigem-right-le-sac-a-formes-ultime\/","title":{"rendered":"Sac pour formes &#8211; Rig&#8217;em Right"},"content":{"rendered":"<div class=\"video video-fit mb\" style=\"padding-top:56.25%;\"><p><iframe width=\"1020\" height=\"574\" src=\"https:\/\/www.youtube.com\/embed\/HoWylsI4gb8?wmode=transparent&amp;rel=0&amp;feature=oembed\" frameborder=\"0\" allowfullscreen><\/iframe><\/p>\n<\/div>\n<h2><strong>Le sac \u00e0 formes ultime\u00a0<\/strong><\/h2>\n<p>Le sac \u00e0 formes Rig&#8217;Em Right&#8217;s\u2122 Gunslinger est con\u00e7u pour transporter des formes dans le trou de bois le plus difficile ou le marais le plus boueux.<\/p>\n<p>La conception unique de la bandouli\u00e8re permet de le jeter si vous tr\u00e9buchez, \u00e9vitant ainsi que le reste de votre \u00e9quipement ne soit tremp\u00e9.<\/p>\n<p>La conception \u00e0 large ouverture est parfaite pour le syst\u00e8me d&#8217;ancrage Rig&#8217;Em Right\u2122 et est id\u00e9ale pour les petits d\u00e9ploiements, le run-and-gunning ou la chasse depuis de petits bateaux et cano\u00ebs.<\/p>\n<ul>\n<li>Grande bandouli\u00e8re rembourr\u00e9e<\/li>\n<li>Construit avec des mat\u00e9riaux robustes pour plus de durabilit\u00e9<\/li>\n<li>Peut contenir environ 24 canards flotteurs lorsqu&#8217;il est ouvert et 18 lorsqu&#8217;il est ferm\u00e9<\/li>\n<li>Dimensions du sac\u00a0: 61 x 48 x 13 cm<\/li>\n<\/ul>\n","protected":false},"excerpt":{"rendered":"<p>Le sac pour formes de Rig\u2019Em Right est con\u00e7u pour transporter des formes jusqu&#8217;aux trous les plus difficiles en for\u00eat ou dans les marais les plus boueux.<\/p>\n<p>&nbsp;<\/p>\n","protected":false},"featured_media":29012,"template":"","meta":[],"product_brand":[8127],"product_cat":[9321],"product_tag":[9235],"yoast_head":"<!-- This site is optimized with the Yoast SEO plugin v24.3 - https:\/\/yoast.com\/wordpress\/plugins\/seo\/ -->\n<title>Sac pour formes de Rig&#039;em Right - Le sac \u00e0 formes ultime<\/title>\n<meta name=\"description\" content=\"Le sac pour formes de Rig\u2019Em Righ est con\u00e7u pour transporter toutes vos formes. Il peut contenir environ 24 formes de canards flottantes lorsqu&#039;il est ouvert et 18 lorsqu&#039;il est ferm\u00e9.\" \/>\n<meta name=\"robots\" content=\"noindex, follow, max-snippet:-1, max-image-preview:large, max-video-preview:-1\" \/>\n<meta property=\"og:locale\" content=\"fr_FR\" \/>\n<meta property=\"og:type\" content=\"article\" \/>\n<meta property=\"og:title\" content=\"Sac pour formes de Rig&#039;em Right - Le sac \u00e0 formes ultime\" \/>\n<meta property=\"og:description\" content=\"Le sac pour formes de Rig\u2019Em Righ est con\u00e7u pour transporter toutes vos formes. Il peut contenir environ 24 formes de canards flottantes lorsqu&#039;il est ouvert et 18 lorsqu&#039;il est ferm\u00e9.\" \/>\n<meta property=\"og:url\" content=\"https:\/\/staging.lucky-hunter.com\/fr\/product\/sac-pour-formes-de-rigem-right-le-sac-a-formes-ultime\/\" \/>\n<meta property=\"og:site_name\" content=\"Lucky-Hunter\" \/>\n<meta property=\"article:modified_time\" content=\"2025-07-01T12:30:15+00:00\" \/>\n<meta property=\"og:image\" content=\"https:\/\/staging.lucky-hunter.com\/wp-content\/uploads\/2017\/06\/LF-440.png\" \/>\n\t<meta property=\"og:image:width\" content=\"1000\" \/>\n\t<meta property=\"og:image:height\" content=\"1000\" \/>\n\t<meta property=\"og:image:type\" content=\"image\/png\" \/>\n<meta name=\"twitter:card\" content=\"summary_large_image\" \/>\n<meta name=\"twitter:label1\" content=\"Dur\u00e9e de lecture estim\u00e9e\" \/>\n\t<meta name=\"twitter:data1\" content=\"1 minute\" \/>\n<script type=\"application\/ld+json\" class=\"yoast-schema-graph\">{\"@context\":\"https:\/\/schema.org\",\"@graph\":[{\"@type\":\"WebPage\",\"@id\":\"https:\/\/staging.lucky-hunter.com\/fr\/product\/sac-pour-formes-de-rigem-right-le-sac-a-formes-ultime\/\",\"url\":\"https:\/\/staging.lucky-hunter.com\/fr\/product\/sac-pour-formes-de-rigem-right-le-sac-a-formes-ultime\/\",\"name\":\"Sac pour formes de Rig'em Right - Le sac \u00e0 formes ultime\",\"isPartOf\":{\"@id\":\"https:\/\/staging.lucky-hunter.com\/#website\"},\"primaryImageOfPage\":{\"@id\":\"https:\/\/staging.lucky-hunter.com\/fr\/product\/sac-pour-formes-de-rigem-right-le-sac-a-formes-ultime\/#primaryimage\"},\"image\":{\"@id\":\"https:\/\/staging.lucky-hunter.com\/fr\/product\/sac-pour-formes-de-rigem-right-le-sac-a-formes-ultime\/#primaryimage\"},\"thumbnailUrl\":\"https:\/\/staging.lucky-hunter.com\/wp-content\/uploads\/2017\/06\/LF-440.png\",\"datePublished\":\"2017-03-02T13:57:13+00:00\",\"dateModified\":\"2025-07-01T12:30:15+00:00\",\"description\":\"Le sac pour formes de Rig\u2019Em Righ est con\u00e7u pour transporter toutes vos formes. Il peut contenir environ 24 formes de canards flottantes lorsqu'il est ouvert et 18 lorsqu'il est ferm\u00e9.\",\"breadcrumb\":{\"@id\":\"https:\/\/staging.lucky-hunter.com\/fr\/product\/sac-pour-formes-de-rigem-right-le-sac-a-formes-ultime\/#breadcrumb\"},\"inLanguage\":\"fr-FR\",\"potentialAction\":[{\"@type\":\"ReadAction\",\"target\":[\"https:\/\/staging.lucky-hunter.com\/fr\/product\/sac-pour-formes-de-rigem-right-le-sac-a-formes-ultime\/\"]}]},{\"@type\":\"ImageObject\",\"inLanguage\":\"fr-FR\",\"@id\":\"https:\/\/staging.lucky-hunter.com\/fr\/product\/sac-pour-formes-de-rigem-right-le-sac-a-formes-ultime\/#primaryimage\",\"url\":\"https:\/\/staging.lucky-hunter.com\/wp-content\/uploads\/2017\/06\/LF-440.png\",\"contentUrl\":\"https:\/\/staging.lucky-hunter.com\/wp-content\/uploads\/2017\/06\/LF-440.png\",\"width\":1000,\"height\":1000},{\"@type\":\"BreadcrumbList\",\"@id\":\"https:\/\/staging.lucky-hunter.com\/fr\/product\/sac-pour-formes-de-rigem-right-le-sac-a-formes-ultime\/#breadcrumb\",\"itemListElement\":[{\"@type\":\"ListItem\",\"position\":1,\"name\":\"Home\",\"item\":\"https:\/\/staging.lucky-hunter.com\/fr\/\"},{\"@type\":\"ListItem\",\"position\":2,\"name\":\"Boutique\",\"item\":\"https:\/\/staging.lucky-hunter.com\/fr\/shop\/\"},{\"@type\":\"ListItem\",\"position\":3,\"name\":\"Sac pour formes &#8211; Rig&#8217;em Right\"}]},{\"@type\":\"WebSite\",\"@id\":\"https:\/\/staging.lucky-hunter.com\/#website\",\"url\":\"https:\/\/staging.lucky-hunter.com\/\",\"name\":\"Lucky-Hunter\",\"description\":\"Gear Up or Give Up\",\"potentialAction\":[{\"@type\":\"SearchAction\",\"target\":{\"@type\":\"EntryPoint\",\"urlTemplate\":\"https:\/\/staging.lucky-hunter.com\/?s={search_term_string}\"},\"query-input\":{\"@type\":\"PropertyValueSpecification\",\"valueRequired\":true,\"valueName\":\"search_term_string\"}}],\"inLanguage\":\"fr-FR\"}]}<\/script>\n<!-- \/ Yoast SEO plugin. -->","yoast_head_json":{"title":"Sac pour formes de Rig'em Right - Le sac \u00e0 formes ultime","description":"Le sac pour formes de Rig\u2019Em Righ est con\u00e7u pour transporter toutes vos formes. Il peut contenir environ 24 formes de canards flottantes lorsqu'il est ouvert et 18 lorsqu'il est ferm\u00e9.","robots":{"index":"noindex","follow":"follow","max-snippet":"max-snippet:-1","max-image-preview":"max-image-preview:large","max-video-preview":"max-video-preview:-1"},"og_locale":"fr_FR","og_type":"article","og_title":"Sac pour formes de Rig'em Right - Le sac \u00e0 formes ultime","og_description":"Le sac pour formes de Rig\u2019Em Righ est con\u00e7u pour transporter toutes vos formes. Il peut contenir environ 24 formes de canards flottantes lorsqu'il est ouvert et 18 lorsqu'il est ferm\u00e9.","og_url":"https:\/\/staging.lucky-hunter.com\/fr\/product\/sac-pour-formes-de-rigem-right-le-sac-a-formes-ultime\/","og_site_name":"Lucky-Hunter","article_modified_time":"2025-07-01T12:30:15+00:00","og_image":[{"width":1000,"height":1000,"url":"https:\/\/staging.lucky-hunter.com\/wp-content\/uploads\/2017\/06\/LF-440.png","type":"image\/png"}],"twitter_card":"summary_large_image","twitter_misc":{"Dur\u00e9e de lecture estim\u00e9e":"1 minute"},"schema":{"@context":"https:\/\/schema.org","@graph":[{"@type":"WebPage","@id":"https:\/\/staging.lucky-hunter.com\/fr\/product\/sac-pour-formes-de-rigem-right-le-sac-a-formes-ultime\/","url":"https:\/\/staging.lucky-hunter.com\/fr\/product\/sac-pour-formes-de-rigem-right-le-sac-a-formes-ultime\/","name":"Sac pour formes de Rig'em Right - Le sac \u00e0 formes ultime","isPartOf":{"@id":"https:\/\/staging.lucky-hunter.com\/#website"},"primaryImageOfPage":{"@id":"https:\/\/staging.lucky-hunter.com\/fr\/product\/sac-pour-formes-de-rigem-right-le-sac-a-formes-ultime\/#primaryimage"},"image":{"@id":"https:\/\/staging.lucky-hunter.com\/fr\/product\/sac-pour-formes-de-rigem-right-le-sac-a-formes-ultime\/#primaryimage"},"thumbnailUrl":"https:\/\/staging.lucky-hunter.com\/wp-content\/uploads\/2017\/06\/LF-440.png","datePublished":"2017-03-02T13:57:13+00:00","dateModified":"2025-07-01T12:30:15+00:00","description":"Le sac pour formes de Rig\u2019Em Righ est con\u00e7u pour transporter toutes vos formes. Il peut contenir environ 24 formes de canards flottantes lorsqu'il est ouvert et 18 lorsqu'il est ferm\u00e9.","breadcrumb":{"@id":"https:\/\/staging.lucky-hunter.com\/fr\/product\/sac-pour-formes-de-rigem-right-le-sac-a-formes-ultime\/#breadcrumb"},"inLanguage":"fr-FR","potentialAction":[{"@type":"ReadAction","target":["https:\/\/staging.lucky-hunter.com\/fr\/product\/sac-pour-formes-de-rigem-right-le-sac-a-formes-ultime\/"]}]},{"@type":"ImageObject","inLanguage":"fr-FR","@id":"https:\/\/staging.lucky-hunter.com\/fr\/product\/sac-pour-formes-de-rigem-right-le-sac-a-formes-ultime\/#primaryimage","url":"https:\/\/staging.lucky-hunter.com\/wp-content\/uploads\/2017\/06\/LF-440.png","contentUrl":"https:\/\/staging.lucky-hunter.com\/wp-content\/uploads\/2017\/06\/LF-440.png","width":1000,"height":1000},{"@type":"BreadcrumbList","@id":"https:\/\/staging.lucky-hunter.com\/fr\/product\/sac-pour-formes-de-rigem-right-le-sac-a-formes-ultime\/#breadcrumb","itemListElement":[{"@type":"ListItem","position":1,"name":"Home","item":"https:\/\/staging.lucky-hunter.com\/fr\/"},{"@type":"ListItem","position":2,"name":"Boutique","item":"https:\/\/staging.lucky-hunter.com\/fr\/shop\/"},{"@type":"ListItem","position":3,"name":"Sac pour formes &#8211; Rig&#8217;em Right"}]},{"@type":"WebSite","@id":"https:\/\/staging.lucky-hunter.com\/#website","url":"https:\/\/staging.lucky-hunter.com\/","name":"Lucky-Hunter","description":"Gear Up or Give Up","potentialAction":[{"@type":"SearchAction","target":{"@type":"EntryPoint","urlTemplate":"https:\/\/staging.lucky-hunter.com\/?s={search_term_string}"},"query-input":{"@type":"PropertyValueSpecification","valueRequired":true,"valueName":"search_term_string"}}],"inLanguage":"fr-FR"}]}},"_links":{"self":[{"href":"https:\/\/staging.lucky-hunter.com\/fr\/wp-json\/wp\/v2\/product\/31354"}],"collection":[{"href":"https:\/\/staging.lucky-hunter.com\/fr\/wp-json\/wp\/v2\/product"}],"about":[{"href":"https:\/\/staging.lucky-hunter.com\/fr\/wp-json\/wp\/v2\/types\/product"}],"wp:featuredmedia":[{"embeddable":true,"href":"https:\/\/staging.lucky-hunter.com\/fr\/wp-json\/wp\/v2\/media\/29012"}],"wp:attachment":[{"href":"https:\/\/staging.lucky-hunter.com\/fr\/wp-json\/wp\/v2\/media?parent=31354"}],"wp:term":[{"taxonomy":"product_brand","embeddable":true,"href":"https:\/\/staging.lucky-hunter.com\/fr\/wp-json\/wp\/v2\/product_brand?post=31354"},{"taxonomy":"product_cat","embeddable":true,"href":"https:\/\/staging.lucky-hunter.com\/fr\/wp-json\/wp\/v2\/product_cat?post=31354"},{"taxonomy":"product_tag","embeddable":true,"href":"https:\/\/staging.lucky-hunter.com\/fr\/wp-json\/wp\/v2\/product_tag?post=31354"}],"curies":[{"name":"wp","href":"https:\/\/api.w.org\/{rel}","templated":true}]}}