{"id":31353,"date":"2017-06-26T17:06:33","date_gmt":"2017-06-26T15:06:33","guid":{"rendered":"https:\/\/staging.lucky-hunter.com\/product\/rigem-right-floater-goose-decoy-bag-2\/"},"modified":"2024-09-12T11:26:04","modified_gmt":"2024-09-12T09:26:04","slug":"rigem-right-floater-goose-decoy-bag","status":"publish","type":"product","link":"https:\/\/staging.lucky-hunter.com\/fr\/product\/rigem-right-floater-goose-decoy-bag\/","title":{"rendered":"Sac pour formes d\u2019oie flottants Rig&#8217;Em Right"},"content":{"rendered":"<p><iframe title=\"Rig\u2019Em Right Floater Goose Decoy Bag\" width=\"1020\" height=\"574\" src=\"https:\/\/www.youtube.com\/embed\/4uyaW2--yBc?wmode=transparent&amp;rel=0&amp;feature=oembed&#038;enablejsapi=1&#038;origin=https:\/\/staging.lucky-hunter.com\" frameborder=\"0\" allow=\"accelerometer; autoplay; clipboard-write; encrypted-media; gyroscope; picture-in-picture; web-share\" allowfullscreen><\/iframe><\/p>\n<h2><strong>Sac \u00e0 formes d\u2019oie flottants Rig&#8217;Em Right &#8211; con\u00e7u pour les chasseurs exigeants<\/strong><\/h2>\n<p>Ce sac \u00e0 formes d&#8217;oie \u00e0 six emplacements est le compagnon id\u00e9al du chasseur d\u00e9butant ou chevronn\u00e9.<\/p>\n<p>Fabriqu\u00e9 \u00e0 partir de mat\u00e9riaux super r\u00e9sistants et solides, ce sac durera longtemps. Dispose de bretelles r\u00e9glables et rembourr\u00e9es. Par cons\u00e9quent, m\u00eame apr\u00e8s une longue journ\u00e9e de chasse, il sera confortable.<\/p>\n<p>Le fond du sac est con\u00e7u pour se vider facilement. Il est ainsi id\u00e9al pour entrer directement dans l&#8217;action avec vous. Il y a aussi une fonction de flottaison int\u00e9gr\u00e9e au fond du sac. Par cons\u00e9quent, o\u00f9 que vous soyez, le sac restera flottant.<\/p>\n<p>Le sac peut contenir six formes d&#8217;oie flottants, avec leurs t\u00eates attach\u00e9es. Par cons\u00e9quent, vous gagnez du temps sur votre chasse sans avoir \u00e0 assembler vos formes. Pour plus de confort, il dispose \u00e9galement d&#8217;un panneau lat\u00e9ral rembourr\u00e9.<\/p>\n<p>Dimensions du sac 84 x 56 x 63 cm (33&#8243;L x 22&#8243;l x 25&#8243;H<br \/>\nDimension de l\u2019emplacement 28 x 28 x 63 cm (11&#8243;L x 11&#8243;l x 25&#8243;H).<\/p>\n","protected":false},"excerpt":{"rendered":"<p>Le sac \u00e0 formes flottantes pour oies \u00e0 6 compartiments de Rig\u2019Em Right est con\u00e7u pour le chasseur de gibier d&#8217;eau exigeant. Fabriqu\u00e9 \u00e0 partir des mat\u00e9riaux les plus r\u00e9sistants et arborant le nom Rig\u2019Em Right, qui en dit long.<\/p>\n<p>&nbsp;<\/p>\n","protected":false},"featured_media":29514,"template":"","meta":[],"product_brand":[9660],"product_cat":[9325],"product_tag":[],"yoast_head":"<!-- This site is optimized with the Yoast SEO plugin v24.3 - https:\/\/yoast.com\/wordpress\/plugins\/seo\/ -->\n<title>Sac \u00e0 formes flottantes pour oies Rig&#039;Em Right | Lucky Hunter<\/title>\n<meta name=\"description\" content=\"Con\u00e7u pour le chasseur de gibier d&#039;eau exigeant. Le sac \u00e0 formes flottantes pour oies Rig&#039;Em Right est robuste et parfait pour de nombreuses saisons \u00e0 venir.\" \/>\n<meta name=\"robots\" content=\"noindex, follow, max-snippet:-1, max-image-preview:large, max-video-preview:-1\" \/>\n<meta property=\"og:locale\" content=\"fr_FR\" \/>\n<meta property=\"og:type\" content=\"article\" \/>\n<meta property=\"og:title\" content=\"Sac \u00e0 formes flottantes pour oies Rig&#039;Em Right | Lucky Hunter\" \/>\n<meta property=\"og:description\" content=\"Con\u00e7u pour le chasseur de gibier d&#039;eau exigeant. Le sac \u00e0 formes flottantes pour oies Rig&#039;Em Right est robuste et parfait pour de nombreuses saisons \u00e0 venir.\" \/>\n<meta property=\"og:url\" content=\"https:\/\/staging.lucky-hunter.com\/product\/rigem-right-floater-goose-decoy-bag\/\" \/>\n<meta property=\"og:site_name\" content=\"Lucky-Hunter\" \/>\n<meta property=\"article:modified_time\" content=\"2024-09-12T09:26:04+00:00\" \/>\n<meta property=\"og:image\" content=\"https:\/\/staging.lucky-hunter.com\/wp-content\/uploads\/2017\/06\/PU-225.png\" \/>\n\t<meta property=\"og:image:width\" content=\"1000\" \/>\n\t<meta property=\"og:image:height\" content=\"1000\" \/>\n\t<meta property=\"og:image:type\" content=\"image\/png\" \/>\n<meta name=\"twitter:card\" content=\"summary_large_image\" \/>\n<meta name=\"twitter:label1\" content=\"Dur\u00e9e de lecture estim\u00e9e\" \/>\n\t<meta name=\"twitter:data1\" content=\"1 minute\" \/>\n<script type=\"application\/ld+json\" class=\"yoast-schema-graph\">{\"@context\":\"https:\/\/schema.org\",\"@graph\":[{\"@type\":\"WebPage\",\"@id\":\"https:\/\/staging.lucky-hunter.com\/product\/rigem-right-floater-goose-decoy-bag\/\",\"url\":\"https:\/\/staging.lucky-hunter.com\/product\/rigem-right-floater-goose-decoy-bag\/\",\"name\":\"Sac \u00e0 formes flottantes pour oies Rig'Em Right | Lucky Hunter\",\"isPartOf\":{\"@id\":\"https:\/\/staging.lucky-hunter.com\/#website\"},\"primaryImageOfPage\":{\"@id\":\"https:\/\/staging.lucky-hunter.com\/product\/rigem-right-floater-goose-decoy-bag\/#primaryimage\"},\"image\":{\"@id\":\"https:\/\/staging.lucky-hunter.com\/product\/rigem-right-floater-goose-decoy-bag\/#primaryimage\"},\"thumbnailUrl\":\"https:\/\/staging.lucky-hunter.com\/wp-content\/uploads\/2017\/06\/PU-225.png\",\"datePublished\":\"2017-06-26T15:06:33+00:00\",\"dateModified\":\"2024-09-12T09:26:04+00:00\",\"description\":\"Con\u00e7u pour le chasseur de gibier d'eau exigeant. Le sac \u00e0 formes flottantes pour oies Rig'Em Right est robuste et parfait pour de nombreuses saisons \u00e0 venir.\",\"breadcrumb\":{\"@id\":\"https:\/\/staging.lucky-hunter.com\/product\/rigem-right-floater-goose-decoy-bag\/#breadcrumb\"},\"inLanguage\":\"fr-FR\",\"potentialAction\":[{\"@type\":\"ReadAction\",\"target\":[\"https:\/\/staging.lucky-hunter.com\/product\/rigem-right-floater-goose-decoy-bag\/\"]}]},{\"@type\":\"ImageObject\",\"inLanguage\":\"fr-FR\",\"@id\":\"https:\/\/staging.lucky-hunter.com\/product\/rigem-right-floater-goose-decoy-bag\/#primaryimage\",\"url\":\"https:\/\/staging.lucky-hunter.com\/wp-content\/uploads\/2017\/06\/PU-225.png\",\"contentUrl\":\"https:\/\/staging.lucky-hunter.com\/wp-content\/uploads\/2017\/06\/PU-225.png\",\"width\":1000,\"height\":1000},{\"@type\":\"BreadcrumbList\",\"@id\":\"https:\/\/staging.lucky-hunter.com\/product\/rigem-right-floater-goose-decoy-bag\/#breadcrumb\",\"itemListElement\":[{\"@type\":\"ListItem\",\"position\":1,\"name\":\"Home\",\"item\":\"https:\/\/staging.lucky-hunter.com\/fr\/\"},{\"@type\":\"ListItem\",\"position\":2,\"name\":\"Boutique\",\"item\":\"https:\/\/staging.lucky-hunter.com\/fr\/shop\/\"},{\"@type\":\"ListItem\",\"position\":3,\"name\":\"Sac pour formes d\u2019oie flottants Rig&#8217;Em Right\"}]},{\"@type\":\"WebSite\",\"@id\":\"https:\/\/staging.lucky-hunter.com\/#website\",\"url\":\"https:\/\/staging.lucky-hunter.com\/\",\"name\":\"Lucky-Hunter\",\"description\":\"Gear Up or Give Up\",\"potentialAction\":[{\"@type\":\"SearchAction\",\"target\":{\"@type\":\"EntryPoint\",\"urlTemplate\":\"https:\/\/staging.lucky-hunter.com\/?s={search_term_string}\"},\"query-input\":{\"@type\":\"PropertyValueSpecification\",\"valueRequired\":true,\"valueName\":\"search_term_string\"}}],\"inLanguage\":\"fr-FR\"}]}<\/script>\n<!-- \/ Yoast SEO plugin. -->","yoast_head_json":{"title":"Sac \u00e0 formes flottantes pour oies Rig'Em Right | Lucky Hunter","description":"Con\u00e7u pour le chasseur de gibier d'eau exigeant. Le sac \u00e0 formes flottantes pour oies Rig'Em Right est robuste et parfait pour de nombreuses saisons \u00e0 venir.","robots":{"index":"noindex","follow":"follow","max-snippet":"max-snippet:-1","max-image-preview":"max-image-preview:large","max-video-preview":"max-video-preview:-1"},"og_locale":"fr_FR","og_type":"article","og_title":"Sac \u00e0 formes flottantes pour oies Rig'Em Right | Lucky Hunter","og_description":"Con\u00e7u pour le chasseur de gibier d'eau exigeant. Le sac \u00e0 formes flottantes pour oies Rig'Em Right est robuste et parfait pour de nombreuses saisons \u00e0 venir.","og_url":"https:\/\/staging.lucky-hunter.com\/product\/rigem-right-floater-goose-decoy-bag\/","og_site_name":"Lucky-Hunter","article_modified_time":"2024-09-12T09:26:04+00:00","og_image":[{"width":1000,"height":1000,"url":"https:\/\/staging.lucky-hunter.com\/wp-content\/uploads\/2017\/06\/PU-225.png","type":"image\/png"}],"twitter_card":"summary_large_image","twitter_misc":{"Dur\u00e9e de lecture estim\u00e9e":"1 minute"},"schema":{"@context":"https:\/\/schema.org","@graph":[{"@type":"WebPage","@id":"https:\/\/staging.lucky-hunter.com\/product\/rigem-right-floater-goose-decoy-bag\/","url":"https:\/\/staging.lucky-hunter.com\/product\/rigem-right-floater-goose-decoy-bag\/","name":"Sac \u00e0 formes flottantes pour oies Rig'Em Right | Lucky Hunter","isPartOf":{"@id":"https:\/\/staging.lucky-hunter.com\/#website"},"primaryImageOfPage":{"@id":"https:\/\/staging.lucky-hunter.com\/product\/rigem-right-floater-goose-decoy-bag\/#primaryimage"},"image":{"@id":"https:\/\/staging.lucky-hunter.com\/product\/rigem-right-floater-goose-decoy-bag\/#primaryimage"},"thumbnailUrl":"https:\/\/staging.lucky-hunter.com\/wp-content\/uploads\/2017\/06\/PU-225.png","datePublished":"2017-06-26T15:06:33+00:00","dateModified":"2024-09-12T09:26:04+00:00","description":"Con\u00e7u pour le chasseur de gibier d'eau exigeant. Le sac \u00e0 formes flottantes pour oies Rig'Em Right est robuste et parfait pour de nombreuses saisons \u00e0 venir.","breadcrumb":{"@id":"https:\/\/staging.lucky-hunter.com\/product\/rigem-right-floater-goose-decoy-bag\/#breadcrumb"},"inLanguage":"fr-FR","potentialAction":[{"@type":"ReadAction","target":["https:\/\/staging.lucky-hunter.com\/product\/rigem-right-floater-goose-decoy-bag\/"]}]},{"@type":"ImageObject","inLanguage":"fr-FR","@id":"https:\/\/staging.lucky-hunter.com\/product\/rigem-right-floater-goose-decoy-bag\/#primaryimage","url":"https:\/\/staging.lucky-hunter.com\/wp-content\/uploads\/2017\/06\/PU-225.png","contentUrl":"https:\/\/staging.lucky-hunter.com\/wp-content\/uploads\/2017\/06\/PU-225.png","width":1000,"height":1000},{"@type":"BreadcrumbList","@id":"https:\/\/staging.lucky-hunter.com\/product\/rigem-right-floater-goose-decoy-bag\/#breadcrumb","itemListElement":[{"@type":"ListItem","position":1,"name":"Home","item":"https:\/\/staging.lucky-hunter.com\/fr\/"},{"@type":"ListItem","position":2,"name":"Boutique","item":"https:\/\/staging.lucky-hunter.com\/fr\/shop\/"},{"@type":"ListItem","position":3,"name":"Sac pour formes d\u2019oie flottants Rig&#8217;Em Right"}]},{"@type":"WebSite","@id":"https:\/\/staging.lucky-hunter.com\/#website","url":"https:\/\/staging.lucky-hunter.com\/","name":"Lucky-Hunter","description":"Gear Up or Give Up","potentialAction":[{"@type":"SearchAction","target":{"@type":"EntryPoint","urlTemplate":"https:\/\/staging.lucky-hunter.com\/?s={search_term_string}"},"query-input":{"@type":"PropertyValueSpecification","valueRequired":true,"valueName":"search_term_string"}}],"inLanguage":"fr-FR"}]}},"_links":{"self":[{"href":"https:\/\/staging.lucky-hunter.com\/fr\/wp-json\/wp\/v2\/product\/31353"}],"collection":[{"href":"https:\/\/staging.lucky-hunter.com\/fr\/wp-json\/wp\/v2\/product"}],"about":[{"href":"https:\/\/staging.lucky-hunter.com\/fr\/wp-json\/wp\/v2\/types\/product"}],"wp:featuredmedia":[{"embeddable":true,"href":"https:\/\/staging.lucky-hunter.com\/fr\/wp-json\/wp\/v2\/media\/29514"}],"wp:attachment":[{"href":"https:\/\/staging.lucky-hunter.com\/fr\/wp-json\/wp\/v2\/media?parent=31353"}],"wp:term":[{"taxonomy":"product_brand","embeddable":true,"href":"https:\/\/staging.lucky-hunter.com\/fr\/wp-json\/wp\/v2\/product_brand?post=31353"},{"taxonomy":"product_cat","embeddable":true,"href":"https:\/\/staging.lucky-hunter.com\/fr\/wp-json\/wp\/v2\/product_cat?post=31353"},{"taxonomy":"product_tag","embeddable":true,"href":"https:\/\/staging.lucky-hunter.com\/fr\/wp-json\/wp\/v2\/product_tag?post=31353"}],"curies":[{"name":"wp","href":"https:\/\/api.w.org\/{rel}","templated":true}]}}