{"id":31352,"date":"2019-11-06T15:36:57","date_gmt":"2019-11-06T14:36:57","guid":{"rendered":"https:\/\/staging.lucky-hunter.com\/product\/rigem-right-xl-floater-goose-decoy-bag-2\/"},"modified":"2024-09-12T11:22:31","modified_gmt":"2024-09-12T09:22:31","slug":"rigem-right-xl-floater-goose-decoy-bag","status":"publish","type":"product","link":"https:\/\/staging.lucky-hunter.com\/fr\/product\/rigem-right-xl-floater-goose-decoy-bag\/","title":{"rendered":"Sac \u00e0 formes d\u2019oie flottants Rig&#8217;Em Right XL"},"content":{"rendered":"<p><iframe title=\"Rig\u2019Em Right XL Floater Goose Decoy Bag\" width=\"1020\" height=\"574\" src=\"https:\/\/www.youtube.com\/embed\/GgALV87Mhkc?wmode=transparent&amp;rel=0&amp;feature=oembed&#038;enablejsapi=1&#038;origin=https:\/\/staging.lucky-hunter.com\" frameborder=\"0\" allow=\"accelerometer; autoplay; clipboard-write; encrypted-media; gyroscope; picture-in-picture; web-share\" allowfullscreen><\/iframe><\/p>\n<h2><strong>Rig&#8217;Em Right XL Floater 6- Sac \u00e0 six emplacements pour formes d\u2019oie &#8211; Con\u00e7u pour les chasseurs de gibier d\u2019eau exigeants<\/strong><\/h2>\n<p>Ce sac \u00e0 six emplacements pour formes d&#8217;oie de l\u2019am\u00e9ricain Rig&#8217;Em Right est con\u00e7u pour transporter des formes d&#8217;oie \u00e0 corps entier avec des bases attach\u00e9es.<\/p>\n<p>Vous pouvez maintenant stocker, transporter et d\u00e9ployer des formes sans retirer les bases. Ce sac pr\u00e9sente des emplacements individuels qui assurent une excellente protection de la peinture et du flocage et permet de garder chaque forme compl\u00e8tement confin\u00e9 dans sa propre fente.<\/p>\n<p>Fabriqu\u00e9 \u00e0 partir de mat\u00e9riaux super r\u00e9sistants et solides, ce sac durera longtemps. Il dispose de bretelles r\u00e9glables et rembourr\u00e9es et de poign\u00e9es de transport pour deux personnes.<\/p>\n<p>Par cons\u00e9quent, m\u00eame apr\u00e8s une longue journ\u00e9e de chasse, il sera confortable.<\/p>\n<p>Le fond du sac est con\u00e7u pour se vider facilement. Il est ainsi id\u00e9al pour entrer directement dans l&#8217;action avec vous. Il dispose \u00e9galement d\u2019une fonction de flottaison int\u00e9gr\u00e9e au fond du sac. Par cons\u00e9quent, peu importe o\u00f9 vous \u00eates, le sac restera flottant.<\/p>\n<p>Dimensions du sac 92 x 86 x 78 cm (36&#8243;L x 24&#8243;l x 31&#8243;H).<\/p>\n","protected":false},"excerpt":{"rendered":"<p>Ce sac \u00e0 leurres pour oies \u00e0 six compartiments de la marque am\u00e9ricaine Rig&#8217;Em Right est con\u00e7u pour transporter des formes d&#8217;oies grandeur nature avec les bases attach\u00e9es. Fabriqu\u00e9 \u00e0 partir de mat\u00e9riaux extr\u00eamement r\u00e9sistants et robustes, ce sac est fait pour durer longtemps.<\/p>\n","protected":false},"featured_media":29514,"template":"","meta":[],"product_brand":[8127],"product_cat":[9321],"product_tag":[],"yoast_head":"<!-- This site is optimized with the Yoast SEO plugin v24.3 - https:\/\/yoast.com\/wordpress\/plugins\/seo\/ -->\n<title>Sac \u00e0 formes pour oies Rig&#039;Em Right XL Floater | Lucky Hunter - Con\u00e7u pour le chasseur de gibier d&#039;eau exigeant<\/title>\n<meta name=\"description\" content=\"Le sac \u00e0 formes pour oies \u00e0 six compartiments Rig&#039;Em Right XL Floater de l&#039;Am\u00e9ricain Rig&#039;Em Right est con\u00e7u pour transporter des formes d&#039;oies grandeur nature avec les bases attach\u00e9es.\" \/>\n<meta name=\"robots\" content=\"noindex, follow, max-snippet:-1, max-image-preview:large, max-video-preview:-1\" \/>\n<meta property=\"og:locale\" content=\"fr_FR\" \/>\n<meta property=\"og:type\" content=\"article\" \/>\n<meta property=\"og:title\" content=\"Sac \u00e0 formes pour oies Rig&#039;Em Right XL Floater | Lucky Hunter - Con\u00e7u pour le chasseur de gibier d&#039;eau exigeant\" \/>\n<meta property=\"og:description\" content=\"Le sac \u00e0 formes pour oies \u00e0 six compartiments Rig&#039;Em Right XL Floater de l&#039;Am\u00e9ricain Rig&#039;Em Right est con\u00e7u pour transporter des formes d&#039;oies grandeur nature avec les bases attach\u00e9es.\" \/>\n<meta property=\"og:url\" content=\"https:\/\/staging.lucky-hunter.com\/fr\/product\/rigem-right-xl-floater-goose-decoy-bag\/\" \/>\n<meta property=\"og:site_name\" content=\"Lucky-Hunter\" \/>\n<meta property=\"article:modified_time\" content=\"2024-09-12T09:22:31+00:00\" \/>\n<meta property=\"og:image\" content=\"https:\/\/staging.lucky-hunter.com\/wp-content\/uploads\/2017\/06\/PU-225.png\" \/>\n\t<meta property=\"og:image:width\" content=\"1000\" \/>\n\t<meta property=\"og:image:height\" content=\"1000\" \/>\n\t<meta property=\"og:image:type\" content=\"image\/png\" \/>\n<meta name=\"twitter:card\" content=\"summary_large_image\" \/>\n<meta name=\"twitter:label1\" content=\"Dur\u00e9e de lecture estim\u00e9e\" \/>\n\t<meta name=\"twitter:data1\" content=\"1 minute\" \/>\n<script type=\"application\/ld+json\" class=\"yoast-schema-graph\">{\"@context\":\"https:\/\/schema.org\",\"@graph\":[{\"@type\":\"WebPage\",\"@id\":\"https:\/\/staging.lucky-hunter.com\/fr\/product\/rigem-right-xl-floater-goose-decoy-bag\/\",\"url\":\"https:\/\/staging.lucky-hunter.com\/fr\/product\/rigem-right-xl-floater-goose-decoy-bag\/\",\"name\":\"Sac \u00e0 formes pour oies Rig'Em Right XL Floater | Lucky Hunter - Con\u00e7u pour le chasseur de gibier d'eau exigeant\",\"isPartOf\":{\"@id\":\"https:\/\/staging.lucky-hunter.com\/#website\"},\"primaryImageOfPage\":{\"@id\":\"https:\/\/staging.lucky-hunter.com\/fr\/product\/rigem-right-xl-floater-goose-decoy-bag\/#primaryimage\"},\"image\":{\"@id\":\"https:\/\/staging.lucky-hunter.com\/fr\/product\/rigem-right-xl-floater-goose-decoy-bag\/#primaryimage\"},\"thumbnailUrl\":\"https:\/\/staging.lucky-hunter.com\/wp-content\/uploads\/2017\/06\/PU-225.png\",\"datePublished\":\"2019-11-06T14:36:57+00:00\",\"dateModified\":\"2024-09-12T09:22:31+00:00\",\"description\":\"Le sac \u00e0 formes pour oies \u00e0 six compartiments Rig'Em Right XL Floater de l'Am\u00e9ricain Rig'Em Right est con\u00e7u pour transporter des formes d'oies grandeur nature avec les bases attach\u00e9es.\",\"breadcrumb\":{\"@id\":\"https:\/\/staging.lucky-hunter.com\/fr\/product\/rigem-right-xl-floater-goose-decoy-bag\/#breadcrumb\"},\"inLanguage\":\"fr-FR\",\"potentialAction\":[{\"@type\":\"ReadAction\",\"target\":[\"https:\/\/staging.lucky-hunter.com\/fr\/product\/rigem-right-xl-floater-goose-decoy-bag\/\"]}]},{\"@type\":\"ImageObject\",\"inLanguage\":\"fr-FR\",\"@id\":\"https:\/\/staging.lucky-hunter.com\/fr\/product\/rigem-right-xl-floater-goose-decoy-bag\/#primaryimage\",\"url\":\"https:\/\/staging.lucky-hunter.com\/wp-content\/uploads\/2017\/06\/PU-225.png\",\"contentUrl\":\"https:\/\/staging.lucky-hunter.com\/wp-content\/uploads\/2017\/06\/PU-225.png\",\"width\":1000,\"height\":1000},{\"@type\":\"BreadcrumbList\",\"@id\":\"https:\/\/staging.lucky-hunter.com\/fr\/product\/rigem-right-xl-floater-goose-decoy-bag\/#breadcrumb\",\"itemListElement\":[{\"@type\":\"ListItem\",\"position\":1,\"name\":\"Home\",\"item\":\"https:\/\/staging.lucky-hunter.com\/fr\/\"},{\"@type\":\"ListItem\",\"position\":2,\"name\":\"Boutique\",\"item\":\"https:\/\/staging.lucky-hunter.com\/fr\/shop\/\"},{\"@type\":\"ListItem\",\"position\":3,\"name\":\"Sac \u00e0 formes d\u2019oie flottants Rig&#8217;Em Right XL\"}]},{\"@type\":\"WebSite\",\"@id\":\"https:\/\/staging.lucky-hunter.com\/#website\",\"url\":\"https:\/\/staging.lucky-hunter.com\/\",\"name\":\"Lucky-Hunter\",\"description\":\"Gear Up or Give Up\",\"potentialAction\":[{\"@type\":\"SearchAction\",\"target\":{\"@type\":\"EntryPoint\",\"urlTemplate\":\"https:\/\/staging.lucky-hunter.com\/?s={search_term_string}\"},\"query-input\":{\"@type\":\"PropertyValueSpecification\",\"valueRequired\":true,\"valueName\":\"search_term_string\"}}],\"inLanguage\":\"fr-FR\"}]}<\/script>\n<!-- \/ Yoast SEO plugin. -->","yoast_head_json":{"title":"Sac \u00e0 formes pour oies Rig'Em Right XL Floater | Lucky Hunter - Con\u00e7u pour le chasseur de gibier d'eau exigeant","description":"Le sac \u00e0 formes pour oies \u00e0 six compartiments Rig'Em Right XL Floater de l'Am\u00e9ricain Rig'Em Right est con\u00e7u pour transporter des formes d'oies grandeur nature avec les bases attach\u00e9es.","robots":{"index":"noindex","follow":"follow","max-snippet":"max-snippet:-1","max-image-preview":"max-image-preview:large","max-video-preview":"max-video-preview:-1"},"og_locale":"fr_FR","og_type":"article","og_title":"Sac \u00e0 formes pour oies Rig'Em Right XL Floater | Lucky Hunter - Con\u00e7u pour le chasseur de gibier d'eau exigeant","og_description":"Le sac \u00e0 formes pour oies \u00e0 six compartiments Rig'Em Right XL Floater de l'Am\u00e9ricain Rig'Em Right est con\u00e7u pour transporter des formes d'oies grandeur nature avec les bases attach\u00e9es.","og_url":"https:\/\/staging.lucky-hunter.com\/fr\/product\/rigem-right-xl-floater-goose-decoy-bag\/","og_site_name":"Lucky-Hunter","article_modified_time":"2024-09-12T09:22:31+00:00","og_image":[{"width":1000,"height":1000,"url":"https:\/\/staging.lucky-hunter.com\/wp-content\/uploads\/2017\/06\/PU-225.png","type":"image\/png"}],"twitter_card":"summary_large_image","twitter_misc":{"Dur\u00e9e de lecture estim\u00e9e":"1 minute"},"schema":{"@context":"https:\/\/schema.org","@graph":[{"@type":"WebPage","@id":"https:\/\/staging.lucky-hunter.com\/fr\/product\/rigem-right-xl-floater-goose-decoy-bag\/","url":"https:\/\/staging.lucky-hunter.com\/fr\/product\/rigem-right-xl-floater-goose-decoy-bag\/","name":"Sac \u00e0 formes pour oies Rig'Em Right XL Floater | Lucky Hunter - Con\u00e7u pour le chasseur de gibier d'eau exigeant","isPartOf":{"@id":"https:\/\/staging.lucky-hunter.com\/#website"},"primaryImageOfPage":{"@id":"https:\/\/staging.lucky-hunter.com\/fr\/product\/rigem-right-xl-floater-goose-decoy-bag\/#primaryimage"},"image":{"@id":"https:\/\/staging.lucky-hunter.com\/fr\/product\/rigem-right-xl-floater-goose-decoy-bag\/#primaryimage"},"thumbnailUrl":"https:\/\/staging.lucky-hunter.com\/wp-content\/uploads\/2017\/06\/PU-225.png","datePublished":"2019-11-06T14:36:57+00:00","dateModified":"2024-09-12T09:22:31+00:00","description":"Le sac \u00e0 formes pour oies \u00e0 six compartiments Rig'Em Right XL Floater de l'Am\u00e9ricain Rig'Em Right est con\u00e7u pour transporter des formes d'oies grandeur nature avec les bases attach\u00e9es.","breadcrumb":{"@id":"https:\/\/staging.lucky-hunter.com\/fr\/product\/rigem-right-xl-floater-goose-decoy-bag\/#breadcrumb"},"inLanguage":"fr-FR","potentialAction":[{"@type":"ReadAction","target":["https:\/\/staging.lucky-hunter.com\/fr\/product\/rigem-right-xl-floater-goose-decoy-bag\/"]}]},{"@type":"ImageObject","inLanguage":"fr-FR","@id":"https:\/\/staging.lucky-hunter.com\/fr\/product\/rigem-right-xl-floater-goose-decoy-bag\/#primaryimage","url":"https:\/\/staging.lucky-hunter.com\/wp-content\/uploads\/2017\/06\/PU-225.png","contentUrl":"https:\/\/staging.lucky-hunter.com\/wp-content\/uploads\/2017\/06\/PU-225.png","width":1000,"height":1000},{"@type":"BreadcrumbList","@id":"https:\/\/staging.lucky-hunter.com\/fr\/product\/rigem-right-xl-floater-goose-decoy-bag\/#breadcrumb","itemListElement":[{"@type":"ListItem","position":1,"name":"Home","item":"https:\/\/staging.lucky-hunter.com\/fr\/"},{"@type":"ListItem","position":2,"name":"Boutique","item":"https:\/\/staging.lucky-hunter.com\/fr\/shop\/"},{"@type":"ListItem","position":3,"name":"Sac \u00e0 formes d\u2019oie flottants Rig&#8217;Em Right XL"}]},{"@type":"WebSite","@id":"https:\/\/staging.lucky-hunter.com\/#website","url":"https:\/\/staging.lucky-hunter.com\/","name":"Lucky-Hunter","description":"Gear Up or Give Up","potentialAction":[{"@type":"SearchAction","target":{"@type":"EntryPoint","urlTemplate":"https:\/\/staging.lucky-hunter.com\/?s={search_term_string}"},"query-input":{"@type":"PropertyValueSpecification","valueRequired":true,"valueName":"search_term_string"}}],"inLanguage":"fr-FR"}]}},"_links":{"self":[{"href":"https:\/\/staging.lucky-hunter.com\/fr\/wp-json\/wp\/v2\/product\/31352"}],"collection":[{"href":"https:\/\/staging.lucky-hunter.com\/fr\/wp-json\/wp\/v2\/product"}],"about":[{"href":"https:\/\/staging.lucky-hunter.com\/fr\/wp-json\/wp\/v2\/types\/product"}],"wp:featuredmedia":[{"embeddable":true,"href":"https:\/\/staging.lucky-hunter.com\/fr\/wp-json\/wp\/v2\/media\/29514"}],"wp:attachment":[{"href":"https:\/\/staging.lucky-hunter.com\/fr\/wp-json\/wp\/v2\/media?parent=31352"}],"wp:term":[{"taxonomy":"product_brand","embeddable":true,"href":"https:\/\/staging.lucky-hunter.com\/fr\/wp-json\/wp\/v2\/product_brand?post=31352"},{"taxonomy":"product_cat","embeddable":true,"href":"https:\/\/staging.lucky-hunter.com\/fr\/wp-json\/wp\/v2\/product_cat?post=31352"},{"taxonomy":"product_tag","embeddable":true,"href":"https:\/\/staging.lucky-hunter.com\/fr\/wp-json\/wp\/v2\/product_tag?post=31352"}],"curies":[{"name":"wp","href":"https:\/\/api.w.org\/{rel}","templated":true}]}}