{"id":31350,"date":"2016-11-07T16:16:01","date_gmt":"2016-11-07T15:16:01","guid":{"rendered":"https:\/\/staging.lucky-hunter.com\/product\/goose-decoy-bag-2\/"},"modified":"2024-09-13T08:59:53","modified_gmt":"2024-09-13T06:59:53","slug":"goose-decoy-bag","status":"publish","type":"product","link":"https:\/\/staging.lucky-hunter.com\/fr\/product\/goose-decoy-bag\/","title":{"rendered":"Sac pour formes d\u2019oie"},"content":{"rendered":"<p><iframe title=\"Dangate Goose Decoy Bag\" width=\"1020\" height=\"574\" src=\"https:\/\/www.youtube.com\/embed\/ofj-2dVSEco?wmode=transparent&amp;rel=0&amp;feature=oembed&#038;enablejsapi=1&#038;origin=https:\/\/staging.lucky-hunter.com\" frameborder=\"0\" allow=\"accelerometer; autoplay; clipboard-write; encrypted-media; gyroscope; picture-in-picture; web-share\" allowfullscreen><\/iframe><\/p>\n<p>Gr\u00e2ce \u00e0 ce sac de transport populaire, vous pouvez facilement transporter vos leurres d&#8217;oie de la voiture jusqu&#8217;au lieu de chasse.<\/p>\n<p>C&#8217;est un grand avantage que vous puissiez avoir les mains libres pour transporter vos fusils et autres \u00e9quipements de chasse dont vous aurez besoin pendant la chasse \u00e0 l&#8217;oie.<\/p>\n<p>Le sac est fabriqu\u00e9 en toile solide et dispose de 6 emplacements s\u00e9par\u00e9s, permettant de transporter jusqu&#8217;\u00e0 6 leurres d&#8217;oie \u00e0 corps entier Avian-X.<\/p>\n<p>Il y a un filet au fond du sac, de sorte que l&#8217;eau peut s&#8217;\u00e9couler des leurres avant de les ranger.<\/p>\n<p>Le sac \u00e0 leurre d\u2019oie est doubl\u00e9 d&#8217;un tissu en nylon noir, qui peut \u00eatre tir\u00e9 sur les leurres pour une protection suppl\u00e9mentaire pendant le transport.<\/p>\n<p>Le sac dispose d\u2019une grande poche sur le c\u00f4t\u00e9 pour ranger des b\u00e2tons de montage ou des leurres a\u00e9riens. Vous n&#8217;avez ainsi plus \u00e0 craindre qu&#8217;ils n\u2019endommagent vos leurres floqu\u00e9s.<\/p>\n<p>Couleur\u00a0: Olive<\/p>\n","protected":false},"excerpt":{"rendered":"<p>Ce sac pour formes d&#8217;oie \u00e0 6 compartiments est fabriqu\u00e9 en toile de haute qualit\u00e9, tr\u00e8s r\u00e9sistante, et il est super pratique lorsque vous devez transporter vos formes depuis la voiture jusqu&#8217;\u00e0 la zone de chasse.<\/p>\n<p>&nbsp;<\/p>\n","protected":false},"featured_media":110472,"template":"","meta":[],"product_brand":[8121],"product_cat":[9321],"product_tag":[9446],"yoast_head":"<!-- This site is optimized with the Yoast SEO plugin v24.3 - https:\/\/yoast.com\/wordpress\/plugins\/seo\/ -->\n<title>Sac pour formes d&#039;oie - vos formes restent belles pendant de nombreuses ann\u00e9es<\/title>\n<meta name=\"description\" content=\"Ce sac pour formes d&#039;oie \u00e0 6 compartiments est fabriqu\u00e9 en toile de qualit\u00e9 tr\u00e8s r\u00e9sistante et est tr\u00e8s pratique pour transporter vos formes.\" \/>\n<meta name=\"robots\" content=\"noindex, follow, max-snippet:-1, max-image-preview:large, max-video-preview:-1\" \/>\n<meta property=\"og:locale\" content=\"fr_FR\" \/>\n<meta property=\"og:type\" content=\"article\" \/>\n<meta property=\"og:title\" content=\"Sac pour formes d&#039;oie - vos formes restent belles pendant de nombreuses ann\u00e9es\" \/>\n<meta property=\"og:description\" content=\"Ce sac pour formes d&#039;oie \u00e0 6 compartiments est fabriqu\u00e9 en toile de qualit\u00e9 tr\u00e8s r\u00e9sistante et est tr\u00e8s pratique pour transporter vos formes.\" \/>\n<meta property=\"og:url\" content=\"https:\/\/staging.lucky-hunter.com\/fr\/product\/goose-decoy-bag\/\" \/>\n<meta property=\"og:site_name\" content=\"Lucky-Hunter\" \/>\n<meta property=\"article:modified_time\" content=\"2024-09-13T06:59:53+00:00\" \/>\n<meta property=\"og:image\" content=\"https:\/\/staging.lucky-hunter.com\/wp-content\/uploads\/2016\/11\/LF-130-removebg-preview.png\" \/>\n\t<meta property=\"og:image:width\" content=\"501\" \/>\n\t<meta property=\"og:image:height\" content=\"498\" \/>\n\t<meta property=\"og:image:type\" content=\"image\/png\" \/>\n<meta name=\"twitter:card\" content=\"summary_large_image\" \/>\n<meta name=\"twitter:label1\" content=\"Dur\u00e9e de lecture estim\u00e9e\" \/>\n\t<meta name=\"twitter:data1\" content=\"1 minute\" \/>\n<script type=\"application\/ld+json\" class=\"yoast-schema-graph\">{\"@context\":\"https:\/\/schema.org\",\"@graph\":[{\"@type\":\"WebPage\",\"@id\":\"https:\/\/staging.lucky-hunter.com\/fr\/product\/goose-decoy-bag\/\",\"url\":\"https:\/\/staging.lucky-hunter.com\/fr\/product\/goose-decoy-bag\/\",\"name\":\"Sac pour formes d'oie - vos formes restent belles pendant de nombreuses ann\u00e9es\",\"isPartOf\":{\"@id\":\"https:\/\/staging.lucky-hunter.com\/#website\"},\"primaryImageOfPage\":{\"@id\":\"https:\/\/staging.lucky-hunter.com\/fr\/product\/goose-decoy-bag\/#primaryimage\"},\"image\":{\"@id\":\"https:\/\/staging.lucky-hunter.com\/fr\/product\/goose-decoy-bag\/#primaryimage\"},\"thumbnailUrl\":\"https:\/\/staging.lucky-hunter.com\/wp-content\/uploads\/2016\/11\/LF-130-removebg-preview.png\",\"datePublished\":\"2016-11-07T15:16:01+00:00\",\"dateModified\":\"2024-09-13T06:59:53+00:00\",\"description\":\"Ce sac pour formes d'oie \u00e0 6 compartiments est fabriqu\u00e9 en toile de qualit\u00e9 tr\u00e8s r\u00e9sistante et est tr\u00e8s pratique pour transporter vos formes.\",\"breadcrumb\":{\"@id\":\"https:\/\/staging.lucky-hunter.com\/fr\/product\/goose-decoy-bag\/#breadcrumb\"},\"inLanguage\":\"fr-FR\",\"potentialAction\":[{\"@type\":\"ReadAction\",\"target\":[\"https:\/\/staging.lucky-hunter.com\/fr\/product\/goose-decoy-bag\/\"]}]},{\"@type\":\"ImageObject\",\"inLanguage\":\"fr-FR\",\"@id\":\"https:\/\/staging.lucky-hunter.com\/fr\/product\/goose-decoy-bag\/#primaryimage\",\"url\":\"https:\/\/staging.lucky-hunter.com\/wp-content\/uploads\/2016\/11\/LF-130-removebg-preview.png\",\"contentUrl\":\"https:\/\/staging.lucky-hunter.com\/wp-content\/uploads\/2016\/11\/LF-130-removebg-preview.png\",\"width\":501,\"height\":498},{\"@type\":\"BreadcrumbList\",\"@id\":\"https:\/\/staging.lucky-hunter.com\/fr\/product\/goose-decoy-bag\/#breadcrumb\",\"itemListElement\":[{\"@type\":\"ListItem\",\"position\":1,\"name\":\"Home\",\"item\":\"https:\/\/staging.lucky-hunter.com\/fr\/\"},{\"@type\":\"ListItem\",\"position\":2,\"name\":\"Boutique\",\"item\":\"https:\/\/staging.lucky-hunter.com\/fr\/shop\/\"},{\"@type\":\"ListItem\",\"position\":3,\"name\":\"Sac pour formes d\u2019oie\"}]},{\"@type\":\"WebSite\",\"@id\":\"https:\/\/staging.lucky-hunter.com\/#website\",\"url\":\"https:\/\/staging.lucky-hunter.com\/\",\"name\":\"Lucky-Hunter\",\"description\":\"Gear Up or Give Up\",\"potentialAction\":[{\"@type\":\"SearchAction\",\"target\":{\"@type\":\"EntryPoint\",\"urlTemplate\":\"https:\/\/staging.lucky-hunter.com\/?s={search_term_string}\"},\"query-input\":{\"@type\":\"PropertyValueSpecification\",\"valueRequired\":true,\"valueName\":\"search_term_string\"}}],\"inLanguage\":\"fr-FR\"}]}<\/script>\n<!-- \/ Yoast SEO plugin. -->","yoast_head_json":{"title":"Sac pour formes d'oie - vos formes restent belles pendant de nombreuses ann\u00e9es","description":"Ce sac pour formes d'oie \u00e0 6 compartiments est fabriqu\u00e9 en toile de qualit\u00e9 tr\u00e8s r\u00e9sistante et est tr\u00e8s pratique pour transporter vos formes.","robots":{"index":"noindex","follow":"follow","max-snippet":"max-snippet:-1","max-image-preview":"max-image-preview:large","max-video-preview":"max-video-preview:-1"},"og_locale":"fr_FR","og_type":"article","og_title":"Sac pour formes d'oie - vos formes restent belles pendant de nombreuses ann\u00e9es","og_description":"Ce sac pour formes d'oie \u00e0 6 compartiments est fabriqu\u00e9 en toile de qualit\u00e9 tr\u00e8s r\u00e9sistante et est tr\u00e8s pratique pour transporter vos formes.","og_url":"https:\/\/staging.lucky-hunter.com\/fr\/product\/goose-decoy-bag\/","og_site_name":"Lucky-Hunter","article_modified_time":"2024-09-13T06:59:53+00:00","og_image":[{"width":501,"height":498,"url":"https:\/\/staging.lucky-hunter.com\/wp-content\/uploads\/2016\/11\/LF-130-removebg-preview.png","type":"image\/png"}],"twitter_card":"summary_large_image","twitter_misc":{"Dur\u00e9e de lecture estim\u00e9e":"1 minute"},"schema":{"@context":"https:\/\/schema.org","@graph":[{"@type":"WebPage","@id":"https:\/\/staging.lucky-hunter.com\/fr\/product\/goose-decoy-bag\/","url":"https:\/\/staging.lucky-hunter.com\/fr\/product\/goose-decoy-bag\/","name":"Sac pour formes d'oie - vos formes restent belles pendant de nombreuses ann\u00e9es","isPartOf":{"@id":"https:\/\/staging.lucky-hunter.com\/#website"},"primaryImageOfPage":{"@id":"https:\/\/staging.lucky-hunter.com\/fr\/product\/goose-decoy-bag\/#primaryimage"},"image":{"@id":"https:\/\/staging.lucky-hunter.com\/fr\/product\/goose-decoy-bag\/#primaryimage"},"thumbnailUrl":"https:\/\/staging.lucky-hunter.com\/wp-content\/uploads\/2016\/11\/LF-130-removebg-preview.png","datePublished":"2016-11-07T15:16:01+00:00","dateModified":"2024-09-13T06:59:53+00:00","description":"Ce sac pour formes d'oie \u00e0 6 compartiments est fabriqu\u00e9 en toile de qualit\u00e9 tr\u00e8s r\u00e9sistante et est tr\u00e8s pratique pour transporter vos formes.","breadcrumb":{"@id":"https:\/\/staging.lucky-hunter.com\/fr\/product\/goose-decoy-bag\/#breadcrumb"},"inLanguage":"fr-FR","potentialAction":[{"@type":"ReadAction","target":["https:\/\/staging.lucky-hunter.com\/fr\/product\/goose-decoy-bag\/"]}]},{"@type":"ImageObject","inLanguage":"fr-FR","@id":"https:\/\/staging.lucky-hunter.com\/fr\/product\/goose-decoy-bag\/#primaryimage","url":"https:\/\/staging.lucky-hunter.com\/wp-content\/uploads\/2016\/11\/LF-130-removebg-preview.png","contentUrl":"https:\/\/staging.lucky-hunter.com\/wp-content\/uploads\/2016\/11\/LF-130-removebg-preview.png","width":501,"height":498},{"@type":"BreadcrumbList","@id":"https:\/\/staging.lucky-hunter.com\/fr\/product\/goose-decoy-bag\/#breadcrumb","itemListElement":[{"@type":"ListItem","position":1,"name":"Home","item":"https:\/\/staging.lucky-hunter.com\/fr\/"},{"@type":"ListItem","position":2,"name":"Boutique","item":"https:\/\/staging.lucky-hunter.com\/fr\/shop\/"},{"@type":"ListItem","position":3,"name":"Sac pour formes d\u2019oie"}]},{"@type":"WebSite","@id":"https:\/\/staging.lucky-hunter.com\/#website","url":"https:\/\/staging.lucky-hunter.com\/","name":"Lucky-Hunter","description":"Gear Up or Give Up","potentialAction":[{"@type":"SearchAction","target":{"@type":"EntryPoint","urlTemplate":"https:\/\/staging.lucky-hunter.com\/?s={search_term_string}"},"query-input":{"@type":"PropertyValueSpecification","valueRequired":true,"valueName":"search_term_string"}}],"inLanguage":"fr-FR"}]}},"_links":{"self":[{"href":"https:\/\/staging.lucky-hunter.com\/fr\/wp-json\/wp\/v2\/product\/31350"}],"collection":[{"href":"https:\/\/staging.lucky-hunter.com\/fr\/wp-json\/wp\/v2\/product"}],"about":[{"href":"https:\/\/staging.lucky-hunter.com\/fr\/wp-json\/wp\/v2\/types\/product"}],"wp:featuredmedia":[{"embeddable":true,"href":"https:\/\/staging.lucky-hunter.com\/fr\/wp-json\/wp\/v2\/media\/110472"}],"wp:attachment":[{"href":"https:\/\/staging.lucky-hunter.com\/fr\/wp-json\/wp\/v2\/media?parent=31350"}],"wp:term":[{"taxonomy":"product_brand","embeddable":true,"href":"https:\/\/staging.lucky-hunter.com\/fr\/wp-json\/wp\/v2\/product_brand?post=31350"},{"taxonomy":"product_cat","embeddable":true,"href":"https:\/\/staging.lucky-hunter.com\/fr\/wp-json\/wp\/v2\/product_cat?post=31350"},{"taxonomy":"product_tag","embeddable":true,"href":"https:\/\/staging.lucky-hunter.com\/fr\/wp-json\/wp\/v2\/product_tag?post=31350"}],"curies":[{"name":"wp","href":"https:\/\/api.w.org\/{rel}","templated":true}]}}