{"id":31349,"date":"2021-06-06T12:16:35","date_gmt":"2021-06-06T10:16:35","guid":{"rendered":"https:\/\/staging.lucky-hunter.com\/product\/banded-air-ii-blind-bag-2\/"},"modified":"2024-12-05T10:47:52","modified_gmt":"2024-12-05T09:47:52","slug":"banded-air-ii-blind-bag","status":"publish","type":"product","link":"https:\/\/staging.lucky-hunter.com\/fr\/product\/banded-air-ii-blind-bag\/","title":{"rendered":"Sac Banded Air II Blind &#8211; Max7"},"content":{"rendered":"<p><iframe title=\"Banded Air II Blind Bag\" width=\"1020\" height=\"574\" src=\"https:\/\/www.youtube.com\/embed\/Jj8X6pfmJRo?wmode=transparent&amp;rel=0&amp;feature=oembed&#038;enablejsapi=1&#038;origin=https:\/\/staging.lucky-hunter.com\" frameborder=\"0\" allow=\"accelerometer; autoplay; clipboard-write; encrypted-media; gyroscope; picture-in-picture\" allowfullscreen><\/iframe><\/p>\n<h2><strong>Le Sac d\u2019Aff\u00fbt Banded Air II est con\u00e7u pour courir et tirer<\/strong><\/h2>\n<p>Dans de nombreuses situations de chasse, il faut un sac qui ne soit ni trop petit, ni trop grand, mais qui puisse contenir les accessoires essentiels.<\/p>\n<p>Le nouveau Sac d\u2019Aff\u00fbt Banded Air II dispose de tout l\u2019espace n\u00e9cessaire pour les cartouches, les appeaux, le masque de chasse, l&#8217;appareil photo, le t\u00e9l\u00e9phone portable, les jumelles, le t\u00e9l\u00e9m\u00e8tre, etc.<\/p>\n<p>L\u2019espace est souvent restreint dans l\u2019aff\u00fbt, mais en pla\u00e7ant ce sac \u00e0 c\u00f4t\u00e9, vous pourrez acc\u00e9der facilement \u00e0 vos affaires.<\/p>\n<p>Le Sac d\u2019Aff\u00fbt Banded Air II est \u00e9galement id\u00e9al \u00e0 emporter avec vous dans un bateau d\u2019aff\u00fbt lorsque vous chassez le canard et l\u2019oie en hiver.<\/p>\n<p><strong>Caract\u00e9ristiques :<\/strong><\/p>\n<ul>\n<li>Taille 35,5 x 20 x 20 cm &#8211; correspondant \u00e0 une contenance de 12 litres<\/li>\n<li>Le tissu ext\u00e9rieur 900D robuste est r\u00e9sistant aux intemp\u00e9ries et aux d\u00e9chirures<\/li>\n<li>Poche lat\u00e9rale zipp\u00e9e pour un acc\u00e8s facile \u00e0 l\u2019\u00e9quipement<\/li>\n<li>Espace de rangement int\u00e9rieur prot\u00e9g\u00e9 par un couvercle \u00e0 fermeture \u00e9clair<\/li>\n<li>Compartiment de rangement int\u00e9rieur en maillage \u00e0 s\u00e9chage rapide<\/li>\n<li>Fond renforc\u00e9 pour une protection ultime<\/li>\n<li>Comprend une mousse de flottaison \u00e0 cellules ferm\u00e9es non absorbante<\/li>\n<li>Poign\u00e9e de transport et bandouli\u00e8re rembourr\u00e9e<\/li>\n<\/ul>\n","protected":false},"excerpt":{"rendered":"<p>Le Sac d\u2019Aff\u00fbt Banded Air II est con\u00e7u pour courir et tirer. Transportez tout ce dont vous avez besoin pour la chasse et plus encore gr\u00e2ce \u00e0 son volume de 12 litres.<\/p>\n","protected":false},"featured_media":30479,"template":"","meta":[],"product_brand":[8137],"product_cat":[8174],"product_tag":[9446,9235],"yoast_head":"<!-- This site is optimized with the Yoast SEO plugin v24.3 - https:\/\/yoast.com\/wordpress\/plugins\/seo\/ -->\n<title>Sac Banded Air II Blind Bag - Parfait pour la chasse aux canards et aux oies en hiver<\/title>\n<meta name=\"description\" content=\"Le sac Banded Air II Blind Bag est con\u00e7u pour la chasse rapide et dynamique. Transportez tout ce dont vous avez besoin pour une chasse, et m\u00eame plus, gr\u00e2ce \u00e0 une capacit\u00e9 de rangement de 12 litres.\" \/>\n<meta name=\"robots\" content=\"noindex, follow, max-snippet:-1, max-image-preview:large, max-video-preview:-1\" \/>\n<meta property=\"og:locale\" content=\"fr_FR\" \/>\n<meta property=\"og:type\" content=\"article\" \/>\n<meta property=\"og:title\" content=\"Sac Banded Air II Blind Bag - Parfait pour la chasse aux canards et aux oies en hiver\" \/>\n<meta property=\"og:description\" content=\"Le sac Banded Air II Blind Bag est con\u00e7u pour la chasse rapide et dynamique. Transportez tout ce dont vous avez besoin pour une chasse, et m\u00eame plus, gr\u00e2ce \u00e0 une capacit\u00e9 de rangement de 12 litres.\" \/>\n<meta property=\"og:url\" content=\"https:\/\/staging.lucky-hunter.com\/product\/banded-air-ii-blind-bag\/\" \/>\n<meta property=\"og:site_name\" content=\"Lucky-Hunter\" \/>\n<meta property=\"article:modified_time\" content=\"2024-12-05T09:47:52+00:00\" \/>\n<meta property=\"og:image\" content=\"https:\/\/staging.lucky-hunter.com\/wp-content\/uploads\/2021\/06\/PU-254.png\" \/>\n\t<meta property=\"og:image:width\" content=\"1000\" \/>\n\t<meta property=\"og:image:height\" content=\"1000\" \/>\n\t<meta property=\"og:image:type\" content=\"image\/png\" \/>\n<meta name=\"twitter:card\" content=\"summary_large_image\" \/>\n<meta name=\"twitter:label1\" content=\"Dur\u00e9e de lecture estim\u00e9e\" \/>\n\t<meta name=\"twitter:data1\" content=\"1 minute\" \/>\n<script type=\"application\/ld+json\" class=\"yoast-schema-graph\">{\"@context\":\"https:\/\/schema.org\",\"@graph\":[{\"@type\":\"WebPage\",\"@id\":\"https:\/\/staging.lucky-hunter.com\/product\/banded-air-ii-blind-bag\/\",\"url\":\"https:\/\/staging.lucky-hunter.com\/product\/banded-air-ii-blind-bag\/\",\"name\":\"Sac Banded Air II Blind Bag - Parfait pour la chasse aux canards et aux oies en hiver\",\"isPartOf\":{\"@id\":\"https:\/\/staging.lucky-hunter.com\/#website\"},\"primaryImageOfPage\":{\"@id\":\"https:\/\/staging.lucky-hunter.com\/product\/banded-air-ii-blind-bag\/#primaryimage\"},\"image\":{\"@id\":\"https:\/\/staging.lucky-hunter.com\/product\/banded-air-ii-blind-bag\/#primaryimage\"},\"thumbnailUrl\":\"https:\/\/staging.lucky-hunter.com\/wp-content\/uploads\/2021\/06\/PU-254.png\",\"datePublished\":\"2021-06-06T10:16:35+00:00\",\"dateModified\":\"2024-12-05T09:47:52+00:00\",\"description\":\"Le sac Banded Air II Blind Bag est con\u00e7u pour la chasse rapide et dynamique. Transportez tout ce dont vous avez besoin pour une chasse, et m\u00eame plus, gr\u00e2ce \u00e0 une capacit\u00e9 de rangement de 12 litres.\",\"breadcrumb\":{\"@id\":\"https:\/\/staging.lucky-hunter.com\/product\/banded-air-ii-blind-bag\/#breadcrumb\"},\"inLanguage\":\"fr-FR\",\"potentialAction\":[{\"@type\":\"ReadAction\",\"target\":[\"https:\/\/staging.lucky-hunter.com\/product\/banded-air-ii-blind-bag\/\"]}]},{\"@type\":\"ImageObject\",\"inLanguage\":\"fr-FR\",\"@id\":\"https:\/\/staging.lucky-hunter.com\/product\/banded-air-ii-blind-bag\/#primaryimage\",\"url\":\"https:\/\/staging.lucky-hunter.com\/wp-content\/uploads\/2021\/06\/PU-254.png\",\"contentUrl\":\"https:\/\/staging.lucky-hunter.com\/wp-content\/uploads\/2021\/06\/PU-254.png\",\"width\":1000,\"height\":1000},{\"@type\":\"BreadcrumbList\",\"@id\":\"https:\/\/staging.lucky-hunter.com\/product\/banded-air-ii-blind-bag\/#breadcrumb\",\"itemListElement\":[{\"@type\":\"ListItem\",\"position\":1,\"name\":\"Home\",\"item\":\"https:\/\/staging.lucky-hunter.com\/fr\/\"},{\"@type\":\"ListItem\",\"position\":2,\"name\":\"Boutique\",\"item\":\"https:\/\/staging.lucky-hunter.com\/fr\/shop\/\"},{\"@type\":\"ListItem\",\"position\":3,\"name\":\"Sac Banded Air II Blind &#8211; Max7\"}]},{\"@type\":\"WebSite\",\"@id\":\"https:\/\/staging.lucky-hunter.com\/#website\",\"url\":\"https:\/\/staging.lucky-hunter.com\/\",\"name\":\"Lucky-Hunter\",\"description\":\"Gear Up or Give Up\",\"potentialAction\":[{\"@type\":\"SearchAction\",\"target\":{\"@type\":\"EntryPoint\",\"urlTemplate\":\"https:\/\/staging.lucky-hunter.com\/?s={search_term_string}\"},\"query-input\":{\"@type\":\"PropertyValueSpecification\",\"valueRequired\":true,\"valueName\":\"search_term_string\"}}],\"inLanguage\":\"fr-FR\"}]}<\/script>\n<!-- \/ Yoast SEO plugin. -->","yoast_head_json":{"title":"Sac Banded Air II Blind Bag - Parfait pour la chasse aux canards et aux oies en hiver","description":"Le sac Banded Air II Blind Bag est con\u00e7u pour la chasse rapide et dynamique. Transportez tout ce dont vous avez besoin pour une chasse, et m\u00eame plus, gr\u00e2ce \u00e0 une capacit\u00e9 de rangement de 12 litres.","robots":{"index":"noindex","follow":"follow","max-snippet":"max-snippet:-1","max-image-preview":"max-image-preview:large","max-video-preview":"max-video-preview:-1"},"og_locale":"fr_FR","og_type":"article","og_title":"Sac Banded Air II Blind Bag - Parfait pour la chasse aux canards et aux oies en hiver","og_description":"Le sac Banded Air II Blind Bag est con\u00e7u pour la chasse rapide et dynamique. Transportez tout ce dont vous avez besoin pour une chasse, et m\u00eame plus, gr\u00e2ce \u00e0 une capacit\u00e9 de rangement de 12 litres.","og_url":"https:\/\/staging.lucky-hunter.com\/product\/banded-air-ii-blind-bag\/","og_site_name":"Lucky-Hunter","article_modified_time":"2024-12-05T09:47:52+00:00","og_image":[{"width":1000,"height":1000,"url":"https:\/\/staging.lucky-hunter.com\/wp-content\/uploads\/2021\/06\/PU-254.png","type":"image\/png"}],"twitter_card":"summary_large_image","twitter_misc":{"Dur\u00e9e de lecture estim\u00e9e":"1 minute"},"schema":{"@context":"https:\/\/schema.org","@graph":[{"@type":"WebPage","@id":"https:\/\/staging.lucky-hunter.com\/product\/banded-air-ii-blind-bag\/","url":"https:\/\/staging.lucky-hunter.com\/product\/banded-air-ii-blind-bag\/","name":"Sac Banded Air II Blind Bag - Parfait pour la chasse aux canards et aux oies en hiver","isPartOf":{"@id":"https:\/\/staging.lucky-hunter.com\/#website"},"primaryImageOfPage":{"@id":"https:\/\/staging.lucky-hunter.com\/product\/banded-air-ii-blind-bag\/#primaryimage"},"image":{"@id":"https:\/\/staging.lucky-hunter.com\/product\/banded-air-ii-blind-bag\/#primaryimage"},"thumbnailUrl":"https:\/\/staging.lucky-hunter.com\/wp-content\/uploads\/2021\/06\/PU-254.png","datePublished":"2021-06-06T10:16:35+00:00","dateModified":"2024-12-05T09:47:52+00:00","description":"Le sac Banded Air II Blind Bag est con\u00e7u pour la chasse rapide et dynamique. Transportez tout ce dont vous avez besoin pour une chasse, et m\u00eame plus, gr\u00e2ce \u00e0 une capacit\u00e9 de rangement de 12 litres.","breadcrumb":{"@id":"https:\/\/staging.lucky-hunter.com\/product\/banded-air-ii-blind-bag\/#breadcrumb"},"inLanguage":"fr-FR","potentialAction":[{"@type":"ReadAction","target":["https:\/\/staging.lucky-hunter.com\/product\/banded-air-ii-blind-bag\/"]}]},{"@type":"ImageObject","inLanguage":"fr-FR","@id":"https:\/\/staging.lucky-hunter.com\/product\/banded-air-ii-blind-bag\/#primaryimage","url":"https:\/\/staging.lucky-hunter.com\/wp-content\/uploads\/2021\/06\/PU-254.png","contentUrl":"https:\/\/staging.lucky-hunter.com\/wp-content\/uploads\/2021\/06\/PU-254.png","width":1000,"height":1000},{"@type":"BreadcrumbList","@id":"https:\/\/staging.lucky-hunter.com\/product\/banded-air-ii-blind-bag\/#breadcrumb","itemListElement":[{"@type":"ListItem","position":1,"name":"Home","item":"https:\/\/staging.lucky-hunter.com\/fr\/"},{"@type":"ListItem","position":2,"name":"Boutique","item":"https:\/\/staging.lucky-hunter.com\/fr\/shop\/"},{"@type":"ListItem","position":3,"name":"Sac Banded Air II Blind &#8211; Max7"}]},{"@type":"WebSite","@id":"https:\/\/staging.lucky-hunter.com\/#website","url":"https:\/\/staging.lucky-hunter.com\/","name":"Lucky-Hunter","description":"Gear Up or Give Up","potentialAction":[{"@type":"SearchAction","target":{"@type":"EntryPoint","urlTemplate":"https:\/\/staging.lucky-hunter.com\/?s={search_term_string}"},"query-input":{"@type":"PropertyValueSpecification","valueRequired":true,"valueName":"search_term_string"}}],"inLanguage":"fr-FR"}]}},"_links":{"self":[{"href":"https:\/\/staging.lucky-hunter.com\/fr\/wp-json\/wp\/v2\/product\/31349"}],"collection":[{"href":"https:\/\/staging.lucky-hunter.com\/fr\/wp-json\/wp\/v2\/product"}],"about":[{"href":"https:\/\/staging.lucky-hunter.com\/fr\/wp-json\/wp\/v2\/types\/product"}],"wp:featuredmedia":[{"embeddable":true,"href":"https:\/\/staging.lucky-hunter.com\/fr\/wp-json\/wp\/v2\/media\/30479"}],"wp:attachment":[{"href":"https:\/\/staging.lucky-hunter.com\/fr\/wp-json\/wp\/v2\/media?parent=31349"}],"wp:term":[{"taxonomy":"product_brand","embeddable":true,"href":"https:\/\/staging.lucky-hunter.com\/fr\/wp-json\/wp\/v2\/product_brand?post=31349"},{"taxonomy":"product_cat","embeddable":true,"href":"https:\/\/staging.lucky-hunter.com\/fr\/wp-json\/wp\/v2\/product_cat?post=31349"},{"taxonomy":"product_tag","embeddable":true,"href":"https:\/\/staging.lucky-hunter.com\/fr\/wp-json\/wp\/v2\/product_tag?post=31349"}],"curies":[{"name":"wp","href":"https:\/\/api.w.org\/{rel}","templated":true}]}}