{"id":31348,"date":"2021-08-10T07:49:24","date_gmt":"2021-08-10T05:49:24","guid":{"rendered":"https:\/\/staging.lucky-hunter.com\/product\/wide-bore-speck-call-2\/"},"modified":"2022-11-15T15:35:13","modified_gmt":"2022-11-15T14:35:13","slug":"wide-bore-speck-call","status":"publish","type":"product","link":"https:\/\/staging.lucky-hunter.com\/fr\/product\/wide-bore-speck-call\/","title":{"rendered":"Haydel\u00b4s Wide Bore Speck Call | Appeau \u00e0 Oie Rieuse | WBS-17"},"content":{"rendered":"<h2><strong>Appeau \u00e0 Oie Rieuse de Haydel\u00b4s Game Calls<\/strong><\/h2>\n<p>L&#8217;appeau Haydel\u2019s Wide Bore Speck est dot\u00e9 d\u2019un design hybride unique. Il combine la tonalit\u00e9 d\u2019un gros tube en acrylique avec un canal d&#8217;air \u00e9troit qui cr\u00e9e un volume tr\u00e8s \u00e9lev\u00e9.<\/p>\n<p>Gr\u00e2ce \u00e0 son anche effil\u00e9e et \u00e0 la conception particuli\u00e8re du support sur lequel elle est pos\u00e9e, l\u2019appeau est tr\u00e8s facile \u00e0 utiliser.<\/p>\n<p>Le WBS-17 est facile \u00e0 contr\u00f4ler et produit une grande vari\u00e9t\u00e9 de sons.<\/p>\n<p>L&#8217;appeau Haydel\u2019s Wide Bore Speck requiert une contre-pression &#8211; fermez votre poing pour obtenir le son parfait.<\/p>\n<p>Peu importe ce que disent les oies, essayez de les appeler jusqu&#8217;au bout avec les 2 notes.<\/p>\n<p><strong>Instructions d&#8217;appel\u00a0:<\/strong><\/p>\n<ul>\n<li>Placez l&#8217;appeau entre le pouce et l&#8217;index en fermant le poing sans trop serrer.<\/li>\n<li>Jouez rapidement 2 notes dans l&#8217;appeau pour obtenir un effet de yodel.<\/li>\n<li>Ne bougez pas votre main lorsque vous soufflez dans l&#8217;appeau.<\/li>\n<li>Si vous n\u2019arrivez pas \u00e0 cr\u00e9er l\u2019effet de yodel, d\u00e9tendez un peu votre main et r\u00e9essayez.<\/li>\n<li>Continuez ainsi jusqu&#8217;\u00e0 ce que vous r\u00e9ussissiez \u00e0 donner au son un effet de yodel.<\/li>\n<\/ul>\n<p><strong>Caract\u00e9ristiques\u00a0:<\/strong><\/p>\n<ul>\n<li>Reproduit le cri d&#8217;une oie rieuse<\/li>\n<li>Peut \u00eatre utilis\u00e9 m\u00eame mouill\u00e9<\/li>\n<li>Couleur\u00a0: Noir<\/li>\n<li>Mod\u00e8le : WBS-17<\/li>\n<li>Poids\u00a0: environ 45 grammes.<\/li>\n<\/ul>\n<p><iframe title=\"Haydel&#039;s WBS-17 Wide Bore Speck Call\" width=\"1020\" height=\"574\" src=\"https:\/\/www.youtube.com\/embed\/e4usgjQXrWc?wmode=transparent&amp;rel=0&amp;feature=oembed&#038;enablejsapi=1&#038;origin=https:\/\/staging.lucky-hunter.com\" frameborder=\"0\" allow=\"accelerometer; autoplay; clipboard-write; encrypted-media; gyroscope; picture-in-picture\" allowfullscreen><\/iframe><\/p>\n","protected":false},"excerpt":{"rendered":"<p>L&#8217;appeau Haydel\u2019s Wide Bore Speck est dot\u00e9 d\u2019un design hybride unique. Il combine la tonalit\u00e9 d\u2019un gros tube en acrylique avec un canal d&#8217;air \u00e9troit qui cr\u00e9e un volume tr\u00e8s \u00e9lev\u00e9.<\/p>\n","protected":false},"featured_media":30259,"template":"","meta":[],"product_brand":[8139],"product_cat":[8168],"product_tag":[],"yoast_head":"<!-- This site is optimized with the Yoast SEO plugin v24.3 - https:\/\/yoast.com\/wordpress\/plugins\/seo\/ -->\n<title>Haydel\u00b4s Wide Bore Speck Call | WBS-17 | Now on Lucky-Hunter.com<\/title>\n<meta name=\"description\" content=\"This Specklebelly Goose Call from Haydel\u00b4s is a unique hybrid design combining an acrylic big bore tone with a narrow air channel.\" \/>\n<meta name=\"robots\" content=\"noindex, follow, max-snippet:-1, max-image-preview:large, max-video-preview:-1\" \/>\n<meta property=\"og:locale\" content=\"fr_FR\" \/>\n<meta property=\"og:type\" content=\"article\" \/>\n<meta property=\"og:title\" content=\"Haydel\u00b4s Wide Bore Speck Call | WBS-17 | Now on Lucky-Hunter.com\" \/>\n<meta property=\"og:description\" content=\"This Specklebelly Goose Call from Haydel\u00b4s is a unique hybrid design combining an acrylic big bore tone with a narrow air channel.\" \/>\n<meta property=\"og:url\" content=\"https:\/\/staging.lucky-hunter.com\/fr\/product\/wide-bore-speck-call\/\" \/>\n<meta property=\"og:site_name\" content=\"Lucky-Hunter\" \/>\n<meta property=\"article:modified_time\" content=\"2022-11-15T14:35:13+00:00\" \/>\n<meta property=\"og:image\" content=\"https:\/\/staging.lucky-hunter.com\/wp-content\/uploads\/2021\/08\/WBS-17.png\" \/>\n\t<meta property=\"og:image:width\" content=\"1000\" \/>\n\t<meta property=\"og:image:height\" content=\"1000\" \/>\n\t<meta property=\"og:image:type\" content=\"image\/png\" \/>\n<meta name=\"twitter:card\" content=\"summary_large_image\" \/>\n<meta name=\"twitter:label1\" content=\"Dur\u00e9e de lecture estim\u00e9e\" \/>\n\t<meta name=\"twitter:data1\" content=\"1 minute\" \/>\n<script type=\"application\/ld+json\" class=\"yoast-schema-graph\">{\"@context\":\"https:\/\/schema.org\",\"@graph\":[{\"@type\":\"WebPage\",\"@id\":\"https:\/\/staging.lucky-hunter.com\/fr\/product\/wide-bore-speck-call\/\",\"url\":\"https:\/\/staging.lucky-hunter.com\/fr\/product\/wide-bore-speck-call\/\",\"name\":\"Haydel\u00b4s Wide Bore Speck Call | WBS-17 | Now on Lucky-Hunter.com\",\"isPartOf\":{\"@id\":\"https:\/\/staging.lucky-hunter.com\/#website\"},\"primaryImageOfPage\":{\"@id\":\"https:\/\/staging.lucky-hunter.com\/fr\/product\/wide-bore-speck-call\/#primaryimage\"},\"image\":{\"@id\":\"https:\/\/staging.lucky-hunter.com\/fr\/product\/wide-bore-speck-call\/#primaryimage\"},\"thumbnailUrl\":\"https:\/\/staging.lucky-hunter.com\/wp-content\/uploads\/2021\/08\/WBS-17.png\",\"datePublished\":\"2021-08-10T05:49:24+00:00\",\"dateModified\":\"2022-11-15T14:35:13+00:00\",\"description\":\"This Specklebelly Goose Call from Haydel\u00b4s is a unique hybrid design combining an acrylic big bore tone with a narrow air channel.\",\"breadcrumb\":{\"@id\":\"https:\/\/staging.lucky-hunter.com\/fr\/product\/wide-bore-speck-call\/#breadcrumb\"},\"inLanguage\":\"fr-FR\",\"potentialAction\":[{\"@type\":\"ReadAction\",\"target\":[\"https:\/\/staging.lucky-hunter.com\/fr\/product\/wide-bore-speck-call\/\"]}]},{\"@type\":\"ImageObject\",\"inLanguage\":\"fr-FR\",\"@id\":\"https:\/\/staging.lucky-hunter.com\/fr\/product\/wide-bore-speck-call\/#primaryimage\",\"url\":\"https:\/\/staging.lucky-hunter.com\/wp-content\/uploads\/2021\/08\/WBS-17.png\",\"contentUrl\":\"https:\/\/staging.lucky-hunter.com\/wp-content\/uploads\/2021\/08\/WBS-17.png\",\"width\":1000,\"height\":1000},{\"@type\":\"BreadcrumbList\",\"@id\":\"https:\/\/staging.lucky-hunter.com\/fr\/product\/wide-bore-speck-call\/#breadcrumb\",\"itemListElement\":[{\"@type\":\"ListItem\",\"position\":1,\"name\":\"Home\",\"item\":\"https:\/\/staging.lucky-hunter.com\/fr\/\"},{\"@type\":\"ListItem\",\"position\":2,\"name\":\"Boutique\",\"item\":\"https:\/\/staging.lucky-hunter.com\/fr\/shop\/\"},{\"@type\":\"ListItem\",\"position\":3,\"name\":\"Haydel\u00b4s Wide Bore Speck Call | Appeau \u00e0 Oie Rieuse | WBS-17\"}]},{\"@type\":\"WebSite\",\"@id\":\"https:\/\/staging.lucky-hunter.com\/#website\",\"url\":\"https:\/\/staging.lucky-hunter.com\/\",\"name\":\"Lucky-Hunter\",\"description\":\"Gear Up or Give Up\",\"potentialAction\":[{\"@type\":\"SearchAction\",\"target\":{\"@type\":\"EntryPoint\",\"urlTemplate\":\"https:\/\/staging.lucky-hunter.com\/?s={search_term_string}\"},\"query-input\":{\"@type\":\"PropertyValueSpecification\",\"valueRequired\":true,\"valueName\":\"search_term_string\"}}],\"inLanguage\":\"fr-FR\"}]}<\/script>\n<!-- \/ Yoast SEO plugin. -->","yoast_head_json":{"title":"Haydel\u00b4s Wide Bore Speck Call | WBS-17 | Now on Lucky-Hunter.com","description":"This Specklebelly Goose Call from Haydel\u00b4s is a unique hybrid design combining an acrylic big bore tone with a narrow air channel.","robots":{"index":"noindex","follow":"follow","max-snippet":"max-snippet:-1","max-image-preview":"max-image-preview:large","max-video-preview":"max-video-preview:-1"},"og_locale":"fr_FR","og_type":"article","og_title":"Haydel\u00b4s Wide Bore Speck Call | WBS-17 | Now on Lucky-Hunter.com","og_description":"This Specklebelly Goose Call from Haydel\u00b4s is a unique hybrid design combining an acrylic big bore tone with a narrow air channel.","og_url":"https:\/\/staging.lucky-hunter.com\/fr\/product\/wide-bore-speck-call\/","og_site_name":"Lucky-Hunter","article_modified_time":"2022-11-15T14:35:13+00:00","og_image":[{"width":1000,"height":1000,"url":"https:\/\/staging.lucky-hunter.com\/wp-content\/uploads\/2021\/08\/WBS-17.png","type":"image\/png"}],"twitter_card":"summary_large_image","twitter_misc":{"Dur\u00e9e de lecture estim\u00e9e":"1 minute"},"schema":{"@context":"https:\/\/schema.org","@graph":[{"@type":"WebPage","@id":"https:\/\/staging.lucky-hunter.com\/fr\/product\/wide-bore-speck-call\/","url":"https:\/\/staging.lucky-hunter.com\/fr\/product\/wide-bore-speck-call\/","name":"Haydel\u00b4s Wide Bore Speck Call | WBS-17 | Now on Lucky-Hunter.com","isPartOf":{"@id":"https:\/\/staging.lucky-hunter.com\/#website"},"primaryImageOfPage":{"@id":"https:\/\/staging.lucky-hunter.com\/fr\/product\/wide-bore-speck-call\/#primaryimage"},"image":{"@id":"https:\/\/staging.lucky-hunter.com\/fr\/product\/wide-bore-speck-call\/#primaryimage"},"thumbnailUrl":"https:\/\/staging.lucky-hunter.com\/wp-content\/uploads\/2021\/08\/WBS-17.png","datePublished":"2021-08-10T05:49:24+00:00","dateModified":"2022-11-15T14:35:13+00:00","description":"This Specklebelly Goose Call from Haydel\u00b4s is a unique hybrid design combining an acrylic big bore tone with a narrow air channel.","breadcrumb":{"@id":"https:\/\/staging.lucky-hunter.com\/fr\/product\/wide-bore-speck-call\/#breadcrumb"},"inLanguage":"fr-FR","potentialAction":[{"@type":"ReadAction","target":["https:\/\/staging.lucky-hunter.com\/fr\/product\/wide-bore-speck-call\/"]}]},{"@type":"ImageObject","inLanguage":"fr-FR","@id":"https:\/\/staging.lucky-hunter.com\/fr\/product\/wide-bore-speck-call\/#primaryimage","url":"https:\/\/staging.lucky-hunter.com\/wp-content\/uploads\/2021\/08\/WBS-17.png","contentUrl":"https:\/\/staging.lucky-hunter.com\/wp-content\/uploads\/2021\/08\/WBS-17.png","width":1000,"height":1000},{"@type":"BreadcrumbList","@id":"https:\/\/staging.lucky-hunter.com\/fr\/product\/wide-bore-speck-call\/#breadcrumb","itemListElement":[{"@type":"ListItem","position":1,"name":"Home","item":"https:\/\/staging.lucky-hunter.com\/fr\/"},{"@type":"ListItem","position":2,"name":"Boutique","item":"https:\/\/staging.lucky-hunter.com\/fr\/shop\/"},{"@type":"ListItem","position":3,"name":"Haydel\u00b4s Wide Bore Speck Call | Appeau \u00e0 Oie Rieuse | WBS-17"}]},{"@type":"WebSite","@id":"https:\/\/staging.lucky-hunter.com\/#website","url":"https:\/\/staging.lucky-hunter.com\/","name":"Lucky-Hunter","description":"Gear Up or Give Up","potentialAction":[{"@type":"SearchAction","target":{"@type":"EntryPoint","urlTemplate":"https:\/\/staging.lucky-hunter.com\/?s={search_term_string}"},"query-input":{"@type":"PropertyValueSpecification","valueRequired":true,"valueName":"search_term_string"}}],"inLanguage":"fr-FR"}]}},"_links":{"self":[{"href":"https:\/\/staging.lucky-hunter.com\/fr\/wp-json\/wp\/v2\/product\/31348"}],"collection":[{"href":"https:\/\/staging.lucky-hunter.com\/fr\/wp-json\/wp\/v2\/product"}],"about":[{"href":"https:\/\/staging.lucky-hunter.com\/fr\/wp-json\/wp\/v2\/types\/product"}],"wp:featuredmedia":[{"embeddable":true,"href":"https:\/\/staging.lucky-hunter.com\/fr\/wp-json\/wp\/v2\/media\/30259"}],"wp:attachment":[{"href":"https:\/\/staging.lucky-hunter.com\/fr\/wp-json\/wp\/v2\/media?parent=31348"}],"wp:term":[{"taxonomy":"product_brand","embeddable":true,"href":"https:\/\/staging.lucky-hunter.com\/fr\/wp-json\/wp\/v2\/product_brand?post=31348"},{"taxonomy":"product_cat","embeddable":true,"href":"https:\/\/staging.lucky-hunter.com\/fr\/wp-json\/wp\/v2\/product_cat?post=31348"},{"taxonomy":"product_tag","embeddable":true,"href":"https:\/\/staging.lucky-hunter.com\/fr\/wp-json\/wp\/v2\/product_tag?post=31348"}],"curies":[{"name":"wp","href":"https:\/\/api.w.org\/{rel}","templated":true}]}}