{"id":31347,"date":"2021-08-09T12:16:30","date_gmt":"2021-08-09T10:16:30","guid":{"rendered":"https:\/\/staging.lucky-hunter.com\/product\/the-whistler-3-in-1-2\/"},"modified":"2025-06-26T13:49:47","modified_gmt":"2025-06-26T11:49:47","slug":"appeau-a-canard-siffleur-3-en-1-haydels-the-whistler-w-19","status":"publish","type":"product","link":"https:\/\/staging.lucky-hunter.com\/fr\/product\/appeau-a-canard-siffleur-3-en-1-haydels-the-whistler-w-19\/","title":{"rendered":"Appeau \u00e0 Canard Siffleur 3 en 1 | Haydel\u2019s The Whistler W-19"},"content":{"rendered":"<h2><strong>Appeau \u00e0 Canard Siffleur Haydel\u2019s<\/strong><\/h2>\n<p>Haydel\u2019s The Whistler (Le Siffleur) est sp\u00e9cialement con\u00e7u pour les canards qui \u00e9mettent un cri plut\u00f4t nasillard. Il n\u2019est pas pr\u00e9vu pour les sarcelles \u00e0 ailes vertes ou pour les canards pilets, qui piaillent, mais il est parfait pour les canards siffleurs.<\/p>\n<p><strong>Instructions d&#8217;appel\u00a0:<\/strong><\/p>\n<p>Pour les canards siffleurs, il suffit de jouer une note courte suivie d&#8217;une note longue et plus aigu\u00eb, puis d&#8217;une note courte et grave.<\/p>\n<p><iframe title=\"Whistler\" width=\"1020\" height=\"574\" src=\"https:\/\/www.youtube.com\/embed\/YCwwgKw7260?wmode=transparent&amp;rel=0&amp;feature=oembed&#038;enablejsapi=1&#038;origin=https:\/\/staging.lucky-hunter.com\" frameborder=\"0\" allow=\"accelerometer; autoplay; clipboard-write; encrypted-media; gyroscope; picture-in-picture; web-share\" referrerpolicy=\"strict-origin-when-cross-origin\" allowfullscreen><\/iframe><\/p>\n","protected":false},"excerpt":{"rendered":"<p>L&#8217;appeau \u00ab The Whistler \u00bb de Haydel est sp\u00e9cialement con\u00e7u pour les canards qui \u00e9mettent des sons plus nasillards dans leurs appels.<\/p>\n","protected":false},"featured_media":30253,"template":"","meta":[],"product_brand":[8139],"product_cat":[8167],"product_tag":[9235],"yoast_head":"<!-- This site is optimized with the Yoast SEO plugin v24.3 - https:\/\/yoast.com\/wordpress\/plugins\/seo\/ -->\n<title>Appeau \u00e0 Canard Siffleur 3 en 1 | Haydel\u2019s The Whistler W-19<\/title>\n<meta name=\"description\" content=\"Appeau \u00e0 Canard Siffleur - Haydel\u2019s The Whistler - est sp\u00e9cialement con\u00e7u pour les canards qui \u00e9mettent un cri plut\u00f4t nasillard.\" \/>\n<meta name=\"robots\" content=\"noindex, follow, max-snippet:-1, max-image-preview:large, max-video-preview:-1\" \/>\n<meta property=\"og:locale\" content=\"fr_FR\" \/>\n<meta property=\"og:type\" content=\"article\" \/>\n<meta property=\"og:title\" content=\"Appeau \u00e0 Canard Siffleur 3 en 1 | Haydel\u2019s The Whistler W-19\" \/>\n<meta property=\"og:description\" content=\"Appeau \u00e0 Canard Siffleur - Haydel\u2019s The Whistler - est sp\u00e9cialement con\u00e7u pour les canards qui \u00e9mettent un cri plut\u00f4t nasillard.\" \/>\n<meta property=\"og:url\" content=\"https:\/\/staging.lucky-hunter.com\/fr\/product\/appeau-a-canard-siffleur-3-en-1-haydels-the-whistler-w-19\/\" \/>\n<meta property=\"og:site_name\" content=\"Lucky-Hunter\" \/>\n<meta property=\"article:modified_time\" content=\"2025-06-26T11:49:47+00:00\" \/>\n<meta property=\"og:image\" content=\"https:\/\/staging.lucky-hunter.com\/wp-content\/uploads\/2021\/08\/W-19.png\" \/>\n\t<meta property=\"og:image:width\" content=\"1000\" \/>\n\t<meta property=\"og:image:height\" content=\"1000\" \/>\n\t<meta property=\"og:image:type\" content=\"image\/png\" \/>\n<meta name=\"twitter:card\" content=\"summary_large_image\" \/>\n<meta name=\"twitter:label1\" content=\"Dur\u00e9e de lecture estim\u00e9e\" \/>\n\t<meta name=\"twitter:data1\" content=\"1 minute\" \/>\n<script type=\"application\/ld+json\" class=\"yoast-schema-graph\">{\"@context\":\"https:\/\/schema.org\",\"@graph\":[{\"@type\":\"WebPage\",\"@id\":\"https:\/\/staging.lucky-hunter.com\/fr\/product\/appeau-a-canard-siffleur-3-en-1-haydels-the-whistler-w-19\/\",\"url\":\"https:\/\/staging.lucky-hunter.com\/fr\/product\/appeau-a-canard-siffleur-3-en-1-haydels-the-whistler-w-19\/\",\"name\":\"Appeau \u00e0 Canard Siffleur 3 en 1 | Haydel\u2019s The Whistler W-19\",\"isPartOf\":{\"@id\":\"https:\/\/staging.lucky-hunter.com\/#website\"},\"primaryImageOfPage\":{\"@id\":\"https:\/\/staging.lucky-hunter.com\/fr\/product\/appeau-a-canard-siffleur-3-en-1-haydels-the-whistler-w-19\/#primaryimage\"},\"image\":{\"@id\":\"https:\/\/staging.lucky-hunter.com\/fr\/product\/appeau-a-canard-siffleur-3-en-1-haydels-the-whistler-w-19\/#primaryimage\"},\"thumbnailUrl\":\"https:\/\/staging.lucky-hunter.com\/wp-content\/uploads\/2021\/08\/W-19.png\",\"datePublished\":\"2021-08-09T10:16:30+00:00\",\"dateModified\":\"2025-06-26T11:49:47+00:00\",\"description\":\"Appeau \u00e0 Canard Siffleur - Haydel\u2019s The Whistler - est sp\u00e9cialement con\u00e7u pour les canards qui \u00e9mettent un cri plut\u00f4t nasillard.\",\"breadcrumb\":{\"@id\":\"https:\/\/staging.lucky-hunter.com\/fr\/product\/appeau-a-canard-siffleur-3-en-1-haydels-the-whistler-w-19\/#breadcrumb\"},\"inLanguage\":\"fr-FR\",\"potentialAction\":[{\"@type\":\"ReadAction\",\"target\":[\"https:\/\/staging.lucky-hunter.com\/fr\/product\/appeau-a-canard-siffleur-3-en-1-haydels-the-whistler-w-19\/\"]}]},{\"@type\":\"ImageObject\",\"inLanguage\":\"fr-FR\",\"@id\":\"https:\/\/staging.lucky-hunter.com\/fr\/product\/appeau-a-canard-siffleur-3-en-1-haydels-the-whistler-w-19\/#primaryimage\",\"url\":\"https:\/\/staging.lucky-hunter.com\/wp-content\/uploads\/2021\/08\/W-19.png\",\"contentUrl\":\"https:\/\/staging.lucky-hunter.com\/wp-content\/uploads\/2021\/08\/W-19.png\",\"width\":1000,\"height\":1000},{\"@type\":\"BreadcrumbList\",\"@id\":\"https:\/\/staging.lucky-hunter.com\/fr\/product\/appeau-a-canard-siffleur-3-en-1-haydels-the-whistler-w-19\/#breadcrumb\",\"itemListElement\":[{\"@type\":\"ListItem\",\"position\":1,\"name\":\"Home\",\"item\":\"https:\/\/staging.lucky-hunter.com\/fr\/\"},{\"@type\":\"ListItem\",\"position\":2,\"name\":\"Boutique\",\"item\":\"https:\/\/staging.lucky-hunter.com\/fr\/shop\/\"},{\"@type\":\"ListItem\",\"position\":3,\"name\":\"Appeau \u00e0 Canard Siffleur 3 en 1 | Haydel\u2019s The Whistler W-19\"}]},{\"@type\":\"WebSite\",\"@id\":\"https:\/\/staging.lucky-hunter.com\/#website\",\"url\":\"https:\/\/staging.lucky-hunter.com\/\",\"name\":\"Lucky-Hunter\",\"description\":\"Gear Up or Give Up\",\"potentialAction\":[{\"@type\":\"SearchAction\",\"target\":{\"@type\":\"EntryPoint\",\"urlTemplate\":\"https:\/\/staging.lucky-hunter.com\/?s={search_term_string}\"},\"query-input\":{\"@type\":\"PropertyValueSpecification\",\"valueRequired\":true,\"valueName\":\"search_term_string\"}}],\"inLanguage\":\"fr-FR\"}]}<\/script>\n<!-- \/ Yoast SEO plugin. -->","yoast_head_json":{"title":"Appeau \u00e0 Canard Siffleur 3 en 1 | Haydel\u2019s The Whistler W-19","description":"Appeau \u00e0 Canard Siffleur - Haydel\u2019s The Whistler - est sp\u00e9cialement con\u00e7u pour les canards qui \u00e9mettent un cri plut\u00f4t nasillard.","robots":{"index":"noindex","follow":"follow","max-snippet":"max-snippet:-1","max-image-preview":"max-image-preview:large","max-video-preview":"max-video-preview:-1"},"og_locale":"fr_FR","og_type":"article","og_title":"Appeau \u00e0 Canard Siffleur 3 en 1 | Haydel\u2019s The Whistler W-19","og_description":"Appeau \u00e0 Canard Siffleur - Haydel\u2019s The Whistler - est sp\u00e9cialement con\u00e7u pour les canards qui \u00e9mettent un cri plut\u00f4t nasillard.","og_url":"https:\/\/staging.lucky-hunter.com\/fr\/product\/appeau-a-canard-siffleur-3-en-1-haydels-the-whistler-w-19\/","og_site_name":"Lucky-Hunter","article_modified_time":"2025-06-26T11:49:47+00:00","og_image":[{"width":1000,"height":1000,"url":"https:\/\/staging.lucky-hunter.com\/wp-content\/uploads\/2021\/08\/W-19.png","type":"image\/png"}],"twitter_card":"summary_large_image","twitter_misc":{"Dur\u00e9e de lecture estim\u00e9e":"1 minute"},"schema":{"@context":"https:\/\/schema.org","@graph":[{"@type":"WebPage","@id":"https:\/\/staging.lucky-hunter.com\/fr\/product\/appeau-a-canard-siffleur-3-en-1-haydels-the-whistler-w-19\/","url":"https:\/\/staging.lucky-hunter.com\/fr\/product\/appeau-a-canard-siffleur-3-en-1-haydels-the-whistler-w-19\/","name":"Appeau \u00e0 Canard Siffleur 3 en 1 | Haydel\u2019s The Whistler W-19","isPartOf":{"@id":"https:\/\/staging.lucky-hunter.com\/#website"},"primaryImageOfPage":{"@id":"https:\/\/staging.lucky-hunter.com\/fr\/product\/appeau-a-canard-siffleur-3-en-1-haydels-the-whistler-w-19\/#primaryimage"},"image":{"@id":"https:\/\/staging.lucky-hunter.com\/fr\/product\/appeau-a-canard-siffleur-3-en-1-haydels-the-whistler-w-19\/#primaryimage"},"thumbnailUrl":"https:\/\/staging.lucky-hunter.com\/wp-content\/uploads\/2021\/08\/W-19.png","datePublished":"2021-08-09T10:16:30+00:00","dateModified":"2025-06-26T11:49:47+00:00","description":"Appeau \u00e0 Canard Siffleur - Haydel\u2019s The Whistler - est sp\u00e9cialement con\u00e7u pour les canards qui \u00e9mettent un cri plut\u00f4t nasillard.","breadcrumb":{"@id":"https:\/\/staging.lucky-hunter.com\/fr\/product\/appeau-a-canard-siffleur-3-en-1-haydels-the-whistler-w-19\/#breadcrumb"},"inLanguage":"fr-FR","potentialAction":[{"@type":"ReadAction","target":["https:\/\/staging.lucky-hunter.com\/fr\/product\/appeau-a-canard-siffleur-3-en-1-haydels-the-whistler-w-19\/"]}]},{"@type":"ImageObject","inLanguage":"fr-FR","@id":"https:\/\/staging.lucky-hunter.com\/fr\/product\/appeau-a-canard-siffleur-3-en-1-haydels-the-whistler-w-19\/#primaryimage","url":"https:\/\/staging.lucky-hunter.com\/wp-content\/uploads\/2021\/08\/W-19.png","contentUrl":"https:\/\/staging.lucky-hunter.com\/wp-content\/uploads\/2021\/08\/W-19.png","width":1000,"height":1000},{"@type":"BreadcrumbList","@id":"https:\/\/staging.lucky-hunter.com\/fr\/product\/appeau-a-canard-siffleur-3-en-1-haydels-the-whistler-w-19\/#breadcrumb","itemListElement":[{"@type":"ListItem","position":1,"name":"Home","item":"https:\/\/staging.lucky-hunter.com\/fr\/"},{"@type":"ListItem","position":2,"name":"Boutique","item":"https:\/\/staging.lucky-hunter.com\/fr\/shop\/"},{"@type":"ListItem","position":3,"name":"Appeau \u00e0 Canard Siffleur 3 en 1 | Haydel\u2019s The Whistler W-19"}]},{"@type":"WebSite","@id":"https:\/\/staging.lucky-hunter.com\/#website","url":"https:\/\/staging.lucky-hunter.com\/","name":"Lucky-Hunter","description":"Gear Up or Give Up","potentialAction":[{"@type":"SearchAction","target":{"@type":"EntryPoint","urlTemplate":"https:\/\/staging.lucky-hunter.com\/?s={search_term_string}"},"query-input":{"@type":"PropertyValueSpecification","valueRequired":true,"valueName":"search_term_string"}}],"inLanguage":"fr-FR"}]}},"_links":{"self":[{"href":"https:\/\/staging.lucky-hunter.com\/fr\/wp-json\/wp\/v2\/product\/31347"}],"collection":[{"href":"https:\/\/staging.lucky-hunter.com\/fr\/wp-json\/wp\/v2\/product"}],"about":[{"href":"https:\/\/staging.lucky-hunter.com\/fr\/wp-json\/wp\/v2\/types\/product"}],"wp:featuredmedia":[{"embeddable":true,"href":"https:\/\/staging.lucky-hunter.com\/fr\/wp-json\/wp\/v2\/media\/30253"}],"wp:attachment":[{"href":"https:\/\/staging.lucky-hunter.com\/fr\/wp-json\/wp\/v2\/media?parent=31347"}],"wp:term":[{"taxonomy":"product_brand","embeddable":true,"href":"https:\/\/staging.lucky-hunter.com\/fr\/wp-json\/wp\/v2\/product_brand?post=31347"},{"taxonomy":"product_cat","embeddable":true,"href":"https:\/\/staging.lucky-hunter.com\/fr\/wp-json\/wp\/v2\/product_cat?post=31347"},{"taxonomy":"product_tag","embeddable":true,"href":"https:\/\/staging.lucky-hunter.com\/fr\/wp-json\/wp\/v2\/product_tag?post=31347"}],"curies":[{"name":"wp","href":"https:\/\/api.w.org\/{rel}","templated":true}]}}