{"id":31346,"date":"2021-08-06T15:34:52","date_gmt":"2021-08-06T13:34:52","guid":{"rendered":"https:\/\/staging.lucky-hunter.com\/product\/variable-tone-duck-call-2\/"},"modified":"2024-05-01T08:38:54","modified_gmt":"2024-05-01T06:38:54","slug":"variable-tone-duck-call","status":"publish","type":"product","link":"https:\/\/staging.lucky-hunter.com\/fr\/product\/variable-tone-duck-call\/","title":{"rendered":"Haydel\u2019s Variable Tone | Appeau \u00e0 Canard Colvert | VTM-90"},"content":{"rendered":"<h2><strong>Haydel\u2019s Variable Tone, Appeau \u00e0 Canard Colvert Double Anche \u00e0 Tonalit\u00e9 Variable<\/strong><\/h2>\n<p>L\u2019Appeau \u00e0 Colvert Anche Double Haydel\u2019s VTM-90 a la particularit\u00e9 de pouvoir produire des sons qui simulent la pr\u00e9sence de deux colverts diff\u00e9rents. En bouchant le trou du barrel, le son \u00e9mis ressemble au cri d&#8217;un colvert plut\u00f4t \u00e2g\u00e9, mais en le laissant ouvert, le son devient plus aigu, ressemblant alors au cri d\u2019une jeune cane.<\/p>\n<p>Comme l\u2019explique Rod Haydel dans la vid\u00e9o ci-dessous, prononcez <em>\u00ab\u00a0VUT\u00a0\u00bb<\/em> tout en soufflant dans l&#8217;appeau.<\/p>\n<p>M\u00eame pour les d\u00e9butants, cet appeau \u00e0 canard est tr\u00e8s facile \u00e0 utiliser et il permet de reproduire tous les sons habituellement \u00e9mis par les colverts.<\/p>\n<p>Comme tous les appeau Haydel\u2019s, le VTM-90 peut \u00eatre utilis\u00e9 m\u00eame mouill\u00e9, que ce soit \u00e0 cause de la salive ou d\u2019une chute dans l&#8217;eau.<\/p>\n<p><strong>Instructions d&#8217;appel\u00a0:<\/strong><\/p>\n<ul>\n<li>Tenez l&#8217;appeau entre le pouce et l&#8217;index. Gardez votre main ouverte.<\/li>\n<li>Pour cancaner, prononcez \u00ab\u00a0VUT\u00a0\u00bb en soufflant dans l\u2019appeau.<\/li>\n<li>Augmentez la pression de votre souffle pour le \u00ab\u00a0UT\u00a0\u00bb. Vous obtiendrez ainsi un cancanement satisfait et fluide.<\/li>\n<li>L&#8217;appel de salutation est de 5 \u00e0 7 notes en tonalit\u00e9 descendante. Pour simuler l\u2019excitation, utilisez les m\u00eames 5 \u00e0 7 notes un peu plus rapidement.<\/li>\n<li>L&#8217;appel suppliant fait durer la premi\u00e8re note plus longtemps que les autres.<\/li>\n<li>L&#8217;appel de nourrissage ressemble \u00e0 \u00e7a : \u00ab DU DIT &#8230;&#8230; DITDITDI &#8230;.. DIT \u00bb. De mani\u00e8re cass\u00e9e et saccad\u00e9e.<\/li>\n<\/ul>\n<p><strong>Caract\u00e9ristiques\u00a0:<\/strong><\/p>\n<ul>\n<li>Reproduit le cri d&#8217;un canard colvert<\/li>\n<li>Anche double<\/li>\n<li>Peut \u00eatre utilis\u00e9 m\u00eame mouill\u00e9<\/li>\n<li>Couleur\u00a0: Noir<\/li>\n<li>Mod\u00e8le : VTM-90<\/li>\n<li>Poids\u00a0: environ 45 grammes.<\/li>\n<\/ul>\n<p>Tous les appeaux sont accord\u00e9s en usine et test\u00e9s par des champions d\u2019appels. Aucun accordage suppl\u00e9mentaire n&#8217;est requis, cependant, si vous avez besoin de faire des ajustements en raison de votre style personnel, d\u00e9placez la cale vers la pointe des anches pour une tonalit\u00e9 plus aigu\u00eb et \u00e0 l&#8217;oppos\u00e9 pour une tonalit\u00e9 plus grave.<\/p>\n<p><iframe title=\"Haydel mallard variable tone VTM-90\" width=\"1020\" height=\"574\" src=\"https:\/\/www.youtube.com\/embed\/2gLbLgc9sEM?wmode=transparent&amp;rel=0&amp;feature=oembed&#038;enablejsapi=1&#038;origin=https:\/\/staging.lucky-hunter.com\" frameborder=\"0\" allow=\"accelerometer; autoplay; clipboard-write; encrypted-media; gyroscope; picture-in-picture\" allowfullscreen><\/iframe><\/p>\n","protected":false},"excerpt":{"rendered":"<p>L\u2019Appeau \u00e0 Colvert Anche Double Haydel\u2019s VTM-90 a la particularit\u00e9 de pouvoir produire des sons qui simulent la pr\u00e9sence de deux colverts diff\u00e9rents.<\/p>\n","protected":false},"featured_media":30254,"template":"","meta":[],"product_brand":[9667],"product_cat":[8167],"product_tag":[9235],"yoast_head":"<!-- This site is optimized with the Yoast SEO plugin v24.3 - https:\/\/yoast.com\/wordpress\/plugins\/seo\/ -->\n<title>Haydel\u00b4s Variable Mallard Duck Call VTM-90- Can be used in wet condition<\/title>\n<meta name=\"description\" content=\"Haydel\u00b4s Double Reed Mallard Call VTM-90 has the special feature that you can produce sounds like two different mallards\" \/>\n<meta name=\"robots\" content=\"noindex, follow, max-snippet:-1, max-image-preview:large, max-video-preview:-1\" \/>\n<meta property=\"og:locale\" content=\"fr_FR\" \/>\n<meta property=\"og:type\" content=\"article\" \/>\n<meta property=\"og:title\" content=\"Haydel\u00b4s Variable Mallard Duck Call VTM-90- Can be used in wet condition\" \/>\n<meta property=\"og:description\" content=\"Haydel\u00b4s Double Reed Mallard Call VTM-90 has the special feature that you can produce sounds like two different mallards\" \/>\n<meta property=\"og:url\" content=\"https:\/\/staging.lucky-hunter.com\/product\/variable-tone-duck-call\/\" \/>\n<meta property=\"og:site_name\" content=\"Lucky-Hunter\" \/>\n<meta property=\"article:modified_time\" content=\"2024-05-01T06:38:54+00:00\" \/>\n<meta property=\"og:image\" content=\"https:\/\/staging.lucky-hunter.com\/wp-content\/uploads\/2021\/08\/VTM-90.png\" \/>\n\t<meta property=\"og:image:width\" content=\"1000\" \/>\n\t<meta property=\"og:image:height\" content=\"1000\" \/>\n\t<meta property=\"og:image:type\" content=\"image\/png\" \/>\n<meta name=\"twitter:card\" content=\"summary_large_image\" \/>\n<meta name=\"twitter:label1\" content=\"Dur\u00e9e de lecture estim\u00e9e\" \/>\n\t<meta name=\"twitter:data1\" content=\"2 minutes\" \/>\n<script type=\"application\/ld+json\" class=\"yoast-schema-graph\">{\"@context\":\"https:\/\/schema.org\",\"@graph\":[{\"@type\":\"WebPage\",\"@id\":\"https:\/\/staging.lucky-hunter.com\/product\/variable-tone-duck-call\/\",\"url\":\"https:\/\/staging.lucky-hunter.com\/product\/variable-tone-duck-call\/\",\"name\":\"Haydel\u00b4s Variable Mallard Duck Call VTM-90- Can be used in wet condition\",\"isPartOf\":{\"@id\":\"https:\/\/staging.lucky-hunter.com\/#website\"},\"primaryImageOfPage\":{\"@id\":\"https:\/\/staging.lucky-hunter.com\/product\/variable-tone-duck-call\/#primaryimage\"},\"image\":{\"@id\":\"https:\/\/staging.lucky-hunter.com\/product\/variable-tone-duck-call\/#primaryimage\"},\"thumbnailUrl\":\"https:\/\/staging.lucky-hunter.com\/wp-content\/uploads\/2021\/08\/VTM-90.png\",\"datePublished\":\"2021-08-06T13:34:52+00:00\",\"dateModified\":\"2024-05-01T06:38:54+00:00\",\"description\":\"Haydel\u00b4s Double Reed Mallard Call VTM-90 has the special feature that you can produce sounds like two different mallards\",\"breadcrumb\":{\"@id\":\"https:\/\/staging.lucky-hunter.com\/product\/variable-tone-duck-call\/#breadcrumb\"},\"inLanguage\":\"fr-FR\",\"potentialAction\":[{\"@type\":\"ReadAction\",\"target\":[\"https:\/\/staging.lucky-hunter.com\/product\/variable-tone-duck-call\/\"]}]},{\"@type\":\"ImageObject\",\"inLanguage\":\"fr-FR\",\"@id\":\"https:\/\/staging.lucky-hunter.com\/product\/variable-tone-duck-call\/#primaryimage\",\"url\":\"https:\/\/staging.lucky-hunter.com\/wp-content\/uploads\/2021\/08\/VTM-90.png\",\"contentUrl\":\"https:\/\/staging.lucky-hunter.com\/wp-content\/uploads\/2021\/08\/VTM-90.png\",\"width\":1000,\"height\":1000},{\"@type\":\"BreadcrumbList\",\"@id\":\"https:\/\/staging.lucky-hunter.com\/product\/variable-tone-duck-call\/#breadcrumb\",\"itemListElement\":[{\"@type\":\"ListItem\",\"position\":1,\"name\":\"Home\",\"item\":\"https:\/\/staging.lucky-hunter.com\/fr\/\"},{\"@type\":\"ListItem\",\"position\":2,\"name\":\"Boutique\",\"item\":\"https:\/\/staging.lucky-hunter.com\/fr\/shop\/\"},{\"@type\":\"ListItem\",\"position\":3,\"name\":\"Haydel\u2019s Variable Tone | Appeau \u00e0 Canard Colvert | VTM-90\"}]},{\"@type\":\"WebSite\",\"@id\":\"https:\/\/staging.lucky-hunter.com\/#website\",\"url\":\"https:\/\/staging.lucky-hunter.com\/\",\"name\":\"Lucky-Hunter\",\"description\":\"Gear Up or Give Up\",\"potentialAction\":[{\"@type\":\"SearchAction\",\"target\":{\"@type\":\"EntryPoint\",\"urlTemplate\":\"https:\/\/staging.lucky-hunter.com\/?s={search_term_string}\"},\"query-input\":{\"@type\":\"PropertyValueSpecification\",\"valueRequired\":true,\"valueName\":\"search_term_string\"}}],\"inLanguage\":\"fr-FR\"}]}<\/script>\n<!-- \/ Yoast SEO plugin. -->","yoast_head_json":{"title":"Haydel\u00b4s Variable Mallard Duck Call VTM-90- Can be used in wet condition","description":"Haydel\u00b4s Double Reed Mallard Call VTM-90 has the special feature that you can produce sounds like two different mallards","robots":{"index":"noindex","follow":"follow","max-snippet":"max-snippet:-1","max-image-preview":"max-image-preview:large","max-video-preview":"max-video-preview:-1"},"og_locale":"fr_FR","og_type":"article","og_title":"Haydel\u00b4s Variable Mallard Duck Call VTM-90- Can be used in wet condition","og_description":"Haydel\u00b4s Double Reed Mallard Call VTM-90 has the special feature that you can produce sounds like two different mallards","og_url":"https:\/\/staging.lucky-hunter.com\/product\/variable-tone-duck-call\/","og_site_name":"Lucky-Hunter","article_modified_time":"2024-05-01T06:38:54+00:00","og_image":[{"width":1000,"height":1000,"url":"https:\/\/staging.lucky-hunter.com\/wp-content\/uploads\/2021\/08\/VTM-90.png","type":"image\/png"}],"twitter_card":"summary_large_image","twitter_misc":{"Dur\u00e9e de lecture estim\u00e9e":"2 minutes"},"schema":{"@context":"https:\/\/schema.org","@graph":[{"@type":"WebPage","@id":"https:\/\/staging.lucky-hunter.com\/product\/variable-tone-duck-call\/","url":"https:\/\/staging.lucky-hunter.com\/product\/variable-tone-duck-call\/","name":"Haydel\u00b4s Variable Mallard Duck Call VTM-90- Can be used in wet condition","isPartOf":{"@id":"https:\/\/staging.lucky-hunter.com\/#website"},"primaryImageOfPage":{"@id":"https:\/\/staging.lucky-hunter.com\/product\/variable-tone-duck-call\/#primaryimage"},"image":{"@id":"https:\/\/staging.lucky-hunter.com\/product\/variable-tone-duck-call\/#primaryimage"},"thumbnailUrl":"https:\/\/staging.lucky-hunter.com\/wp-content\/uploads\/2021\/08\/VTM-90.png","datePublished":"2021-08-06T13:34:52+00:00","dateModified":"2024-05-01T06:38:54+00:00","description":"Haydel\u00b4s Double Reed Mallard Call VTM-90 has the special feature that you can produce sounds like two different mallards","breadcrumb":{"@id":"https:\/\/staging.lucky-hunter.com\/product\/variable-tone-duck-call\/#breadcrumb"},"inLanguage":"fr-FR","potentialAction":[{"@type":"ReadAction","target":["https:\/\/staging.lucky-hunter.com\/product\/variable-tone-duck-call\/"]}]},{"@type":"ImageObject","inLanguage":"fr-FR","@id":"https:\/\/staging.lucky-hunter.com\/product\/variable-tone-duck-call\/#primaryimage","url":"https:\/\/staging.lucky-hunter.com\/wp-content\/uploads\/2021\/08\/VTM-90.png","contentUrl":"https:\/\/staging.lucky-hunter.com\/wp-content\/uploads\/2021\/08\/VTM-90.png","width":1000,"height":1000},{"@type":"BreadcrumbList","@id":"https:\/\/staging.lucky-hunter.com\/product\/variable-tone-duck-call\/#breadcrumb","itemListElement":[{"@type":"ListItem","position":1,"name":"Home","item":"https:\/\/staging.lucky-hunter.com\/fr\/"},{"@type":"ListItem","position":2,"name":"Boutique","item":"https:\/\/staging.lucky-hunter.com\/fr\/shop\/"},{"@type":"ListItem","position":3,"name":"Haydel\u2019s Variable Tone | Appeau \u00e0 Canard Colvert | VTM-90"}]},{"@type":"WebSite","@id":"https:\/\/staging.lucky-hunter.com\/#website","url":"https:\/\/staging.lucky-hunter.com\/","name":"Lucky-Hunter","description":"Gear Up or Give Up","potentialAction":[{"@type":"SearchAction","target":{"@type":"EntryPoint","urlTemplate":"https:\/\/staging.lucky-hunter.com\/?s={search_term_string}"},"query-input":{"@type":"PropertyValueSpecification","valueRequired":true,"valueName":"search_term_string"}}],"inLanguage":"fr-FR"}]}},"_links":{"self":[{"href":"https:\/\/staging.lucky-hunter.com\/fr\/wp-json\/wp\/v2\/product\/31346"}],"collection":[{"href":"https:\/\/staging.lucky-hunter.com\/fr\/wp-json\/wp\/v2\/product"}],"about":[{"href":"https:\/\/staging.lucky-hunter.com\/fr\/wp-json\/wp\/v2\/types\/product"}],"wp:featuredmedia":[{"embeddable":true,"href":"https:\/\/staging.lucky-hunter.com\/fr\/wp-json\/wp\/v2\/media\/30254"}],"wp:attachment":[{"href":"https:\/\/staging.lucky-hunter.com\/fr\/wp-json\/wp\/v2\/media?parent=31346"}],"wp:term":[{"taxonomy":"product_brand","embeddable":true,"href":"https:\/\/staging.lucky-hunter.com\/fr\/wp-json\/wp\/v2\/product_brand?post=31346"},{"taxonomy":"product_cat","embeddable":true,"href":"https:\/\/staging.lucky-hunter.com\/fr\/wp-json\/wp\/v2\/product_cat?post=31346"},{"taxonomy":"product_tag","embeddable":true,"href":"https:\/\/staging.lucky-hunter.com\/fr\/wp-json\/wp\/v2\/product_tag?post=31346"}],"curies":[{"name":"wp","href":"https:\/\/api.w.org\/{rel}","templated":true}]}}