{"id":31345,"date":"2021-08-06T14:38:28","date_gmt":"2021-08-06T12:38:28","guid":{"rendered":"https:\/\/staging.lucky-hunter.com\/product\/stout-call-2\/"},"modified":"2024-05-01T08:38:54","modified_gmt":"2024-05-01T06:38:54","slug":"stout-call","status":"publish","type":"product","link":"https:\/\/staging.lucky-hunter.com\/fr\/product\/stout-call\/","title":{"rendered":"Haydel\u2019s Stout Call | Appeau \u00e0 Colvert Anche Double | STOUT-14"},"content":{"rendered":"<h2><strong>Appeau \u00e0 Colvert Haydel\u2019s, performant et extr\u00eamement polyvalent<\/strong><\/h2>\n<p>Haydel\u2019s a commercialis\u00e9 cet excellent appeau en 2014.<\/p>\n<p>L\u2019Appeau \u00e0 Colvert Anche Double Stout (Stout-14) dispose d\u2019un barrel raccourci et \u00e9largi ainsi que d\u2019un tunnel sonore modifi\u00e9, ce qui le rend extr\u00eamement polyvalent.<\/p>\n<p>Le Stout peut produire de forts cris aigus, des &#8220;aboiements&#8221; rauques et m\u00eame des couinements ! Positionnez votre main de mani\u00e8re \u00e0 ce qu&#8217;elle s&#8217;\u00e9tende au-del\u00e0 du canon pour \u00e9mettre un cri de colvert plus grave.<\/p>\n<p>Vous serez \u00e9tonn\u00e9 par la quantit\u00e9 de sons diff\u00e9rents que vous pouvez produire avec cet appeau ! Le Stout a \u00e9t\u00e9 test\u00e9 sur le terrain par l\u2019\u00e9quipe de professionnels de Haydel\u2019s pendant plusieurs ann\u00e9es et les r\u00e9sultats sont incroyables. Vous serez impressionn\u00e9. Pr\u00e9parez vous \u00e0 des sangles pleines d&#8217;oiseaux !<\/p>\n<p><strong>Instructions d&#8217;appel\u00a0:<\/strong><\/p>\n<ul>\n<li>Placez l&#8217;appeau entre le pouce et l&#8217;index.Pour cancaner, vous pouvez utiliser diff\u00e9rentes onomatop\u00e9es, telles que <em>\u00ab\u00a0VUT\u00a0\u00bb, \u00ab\u00a0HAT\u00a0\u00bb, \u00ab\u00a0HOOT\u00a0\u00bb<\/em> ou similaires, de mani\u00e8re \u00e0 ce que le souffle commence doucement et se termine brusquement. Encha\u00eenez plusieurs cancanements d\u2019affil\u00e9e pour produire une s\u00e9rie d&#8217;appels.<\/li>\n<li>Pour des appels qui couinent, le son <em>\u00ab\u00a0AFFFFFF\u00a0\u00bb<\/em> vous aidera \u00e0 serrer les l\u00e8vres afin d\u2019augmenter la vitesse du flux d\u2019air, provoquant ainsi un blocage partiel des anches et produisant le couinement.<\/li>\n<li>Veillez \u00e0 augmenter la pression de l\u2019air lorsque vous dites \u00ab\u00a0FFFF\u00a0\u00bb. Bien entendu, il faut un peu de pratique pour d\u00e9velopper une bonne coordination.<\/li>\n<li>Cet appeau peut \u00e9galement produire des <em>\u00ab\u00a0aboiements\u00a0\u00bb<\/em> agressifs. Des sons tels que <em>\u00ab\u00a0Tchat\u00a0\u00bb<\/em> ou <em>\u00ab\u00a0Tchut\u00a0\u00bb<\/em> fourniront la pression ad\u00e9quate pour obtenir un r\u00e9sultat guttural et rauque. Pour accentuer les \u00ab\u00a0aboiements\u00a0\u00bb, ouvrez et fermez votre main.<\/li>\n<\/ul>\n<p>Le barrel court de cet appel est crucial, c\u2019est ce qui lui permet d\u2019\u00eatre si performant et polyvalent. Ouvrez enti\u00e8rement votre main pour \u00e9mettre des appels extr\u00eamement bruyant pendant les jours de grand vent. Ou alors, pour obtenir un son plus classique, fermez votre main autour du barrel. Pour donner l\u2019illusion de plusieurs canards diff\u00e9rents, formez une coupe avec votre main et variez la direction et le rythme de vos appels.<\/p>\n<p>Comme tous les appeaux Haydel\u2019s, le Stout-14 peut \u00eatre utilis\u00e9 m\u00eame mouill\u00e9 par de la salive ou apr\u00e8s \u00eatre tomb\u00e9 dans l&#8217;eau.<\/p>\n<p><strong>Caract\u00e9ristiques :<\/strong><\/p>\n<ul>\n<li>Reproduit les cris des canards colverts<\/li>\n<li>Anche double<\/li>\n<li>Peut \u00eatre utilis\u00e9 m\u00eame mouill\u00e9<\/li>\n<li>Couleur : Noir<br \/>\nMod\u00e8le : Stout-14<\/li>\n<li>Poids\u00a0: environ 45 grammes.<\/li>\n<\/ul>\n<p><iframe title=\"Haydel&#039;s Stout-14 mallard duck call\" width=\"1020\" height=\"574\" src=\"https:\/\/www.youtube.com\/embed\/jh40llm0kpQ?wmode=transparent&amp;rel=0&amp;feature=oembed&#038;enablejsapi=1&#038;origin=https:\/\/staging.lucky-hunter.com\" frameborder=\"0\" allow=\"accelerometer; autoplay; clipboard-write; encrypted-media; gyroscope; picture-in-picture\" allowfullscreen><\/iframe><\/p>\n","protected":false},"excerpt":{"rendered":"<p>L\u2019Appeau \u00e0 Colvert Anche Double Stout (Stout-14) dispose d\u2019un barrel raccourci et \u00e9largi ainsi que d\u2019un tunnel sonore modifi\u00e9, ce qui le rend extr\u00eamement polyvalent.<\/p>\n","protected":false},"featured_media":30252,"template":"","meta":[],"product_brand":[8139],"product_cat":[8167],"product_tag":[9235],"yoast_head":"<!-- This site is optimized with the Yoast SEO plugin v24.3 - https:\/\/yoast.com\/wordpress\/plugins\/seo\/ -->\n<title>Haydel\u00b4s Stubby Double Reed Mallard Call STOUT-14<\/title>\n<meta name=\"description\" content=\"Haydel\u00b4s Stubby Double Reed Mallard Call (Stout-14) is extremely versatile due to the shortened bigger diameter barrel and modified sound tunnel.\" \/>\n<meta name=\"robots\" content=\"noindex, follow, max-snippet:-1, max-image-preview:large, max-video-preview:-1\" \/>\n<meta property=\"og:locale\" content=\"fr_FR\" \/>\n<meta property=\"og:type\" content=\"article\" \/>\n<meta property=\"og:title\" content=\"Haydel\u00b4s Stubby Double Reed Mallard Call STOUT-14\" \/>\n<meta property=\"og:description\" content=\"Haydel\u00b4s Stubby Double Reed Mallard Call (Stout-14) is extremely versatile due to the shortened bigger diameter barrel and modified sound tunnel.\" \/>\n<meta property=\"og:url\" content=\"https:\/\/staging.lucky-hunter.com\/product\/stout-call\/\" \/>\n<meta property=\"og:site_name\" content=\"Lucky-Hunter\" \/>\n<meta property=\"article:modified_time\" content=\"2024-05-01T06:38:54+00:00\" \/>\n<meta property=\"og:image\" content=\"https:\/\/staging.lucky-hunter.com\/wp-content\/uploads\/2021\/08\/STOUT-14.png\" \/>\n\t<meta property=\"og:image:width\" content=\"1000\" \/>\n\t<meta property=\"og:image:height\" content=\"1000\" \/>\n\t<meta property=\"og:image:type\" content=\"image\/png\" \/>\n<meta name=\"twitter:card\" content=\"summary_large_image\" \/>\n<meta name=\"twitter:label1\" content=\"Dur\u00e9e de lecture estim\u00e9e\" \/>\n\t<meta name=\"twitter:data1\" content=\"2 minutes\" \/>\n<script type=\"application\/ld+json\" class=\"yoast-schema-graph\">{\"@context\":\"https:\/\/schema.org\",\"@graph\":[{\"@type\":\"WebPage\",\"@id\":\"https:\/\/staging.lucky-hunter.com\/product\/stout-call\/\",\"url\":\"https:\/\/staging.lucky-hunter.com\/product\/stout-call\/\",\"name\":\"Haydel\u00b4s Stubby Double Reed Mallard Call STOUT-14\",\"isPartOf\":{\"@id\":\"https:\/\/staging.lucky-hunter.com\/#website\"},\"primaryImageOfPage\":{\"@id\":\"https:\/\/staging.lucky-hunter.com\/product\/stout-call\/#primaryimage\"},\"image\":{\"@id\":\"https:\/\/staging.lucky-hunter.com\/product\/stout-call\/#primaryimage\"},\"thumbnailUrl\":\"https:\/\/staging.lucky-hunter.com\/wp-content\/uploads\/2021\/08\/STOUT-14.png\",\"datePublished\":\"2021-08-06T12:38:28+00:00\",\"dateModified\":\"2024-05-01T06:38:54+00:00\",\"description\":\"Haydel\u00b4s Stubby Double Reed Mallard Call (Stout-14) is extremely versatile due to the shortened bigger diameter barrel and modified sound tunnel.\",\"breadcrumb\":{\"@id\":\"https:\/\/staging.lucky-hunter.com\/product\/stout-call\/#breadcrumb\"},\"inLanguage\":\"fr-FR\",\"potentialAction\":[{\"@type\":\"ReadAction\",\"target\":[\"https:\/\/staging.lucky-hunter.com\/product\/stout-call\/\"]}]},{\"@type\":\"ImageObject\",\"inLanguage\":\"fr-FR\",\"@id\":\"https:\/\/staging.lucky-hunter.com\/product\/stout-call\/#primaryimage\",\"url\":\"https:\/\/staging.lucky-hunter.com\/wp-content\/uploads\/2021\/08\/STOUT-14.png\",\"contentUrl\":\"https:\/\/staging.lucky-hunter.com\/wp-content\/uploads\/2021\/08\/STOUT-14.png\",\"width\":1000,\"height\":1000},{\"@type\":\"BreadcrumbList\",\"@id\":\"https:\/\/staging.lucky-hunter.com\/product\/stout-call\/#breadcrumb\",\"itemListElement\":[{\"@type\":\"ListItem\",\"position\":1,\"name\":\"Home\",\"item\":\"https:\/\/staging.lucky-hunter.com\/fr\/\"},{\"@type\":\"ListItem\",\"position\":2,\"name\":\"Boutique\",\"item\":\"https:\/\/staging.lucky-hunter.com\/fr\/shop\/\"},{\"@type\":\"ListItem\",\"position\":3,\"name\":\"Haydel\u2019s Stout Call | Appeau \u00e0 Colvert Anche Double | STOUT-14\"}]},{\"@type\":\"WebSite\",\"@id\":\"https:\/\/staging.lucky-hunter.com\/#website\",\"url\":\"https:\/\/staging.lucky-hunter.com\/\",\"name\":\"Lucky-Hunter\",\"description\":\"Gear Up or Give Up\",\"potentialAction\":[{\"@type\":\"SearchAction\",\"target\":{\"@type\":\"EntryPoint\",\"urlTemplate\":\"https:\/\/staging.lucky-hunter.com\/?s={search_term_string}\"},\"query-input\":{\"@type\":\"PropertyValueSpecification\",\"valueRequired\":true,\"valueName\":\"search_term_string\"}}],\"inLanguage\":\"fr-FR\"}]}<\/script>\n<!-- \/ Yoast SEO plugin. -->","yoast_head_json":{"title":"Haydel\u00b4s Stubby Double Reed Mallard Call STOUT-14","description":"Haydel\u00b4s Stubby Double Reed Mallard Call (Stout-14) is extremely versatile due to the shortened bigger diameter barrel and modified sound tunnel.","robots":{"index":"noindex","follow":"follow","max-snippet":"max-snippet:-1","max-image-preview":"max-image-preview:large","max-video-preview":"max-video-preview:-1"},"og_locale":"fr_FR","og_type":"article","og_title":"Haydel\u00b4s Stubby Double Reed Mallard Call STOUT-14","og_description":"Haydel\u00b4s Stubby Double Reed Mallard Call (Stout-14) is extremely versatile due to the shortened bigger diameter barrel and modified sound tunnel.","og_url":"https:\/\/staging.lucky-hunter.com\/product\/stout-call\/","og_site_name":"Lucky-Hunter","article_modified_time":"2024-05-01T06:38:54+00:00","og_image":[{"width":1000,"height":1000,"url":"https:\/\/staging.lucky-hunter.com\/wp-content\/uploads\/2021\/08\/STOUT-14.png","type":"image\/png"}],"twitter_card":"summary_large_image","twitter_misc":{"Dur\u00e9e de lecture estim\u00e9e":"2 minutes"},"schema":{"@context":"https:\/\/schema.org","@graph":[{"@type":"WebPage","@id":"https:\/\/staging.lucky-hunter.com\/product\/stout-call\/","url":"https:\/\/staging.lucky-hunter.com\/product\/stout-call\/","name":"Haydel\u00b4s Stubby Double Reed Mallard Call STOUT-14","isPartOf":{"@id":"https:\/\/staging.lucky-hunter.com\/#website"},"primaryImageOfPage":{"@id":"https:\/\/staging.lucky-hunter.com\/product\/stout-call\/#primaryimage"},"image":{"@id":"https:\/\/staging.lucky-hunter.com\/product\/stout-call\/#primaryimage"},"thumbnailUrl":"https:\/\/staging.lucky-hunter.com\/wp-content\/uploads\/2021\/08\/STOUT-14.png","datePublished":"2021-08-06T12:38:28+00:00","dateModified":"2024-05-01T06:38:54+00:00","description":"Haydel\u00b4s Stubby Double Reed Mallard Call (Stout-14) is extremely versatile due to the shortened bigger diameter barrel and modified sound tunnel.","breadcrumb":{"@id":"https:\/\/staging.lucky-hunter.com\/product\/stout-call\/#breadcrumb"},"inLanguage":"fr-FR","potentialAction":[{"@type":"ReadAction","target":["https:\/\/staging.lucky-hunter.com\/product\/stout-call\/"]}]},{"@type":"ImageObject","inLanguage":"fr-FR","@id":"https:\/\/staging.lucky-hunter.com\/product\/stout-call\/#primaryimage","url":"https:\/\/staging.lucky-hunter.com\/wp-content\/uploads\/2021\/08\/STOUT-14.png","contentUrl":"https:\/\/staging.lucky-hunter.com\/wp-content\/uploads\/2021\/08\/STOUT-14.png","width":1000,"height":1000},{"@type":"BreadcrumbList","@id":"https:\/\/staging.lucky-hunter.com\/product\/stout-call\/#breadcrumb","itemListElement":[{"@type":"ListItem","position":1,"name":"Home","item":"https:\/\/staging.lucky-hunter.com\/fr\/"},{"@type":"ListItem","position":2,"name":"Boutique","item":"https:\/\/staging.lucky-hunter.com\/fr\/shop\/"},{"@type":"ListItem","position":3,"name":"Haydel\u2019s Stout Call | Appeau \u00e0 Colvert Anche Double | STOUT-14"}]},{"@type":"WebSite","@id":"https:\/\/staging.lucky-hunter.com\/#website","url":"https:\/\/staging.lucky-hunter.com\/","name":"Lucky-Hunter","description":"Gear Up or Give Up","potentialAction":[{"@type":"SearchAction","target":{"@type":"EntryPoint","urlTemplate":"https:\/\/staging.lucky-hunter.com\/?s={search_term_string}"},"query-input":{"@type":"PropertyValueSpecification","valueRequired":true,"valueName":"search_term_string"}}],"inLanguage":"fr-FR"}]}},"_links":{"self":[{"href":"https:\/\/staging.lucky-hunter.com\/fr\/wp-json\/wp\/v2\/product\/31345"}],"collection":[{"href":"https:\/\/staging.lucky-hunter.com\/fr\/wp-json\/wp\/v2\/product"}],"about":[{"href":"https:\/\/staging.lucky-hunter.com\/fr\/wp-json\/wp\/v2\/types\/product"}],"wp:featuredmedia":[{"embeddable":true,"href":"https:\/\/staging.lucky-hunter.com\/fr\/wp-json\/wp\/v2\/media\/30252"}],"wp:attachment":[{"href":"https:\/\/staging.lucky-hunter.com\/fr\/wp-json\/wp\/v2\/media?parent=31345"}],"wp:term":[{"taxonomy":"product_brand","embeddable":true,"href":"https:\/\/staging.lucky-hunter.com\/fr\/wp-json\/wp\/v2\/product_brand?post=31345"},{"taxonomy":"product_cat","embeddable":true,"href":"https:\/\/staging.lucky-hunter.com\/fr\/wp-json\/wp\/v2\/product_cat?post=31345"},{"taxonomy":"product_tag","embeddable":true,"href":"https:\/\/staging.lucky-hunter.com\/fr\/wp-json\/wp\/v2\/product_tag?post=31345"}],"curies":[{"name":"wp","href":"https:\/\/api.w.org\/{rel}","templated":true}]}}