{"id":31344,"date":"2021-08-06T12:30:16","date_gmt":"2021-08-06T10:30:16","guid":{"rendered":"https:\/\/staging.lucky-hunter.com\/product\/gadwall-call-2\/"},"modified":"2024-09-19T10:37:08","modified_gmt":"2024-09-19T08:37:08","slug":"gadwall-call","status":"publish","type":"product","link":"https:\/\/staging.lucky-hunter.com\/fr\/product\/gadwall-call\/","title":{"rendered":"Haydel\u00b4s Gadwall Call | Appeau \u00e0 Canard Chipeau | GW-01"},"content":{"rendered":"<p><iframe title=\"GW 01 Gadwall Call\" width=\"1020\" height=\"574\" src=\"https:\/\/www.youtube.com\/embed\/QGMQDF7lPCU?wmode=transparent&amp;rel=0&amp;feature=oembed&#038;enablejsapi=1&#038;origin=https:\/\/staging.lucky-hunter.com\" frameborder=\"0\" allow=\"accelerometer; autoplay; clipboard-write; encrypted-media; gyroscope; picture-in-picture\" allowfullscreen><\/iframe><\/p>\n<h2><strong>Appeau Haydel\u2019s sp\u00e9cialement accord\u00e9 pour le Canard Chipeau<\/strong><\/h2>\n<p>En raison de l&#8217;augmentation de la population de chipeaux au cours des derni\u00e8res ann\u00e9es, de nombreux chasseurs en sont venus \u00e0 compter sur ces oiseaux. Dor\u00e9navant, vous pouvez parler leur propre langue en imitant le \u00ab\u00a0tat-tat\u00a0\u00bb des m\u00e2les ainsi que les cancanements nasillards des femelles.<\/p>\n<p>Comme Kelly Haydel l\u2019explique dans la vid\u00e9o ci-dessous, vous devez souffler dans l\u2019appeau en pronon\u00e7ant <em>\u00ab\u00a0tat-ta-tat\u00a0\u00bb<\/em>. En g\u00e9n\u00e9ral, le cri de la cane ressemble \u00e0 celui des colverts mais se limite \u00e0 3 ou 4 notes.<\/p>\n<p>Lorsque vous rep\u00e9rez des chipeaux, utilisez l\u2019appeau et alternez les cris de m\u00e2le et les cris de femelle. Si vous \u00eates avec un partenaire qui utilise un appeau \u00e0 colvert, limitez-vous au cri du m\u00e2le.<\/p>\n<p>Comme tous les appeaux Haydel\u2019s, le GW-01 peut \u00eatre utilis\u00e9 m\u00eame s\u2019il est mouill\u00e9 \u00e0 cause de la salive ou apr\u00e8s \u00eatre tomb\u00e9 dans l&#8217;eau.<\/p>\n<p><strong>Caract\u00e9ristiques\u00a0:<\/strong><\/p>\n<ul>\n<li>Reproduit les cris des canards et des canes chipeaux<\/li>\n<li>Peut \u00eatre utilis\u00e9 m\u00eame mouill\u00e9<\/li>\n<li>Couleur\u00a0: Gris<br \/>\nMod\u00e8le : GW-01<\/li>\n<li>Poids\u00a0: environ 45 grammes.<\/li>\n<\/ul>\n","protected":false},"excerpt":{"rendered":"<p>Avec l&#8217;appeau pour canard chipeau de Haydel, vous pouvez parler leur langage en produisant le son \u00ab tat-tat \u00bb des m\u00e2les ainsi que les nasillards \u00ab coin-coin \u00bb des femelles.<\/p>\n","protected":false},"featured_media":30251,"template":"","meta":[],"product_brand":[8139],"product_cat":[8167],"product_tag":[9235],"yoast_head":"<!-- This site is optimized with the Yoast SEO plugin v24.3 - https:\/\/yoast.com\/wordpress\/plugins\/seo\/ -->\n<title>Appeau pour canard chipeau de Haydel - Utilisable en conditions humides<\/title>\n<meta name=\"description\" content=\"Avec l&#039;appeau pour canard chipeau de Haydel, vous pouvez reproduire le son \u00ab tat-tat \u00bb des m\u00e2les ainsi que les nasillards \u00ab coin-coin \u00bb des femelles.\" \/>\n<meta name=\"robots\" content=\"noindex, follow, max-snippet:-1, max-image-preview:large, max-video-preview:-1\" \/>\n<meta property=\"og:locale\" content=\"fr_FR\" \/>\n<meta property=\"og:type\" content=\"article\" \/>\n<meta property=\"og:title\" content=\"Appeau pour canard chipeau de Haydel - Utilisable en conditions humides\" \/>\n<meta property=\"og:description\" content=\"Avec l&#039;appeau pour canard chipeau de Haydel, vous pouvez reproduire le son \u00ab tat-tat \u00bb des m\u00e2les ainsi que les nasillards \u00ab coin-coin \u00bb des femelles.\" \/>\n<meta property=\"og:url\" content=\"https:\/\/staging.lucky-hunter.com\/fr\/product\/gadwall-call\/\" \/>\n<meta property=\"og:site_name\" content=\"Lucky-Hunter\" \/>\n<meta property=\"article:modified_time\" content=\"2024-09-19T08:37:08+00:00\" \/>\n<meta property=\"og:image\" content=\"https:\/\/staging.lucky-hunter.com\/wp-content\/uploads\/2021\/08\/GW-01.png\" \/>\n\t<meta property=\"og:image:width\" content=\"1000\" \/>\n\t<meta property=\"og:image:height\" content=\"1000\" \/>\n\t<meta property=\"og:image:type\" content=\"image\/png\" \/>\n<meta name=\"twitter:card\" content=\"summary_large_image\" \/>\n<meta name=\"twitter:label1\" content=\"Dur\u00e9e de lecture estim\u00e9e\" \/>\n\t<meta name=\"twitter:data1\" content=\"1 minute\" \/>\n<script type=\"application\/ld+json\" class=\"yoast-schema-graph\">{\"@context\":\"https:\/\/schema.org\",\"@graph\":[{\"@type\":\"WebPage\",\"@id\":\"https:\/\/staging.lucky-hunter.com\/fr\/product\/gadwall-call\/\",\"url\":\"https:\/\/staging.lucky-hunter.com\/fr\/product\/gadwall-call\/\",\"name\":\"Appeau pour canard chipeau de Haydel - Utilisable en conditions humides\",\"isPartOf\":{\"@id\":\"https:\/\/staging.lucky-hunter.com\/#website\"},\"primaryImageOfPage\":{\"@id\":\"https:\/\/staging.lucky-hunter.com\/fr\/product\/gadwall-call\/#primaryimage\"},\"image\":{\"@id\":\"https:\/\/staging.lucky-hunter.com\/fr\/product\/gadwall-call\/#primaryimage\"},\"thumbnailUrl\":\"https:\/\/staging.lucky-hunter.com\/wp-content\/uploads\/2021\/08\/GW-01.png\",\"datePublished\":\"2021-08-06T10:30:16+00:00\",\"dateModified\":\"2024-09-19T08:37:08+00:00\",\"description\":\"Avec l'appeau pour canard chipeau de Haydel, vous pouvez reproduire le son \u00ab tat-tat \u00bb des m\u00e2les ainsi que les nasillards \u00ab coin-coin \u00bb des femelles.\",\"breadcrumb\":{\"@id\":\"https:\/\/staging.lucky-hunter.com\/fr\/product\/gadwall-call\/#breadcrumb\"},\"inLanguage\":\"fr-FR\",\"potentialAction\":[{\"@type\":\"ReadAction\",\"target\":[\"https:\/\/staging.lucky-hunter.com\/fr\/product\/gadwall-call\/\"]}]},{\"@type\":\"ImageObject\",\"inLanguage\":\"fr-FR\",\"@id\":\"https:\/\/staging.lucky-hunter.com\/fr\/product\/gadwall-call\/#primaryimage\",\"url\":\"https:\/\/staging.lucky-hunter.com\/wp-content\/uploads\/2021\/08\/GW-01.png\",\"contentUrl\":\"https:\/\/staging.lucky-hunter.com\/wp-content\/uploads\/2021\/08\/GW-01.png\",\"width\":1000,\"height\":1000},{\"@type\":\"BreadcrumbList\",\"@id\":\"https:\/\/staging.lucky-hunter.com\/fr\/product\/gadwall-call\/#breadcrumb\",\"itemListElement\":[{\"@type\":\"ListItem\",\"position\":1,\"name\":\"Home\",\"item\":\"https:\/\/staging.lucky-hunter.com\/fr\/\"},{\"@type\":\"ListItem\",\"position\":2,\"name\":\"Boutique\",\"item\":\"https:\/\/staging.lucky-hunter.com\/fr\/shop\/\"},{\"@type\":\"ListItem\",\"position\":3,\"name\":\"Haydel\u00b4s Gadwall Call | Appeau \u00e0 Canard Chipeau | GW-01\"}]},{\"@type\":\"WebSite\",\"@id\":\"https:\/\/staging.lucky-hunter.com\/#website\",\"url\":\"https:\/\/staging.lucky-hunter.com\/\",\"name\":\"Lucky-Hunter\",\"description\":\"Gear Up or Give Up\",\"potentialAction\":[{\"@type\":\"SearchAction\",\"target\":{\"@type\":\"EntryPoint\",\"urlTemplate\":\"https:\/\/staging.lucky-hunter.com\/?s={search_term_string}\"},\"query-input\":{\"@type\":\"PropertyValueSpecification\",\"valueRequired\":true,\"valueName\":\"search_term_string\"}}],\"inLanguage\":\"fr-FR\"}]}<\/script>\n<!-- \/ Yoast SEO plugin. -->","yoast_head_json":{"title":"Appeau pour canard chipeau de Haydel - Utilisable en conditions humides","description":"Avec l'appeau pour canard chipeau de Haydel, vous pouvez reproduire le son \u00ab tat-tat \u00bb des m\u00e2les ainsi que les nasillards \u00ab coin-coin \u00bb des femelles.","robots":{"index":"noindex","follow":"follow","max-snippet":"max-snippet:-1","max-image-preview":"max-image-preview:large","max-video-preview":"max-video-preview:-1"},"og_locale":"fr_FR","og_type":"article","og_title":"Appeau pour canard chipeau de Haydel - Utilisable en conditions humides","og_description":"Avec l'appeau pour canard chipeau de Haydel, vous pouvez reproduire le son \u00ab tat-tat \u00bb des m\u00e2les ainsi que les nasillards \u00ab coin-coin \u00bb des femelles.","og_url":"https:\/\/staging.lucky-hunter.com\/fr\/product\/gadwall-call\/","og_site_name":"Lucky-Hunter","article_modified_time":"2024-09-19T08:37:08+00:00","og_image":[{"width":1000,"height":1000,"url":"https:\/\/staging.lucky-hunter.com\/wp-content\/uploads\/2021\/08\/GW-01.png","type":"image\/png"}],"twitter_card":"summary_large_image","twitter_misc":{"Dur\u00e9e de lecture estim\u00e9e":"1 minute"},"schema":{"@context":"https:\/\/schema.org","@graph":[{"@type":"WebPage","@id":"https:\/\/staging.lucky-hunter.com\/fr\/product\/gadwall-call\/","url":"https:\/\/staging.lucky-hunter.com\/fr\/product\/gadwall-call\/","name":"Appeau pour canard chipeau de Haydel - Utilisable en conditions humides","isPartOf":{"@id":"https:\/\/staging.lucky-hunter.com\/#website"},"primaryImageOfPage":{"@id":"https:\/\/staging.lucky-hunter.com\/fr\/product\/gadwall-call\/#primaryimage"},"image":{"@id":"https:\/\/staging.lucky-hunter.com\/fr\/product\/gadwall-call\/#primaryimage"},"thumbnailUrl":"https:\/\/staging.lucky-hunter.com\/wp-content\/uploads\/2021\/08\/GW-01.png","datePublished":"2021-08-06T10:30:16+00:00","dateModified":"2024-09-19T08:37:08+00:00","description":"Avec l'appeau pour canard chipeau de Haydel, vous pouvez reproduire le son \u00ab tat-tat \u00bb des m\u00e2les ainsi que les nasillards \u00ab coin-coin \u00bb des femelles.","breadcrumb":{"@id":"https:\/\/staging.lucky-hunter.com\/fr\/product\/gadwall-call\/#breadcrumb"},"inLanguage":"fr-FR","potentialAction":[{"@type":"ReadAction","target":["https:\/\/staging.lucky-hunter.com\/fr\/product\/gadwall-call\/"]}]},{"@type":"ImageObject","inLanguage":"fr-FR","@id":"https:\/\/staging.lucky-hunter.com\/fr\/product\/gadwall-call\/#primaryimage","url":"https:\/\/staging.lucky-hunter.com\/wp-content\/uploads\/2021\/08\/GW-01.png","contentUrl":"https:\/\/staging.lucky-hunter.com\/wp-content\/uploads\/2021\/08\/GW-01.png","width":1000,"height":1000},{"@type":"BreadcrumbList","@id":"https:\/\/staging.lucky-hunter.com\/fr\/product\/gadwall-call\/#breadcrumb","itemListElement":[{"@type":"ListItem","position":1,"name":"Home","item":"https:\/\/staging.lucky-hunter.com\/fr\/"},{"@type":"ListItem","position":2,"name":"Boutique","item":"https:\/\/staging.lucky-hunter.com\/fr\/shop\/"},{"@type":"ListItem","position":3,"name":"Haydel\u00b4s Gadwall Call | Appeau \u00e0 Canard Chipeau | GW-01"}]},{"@type":"WebSite","@id":"https:\/\/staging.lucky-hunter.com\/#website","url":"https:\/\/staging.lucky-hunter.com\/","name":"Lucky-Hunter","description":"Gear Up or Give Up","potentialAction":[{"@type":"SearchAction","target":{"@type":"EntryPoint","urlTemplate":"https:\/\/staging.lucky-hunter.com\/?s={search_term_string}"},"query-input":{"@type":"PropertyValueSpecification","valueRequired":true,"valueName":"search_term_string"}}],"inLanguage":"fr-FR"}]}},"_links":{"self":[{"href":"https:\/\/staging.lucky-hunter.com\/fr\/wp-json\/wp\/v2\/product\/31344"}],"collection":[{"href":"https:\/\/staging.lucky-hunter.com\/fr\/wp-json\/wp\/v2\/product"}],"about":[{"href":"https:\/\/staging.lucky-hunter.com\/fr\/wp-json\/wp\/v2\/types\/product"}],"wp:featuredmedia":[{"embeddable":true,"href":"https:\/\/staging.lucky-hunter.com\/fr\/wp-json\/wp\/v2\/media\/30251"}],"wp:attachment":[{"href":"https:\/\/staging.lucky-hunter.com\/fr\/wp-json\/wp\/v2\/media?parent=31344"}],"wp:term":[{"taxonomy":"product_brand","embeddable":true,"href":"https:\/\/staging.lucky-hunter.com\/fr\/wp-json\/wp\/v2\/product_brand?post=31344"},{"taxonomy":"product_cat","embeddable":true,"href":"https:\/\/staging.lucky-hunter.com\/fr\/wp-json\/wp\/v2\/product_cat?post=31344"},{"taxonomy":"product_tag","embeddable":true,"href":"https:\/\/staging.lucky-hunter.com\/fr\/wp-json\/wp\/v2\/product_tag?post=31344"}],"curies":[{"name":"wp","href":"https:\/\/api.w.org\/{rel}","templated":true}]}}