{"id":31343,"date":"2021-08-05T17:04:46","date_gmt":"2021-08-05T15:04:46","guid":{"rendered":"https:\/\/staging.lucky-hunter.com\/product\/cajun-squeal-duck-call-2\/"},"modified":"2024-09-19T10:33:45","modified_gmt":"2024-09-19T08:33:45","slug":"cajun-squeal-duck-call","status":"publish","type":"product","link":"https:\/\/staging.lucky-hunter.com\/fr\/product\/cajun-squeal-duck-call\/","title":{"rendered":"Haydel\u2019s Cajun Squeal | Appeau \u00e0 Canard Anche Double | DRS-88"},"content":{"rendered":"<p><iframe title=\"Haydel&#039;s Cajun DRS-88 mallard duck call\" width=\"1020\" height=\"574\" src=\"https:\/\/www.youtube.com\/embed\/p4PA4E2wc30?wmode=transparent&amp;rel=0&amp;feature=oembed&#038;enablejsapi=1&#038;origin=https:\/\/staging.lucky-hunter.com\" frameborder=\"0\" allow=\"accelerometer; autoplay; clipboard-write; encrypted-media; gyroscope; picture-in-picture\" allowfullscreen><\/iframe><\/p>\n<h2><strong>Appeau \u00e0 canard Haydel\u2019s sp\u00e9cialement accord\u00e9 pour imiter le cri des canards en train de se nourrir<\/strong><\/h2>\n<p>L&#8217;objectif de l\u2019Appeau \u00e0 Canard Anche Double Haydel\u2019s Cajun Squeal DRS-88 est d\u2019imiter le cri que produisent les canards lorsqu\u2019ils se nourrissent.<\/p>\n<p>Lorsqu\u2019ils se nourrissent, les canards produisent un son aigu \u00e0 la fin de chaque cri parce que la nourriture dans leur gorge restreint leurs cordes vocales. Ce son tr\u00e8s sp\u00e9cial fait alors croire aux canards migrateurs qu&#8217;une source de nourriture se trouve juste en dessous.<\/p>\n<p>Comme l\u2019explique Kelly Haydel dans la vid\u00e9o ci-dessous, vous devez terminer chaque s\u00e9quence d&#8217;appel par une expiration suppl\u00e9mentaire pour produire ce son aigu.<\/p>\n<p><strong>Instructions d&#8217;appel\u00a0:<\/strong><\/p>\n<ul>\n<li>\u00c0 la fin de chaque note, pincez davantage vos l\u00e8vres et augmentez la pression. Cela provoquera le verrouillage de l&#8217;anche tout en laissant \u00e9chapper juste la bonne quantit\u00e9 d\u2019air, produisant ainsi le fameux \u00ab\u00a0grincement\u00a0\u00bb.<\/li>\n<\/ul>\n<p>Comme tous les appeaux Haydel\u2019s, le DRS-88 fonctionnera correctement m\u00eame s\u2019il est mouill\u00e9 par de la salive ou apr\u00e8s \u00eatre tomb\u00e9 dans l\u2019eau.<\/p>\n<p><strong>Caract\u00e9ristiques\u00a0:<\/strong><\/p>\n<ul>\n<li>Reproduit le cri des canards en train de se nourrir<\/li>\n<li>Anche double<\/li>\n<li>Peut \u00eatre utilis\u00e9 m\u00eame mouill\u00e9<\/li>\n<li>Couleur\u00a0: Transparent<br \/>\nMod\u00e8le : DRS-88<\/li>\n<li>Poids\u00a0: environ 45 grammes.<\/li>\n<\/ul>\n","protected":false},"excerpt":{"rendered":"<p>L&#8217;id\u00e9e derri\u00e8re l&#8217;appeau \u00e0 double anche DRS-88 de Haydel est de reproduire le son des canards en train de se nourrir, dont la gorge est pleine de grains.<\/p>\n","protected":false},"featured_media":30250,"template":"","meta":[],"product_brand":[8139],"product_cat":[8167],"product_tag":[9235],"yoast_head":"<!-- This site is optimized with the Yoast SEO plugin v24.3 - https:\/\/yoast.com\/wordpress\/plugins\/seo\/ -->\n<title>Appeau \u00e0 canard \u00e0 double anche Haydel&#039;s Squeal - Utilisable en conditions humides<\/title>\n<meta name=\"description\" content=\"L&#039;id\u00e9e derri\u00e8re l&#039;appeau \u00e0 double anche DRS-88 de Haydel est de reproduire le son des canards en train de se nourrir, avec des grains dans la gorge.\" \/>\n<meta name=\"robots\" content=\"noindex, follow, max-snippet:-1, max-image-preview:large, max-video-preview:-1\" \/>\n<meta property=\"og:locale\" content=\"fr_FR\" \/>\n<meta property=\"og:type\" content=\"article\" \/>\n<meta property=\"og:title\" content=\"Appeau \u00e0 canard \u00e0 double anche Haydel&#039;s Squeal - Utilisable en conditions humides\" \/>\n<meta property=\"og:description\" content=\"L&#039;id\u00e9e derri\u00e8re l&#039;appeau \u00e0 double anche DRS-88 de Haydel est de reproduire le son des canards en train de se nourrir, avec des grains dans la gorge.\" \/>\n<meta property=\"og:url\" content=\"https:\/\/staging.lucky-hunter.com\/product\/cajun-squeal-duck-call\/\" \/>\n<meta property=\"og:site_name\" content=\"Lucky-Hunter\" \/>\n<meta property=\"article:modified_time\" content=\"2024-09-19T08:33:45+00:00\" \/>\n<meta property=\"og:image\" content=\"https:\/\/staging.lucky-hunter.com\/wp-content\/uploads\/2021\/08\/DRS-88.png\" \/>\n\t<meta property=\"og:image:width\" content=\"1000\" \/>\n\t<meta property=\"og:image:height\" content=\"1000\" \/>\n\t<meta property=\"og:image:type\" content=\"image\/png\" \/>\n<meta name=\"twitter:card\" content=\"summary_large_image\" \/>\n<meta name=\"twitter:label1\" content=\"Dur\u00e9e de lecture estim\u00e9e\" \/>\n\t<meta name=\"twitter:data1\" content=\"1 minute\" \/>\n<script type=\"application\/ld+json\" class=\"yoast-schema-graph\">{\"@context\":\"https:\/\/schema.org\",\"@graph\":[{\"@type\":\"WebPage\",\"@id\":\"https:\/\/staging.lucky-hunter.com\/product\/cajun-squeal-duck-call\/\",\"url\":\"https:\/\/staging.lucky-hunter.com\/product\/cajun-squeal-duck-call\/\",\"name\":\"Appeau \u00e0 canard \u00e0 double anche Haydel's Squeal - Utilisable en conditions humides\",\"isPartOf\":{\"@id\":\"https:\/\/staging.lucky-hunter.com\/#website\"},\"primaryImageOfPage\":{\"@id\":\"https:\/\/staging.lucky-hunter.com\/product\/cajun-squeal-duck-call\/#primaryimage\"},\"image\":{\"@id\":\"https:\/\/staging.lucky-hunter.com\/product\/cajun-squeal-duck-call\/#primaryimage\"},\"thumbnailUrl\":\"https:\/\/staging.lucky-hunter.com\/wp-content\/uploads\/2021\/08\/DRS-88.png\",\"datePublished\":\"2021-08-05T15:04:46+00:00\",\"dateModified\":\"2024-09-19T08:33:45+00:00\",\"description\":\"L'id\u00e9e derri\u00e8re l'appeau \u00e0 double anche DRS-88 de Haydel est de reproduire le son des canards en train de se nourrir, avec des grains dans la gorge.\",\"breadcrumb\":{\"@id\":\"https:\/\/staging.lucky-hunter.com\/product\/cajun-squeal-duck-call\/#breadcrumb\"},\"inLanguage\":\"fr-FR\",\"potentialAction\":[{\"@type\":\"ReadAction\",\"target\":[\"https:\/\/staging.lucky-hunter.com\/product\/cajun-squeal-duck-call\/\"]}]},{\"@type\":\"ImageObject\",\"inLanguage\":\"fr-FR\",\"@id\":\"https:\/\/staging.lucky-hunter.com\/product\/cajun-squeal-duck-call\/#primaryimage\",\"url\":\"https:\/\/staging.lucky-hunter.com\/wp-content\/uploads\/2021\/08\/DRS-88.png\",\"contentUrl\":\"https:\/\/staging.lucky-hunter.com\/wp-content\/uploads\/2021\/08\/DRS-88.png\",\"width\":1000,\"height\":1000},{\"@type\":\"BreadcrumbList\",\"@id\":\"https:\/\/staging.lucky-hunter.com\/product\/cajun-squeal-duck-call\/#breadcrumb\",\"itemListElement\":[{\"@type\":\"ListItem\",\"position\":1,\"name\":\"Home\",\"item\":\"https:\/\/staging.lucky-hunter.com\/fr\/\"},{\"@type\":\"ListItem\",\"position\":2,\"name\":\"Boutique\",\"item\":\"https:\/\/staging.lucky-hunter.com\/fr\/shop\/\"},{\"@type\":\"ListItem\",\"position\":3,\"name\":\"Haydel\u2019s Cajun Squeal | Appeau \u00e0 Canard Anche Double | DRS-88\"}]},{\"@type\":\"WebSite\",\"@id\":\"https:\/\/staging.lucky-hunter.com\/#website\",\"url\":\"https:\/\/staging.lucky-hunter.com\/\",\"name\":\"Lucky-Hunter\",\"description\":\"Gear Up or Give Up\",\"potentialAction\":[{\"@type\":\"SearchAction\",\"target\":{\"@type\":\"EntryPoint\",\"urlTemplate\":\"https:\/\/staging.lucky-hunter.com\/?s={search_term_string}\"},\"query-input\":{\"@type\":\"PropertyValueSpecification\",\"valueRequired\":true,\"valueName\":\"search_term_string\"}}],\"inLanguage\":\"fr-FR\"}]}<\/script>\n<!-- \/ Yoast SEO plugin. -->","yoast_head_json":{"title":"Appeau \u00e0 canard \u00e0 double anche Haydel's Squeal - Utilisable en conditions humides","description":"L'id\u00e9e derri\u00e8re l'appeau \u00e0 double anche DRS-88 de Haydel est de reproduire le son des canards en train de se nourrir, avec des grains dans la gorge.","robots":{"index":"noindex","follow":"follow","max-snippet":"max-snippet:-1","max-image-preview":"max-image-preview:large","max-video-preview":"max-video-preview:-1"},"og_locale":"fr_FR","og_type":"article","og_title":"Appeau \u00e0 canard \u00e0 double anche Haydel's Squeal - Utilisable en conditions humides","og_description":"L'id\u00e9e derri\u00e8re l'appeau \u00e0 double anche DRS-88 de Haydel est de reproduire le son des canards en train de se nourrir, avec des grains dans la gorge.","og_url":"https:\/\/staging.lucky-hunter.com\/product\/cajun-squeal-duck-call\/","og_site_name":"Lucky-Hunter","article_modified_time":"2024-09-19T08:33:45+00:00","og_image":[{"width":1000,"height":1000,"url":"https:\/\/staging.lucky-hunter.com\/wp-content\/uploads\/2021\/08\/DRS-88.png","type":"image\/png"}],"twitter_card":"summary_large_image","twitter_misc":{"Dur\u00e9e de lecture estim\u00e9e":"1 minute"},"schema":{"@context":"https:\/\/schema.org","@graph":[{"@type":"WebPage","@id":"https:\/\/staging.lucky-hunter.com\/product\/cajun-squeal-duck-call\/","url":"https:\/\/staging.lucky-hunter.com\/product\/cajun-squeal-duck-call\/","name":"Appeau \u00e0 canard \u00e0 double anche Haydel's Squeal - Utilisable en conditions humides","isPartOf":{"@id":"https:\/\/staging.lucky-hunter.com\/#website"},"primaryImageOfPage":{"@id":"https:\/\/staging.lucky-hunter.com\/product\/cajun-squeal-duck-call\/#primaryimage"},"image":{"@id":"https:\/\/staging.lucky-hunter.com\/product\/cajun-squeal-duck-call\/#primaryimage"},"thumbnailUrl":"https:\/\/staging.lucky-hunter.com\/wp-content\/uploads\/2021\/08\/DRS-88.png","datePublished":"2021-08-05T15:04:46+00:00","dateModified":"2024-09-19T08:33:45+00:00","description":"L'id\u00e9e derri\u00e8re l'appeau \u00e0 double anche DRS-88 de Haydel est de reproduire le son des canards en train de se nourrir, avec des grains dans la gorge.","breadcrumb":{"@id":"https:\/\/staging.lucky-hunter.com\/product\/cajun-squeal-duck-call\/#breadcrumb"},"inLanguage":"fr-FR","potentialAction":[{"@type":"ReadAction","target":["https:\/\/staging.lucky-hunter.com\/product\/cajun-squeal-duck-call\/"]}]},{"@type":"ImageObject","inLanguage":"fr-FR","@id":"https:\/\/staging.lucky-hunter.com\/product\/cajun-squeal-duck-call\/#primaryimage","url":"https:\/\/staging.lucky-hunter.com\/wp-content\/uploads\/2021\/08\/DRS-88.png","contentUrl":"https:\/\/staging.lucky-hunter.com\/wp-content\/uploads\/2021\/08\/DRS-88.png","width":1000,"height":1000},{"@type":"BreadcrumbList","@id":"https:\/\/staging.lucky-hunter.com\/product\/cajun-squeal-duck-call\/#breadcrumb","itemListElement":[{"@type":"ListItem","position":1,"name":"Home","item":"https:\/\/staging.lucky-hunter.com\/fr\/"},{"@type":"ListItem","position":2,"name":"Boutique","item":"https:\/\/staging.lucky-hunter.com\/fr\/shop\/"},{"@type":"ListItem","position":3,"name":"Haydel\u2019s Cajun Squeal | Appeau \u00e0 Canard Anche Double | DRS-88"}]},{"@type":"WebSite","@id":"https:\/\/staging.lucky-hunter.com\/#website","url":"https:\/\/staging.lucky-hunter.com\/","name":"Lucky-Hunter","description":"Gear Up or Give Up","potentialAction":[{"@type":"SearchAction","target":{"@type":"EntryPoint","urlTemplate":"https:\/\/staging.lucky-hunter.com\/?s={search_term_string}"},"query-input":{"@type":"PropertyValueSpecification","valueRequired":true,"valueName":"search_term_string"}}],"inLanguage":"fr-FR"}]}},"_links":{"self":[{"href":"https:\/\/staging.lucky-hunter.com\/fr\/wp-json\/wp\/v2\/product\/31343"}],"collection":[{"href":"https:\/\/staging.lucky-hunter.com\/fr\/wp-json\/wp\/v2\/product"}],"about":[{"href":"https:\/\/staging.lucky-hunter.com\/fr\/wp-json\/wp\/v2\/types\/product"}],"wp:featuredmedia":[{"embeddable":true,"href":"https:\/\/staging.lucky-hunter.com\/fr\/wp-json\/wp\/v2\/media\/30250"}],"wp:attachment":[{"href":"https:\/\/staging.lucky-hunter.com\/fr\/wp-json\/wp\/v2\/media?parent=31343"}],"wp:term":[{"taxonomy":"product_brand","embeddable":true,"href":"https:\/\/staging.lucky-hunter.com\/fr\/wp-json\/wp\/v2\/product_brand?post=31343"},{"taxonomy":"product_cat","embeddable":true,"href":"https:\/\/staging.lucky-hunter.com\/fr\/wp-json\/wp\/v2\/product_cat?post=31343"},{"taxonomy":"product_tag","embeddable":true,"href":"https:\/\/staging.lucky-hunter.com\/fr\/wp-json\/wp\/v2\/product_tag?post=31343"}],"curies":[{"name":"wp","href":"https:\/\/api.w.org\/{rel}","templated":true}]}}