{"id":31342,"date":"2021-08-05T16:35:21","date_gmt":"2021-08-05T14:35:21","guid":{"rendered":"https:\/\/staging.lucky-hunter.com\/product\/the-deceiver-duck-call-2\/"},"modified":"2024-09-20T12:34:27","modified_gmt":"2024-09-20T10:34:27","slug":"the-deceiver-duck-call","status":"publish","type":"product","link":"https:\/\/staging.lucky-hunter.com\/fr\/product\/the-deceiver-duck-call\/","title":{"rendered":"Haydel\u2019s The Deceiver | Appeau \u00e0 Canard Colvert Anche Double | DR-85"},"content":{"rendered":"<p><iframe title=\"DR-85 DOUBLE REED MALLARD DUCK CALL\" width=\"1020\" height=\"574\" src=\"https:\/\/www.youtube.com\/embed\/Zs95fsCe8zE?wmode=transparent&amp;rel=0&amp;feature=oembed&#038;enablejsapi=1&#038;origin=https:\/\/staging.lucky-hunter.com\" frameborder=\"0\" allow=\"accelerometer; autoplay; clipboard-write; encrypted-media; gyroscope; picture-in-picture\" allowfullscreen><\/iframe><\/p>\n<h2><strong>Haydel\u00b4s Best Selling Mallard Duck Call<\/strong><\/h2>\n<p>This Double Reed Mallard Call DR-85 has been Haydel&#8217;s best selling mallard duck call for over 30 years. That&#8217;s why it&#8217;s nicknamed <em>&#8220;The Deceiver&#8221;.<\/em><\/p>\n<p>As Kelly Haydel tells in the video below, pronounce <em>&#8220;VUT&#8221;<\/em> while blowing into the call.<\/p>\n<p>The duck call is super easy to use even for you who are a beginner, and you can produce the full range of mallard duck sounds.<\/p>\n<p>Like all Haydel\u00b4s calls, the DR-85 stands can be used even if the call gets wet from your breath or if you drop it in the water.<\/p>\n<p><strong>Calling instruction:<\/strong><\/p>\n<ul>\n<li>The greeting call is 6-7nots in descending pitch using the same &#8220;VUT&#8221; sound<\/li>\n<li>The come back call is the same 5-7 notes a little faster to create excitement<\/li>\n<li>The pleading call is holding the first note longer than the rest<\/li>\n<li>The feed call say &#8220;DU DIT &#8230;&#8230; DITDITDI &#8230;.. DIT. Broken up and staccato.<\/li>\n<\/ul>\n<p><strong>Features:<\/strong><\/p>\n<ul>\n<li>Reproduces the sound of a mallard duck<\/li>\n<li>Double reed<\/li>\n<li>Can be used in wet condition<\/li>\n<li>Color: Clear<\/li>\n<li>Model DR-85<\/li>\n<li>Weight about 45 grams.<\/li>\n<\/ul>\n<p>All calls are factory tuned and tested by champion callers. No tuning is suggested, however if you need to adjust for personale style move the wedge toward the tip of the reeds to raise the pitch and opposite to lower.<\/p>\n<p>&nbsp;<\/p>\n","protected":false},"excerpt":{"rendered":"<p>Cet appeau \u00e0 double anche pour colvert DR-85 est le plus vendu de Haydel depuis plus de 30 ans. C&#8217;est pourquoi il est surnomm\u00e9 \u00ab Le Trompeur \u00bb..<\/em><\/p>\n","protected":false},"featured_media":30249,"template":"","meta":[],"product_brand":[8139],"product_cat":[8167],"product_tag":[9235],"yoast_head":"<!-- This site is optimized with the Yoast SEO plugin v24.3 - https:\/\/yoast.com\/wordpress\/plugins\/seo\/ -->\n<title>Appeau \u00e0 double anche pour colvert de Haydel - Utilisable en conditions humides<\/title>\n<meta name=\"description\" content=\"Cet appeau \u00e0 double anche pour colvert est le plus vendu de Haydel depuis plus de 30 ans. C&#039;est pourquoi il est surnomm\u00e9 \u00ab Le Trompeur \u00bb.\" \/>\n<meta name=\"robots\" content=\"noindex, follow, max-snippet:-1, max-image-preview:large, max-video-preview:-1\" \/>\n<meta property=\"og:locale\" content=\"fr_FR\" \/>\n<meta property=\"og:type\" content=\"article\" \/>\n<meta property=\"og:title\" content=\"Appeau \u00e0 double anche pour colvert de Haydel - Utilisable en conditions humides\" \/>\n<meta property=\"og:description\" content=\"Cet appeau \u00e0 double anche pour colvert est le plus vendu de Haydel depuis plus de 30 ans. C&#039;est pourquoi il est surnomm\u00e9 \u00ab Le Trompeur \u00bb.\" \/>\n<meta property=\"og:url\" content=\"https:\/\/staging.lucky-hunter.com\/fr\/product\/the-deceiver-duck-call\/\" \/>\n<meta property=\"og:site_name\" content=\"Lucky-Hunter\" \/>\n<meta property=\"article:modified_time\" content=\"2024-09-20T10:34:27+00:00\" \/>\n<meta property=\"og:image\" content=\"https:\/\/staging.lucky-hunter.com\/wp-content\/uploads\/2021\/08\/DR-85.png\" \/>\n\t<meta property=\"og:image:width\" content=\"1000\" \/>\n\t<meta property=\"og:image:height\" content=\"1000\" \/>\n\t<meta property=\"og:image:type\" content=\"image\/png\" \/>\n<meta name=\"twitter:card\" content=\"summary_large_image\" \/>\n<meta name=\"twitter:label1\" content=\"Dur\u00e9e de lecture estim\u00e9e\" \/>\n\t<meta name=\"twitter:data1\" content=\"2 minutes\" \/>\n<script type=\"application\/ld+json\" class=\"yoast-schema-graph\">{\"@context\":\"https:\/\/schema.org\",\"@graph\":[{\"@type\":\"WebPage\",\"@id\":\"https:\/\/staging.lucky-hunter.com\/fr\/product\/the-deceiver-duck-call\/\",\"url\":\"https:\/\/staging.lucky-hunter.com\/fr\/product\/the-deceiver-duck-call\/\",\"name\":\"Appeau \u00e0 double anche pour colvert de Haydel - Utilisable en conditions humides\",\"isPartOf\":{\"@id\":\"https:\/\/staging.lucky-hunter.com\/#website\"},\"primaryImageOfPage\":{\"@id\":\"https:\/\/staging.lucky-hunter.com\/fr\/product\/the-deceiver-duck-call\/#primaryimage\"},\"image\":{\"@id\":\"https:\/\/staging.lucky-hunter.com\/fr\/product\/the-deceiver-duck-call\/#primaryimage\"},\"thumbnailUrl\":\"https:\/\/staging.lucky-hunter.com\/wp-content\/uploads\/2021\/08\/DR-85.png\",\"datePublished\":\"2021-08-05T14:35:21+00:00\",\"dateModified\":\"2024-09-20T10:34:27+00:00\",\"description\":\"Cet appeau \u00e0 double anche pour colvert est le plus vendu de Haydel depuis plus de 30 ans. C'est pourquoi il est surnomm\u00e9 \u00ab Le Trompeur \u00bb.\",\"breadcrumb\":{\"@id\":\"https:\/\/staging.lucky-hunter.com\/fr\/product\/the-deceiver-duck-call\/#breadcrumb\"},\"inLanguage\":\"fr-FR\",\"potentialAction\":[{\"@type\":\"ReadAction\",\"target\":[\"https:\/\/staging.lucky-hunter.com\/fr\/product\/the-deceiver-duck-call\/\"]}]},{\"@type\":\"ImageObject\",\"inLanguage\":\"fr-FR\",\"@id\":\"https:\/\/staging.lucky-hunter.com\/fr\/product\/the-deceiver-duck-call\/#primaryimage\",\"url\":\"https:\/\/staging.lucky-hunter.com\/wp-content\/uploads\/2021\/08\/DR-85.png\",\"contentUrl\":\"https:\/\/staging.lucky-hunter.com\/wp-content\/uploads\/2021\/08\/DR-85.png\",\"width\":1000,\"height\":1000},{\"@type\":\"BreadcrumbList\",\"@id\":\"https:\/\/staging.lucky-hunter.com\/fr\/product\/the-deceiver-duck-call\/#breadcrumb\",\"itemListElement\":[{\"@type\":\"ListItem\",\"position\":1,\"name\":\"Home\",\"item\":\"https:\/\/staging.lucky-hunter.com\/fr\/\"},{\"@type\":\"ListItem\",\"position\":2,\"name\":\"Boutique\",\"item\":\"https:\/\/staging.lucky-hunter.com\/fr\/shop\/\"},{\"@type\":\"ListItem\",\"position\":3,\"name\":\"Haydel\u2019s The Deceiver | Appeau \u00e0 Canard Colvert Anche Double | DR-85\"}]},{\"@type\":\"WebSite\",\"@id\":\"https:\/\/staging.lucky-hunter.com\/#website\",\"url\":\"https:\/\/staging.lucky-hunter.com\/\",\"name\":\"Lucky-Hunter\",\"description\":\"Gear Up or Give Up\",\"potentialAction\":[{\"@type\":\"SearchAction\",\"target\":{\"@type\":\"EntryPoint\",\"urlTemplate\":\"https:\/\/staging.lucky-hunter.com\/?s={search_term_string}\"},\"query-input\":{\"@type\":\"PropertyValueSpecification\",\"valueRequired\":true,\"valueName\":\"search_term_string\"}}],\"inLanguage\":\"fr-FR\"}]}<\/script>\n<!-- \/ Yoast SEO plugin. -->","yoast_head_json":{"title":"Appeau \u00e0 double anche pour colvert de Haydel - Utilisable en conditions humides","description":"Cet appeau \u00e0 double anche pour colvert est le plus vendu de Haydel depuis plus de 30 ans. C'est pourquoi il est surnomm\u00e9 \u00ab Le Trompeur \u00bb.","robots":{"index":"noindex","follow":"follow","max-snippet":"max-snippet:-1","max-image-preview":"max-image-preview:large","max-video-preview":"max-video-preview:-1"},"og_locale":"fr_FR","og_type":"article","og_title":"Appeau \u00e0 double anche pour colvert de Haydel - Utilisable en conditions humides","og_description":"Cet appeau \u00e0 double anche pour colvert est le plus vendu de Haydel depuis plus de 30 ans. C'est pourquoi il est surnomm\u00e9 \u00ab Le Trompeur \u00bb.","og_url":"https:\/\/staging.lucky-hunter.com\/fr\/product\/the-deceiver-duck-call\/","og_site_name":"Lucky-Hunter","article_modified_time":"2024-09-20T10:34:27+00:00","og_image":[{"width":1000,"height":1000,"url":"https:\/\/staging.lucky-hunter.com\/wp-content\/uploads\/2021\/08\/DR-85.png","type":"image\/png"}],"twitter_card":"summary_large_image","twitter_misc":{"Dur\u00e9e de lecture estim\u00e9e":"2 minutes"},"schema":{"@context":"https:\/\/schema.org","@graph":[{"@type":"WebPage","@id":"https:\/\/staging.lucky-hunter.com\/fr\/product\/the-deceiver-duck-call\/","url":"https:\/\/staging.lucky-hunter.com\/fr\/product\/the-deceiver-duck-call\/","name":"Appeau \u00e0 double anche pour colvert de Haydel - Utilisable en conditions humides","isPartOf":{"@id":"https:\/\/staging.lucky-hunter.com\/#website"},"primaryImageOfPage":{"@id":"https:\/\/staging.lucky-hunter.com\/fr\/product\/the-deceiver-duck-call\/#primaryimage"},"image":{"@id":"https:\/\/staging.lucky-hunter.com\/fr\/product\/the-deceiver-duck-call\/#primaryimage"},"thumbnailUrl":"https:\/\/staging.lucky-hunter.com\/wp-content\/uploads\/2021\/08\/DR-85.png","datePublished":"2021-08-05T14:35:21+00:00","dateModified":"2024-09-20T10:34:27+00:00","description":"Cet appeau \u00e0 double anche pour colvert est le plus vendu de Haydel depuis plus de 30 ans. C'est pourquoi il est surnomm\u00e9 \u00ab Le Trompeur \u00bb.","breadcrumb":{"@id":"https:\/\/staging.lucky-hunter.com\/fr\/product\/the-deceiver-duck-call\/#breadcrumb"},"inLanguage":"fr-FR","potentialAction":[{"@type":"ReadAction","target":["https:\/\/staging.lucky-hunter.com\/fr\/product\/the-deceiver-duck-call\/"]}]},{"@type":"ImageObject","inLanguage":"fr-FR","@id":"https:\/\/staging.lucky-hunter.com\/fr\/product\/the-deceiver-duck-call\/#primaryimage","url":"https:\/\/staging.lucky-hunter.com\/wp-content\/uploads\/2021\/08\/DR-85.png","contentUrl":"https:\/\/staging.lucky-hunter.com\/wp-content\/uploads\/2021\/08\/DR-85.png","width":1000,"height":1000},{"@type":"BreadcrumbList","@id":"https:\/\/staging.lucky-hunter.com\/fr\/product\/the-deceiver-duck-call\/#breadcrumb","itemListElement":[{"@type":"ListItem","position":1,"name":"Home","item":"https:\/\/staging.lucky-hunter.com\/fr\/"},{"@type":"ListItem","position":2,"name":"Boutique","item":"https:\/\/staging.lucky-hunter.com\/fr\/shop\/"},{"@type":"ListItem","position":3,"name":"Haydel\u2019s The Deceiver | Appeau \u00e0 Canard Colvert Anche Double | DR-85"}]},{"@type":"WebSite","@id":"https:\/\/staging.lucky-hunter.com\/#website","url":"https:\/\/staging.lucky-hunter.com\/","name":"Lucky-Hunter","description":"Gear Up or Give Up","potentialAction":[{"@type":"SearchAction","target":{"@type":"EntryPoint","urlTemplate":"https:\/\/staging.lucky-hunter.com\/?s={search_term_string}"},"query-input":{"@type":"PropertyValueSpecification","valueRequired":true,"valueName":"search_term_string"}}],"inLanguage":"fr-FR"}]}},"_links":{"self":[{"href":"https:\/\/staging.lucky-hunter.com\/fr\/wp-json\/wp\/v2\/product\/31342"}],"collection":[{"href":"https:\/\/staging.lucky-hunter.com\/fr\/wp-json\/wp\/v2\/product"}],"about":[{"href":"https:\/\/staging.lucky-hunter.com\/fr\/wp-json\/wp\/v2\/types\/product"}],"wp:featuredmedia":[{"embeddable":true,"href":"https:\/\/staging.lucky-hunter.com\/fr\/wp-json\/wp\/v2\/media\/30249"}],"wp:attachment":[{"href":"https:\/\/staging.lucky-hunter.com\/fr\/wp-json\/wp\/v2\/media?parent=31342"}],"wp:term":[{"taxonomy":"product_brand","embeddable":true,"href":"https:\/\/staging.lucky-hunter.com\/fr\/wp-json\/wp\/v2\/product_brand?post=31342"},{"taxonomy":"product_cat","embeddable":true,"href":"https:\/\/staging.lucky-hunter.com\/fr\/wp-json\/wp\/v2\/product_cat?post=31342"},{"taxonomy":"product_tag","embeddable":true,"href":"https:\/\/staging.lucky-hunter.com\/fr\/wp-json\/wp\/v2\/product_tag?post=31342"}],"curies":[{"name":"wp","href":"https:\/\/api.w.org\/{rel}","templated":true}]}}