{"id":31341,"date":"2021-08-11T08:22:38","date_gmt":"2021-08-11T06:22:38","guid":{"rendered":"https:\/\/staging.lucky-hunter.com\/product\/honker-2\/"},"modified":"2024-09-19T10:31:10","modified_gmt":"2024-09-19T08:31:10","slug":"honker","status":"publish","type":"product","link":"https:\/\/staging.lucky-hunter.com\/fr\/product\/honker\/","title":{"rendered":"Haydel\u00b4s Honker | Appeau \u00e0 Bernache du Canada | H-81"},"content":{"rendered":"<h2><strong>Appeau \u00e0 Bernache du Canada de Haydel\u00b4s Game Calls<\/strong><\/h2>\n<p>Le Haydel\u2019s Honker est un appeau \u00e0 oie dot\u00e9 d\u2019une longue anche \u00e0 l\u2019ancienne avec des sonorit\u00e9s profondes et gutturales. Il est tr\u00e8s facile \u00e0 utiliser et excellent pour les gloussements et pour les appels de retour.<\/p>\n<p><strong>Instructions d&#8217;appel\u00a0:<\/strong><\/p>\n<ul>\n<li>Placez l&#8217;appeau entre votre pouce et votre index.<\/li>\n<li>Refermez votre main et soufflez dans l&#8217;appeau tout en gonflant vos joues.<\/li>\n<li>Prononcez \u00ab\u00a0A w w w w\u00a0\u00bb pour produire de longs cris lorsque les oies sont \u00e9loign\u00e9es. \u00c0 mesure qu&#8217;elles se rapprochent, raccourcissez les cris.<\/li>\n<li>Pour effectuer l&#8217;appel de nourrissage \u00e0 courte port\u00e9e, prononcez \u00ab\u00a0ho ho ho ho\u00a0\u00bb en soufflant dans l\u2019appeau.<\/li>\n<li>Si la sonorit\u00e9 obtenue n\u2019est pas claire, vous soufflez probablement trop fort.<\/li>\n<\/ul>\n<p><strong>Caract\u00e9ristiques\u00a0:<\/strong><\/p>\n<ul>\n<li>Reproduit le cri d&#8217;une bernache du Canada<\/li>\n<li>Peut \u00eatre utilis\u00e9 m\u00eame mouill\u00e9<\/li>\n<li>Couleur\u00a0: Transparent<\/li>\n<li>Mod\u00e8le\u00a0: H-81<\/li>\n<li>Poids\u00a0: environ 45 grammes.<\/li>\n<\/ul>\n<p><iframe title=\"H 81 Honker\" width=\"1020\" height=\"574\" src=\"https:\/\/www.youtube.com\/embed\/zFcCMaCh7Rc?wmode=transparent&amp;rel=0&amp;feature=oembed&#038;enablejsapi=1&#038;origin=https:\/\/staging.lucky-hunter.com\" frameborder=\"0\" allow=\"accelerometer; autoplay; clipboard-write; encrypted-media; gyroscope; picture-in-picture\" allowfullscreen><\/iframe><\/p>\n","protected":false},"excerpt":{"rendered":"<p>L&#8217;appeau pour oie Haydel&#8217;s Honker est un appeau \u00e0 anche longue de style traditionnel qui produit des sons graves et gutturaux. Il est tr\u00e8s facile \u00e0 utiliser et offre un excellent \u00ab cluck \u00bb ainsi qu&#8217;un appel de retour plaintif.<\/p>\n","protected":false},"featured_media":30260,"template":"","meta":[],"product_brand":[8139],"product_cat":[8168],"product_tag":[],"yoast_head":"<!-- This site is optimized with the Yoast SEO plugin v24.3 - https:\/\/yoast.com\/wordpress\/plugins\/seo\/ -->\n<title>Appeau Haydel&#039;s Honker | H-81 | Maintenant sur Lucky-Hunter.com<\/title>\n<meta name=\"description\" content=\"L&#039;appeau Haydel&#039;s Honker est un appeau traditionnel \u00e0 anche longue pour bernache du Canada, qui produit des sons graves et gutturaux.\" \/>\n<meta name=\"robots\" content=\"noindex, follow, max-snippet:-1, max-image-preview:large, max-video-preview:-1\" \/>\n<meta property=\"og:locale\" content=\"fr_FR\" \/>\n<meta property=\"og:type\" content=\"article\" \/>\n<meta property=\"og:title\" content=\"Appeau Haydel&#039;s Honker | H-81 | Maintenant sur Lucky-Hunter.com\" \/>\n<meta property=\"og:description\" content=\"L&#039;appeau Haydel&#039;s Honker est un appeau traditionnel \u00e0 anche longue pour bernache du Canada, qui produit des sons graves et gutturaux.\" \/>\n<meta property=\"og:url\" content=\"https:\/\/staging.lucky-hunter.com\/product\/honker\/\" \/>\n<meta property=\"og:site_name\" content=\"Lucky-Hunter\" \/>\n<meta property=\"article:modified_time\" content=\"2024-09-19T08:31:10+00:00\" \/>\n<meta property=\"og:image\" content=\"https:\/\/staging.lucky-hunter.com\/wp-content\/uploads\/2021\/08\/H-81.png\" \/>\n\t<meta property=\"og:image:width\" content=\"1000\" \/>\n\t<meta property=\"og:image:height\" content=\"1000\" \/>\n\t<meta property=\"og:image:type\" content=\"image\/png\" \/>\n<meta name=\"twitter:card\" content=\"summary_large_image\" \/>\n<meta name=\"twitter:label1\" content=\"Dur\u00e9e de lecture estim\u00e9e\" \/>\n\t<meta name=\"twitter:data1\" content=\"1 minute\" \/>\n<script type=\"application\/ld+json\" class=\"yoast-schema-graph\">{\"@context\":\"https:\/\/schema.org\",\"@graph\":[{\"@type\":\"WebPage\",\"@id\":\"https:\/\/staging.lucky-hunter.com\/product\/honker\/\",\"url\":\"https:\/\/staging.lucky-hunter.com\/product\/honker\/\",\"name\":\"Appeau Haydel's Honker | H-81 | Maintenant sur Lucky-Hunter.com\",\"isPartOf\":{\"@id\":\"https:\/\/staging.lucky-hunter.com\/#website\"},\"primaryImageOfPage\":{\"@id\":\"https:\/\/staging.lucky-hunter.com\/product\/honker\/#primaryimage\"},\"image\":{\"@id\":\"https:\/\/staging.lucky-hunter.com\/product\/honker\/#primaryimage\"},\"thumbnailUrl\":\"https:\/\/staging.lucky-hunter.com\/wp-content\/uploads\/2021\/08\/H-81.png\",\"datePublished\":\"2021-08-11T06:22:38+00:00\",\"dateModified\":\"2024-09-19T08:31:10+00:00\",\"description\":\"L'appeau Haydel's Honker est un appeau traditionnel \u00e0 anche longue pour bernache du Canada, qui produit des sons graves et gutturaux.\",\"breadcrumb\":{\"@id\":\"https:\/\/staging.lucky-hunter.com\/product\/honker\/#breadcrumb\"},\"inLanguage\":\"fr-FR\",\"potentialAction\":[{\"@type\":\"ReadAction\",\"target\":[\"https:\/\/staging.lucky-hunter.com\/product\/honker\/\"]}]},{\"@type\":\"ImageObject\",\"inLanguage\":\"fr-FR\",\"@id\":\"https:\/\/staging.lucky-hunter.com\/product\/honker\/#primaryimage\",\"url\":\"https:\/\/staging.lucky-hunter.com\/wp-content\/uploads\/2021\/08\/H-81.png\",\"contentUrl\":\"https:\/\/staging.lucky-hunter.com\/wp-content\/uploads\/2021\/08\/H-81.png\",\"width\":1000,\"height\":1000},{\"@type\":\"BreadcrumbList\",\"@id\":\"https:\/\/staging.lucky-hunter.com\/product\/honker\/#breadcrumb\",\"itemListElement\":[{\"@type\":\"ListItem\",\"position\":1,\"name\":\"Home\",\"item\":\"https:\/\/staging.lucky-hunter.com\/fr\/\"},{\"@type\":\"ListItem\",\"position\":2,\"name\":\"Boutique\",\"item\":\"https:\/\/staging.lucky-hunter.com\/fr\/shop\/\"},{\"@type\":\"ListItem\",\"position\":3,\"name\":\"Haydel\u00b4s Honker | Appeau \u00e0 Bernache du Canada | H-81\"}]},{\"@type\":\"WebSite\",\"@id\":\"https:\/\/staging.lucky-hunter.com\/#website\",\"url\":\"https:\/\/staging.lucky-hunter.com\/\",\"name\":\"Lucky-Hunter\",\"description\":\"Gear Up or Give Up\",\"potentialAction\":[{\"@type\":\"SearchAction\",\"target\":{\"@type\":\"EntryPoint\",\"urlTemplate\":\"https:\/\/staging.lucky-hunter.com\/?s={search_term_string}\"},\"query-input\":{\"@type\":\"PropertyValueSpecification\",\"valueRequired\":true,\"valueName\":\"search_term_string\"}}],\"inLanguage\":\"fr-FR\"}]}<\/script>\n<!-- \/ Yoast SEO plugin. -->","yoast_head_json":{"title":"Appeau Haydel's Honker | H-81 | Maintenant sur Lucky-Hunter.com","description":"L'appeau Haydel's Honker est un appeau traditionnel \u00e0 anche longue pour bernache du Canada, qui produit des sons graves et gutturaux.","robots":{"index":"noindex","follow":"follow","max-snippet":"max-snippet:-1","max-image-preview":"max-image-preview:large","max-video-preview":"max-video-preview:-1"},"og_locale":"fr_FR","og_type":"article","og_title":"Appeau Haydel's Honker | H-81 | Maintenant sur Lucky-Hunter.com","og_description":"L'appeau Haydel's Honker est un appeau traditionnel \u00e0 anche longue pour bernache du Canada, qui produit des sons graves et gutturaux.","og_url":"https:\/\/staging.lucky-hunter.com\/product\/honker\/","og_site_name":"Lucky-Hunter","article_modified_time":"2024-09-19T08:31:10+00:00","og_image":[{"width":1000,"height":1000,"url":"https:\/\/staging.lucky-hunter.com\/wp-content\/uploads\/2021\/08\/H-81.png","type":"image\/png"}],"twitter_card":"summary_large_image","twitter_misc":{"Dur\u00e9e de lecture estim\u00e9e":"1 minute"},"schema":{"@context":"https:\/\/schema.org","@graph":[{"@type":"WebPage","@id":"https:\/\/staging.lucky-hunter.com\/product\/honker\/","url":"https:\/\/staging.lucky-hunter.com\/product\/honker\/","name":"Appeau Haydel's Honker | H-81 | Maintenant sur Lucky-Hunter.com","isPartOf":{"@id":"https:\/\/staging.lucky-hunter.com\/#website"},"primaryImageOfPage":{"@id":"https:\/\/staging.lucky-hunter.com\/product\/honker\/#primaryimage"},"image":{"@id":"https:\/\/staging.lucky-hunter.com\/product\/honker\/#primaryimage"},"thumbnailUrl":"https:\/\/staging.lucky-hunter.com\/wp-content\/uploads\/2021\/08\/H-81.png","datePublished":"2021-08-11T06:22:38+00:00","dateModified":"2024-09-19T08:31:10+00:00","description":"L'appeau Haydel's Honker est un appeau traditionnel \u00e0 anche longue pour bernache du Canada, qui produit des sons graves et gutturaux.","breadcrumb":{"@id":"https:\/\/staging.lucky-hunter.com\/product\/honker\/#breadcrumb"},"inLanguage":"fr-FR","potentialAction":[{"@type":"ReadAction","target":["https:\/\/staging.lucky-hunter.com\/product\/honker\/"]}]},{"@type":"ImageObject","inLanguage":"fr-FR","@id":"https:\/\/staging.lucky-hunter.com\/product\/honker\/#primaryimage","url":"https:\/\/staging.lucky-hunter.com\/wp-content\/uploads\/2021\/08\/H-81.png","contentUrl":"https:\/\/staging.lucky-hunter.com\/wp-content\/uploads\/2021\/08\/H-81.png","width":1000,"height":1000},{"@type":"BreadcrumbList","@id":"https:\/\/staging.lucky-hunter.com\/product\/honker\/#breadcrumb","itemListElement":[{"@type":"ListItem","position":1,"name":"Home","item":"https:\/\/staging.lucky-hunter.com\/fr\/"},{"@type":"ListItem","position":2,"name":"Boutique","item":"https:\/\/staging.lucky-hunter.com\/fr\/shop\/"},{"@type":"ListItem","position":3,"name":"Haydel\u00b4s Honker | Appeau \u00e0 Bernache du Canada | H-81"}]},{"@type":"WebSite","@id":"https:\/\/staging.lucky-hunter.com\/#website","url":"https:\/\/staging.lucky-hunter.com\/","name":"Lucky-Hunter","description":"Gear Up or Give Up","potentialAction":[{"@type":"SearchAction","target":{"@type":"EntryPoint","urlTemplate":"https:\/\/staging.lucky-hunter.com\/?s={search_term_string}"},"query-input":{"@type":"PropertyValueSpecification","valueRequired":true,"valueName":"search_term_string"}}],"inLanguage":"fr-FR"}]}},"_links":{"self":[{"href":"https:\/\/staging.lucky-hunter.com\/fr\/wp-json\/wp\/v2\/product\/31341"}],"collection":[{"href":"https:\/\/staging.lucky-hunter.com\/fr\/wp-json\/wp\/v2\/product"}],"about":[{"href":"https:\/\/staging.lucky-hunter.com\/fr\/wp-json\/wp\/v2\/types\/product"}],"wp:featuredmedia":[{"embeddable":true,"href":"https:\/\/staging.lucky-hunter.com\/fr\/wp-json\/wp\/v2\/media\/30260"}],"wp:attachment":[{"href":"https:\/\/staging.lucky-hunter.com\/fr\/wp-json\/wp\/v2\/media?parent=31341"}],"wp:term":[{"taxonomy":"product_brand","embeddable":true,"href":"https:\/\/staging.lucky-hunter.com\/fr\/wp-json\/wp\/v2\/product_brand?post=31341"},{"taxonomy":"product_cat","embeddable":true,"href":"https:\/\/staging.lucky-hunter.com\/fr\/wp-json\/wp\/v2\/product_cat?post=31341"},{"taxonomy":"product_tag","embeddable":true,"href":"https:\/\/staging.lucky-hunter.com\/fr\/wp-json\/wp\/v2\/product_tag?post=31341"}],"curies":[{"name":"wp","href":"https:\/\/api.w.org\/{rel}","templated":true}]}}