{"id":31340,"date":"2021-08-05T08:45:24","date_gmt":"2021-08-05T06:45:24","guid":{"rendered":"https:\/\/staging.lucky-hunter.com\/product\/diver-duck-2\/"},"modified":"2024-09-19T10:36:01","modified_gmt":"2024-09-19T08:36:01","slug":"diver-duck","status":"publish","type":"product","link":"https:\/\/staging.lucky-hunter.com\/fr\/product\/diver-duck\/","title":{"rendered":"Haydel\u00b4s Diver Duck | Appeau \u00e0 Canard | DC-14"},"content":{"rendered":"<p><iframe title=\"Haydel&#039;s DC-14 Diver Call\" width=\"1020\" height=\"574\" src=\"https:\/\/www.youtube.com\/embed\/RYU5DCbLT2E?wmode=transparent&amp;rel=0&amp;feature=oembed&#038;enablejsapi=1&#038;origin=https:\/\/staging.lucky-hunter.com\" frameborder=\"0\" allow=\"accelerometer; autoplay; clipboard-write; encrypted-media; gyroscope; picture-in-picture\" allowfullscreen><\/iframe><\/p>\n<h2><strong>Appeau \u00e0 Canard Anche Simple Sp\u00e9cialement Con\u00e7u<\/strong><\/h2>\n<p>Avec l\u2019appeau \u00e0 canard Diver Duck DC14 de Haydel\u2019s, vous pouvez imiter le \u00ab Brrrrr \u00bb que de nombreux canards plongeurs utilisent pour communiquer, tels que le Milouin, le Milouinan, le Petit Fuligule, le Morillon, le Fuligule \u00e0 dos blanc, etc.<\/p>\n<p>Autrefois, de nombreux chasseurs de canards se contentaient d\u2019appeaux classiques \u00e0 Colvert, cependant, d\u00e9sormais, les sp\u00e9cialistes de la chasse au canard peuvent acqu\u00e9rir un appeau sp\u00e9cialement con\u00e7u pour attirer les canards plongeurs dans leur zone de tir.<\/p>\n<p>Le barrel de l\u2019appeau Haydel\u2019s Diver Duck int\u00e8gre un bouchon orange facile \u00e0 retirer lorsqu\u2019un volume plus \u00e9lev\u00e9 est n\u00e9cessaire, par exemple pendant les jours venteux.<\/p>\n<p>Comme l\u2019explique Rod Haydel dans la vid\u00e9o ci-dessous, prononcez \u00ab\u00a0Brrrrr\u00a0\u00bb lorsque vous soufflez dans l\u2019appeau.<\/p>\n<p><strong>Instructions d&#8217;appel\u00a0:<\/strong><\/p>\n<p>Pour utiliser cet appeau correctement et produire les sons voulus, il suffit de faire vibrer votre langue, un peu comme si vous vous gargarisiez. Simultan\u00e9ment, r\u00e9alisez de courtes expirations pour imiter le \u00ab\u00a0Brrrr\u00a0\u00bb des canards. Chaque expiration doit durer environ une demi-seconde. Bien entendu, vous pouvez varier ce son pour simuler la pr\u00e9sence de plusieurs oiseaux. Et vous pouvez renforcer encore plus cette illusion en ouvrant et en fermant votre main ou en soufflant plus fort ou plus doucement. Le petit bouchon orange peut \u00e9galement \u00eatre retir\u00e9 si vous souhaitez augmenter le volume. Pour plus de r\u00e9alisme, \u00e9chelonnez le timing de ces appels.<\/p>\n<p>\u00c0 l\u2019instar de tous les autres appeaux Haydel\u2019s, l\u2019Appeau \u00e0 Canard Diver Duck DC14 continuera \u00e0 fonctionner correctement m\u00eame mouill\u00e9 par un exc\u00e8s de salive ou apr\u00e8s \u00eatre tomb\u00e9 dans l\u2019eau.<\/p>\n<p><strong>Caract\u00e9ristiques\u00a0:<\/strong><\/p>\n<ul>\n<li>Reproduit le cri de divers canards plongeurs<\/li>\n<li>Anche simple<\/li>\n<li>Facile \u00e0 utiliser<\/li>\n<li>Peut \u00eatre utilis\u00e9 m\u00eame mouill\u00e9<\/li>\n<li>Couleur : Noir<\/li>\n<li>Mod\u00e8le : DC14<\/li>\n<li>Poids\u00a0: environ 45 grammes.<\/li>\n<\/ul>\n<p>&nbsp;<\/p>\n","protected":false},"excerpt":{"rendered":"<p>Avec l&#8217;appeau pour canards plongeurs Haydel&#8217;s BC14, vous pouvez recr\u00e9er le son \u00ab Brrrrr \u00bb utilis\u00e9 par de nombreux canards plongeurs pour communiquer, y compris le Milouin, le Milouinan, le Fuligule morillon et le Fuligule \u00e0 dos blanc.<\/p>\n","protected":false},"featured_media":30248,"template":"","meta":[],"product_brand":[8139],"product_cat":[8167],"product_tag":[9235],"yoast_head":"<!-- This site is optimized with the Yoast SEO plugin v24.3 - https:\/\/yoast.com\/wordpress\/plugins\/seo\/ -->\n<title>Appeau pour canards plongeurs Haydel&#039;s - Appeau \u00e0 anche simple sp\u00e9cialement d\u00e9velopp\u00e9<\/title>\n<meta name=\"description\" content=\"Avec l&#039;appeau unique pour canards plongeurs Haydel&#039;s BC14, vous pouvez recr\u00e9er le son \u00ab Brrrrr \u00bb utilis\u00e9 par les canards plongeurs pour communiquer.\" \/>\n<meta name=\"robots\" content=\"noindex, follow, max-snippet:-1, max-image-preview:large, max-video-preview:-1\" \/>\n<meta property=\"og:locale\" content=\"fr_FR\" \/>\n<meta property=\"og:type\" content=\"article\" \/>\n<meta property=\"og:title\" content=\"Appeau pour canards plongeurs Haydel&#039;s - Appeau \u00e0 anche simple sp\u00e9cialement d\u00e9velopp\u00e9\" \/>\n<meta property=\"og:description\" content=\"Avec l&#039;appeau unique pour canards plongeurs Haydel&#039;s BC14, vous pouvez recr\u00e9er le son \u00ab Brrrrr \u00bb utilis\u00e9 par les canards plongeurs pour communiquer.\" \/>\n<meta property=\"og:url\" content=\"https:\/\/staging.lucky-hunter.com\/product\/diver-duck\/\" \/>\n<meta property=\"og:site_name\" content=\"Lucky-Hunter\" \/>\n<meta property=\"article:modified_time\" content=\"2024-09-19T08:36:01+00:00\" \/>\n<meta property=\"og:image\" content=\"https:\/\/staging.lucky-hunter.com\/wp-content\/uploads\/2021\/08\/DC-14.png\" \/>\n\t<meta property=\"og:image:width\" content=\"1000\" \/>\n\t<meta property=\"og:image:height\" content=\"1000\" \/>\n\t<meta property=\"og:image:type\" content=\"image\/png\" \/>\n<meta name=\"twitter:card\" content=\"summary_large_image\" \/>\n<meta name=\"twitter:label1\" content=\"Dur\u00e9e de lecture estim\u00e9e\" \/>\n\t<meta name=\"twitter:data1\" content=\"2 minutes\" \/>\n<script type=\"application\/ld+json\" class=\"yoast-schema-graph\">{\"@context\":\"https:\/\/schema.org\",\"@graph\":[{\"@type\":\"WebPage\",\"@id\":\"https:\/\/staging.lucky-hunter.com\/product\/diver-duck\/\",\"url\":\"https:\/\/staging.lucky-hunter.com\/product\/diver-duck\/\",\"name\":\"Appeau pour canards plongeurs Haydel's - Appeau \u00e0 anche simple sp\u00e9cialement d\u00e9velopp\u00e9\",\"isPartOf\":{\"@id\":\"https:\/\/staging.lucky-hunter.com\/#website\"},\"primaryImageOfPage\":{\"@id\":\"https:\/\/staging.lucky-hunter.com\/product\/diver-duck\/#primaryimage\"},\"image\":{\"@id\":\"https:\/\/staging.lucky-hunter.com\/product\/diver-duck\/#primaryimage\"},\"thumbnailUrl\":\"https:\/\/staging.lucky-hunter.com\/wp-content\/uploads\/2021\/08\/DC-14.png\",\"datePublished\":\"2021-08-05T06:45:24+00:00\",\"dateModified\":\"2024-09-19T08:36:01+00:00\",\"description\":\"Avec l'appeau unique pour canards plongeurs Haydel's BC14, vous pouvez recr\u00e9er le son \u00ab Brrrrr \u00bb utilis\u00e9 par les canards plongeurs pour communiquer.\",\"breadcrumb\":{\"@id\":\"https:\/\/staging.lucky-hunter.com\/product\/diver-duck\/#breadcrumb\"},\"inLanguage\":\"fr-FR\",\"potentialAction\":[{\"@type\":\"ReadAction\",\"target\":[\"https:\/\/staging.lucky-hunter.com\/product\/diver-duck\/\"]}]},{\"@type\":\"ImageObject\",\"inLanguage\":\"fr-FR\",\"@id\":\"https:\/\/staging.lucky-hunter.com\/product\/diver-duck\/#primaryimage\",\"url\":\"https:\/\/staging.lucky-hunter.com\/wp-content\/uploads\/2021\/08\/DC-14.png\",\"contentUrl\":\"https:\/\/staging.lucky-hunter.com\/wp-content\/uploads\/2021\/08\/DC-14.png\",\"width\":1000,\"height\":1000},{\"@type\":\"BreadcrumbList\",\"@id\":\"https:\/\/staging.lucky-hunter.com\/product\/diver-duck\/#breadcrumb\",\"itemListElement\":[{\"@type\":\"ListItem\",\"position\":1,\"name\":\"Home\",\"item\":\"https:\/\/staging.lucky-hunter.com\/fr\/\"},{\"@type\":\"ListItem\",\"position\":2,\"name\":\"Boutique\",\"item\":\"https:\/\/staging.lucky-hunter.com\/fr\/shop\/\"},{\"@type\":\"ListItem\",\"position\":3,\"name\":\"Haydel\u00b4s Diver Duck | Appeau \u00e0 Canard | DC-14\"}]},{\"@type\":\"WebSite\",\"@id\":\"https:\/\/staging.lucky-hunter.com\/#website\",\"url\":\"https:\/\/staging.lucky-hunter.com\/\",\"name\":\"Lucky-Hunter\",\"description\":\"Gear Up or Give Up\",\"potentialAction\":[{\"@type\":\"SearchAction\",\"target\":{\"@type\":\"EntryPoint\",\"urlTemplate\":\"https:\/\/staging.lucky-hunter.com\/?s={search_term_string}\"},\"query-input\":{\"@type\":\"PropertyValueSpecification\",\"valueRequired\":true,\"valueName\":\"search_term_string\"}}],\"inLanguage\":\"fr-FR\"}]}<\/script>\n<!-- \/ Yoast SEO plugin. -->","yoast_head_json":{"title":"Appeau pour canards plongeurs Haydel's - Appeau \u00e0 anche simple sp\u00e9cialement d\u00e9velopp\u00e9","description":"Avec l'appeau unique pour canards plongeurs Haydel's BC14, vous pouvez recr\u00e9er le son \u00ab Brrrrr \u00bb utilis\u00e9 par les canards plongeurs pour communiquer.","robots":{"index":"noindex","follow":"follow","max-snippet":"max-snippet:-1","max-image-preview":"max-image-preview:large","max-video-preview":"max-video-preview:-1"},"og_locale":"fr_FR","og_type":"article","og_title":"Appeau pour canards plongeurs Haydel's - Appeau \u00e0 anche simple sp\u00e9cialement d\u00e9velopp\u00e9","og_description":"Avec l'appeau unique pour canards plongeurs Haydel's BC14, vous pouvez recr\u00e9er le son \u00ab Brrrrr \u00bb utilis\u00e9 par les canards plongeurs pour communiquer.","og_url":"https:\/\/staging.lucky-hunter.com\/product\/diver-duck\/","og_site_name":"Lucky-Hunter","article_modified_time":"2024-09-19T08:36:01+00:00","og_image":[{"width":1000,"height":1000,"url":"https:\/\/staging.lucky-hunter.com\/wp-content\/uploads\/2021\/08\/DC-14.png","type":"image\/png"}],"twitter_card":"summary_large_image","twitter_misc":{"Dur\u00e9e de lecture estim\u00e9e":"2 minutes"},"schema":{"@context":"https:\/\/schema.org","@graph":[{"@type":"WebPage","@id":"https:\/\/staging.lucky-hunter.com\/product\/diver-duck\/","url":"https:\/\/staging.lucky-hunter.com\/product\/diver-duck\/","name":"Appeau pour canards plongeurs Haydel's - Appeau \u00e0 anche simple sp\u00e9cialement d\u00e9velopp\u00e9","isPartOf":{"@id":"https:\/\/staging.lucky-hunter.com\/#website"},"primaryImageOfPage":{"@id":"https:\/\/staging.lucky-hunter.com\/product\/diver-duck\/#primaryimage"},"image":{"@id":"https:\/\/staging.lucky-hunter.com\/product\/diver-duck\/#primaryimage"},"thumbnailUrl":"https:\/\/staging.lucky-hunter.com\/wp-content\/uploads\/2021\/08\/DC-14.png","datePublished":"2021-08-05T06:45:24+00:00","dateModified":"2024-09-19T08:36:01+00:00","description":"Avec l'appeau unique pour canards plongeurs Haydel's BC14, vous pouvez recr\u00e9er le son \u00ab Brrrrr \u00bb utilis\u00e9 par les canards plongeurs pour communiquer.","breadcrumb":{"@id":"https:\/\/staging.lucky-hunter.com\/product\/diver-duck\/#breadcrumb"},"inLanguage":"fr-FR","potentialAction":[{"@type":"ReadAction","target":["https:\/\/staging.lucky-hunter.com\/product\/diver-duck\/"]}]},{"@type":"ImageObject","inLanguage":"fr-FR","@id":"https:\/\/staging.lucky-hunter.com\/product\/diver-duck\/#primaryimage","url":"https:\/\/staging.lucky-hunter.com\/wp-content\/uploads\/2021\/08\/DC-14.png","contentUrl":"https:\/\/staging.lucky-hunter.com\/wp-content\/uploads\/2021\/08\/DC-14.png","width":1000,"height":1000},{"@type":"BreadcrumbList","@id":"https:\/\/staging.lucky-hunter.com\/product\/diver-duck\/#breadcrumb","itemListElement":[{"@type":"ListItem","position":1,"name":"Home","item":"https:\/\/staging.lucky-hunter.com\/fr\/"},{"@type":"ListItem","position":2,"name":"Boutique","item":"https:\/\/staging.lucky-hunter.com\/fr\/shop\/"},{"@type":"ListItem","position":3,"name":"Haydel\u00b4s Diver Duck | Appeau \u00e0 Canard | DC-14"}]},{"@type":"WebSite","@id":"https:\/\/staging.lucky-hunter.com\/#website","url":"https:\/\/staging.lucky-hunter.com\/","name":"Lucky-Hunter","description":"Gear Up or Give Up","potentialAction":[{"@type":"SearchAction","target":{"@type":"EntryPoint","urlTemplate":"https:\/\/staging.lucky-hunter.com\/?s={search_term_string}"},"query-input":{"@type":"PropertyValueSpecification","valueRequired":true,"valueName":"search_term_string"}}],"inLanguage":"fr-FR"}]}},"_links":{"self":[{"href":"https:\/\/staging.lucky-hunter.com\/fr\/wp-json\/wp\/v2\/product\/31340"}],"collection":[{"href":"https:\/\/staging.lucky-hunter.com\/fr\/wp-json\/wp\/v2\/product"}],"about":[{"href":"https:\/\/staging.lucky-hunter.com\/fr\/wp-json\/wp\/v2\/types\/product"}],"wp:featuredmedia":[{"embeddable":true,"href":"https:\/\/staging.lucky-hunter.com\/fr\/wp-json\/wp\/v2\/media\/30248"}],"wp:attachment":[{"href":"https:\/\/staging.lucky-hunter.com\/fr\/wp-json\/wp\/v2\/media?parent=31340"}],"wp:term":[{"taxonomy":"product_brand","embeddable":true,"href":"https:\/\/staging.lucky-hunter.com\/fr\/wp-json\/wp\/v2\/product_brand?post=31340"},{"taxonomy":"product_cat","embeddable":true,"href":"https:\/\/staging.lucky-hunter.com\/fr\/wp-json\/wp\/v2\/product_cat?post=31340"},{"taxonomy":"product_tag","embeddable":true,"href":"https:\/\/staging.lucky-hunter.com\/fr\/wp-json\/wp\/v2\/product_tag?post=31340"}],"curies":[{"name":"wp","href":"https:\/\/api.w.org\/{rel}","templated":true}]}}