{"id":31339,"date":"2021-08-04T16:17:21","date_gmt":"2021-08-04T14:17:21","guid":{"rendered":"https:\/\/staging.lucky-hunter.com\/product\/big-barrelled-cutdown-2\/"},"modified":"2022-11-15T15:41:49","modified_gmt":"2022-11-15T14:41:49","slug":"big-barrelled-cutdown","status":"publish","type":"product","link":"https:\/\/staging.lucky-hunter.com\/fr\/product\/big-barrelled-cutdown\/","title":{"rendered":"Haydel\u2019s Big Barrelled Cutdown | Appeau \u00e0 canard | BC-10"},"content":{"rendered":"<p><iframe title=\"Haydel&#039;s Big barrel mallard duck call BC-10\" width=\"1020\" height=\"574\" src=\"https:\/\/www.youtube.com\/embed\/LgSDUJrGLAY?wmode=transparent&amp;rel=0&amp;feature=oembed&#038;enablejsapi=1&#038;origin=https:\/\/staging.lucky-hunter.com\" frameborder=\"0\" allow=\"accelerometer; autoplay; clipboard-write; encrypted-media; gyroscope; picture-in-picture\" allowfullscreen><\/iframe><\/p>\n<h2><strong>Appeau \u00e0 canard double anche qui imite un cri agressif de Cane Colvert<\/strong><\/h2>\n<p>Le Big Barrelled BC-10 est le nouvel appeau \u00e0 canard qui vient s\u2019ajouter \u00e0 la grande gamme de produits vari\u00e9s de la marque Haydel\u2019s.<\/p>\n<p>Cet appeau se situe \u00e0 mi-chemin entre l&#8217;appeau Haydel\u2019s Cutdown, qui est plus court, et le Big Barrelled, qui permet de reproduire les cris agressifs d\u2019une cane colvert \u00e0 un volume \u00e9lev\u00e9.<\/p>\n<p>Comme l\u2019explique Kelly Haydel dans la vid\u00e9o ci-dessous, prononcez <em>\u00ab VUT \u00bb<\/em>quand vous soufflez dans l\u2019appeau.<\/p>\n<p>\u00c0 l\u2019instar de tous les autres appeaux Haydel\u2019s, l\u2019Appeau \u00e0 Canard Big Barrelled continuera \u00e0 fonctionner correctement m\u00eame mouill\u00e9 par un exc\u00e8s de salive ou apr\u00e8s \u00eatre tomb\u00e9 dans l\u2019eau.<\/p>\n<p><strong>Instructions d&#8217;appel\u00a0:<\/strong><\/p>\n<ul>\n<li>L&#8217;appel de salutation comprend 6 \u00e0 7\u00a0notes en tonalit\u00e9 descendante avec toujours le m\u00eame \u00ab VUT \u00bb en guise de son.<\/li>\n<li>L&#8217;appel de retour est similaire, 5 \u00e0 7 notes, mais un peu plus rapide pour reproduire l&#8217;excitation.<\/li>\n<li>L&#8217;appel suppliant maintient la premi\u00e8re note plus longtemps que les autres.<\/li>\n<li>L&#8217;appel de nourrissage ressemble \u00e0 \u00e7a : \u00ab DU DIT &#8230;&#8230; DITDITDI &#8230;.. DIT \u00bb. De mani\u00e8re cass\u00e9e et saccad\u00e9e.<\/li>\n<\/ul>\n<p><strong>Caract\u00e9ristiques\u00a0:<\/strong><\/p>\n<ul>\n<li>Reproduit le cri d&#8217;une cane colvert.<\/li>\n<li>Anche double<\/li>\n<li>Accord\u00e9 de mani\u00e8re agressive<\/li>\n<li>Design en forme de \u00ab tonneau \u00bb pour plus d&#8217;air et un son plus fort<\/li>\n<li>Base acrylique avec une sonorit\u00e9 nette et per\u00e7ante.<\/li>\n<li>Peut \u00eatre utilis\u00e9 m\u00eame mouill\u00e9.<\/li>\n<li>Couleur\u00a0: Transparent<\/li>\n<li>Mod\u00e8le : BC-10<\/li>\n<li>Poids\u00a0: environ 45 grammes.<\/li>\n<\/ul>\n<p>Tous les appeaux sont accord\u00e9s en usine et test\u00e9s par des champions d\u2019appels. Aucun accordage suppl\u00e9mentaire n&#8217;est requis, cependant, si vous avez besoin de faire des ajustements en raison de votre style personnel, d\u00e9placez la cale vers la pointe des anches pour une tonalit\u00e9 plus aigu\u00eb et \u00e0 l&#8217;oppos\u00e9 pour une tonalit\u00e9 plus grave.<\/p>\n","protected":false},"excerpt":{"rendered":"<p>Cet appeau se situe \u00e0 mi-chemin entre l&#8217;appeau Haydel\u2019s Cutdown, qui est plus court, et le Big Barrelled, qui permet de reproduire les cris agressifs d\u2019une cane colvert \u00e0 un volume \u00e9lev\u00e9.<\/p>\n","protected":false},"featured_media":30247,"template":"","meta":[],"product_brand":[8139],"product_cat":[8167],"product_tag":[9235],"yoast_head":"<!-- This site is optimized with the Yoast SEO plugin v24.3 - https:\/\/yoast.com\/wordpress\/plugins\/seo\/ -->\n<title>Haydel\u00b4s Big Barrelled Duck Call - Double Reed sound of Mallard Hen<\/title>\n<meta name=\"description\" content=\"This duck call from Haydel\u00b4s is aggressively tuned to handle most any situation you will encounter. Can be used even in wet condition.\" \/>\n<meta name=\"robots\" content=\"noindex, follow, max-snippet:-1, max-image-preview:large, max-video-preview:-1\" \/>\n<meta property=\"og:locale\" content=\"fr_FR\" \/>\n<meta property=\"og:type\" content=\"article\" \/>\n<meta property=\"og:title\" content=\"Haydel\u00b4s Big Barrelled Duck Call - Double Reed sound of Mallard Hen\" \/>\n<meta property=\"og:description\" content=\"This duck call from Haydel\u00b4s is aggressively tuned to handle most any situation you will encounter. Can be used even in wet condition.\" \/>\n<meta property=\"og:url\" content=\"https:\/\/staging.lucky-hunter.com\/product\/big-barrelled-cutdown\/\" \/>\n<meta property=\"og:site_name\" content=\"Lucky-Hunter\" \/>\n<meta property=\"article:modified_time\" content=\"2022-11-15T14:41:49+00:00\" \/>\n<meta property=\"og:image\" content=\"https:\/\/staging.lucky-hunter.com\/wp-content\/uploads\/2021\/08\/BC-10.png\" \/>\n\t<meta property=\"og:image:width\" content=\"1000\" \/>\n\t<meta property=\"og:image:height\" content=\"1000\" \/>\n\t<meta property=\"og:image:type\" content=\"image\/png\" \/>\n<meta name=\"twitter:card\" content=\"summary_large_image\" \/>\n<meta name=\"twitter:label1\" content=\"Dur\u00e9e de lecture estim\u00e9e\" \/>\n\t<meta name=\"twitter:data1\" content=\"2 minutes\" \/>\n<script type=\"application\/ld+json\" class=\"yoast-schema-graph\">{\"@context\":\"https:\/\/schema.org\",\"@graph\":[{\"@type\":\"WebPage\",\"@id\":\"https:\/\/staging.lucky-hunter.com\/product\/big-barrelled-cutdown\/\",\"url\":\"https:\/\/staging.lucky-hunter.com\/product\/big-barrelled-cutdown\/\",\"name\":\"Haydel\u00b4s Big Barrelled Duck Call - Double Reed sound of Mallard Hen\",\"isPartOf\":{\"@id\":\"https:\/\/staging.lucky-hunter.com\/#website\"},\"primaryImageOfPage\":{\"@id\":\"https:\/\/staging.lucky-hunter.com\/product\/big-barrelled-cutdown\/#primaryimage\"},\"image\":{\"@id\":\"https:\/\/staging.lucky-hunter.com\/product\/big-barrelled-cutdown\/#primaryimage\"},\"thumbnailUrl\":\"https:\/\/staging.lucky-hunter.com\/wp-content\/uploads\/2021\/08\/BC-10.png\",\"datePublished\":\"2021-08-04T14:17:21+00:00\",\"dateModified\":\"2022-11-15T14:41:49+00:00\",\"description\":\"This duck call from Haydel\u00b4s is aggressively tuned to handle most any situation you will encounter. Can be used even in wet condition.\",\"breadcrumb\":{\"@id\":\"https:\/\/staging.lucky-hunter.com\/product\/big-barrelled-cutdown\/#breadcrumb\"},\"inLanguage\":\"fr-FR\",\"potentialAction\":[{\"@type\":\"ReadAction\",\"target\":[\"https:\/\/staging.lucky-hunter.com\/product\/big-barrelled-cutdown\/\"]}]},{\"@type\":\"ImageObject\",\"inLanguage\":\"fr-FR\",\"@id\":\"https:\/\/staging.lucky-hunter.com\/product\/big-barrelled-cutdown\/#primaryimage\",\"url\":\"https:\/\/staging.lucky-hunter.com\/wp-content\/uploads\/2021\/08\/BC-10.png\",\"contentUrl\":\"https:\/\/staging.lucky-hunter.com\/wp-content\/uploads\/2021\/08\/BC-10.png\",\"width\":1000,\"height\":1000},{\"@type\":\"BreadcrumbList\",\"@id\":\"https:\/\/staging.lucky-hunter.com\/product\/big-barrelled-cutdown\/#breadcrumb\",\"itemListElement\":[{\"@type\":\"ListItem\",\"position\":1,\"name\":\"Home\",\"item\":\"https:\/\/staging.lucky-hunter.com\/fr\/\"},{\"@type\":\"ListItem\",\"position\":2,\"name\":\"Boutique\",\"item\":\"https:\/\/staging.lucky-hunter.com\/fr\/shop\/\"},{\"@type\":\"ListItem\",\"position\":3,\"name\":\"Haydel\u2019s Big Barrelled Cutdown | Appeau \u00e0 canard | BC-10\"}]},{\"@type\":\"WebSite\",\"@id\":\"https:\/\/staging.lucky-hunter.com\/#website\",\"url\":\"https:\/\/staging.lucky-hunter.com\/\",\"name\":\"Lucky-Hunter\",\"description\":\"Gear Up or Give Up\",\"potentialAction\":[{\"@type\":\"SearchAction\",\"target\":{\"@type\":\"EntryPoint\",\"urlTemplate\":\"https:\/\/staging.lucky-hunter.com\/?s={search_term_string}\"},\"query-input\":{\"@type\":\"PropertyValueSpecification\",\"valueRequired\":true,\"valueName\":\"search_term_string\"}}],\"inLanguage\":\"fr-FR\"}]}<\/script>\n<!-- \/ Yoast SEO plugin. -->","yoast_head_json":{"title":"Haydel\u00b4s Big Barrelled Duck Call - Double Reed sound of Mallard Hen","description":"This duck call from Haydel\u00b4s is aggressively tuned to handle most any situation you will encounter. Can be used even in wet condition.","robots":{"index":"noindex","follow":"follow","max-snippet":"max-snippet:-1","max-image-preview":"max-image-preview:large","max-video-preview":"max-video-preview:-1"},"og_locale":"fr_FR","og_type":"article","og_title":"Haydel\u00b4s Big Barrelled Duck Call - Double Reed sound of Mallard Hen","og_description":"This duck call from Haydel\u00b4s is aggressively tuned to handle most any situation you will encounter. Can be used even in wet condition.","og_url":"https:\/\/staging.lucky-hunter.com\/product\/big-barrelled-cutdown\/","og_site_name":"Lucky-Hunter","article_modified_time":"2022-11-15T14:41:49+00:00","og_image":[{"width":1000,"height":1000,"url":"https:\/\/staging.lucky-hunter.com\/wp-content\/uploads\/2021\/08\/BC-10.png","type":"image\/png"}],"twitter_card":"summary_large_image","twitter_misc":{"Dur\u00e9e de lecture estim\u00e9e":"2 minutes"},"schema":{"@context":"https:\/\/schema.org","@graph":[{"@type":"WebPage","@id":"https:\/\/staging.lucky-hunter.com\/product\/big-barrelled-cutdown\/","url":"https:\/\/staging.lucky-hunter.com\/product\/big-barrelled-cutdown\/","name":"Haydel\u00b4s Big Barrelled Duck Call - Double Reed sound of Mallard Hen","isPartOf":{"@id":"https:\/\/staging.lucky-hunter.com\/#website"},"primaryImageOfPage":{"@id":"https:\/\/staging.lucky-hunter.com\/product\/big-barrelled-cutdown\/#primaryimage"},"image":{"@id":"https:\/\/staging.lucky-hunter.com\/product\/big-barrelled-cutdown\/#primaryimage"},"thumbnailUrl":"https:\/\/staging.lucky-hunter.com\/wp-content\/uploads\/2021\/08\/BC-10.png","datePublished":"2021-08-04T14:17:21+00:00","dateModified":"2022-11-15T14:41:49+00:00","description":"This duck call from Haydel\u00b4s is aggressively tuned to handle most any situation you will encounter. Can be used even in wet condition.","breadcrumb":{"@id":"https:\/\/staging.lucky-hunter.com\/product\/big-barrelled-cutdown\/#breadcrumb"},"inLanguage":"fr-FR","potentialAction":[{"@type":"ReadAction","target":["https:\/\/staging.lucky-hunter.com\/product\/big-barrelled-cutdown\/"]}]},{"@type":"ImageObject","inLanguage":"fr-FR","@id":"https:\/\/staging.lucky-hunter.com\/product\/big-barrelled-cutdown\/#primaryimage","url":"https:\/\/staging.lucky-hunter.com\/wp-content\/uploads\/2021\/08\/BC-10.png","contentUrl":"https:\/\/staging.lucky-hunter.com\/wp-content\/uploads\/2021\/08\/BC-10.png","width":1000,"height":1000},{"@type":"BreadcrumbList","@id":"https:\/\/staging.lucky-hunter.com\/product\/big-barrelled-cutdown\/#breadcrumb","itemListElement":[{"@type":"ListItem","position":1,"name":"Home","item":"https:\/\/staging.lucky-hunter.com\/fr\/"},{"@type":"ListItem","position":2,"name":"Boutique","item":"https:\/\/staging.lucky-hunter.com\/fr\/shop\/"},{"@type":"ListItem","position":3,"name":"Haydel\u2019s Big Barrelled Cutdown | Appeau \u00e0 canard | BC-10"}]},{"@type":"WebSite","@id":"https:\/\/staging.lucky-hunter.com\/#website","url":"https:\/\/staging.lucky-hunter.com\/","name":"Lucky-Hunter","description":"Gear Up or Give Up","potentialAction":[{"@type":"SearchAction","target":{"@type":"EntryPoint","urlTemplate":"https:\/\/staging.lucky-hunter.com\/?s={search_term_string}"},"query-input":{"@type":"PropertyValueSpecification","valueRequired":true,"valueName":"search_term_string"}}],"inLanguage":"fr-FR"}]}},"_links":{"self":[{"href":"https:\/\/staging.lucky-hunter.com\/fr\/wp-json\/wp\/v2\/product\/31339"}],"collection":[{"href":"https:\/\/staging.lucky-hunter.com\/fr\/wp-json\/wp\/v2\/product"}],"about":[{"href":"https:\/\/staging.lucky-hunter.com\/fr\/wp-json\/wp\/v2\/types\/product"}],"wp:featuredmedia":[{"embeddable":true,"href":"https:\/\/staging.lucky-hunter.com\/fr\/wp-json\/wp\/v2\/media\/30247"}],"wp:attachment":[{"href":"https:\/\/staging.lucky-hunter.com\/fr\/wp-json\/wp\/v2\/media?parent=31339"}],"wp:term":[{"taxonomy":"product_brand","embeddable":true,"href":"https:\/\/staging.lucky-hunter.com\/fr\/wp-json\/wp\/v2\/product_brand?post=31339"},{"taxonomy":"product_cat","embeddable":true,"href":"https:\/\/staging.lucky-hunter.com\/fr\/wp-json\/wp\/v2\/product_cat?post=31339"},{"taxonomy":"product_tag","embeddable":true,"href":"https:\/\/staging.lucky-hunter.com\/fr\/wp-json\/wp\/v2\/product_tag?post=31339"}],"curies":[{"name":"wp","href":"https:\/\/api.w.org\/{rel}","templated":true}]}}