{"id":31338,"date":"2017-08-31T15:30:41","date_gmt":"2017-08-31T13:30:41","guid":{"rendered":"https:\/\/staging.lucky-hunter.com\/product\/zink-drake-whistle-2\/"},"modified":"2024-05-01T08:38:58","modified_gmt":"2024-05-01T06:38:58","slug":"zink-drake-whistle","status":"publish","type":"product","link":"https:\/\/staging.lucky-hunter.com\/fr\/product\/zink-drake-whistle\/","title":{"rendered":"Sifflet \u00e0 Canard Zink Calls"},"content":{"rendered":"<h2><strong><span style=\"vertical-align: inherit;\"><span style=\"vertical-align: inherit;\">Sifflet \u00e0 canard Zink Calls &#8211; recr\u00e9ez le son des siffleurs<\/span><\/span><\/strong><\/h2>\n<p>Aussi efficace qu\u2019\u00e9l\u00e9gant, ce sifflet est capable de recr\u00e9er tous les sons n\u00e9cessaires pour attirer les \u00ab siffleurs \u00bb. Ce groupe comprend, entre autres, les sarcelles, les pilets et les canards siffleurs. En faisant vibrer votre larynx <span style=\"vertical-align: inherit;\"><span style=\"vertical-align: inherit;\">tout en soufflant, vous pourrez \u00e9galement recr\u00e9er le cri<\/span><\/span> <span style=\"vertical-align: inherit;\"><span style=\"vertical-align: inherit;\">plus l\u00e9ger \u00e9mit par les canards colverts.<\/span><\/span><\/p>\n<p>Cet appeau est parfait pour la fin de saison, lorsque les appeaux standards deviennent un peu trop forts pour une utilisation constante. Cr\u00e9\u00e9s par Zink Calls, ces sifflets \u00e0 canards sont con\u00e7us pour \u00eatre faciles \u00e0 utiliser, ce qui les rend id\u00e9als m\u00eame pour les d\u00e9butants. Le design int\u00e8gre le syst\u00e8me \u00ab Easy-blow \u00bb, qui requiert peu d\u2019efforts et simplifie l\u2019utilisation.<\/p>\n<p><span style=\"vertical-align: inherit;\"><span style=\"vertical-align: inherit;\">L&#8217;appeau est \u00e9galement con\u00e7u pour \u00eatre tr\u00e8s robuste, de sorte qu&#8217;il r\u00e9sistera saison apr\u00e8s saison.<\/span><\/span><\/p>\n","protected":false},"excerpt":{"rendered":"<p><span style=\"vertical-align: inherit;\"><span style=\"vertical-align: inherit;\">Un sifflet \u00e0 canards dont l\u2019\u00e9l\u00e9gance n\u2019a d\u2019\u00e9gale que le son.\u00a0Con\u00e7u pour attirer plusieurs &#8220;siffleurs&#8221;, y compris les sarcelles, les pilets et les canards siffleurs. Capable aussi de recr\u00e9er le cri plus l\u00e9ger du colvert.<\/span><\/span><\/p>\n","protected":false},"featured_media":29456,"template":"","meta":[],"product_brand":[8128],"product_cat":[8167],"product_tag":[9235],"yoast_head":"<!-- This site is optimized with the Yoast SEO plugin v24.3 - https:\/\/yoast.com\/wordpress\/plugins\/seo\/ -->\n<title>Zink Drake Whistle Duck and Game Calls | Lucky Hunter<\/title>\n<meta name=\"description\" content=\"Recreate the calls you need. The Zink Drake Whistle sounds as good as it looks. You can recreate all whistling duck sounds confidently.\" \/>\n<meta name=\"robots\" content=\"noindex, follow, max-snippet:-1, max-image-preview:large, max-video-preview:-1\" \/>\n<meta property=\"og:locale\" content=\"fr_FR\" \/>\n<meta property=\"og:type\" content=\"article\" \/>\n<meta property=\"og:title\" content=\"Zink Drake Whistle Duck and Game Calls | Lucky Hunter\" \/>\n<meta property=\"og:description\" content=\"Recreate the calls you need. The Zink Drake Whistle sounds as good as it looks. You can recreate all whistling duck sounds confidently.\" \/>\n<meta property=\"og:url\" content=\"https:\/\/staging.lucky-hunter.com\/product\/zink-drake-whistle\/\" \/>\n<meta property=\"og:site_name\" content=\"Lucky-Hunter\" \/>\n<meta property=\"article:modified_time\" content=\"2024-05-01T06:38:58+00:00\" \/>\n<meta property=\"og:image\" content=\"https:\/\/staging.lucky-hunter.com\/wp-content\/uploads\/2017\/08\/LK-82.png\" \/>\n\t<meta property=\"og:image:width\" content=\"1000\" \/>\n\t<meta property=\"og:image:height\" content=\"1000\" \/>\n\t<meta property=\"og:image:type\" content=\"image\/png\" \/>\n<meta name=\"twitter:card\" content=\"summary_large_image\" \/>\n<meta name=\"twitter:title\" content=\"Zink Drake Whistle | Lucky Hunter\" \/>\n<meta name=\"twitter:description\" content=\"Recreate the calls you need. The Zink Drake Whistle sounds as good as it looks. You can recreate all whistling duck sounds confidently.\" \/>\n<meta name=\"twitter:label1\" content=\"Dur\u00e9e de lecture estim\u00e9e\" \/>\n\t<meta name=\"twitter:data1\" content=\"1 minute\" \/>\n<script type=\"application\/ld+json\" class=\"yoast-schema-graph\">{\"@context\":\"https:\/\/schema.org\",\"@graph\":[{\"@type\":\"WebPage\",\"@id\":\"https:\/\/staging.lucky-hunter.com\/product\/zink-drake-whistle\/\",\"url\":\"https:\/\/staging.lucky-hunter.com\/product\/zink-drake-whistle\/\",\"name\":\"Zink Drake Whistle Duck and Game Calls | Lucky Hunter\",\"isPartOf\":{\"@id\":\"https:\/\/staging.lucky-hunter.com\/#website\"},\"primaryImageOfPage\":{\"@id\":\"https:\/\/staging.lucky-hunter.com\/product\/zink-drake-whistle\/#primaryimage\"},\"image\":{\"@id\":\"https:\/\/staging.lucky-hunter.com\/product\/zink-drake-whistle\/#primaryimage\"},\"thumbnailUrl\":\"https:\/\/staging.lucky-hunter.com\/wp-content\/uploads\/2017\/08\/LK-82.png\",\"datePublished\":\"2017-08-31T13:30:41+00:00\",\"dateModified\":\"2024-05-01T06:38:58+00:00\",\"description\":\"Recreate the calls you need. The Zink Drake Whistle sounds as good as it looks. You can recreate all whistling duck sounds confidently.\",\"breadcrumb\":{\"@id\":\"https:\/\/staging.lucky-hunter.com\/product\/zink-drake-whistle\/#breadcrumb\"},\"inLanguage\":\"fr-FR\",\"potentialAction\":[{\"@type\":\"ReadAction\",\"target\":[\"https:\/\/staging.lucky-hunter.com\/product\/zink-drake-whistle\/\"]}]},{\"@type\":\"ImageObject\",\"inLanguage\":\"fr-FR\",\"@id\":\"https:\/\/staging.lucky-hunter.com\/product\/zink-drake-whistle\/#primaryimage\",\"url\":\"https:\/\/staging.lucky-hunter.com\/wp-content\/uploads\/2017\/08\/LK-82.png\",\"contentUrl\":\"https:\/\/staging.lucky-hunter.com\/wp-content\/uploads\/2017\/08\/LK-82.png\",\"width\":1000,\"height\":1000},{\"@type\":\"BreadcrumbList\",\"@id\":\"https:\/\/staging.lucky-hunter.com\/product\/zink-drake-whistle\/#breadcrumb\",\"itemListElement\":[{\"@type\":\"ListItem\",\"position\":1,\"name\":\"Home\",\"item\":\"https:\/\/staging.lucky-hunter.com\/fr\/\"},{\"@type\":\"ListItem\",\"position\":2,\"name\":\"Boutique\",\"item\":\"https:\/\/staging.lucky-hunter.com\/fr\/shop\/\"},{\"@type\":\"ListItem\",\"position\":3,\"name\":\"Sifflet \u00e0 Canard Zink Calls\"}]},{\"@type\":\"WebSite\",\"@id\":\"https:\/\/staging.lucky-hunter.com\/#website\",\"url\":\"https:\/\/staging.lucky-hunter.com\/\",\"name\":\"Lucky-Hunter\",\"description\":\"Gear Up or Give Up\",\"potentialAction\":[{\"@type\":\"SearchAction\",\"target\":{\"@type\":\"EntryPoint\",\"urlTemplate\":\"https:\/\/staging.lucky-hunter.com\/?s={search_term_string}\"},\"query-input\":{\"@type\":\"PropertyValueSpecification\",\"valueRequired\":true,\"valueName\":\"search_term_string\"}}],\"inLanguage\":\"fr-FR\"}]}<\/script>\n<!-- \/ Yoast SEO plugin. -->","yoast_head_json":{"title":"Zink Drake Whistle Duck and Game Calls | Lucky Hunter","description":"Recreate the calls you need. The Zink Drake Whistle sounds as good as it looks. You can recreate all whistling duck sounds confidently.","robots":{"index":"noindex","follow":"follow","max-snippet":"max-snippet:-1","max-image-preview":"max-image-preview:large","max-video-preview":"max-video-preview:-1"},"og_locale":"fr_FR","og_type":"article","og_title":"Zink Drake Whistle Duck and Game Calls | Lucky Hunter","og_description":"Recreate the calls you need. The Zink Drake Whistle sounds as good as it looks. You can recreate all whistling duck sounds confidently.","og_url":"https:\/\/staging.lucky-hunter.com\/product\/zink-drake-whistle\/","og_site_name":"Lucky-Hunter","article_modified_time":"2024-05-01T06:38:58+00:00","og_image":[{"width":1000,"height":1000,"url":"https:\/\/staging.lucky-hunter.com\/wp-content\/uploads\/2017\/08\/LK-82.png","type":"image\/png"}],"twitter_card":"summary_large_image","twitter_title":"Zink Drake Whistle | Lucky Hunter","twitter_description":"Recreate the calls you need. The Zink Drake Whistle sounds as good as it looks. You can recreate all whistling duck sounds confidently.","twitter_misc":{"Dur\u00e9e de lecture estim\u00e9e":"1 minute"},"schema":{"@context":"https:\/\/schema.org","@graph":[{"@type":"WebPage","@id":"https:\/\/staging.lucky-hunter.com\/product\/zink-drake-whistle\/","url":"https:\/\/staging.lucky-hunter.com\/product\/zink-drake-whistle\/","name":"Zink Drake Whistle Duck and Game Calls | Lucky Hunter","isPartOf":{"@id":"https:\/\/staging.lucky-hunter.com\/#website"},"primaryImageOfPage":{"@id":"https:\/\/staging.lucky-hunter.com\/product\/zink-drake-whistle\/#primaryimage"},"image":{"@id":"https:\/\/staging.lucky-hunter.com\/product\/zink-drake-whistle\/#primaryimage"},"thumbnailUrl":"https:\/\/staging.lucky-hunter.com\/wp-content\/uploads\/2017\/08\/LK-82.png","datePublished":"2017-08-31T13:30:41+00:00","dateModified":"2024-05-01T06:38:58+00:00","description":"Recreate the calls you need. The Zink Drake Whistle sounds as good as it looks. You can recreate all whistling duck sounds confidently.","breadcrumb":{"@id":"https:\/\/staging.lucky-hunter.com\/product\/zink-drake-whistle\/#breadcrumb"},"inLanguage":"fr-FR","potentialAction":[{"@type":"ReadAction","target":["https:\/\/staging.lucky-hunter.com\/product\/zink-drake-whistle\/"]}]},{"@type":"ImageObject","inLanguage":"fr-FR","@id":"https:\/\/staging.lucky-hunter.com\/product\/zink-drake-whistle\/#primaryimage","url":"https:\/\/staging.lucky-hunter.com\/wp-content\/uploads\/2017\/08\/LK-82.png","contentUrl":"https:\/\/staging.lucky-hunter.com\/wp-content\/uploads\/2017\/08\/LK-82.png","width":1000,"height":1000},{"@type":"BreadcrumbList","@id":"https:\/\/staging.lucky-hunter.com\/product\/zink-drake-whistle\/#breadcrumb","itemListElement":[{"@type":"ListItem","position":1,"name":"Home","item":"https:\/\/staging.lucky-hunter.com\/fr\/"},{"@type":"ListItem","position":2,"name":"Boutique","item":"https:\/\/staging.lucky-hunter.com\/fr\/shop\/"},{"@type":"ListItem","position":3,"name":"Sifflet \u00e0 Canard Zink Calls"}]},{"@type":"WebSite","@id":"https:\/\/staging.lucky-hunter.com\/#website","url":"https:\/\/staging.lucky-hunter.com\/","name":"Lucky-Hunter","description":"Gear Up or Give Up","potentialAction":[{"@type":"SearchAction","target":{"@type":"EntryPoint","urlTemplate":"https:\/\/staging.lucky-hunter.com\/?s={search_term_string}"},"query-input":{"@type":"PropertyValueSpecification","valueRequired":true,"valueName":"search_term_string"}}],"inLanguage":"fr-FR"}]}},"_links":{"self":[{"href":"https:\/\/staging.lucky-hunter.com\/fr\/wp-json\/wp\/v2\/product\/31338"}],"collection":[{"href":"https:\/\/staging.lucky-hunter.com\/fr\/wp-json\/wp\/v2\/product"}],"about":[{"href":"https:\/\/staging.lucky-hunter.com\/fr\/wp-json\/wp\/v2\/types\/product"}],"wp:featuredmedia":[{"embeddable":true,"href":"https:\/\/staging.lucky-hunter.com\/fr\/wp-json\/wp\/v2\/media\/29456"}],"wp:attachment":[{"href":"https:\/\/staging.lucky-hunter.com\/fr\/wp-json\/wp\/v2\/media?parent=31338"}],"wp:term":[{"taxonomy":"product_brand","embeddable":true,"href":"https:\/\/staging.lucky-hunter.com\/fr\/wp-json\/wp\/v2\/product_brand?post=31338"},{"taxonomy":"product_cat","embeddable":true,"href":"https:\/\/staging.lucky-hunter.com\/fr\/wp-json\/wp\/v2\/product_cat?post=31338"},{"taxonomy":"product_tag","embeddable":true,"href":"https:\/\/staging.lucky-hunter.com\/fr\/wp-json\/wp\/v2\/product_tag?post=31338"}],"curies":[{"name":"wp","href":"https:\/\/api.w.org\/{rel}","templated":true}]}}