{"id":31337,"date":"2017-03-01T12:55:39","date_gmt":"2017-03-01T11:55:39","guid":{"rendered":"https:\/\/staging.lucky-hunter.com\/product\/zink-canada-goose-call-pc1-2\/"},"modified":"2025-03-13T02:46:37","modified_gmt":"2025-03-13T01:46:37","slug":"zink-canada-goose-call-pc1","status":"publish","type":"product","link":"https:\/\/staging.lucky-hunter.com\/fr\/product\/zink-canada-goose-call-pc1\/","title":{"rendered":"Appeau \u00e0 Bernache du Canada Zink Calls &#8211; PC1"},"content":{"rendered":"<p><span style=\"vertical-align: inherit;\"><div class=\"video video-fit mb\" style=\"padding-top:56.25%;\"><p><iframe width=\"1020\" height=\"574\" src=\"https:\/\/www.youtube.com\/embed\/bB-YIchq2YM?wmode=transparent&amp;rel=0&amp;feature=oembed\" frameborder=\"0\" allowfullscreen><\/iframe><\/p>\n<\/div>\n<h1><strong>Appeau Zink pour bernache du Canada &#8211; attirez votre proie<\/strong><\/h1>\n<p>Cet appeau pour bernache du Canada de Zink Calls est fabriqu\u00e9 \u00e0 partir du meilleur mat\u00e9riau en polycarbonate l\u00e9ger. Il est con\u00e7u avec le nouveau syst\u00e8me de tonalit\u00e9 \u00ab Easy Blow \u00bb.<\/p>\n<p>Vous pouvez ainsi produire facilement tous les sons n\u00e9cessaires pour tromper m\u00eame les bernaches du Canada les plus attentives qui se posent parmi vos leurres.<\/p>\n<p>Cet appeau pour bernache du Canada est tr\u00e8s facile \u00e0 utiliser et parfait pour la plupart des chasseurs de bernaches.<\/p>\n<p>Avec cet appeau, vous pouvez produire une large gamme de sons. Cr\u00e9ez \u00e0 la fois des sons forts pour attirer leur attention, ainsi que les faibles caqu\u00e8tements qu&#8217;elles \u00e9mettent en mangeant.<\/p>\n<p>Les appeaux Zink sont fabriqu\u00e9s aux \u00c9tats-Unis. Ils sont r\u00e9gl\u00e9s et test\u00e9s \u00e0 la main par l&#8217;\u00e9quipe professionnelle de Fred Zink pour garantir une qualit\u00e9 sonore optimale. Une qualit\u00e9 sup\u00e9rieure, \u00e0 chaque fois.<\/p>\n","protected":false},"excerpt":{"rendered":"<p>Cet appeau pour bernache du Canada de Zink Calls est fabriqu\u00e9 \u00e0 partir du meilleur mat\u00e9riau en polycarbonate l\u00e9ger. Il est con\u00e7u avec le nouveau syst\u00e8me de tonalit\u00e9 \u00ab Easy Blow \u00bb.<\/p>\n","protected":false},"featured_media":30029,"template":"","meta":[],"product_brand":[8128],"product_cat":[8168],"product_tag":[],"yoast_head":"<!-- This site is optimized with the Yoast SEO plugin v24.3 - https:\/\/yoast.com\/wordpress\/plugins\/seo\/ -->\n<title>Appeau pour bernache du Canada Zink PC1, r\u00e9gl\u00e9 et test\u00e9 \u00e0 la main | Lucky Hunter<\/title>\n<meta name=\"description\" content=\"Dot\u00e9 du nouveau syst\u00e8me \u00ab Easy Blow \u00bb, l&#039;appeau pour bernache du Canada Zink PC1 est fabriqu\u00e9 avec un mat\u00e9riau en polycarbonate l\u00e9ger. Emportez-le lors de votre prochaine chasse !\" \/>\n<meta name=\"robots\" content=\"noindex, follow, max-snippet:-1, max-image-preview:large, max-video-preview:-1\" \/>\n<meta property=\"og:locale\" content=\"fr_FR\" \/>\n<meta property=\"og:type\" content=\"article\" \/>\n<meta property=\"og:title\" content=\"Zink Canada Goose Call PC1 Hand Tuned and Tested | Lucky Hunter\" \/>\n<meta property=\"og:description\" content=\"Dot\u00e9 du nouveau syst\u00e8me \u00ab Easy Blow \u00bb, l&#039;appeau pour bernache du Canada Zink PC1 est fabriqu\u00e9 avec un mat\u00e9riau en polycarbonate l\u00e9ger. Emportez-le lors de votre prochaine chasse !\" \/>\n<meta property=\"og:url\" content=\"https:\/\/staging.lucky-hunter.com\/product\/zink-canada-goose-call-pc1\/\" \/>\n<meta property=\"og:site_name\" content=\"Lucky-Hunter\" \/>\n<meta property=\"article:modified_time\" content=\"2025-03-13T01:46:37+00:00\" \/>\n<meta property=\"og:image\" content=\"https:\/\/staging.lucky-hunter.com\/wp-content\/uploads\/2017\/03\/LK-74_new.png\" \/>\n\t<meta property=\"og:image:width\" content=\"1000\" \/>\n\t<meta property=\"og:image:height\" content=\"1000\" \/>\n\t<meta property=\"og:image:type\" content=\"image\/png\" \/>\n<meta name=\"twitter:card\" content=\"summary_large_image\" \/>\n<meta name=\"twitter:title\" content=\"Appeau pour bernache du Canada Zink PC1, r\u00e9gl\u00e9 et test\u00e9 \u00e0 la main | Lucky Hunter\" \/>\n<meta name=\"twitter:description\" content=\"Appeau pour bernache du Canada Zink PC1, r\u00e9gl\u00e9 et test\u00e9 \u00e0 la main | Lucky Hunter\" \/>\n<meta name=\"twitter:label1\" content=\"Dur\u00e9e de lecture estim\u00e9e\" \/>\n\t<meta name=\"twitter:data1\" content=\"1 minute\" \/>\n<script type=\"application\/ld+json\" class=\"yoast-schema-graph\">{\"@context\":\"https:\/\/schema.org\",\"@graph\":[{\"@type\":\"WebPage\",\"@id\":\"https:\/\/staging.lucky-hunter.com\/product\/zink-canada-goose-call-pc1\/\",\"url\":\"https:\/\/staging.lucky-hunter.com\/product\/zink-canada-goose-call-pc1\/\",\"name\":\"Appeau pour bernache du Canada Zink PC1, r\u00e9gl\u00e9 et test\u00e9 \u00e0 la main | Lucky Hunter\",\"isPartOf\":{\"@id\":\"https:\/\/staging.lucky-hunter.com\/#website\"},\"primaryImageOfPage\":{\"@id\":\"https:\/\/staging.lucky-hunter.com\/product\/zink-canada-goose-call-pc1\/#primaryimage\"},\"image\":{\"@id\":\"https:\/\/staging.lucky-hunter.com\/product\/zink-canada-goose-call-pc1\/#primaryimage\"},\"thumbnailUrl\":\"https:\/\/staging.lucky-hunter.com\/wp-content\/uploads\/2017\/03\/LK-74_new.png\",\"datePublished\":\"2017-03-01T11:55:39+00:00\",\"dateModified\":\"2025-03-13T01:46:37+00:00\",\"description\":\"Dot\u00e9 du nouveau syst\u00e8me \u00ab Easy Blow \u00bb, l'appeau pour bernache du Canada Zink PC1 est fabriqu\u00e9 avec un mat\u00e9riau en polycarbonate l\u00e9ger. Emportez-le lors de votre prochaine chasse !\",\"breadcrumb\":{\"@id\":\"https:\/\/staging.lucky-hunter.com\/product\/zink-canada-goose-call-pc1\/#breadcrumb\"},\"inLanguage\":\"fr-FR\",\"potentialAction\":[{\"@type\":\"ReadAction\",\"target\":[\"https:\/\/staging.lucky-hunter.com\/product\/zink-canada-goose-call-pc1\/\"]}]},{\"@type\":\"ImageObject\",\"inLanguage\":\"fr-FR\",\"@id\":\"https:\/\/staging.lucky-hunter.com\/product\/zink-canada-goose-call-pc1\/#primaryimage\",\"url\":\"https:\/\/staging.lucky-hunter.com\/wp-content\/uploads\/2017\/03\/LK-74_new.png\",\"contentUrl\":\"https:\/\/staging.lucky-hunter.com\/wp-content\/uploads\/2017\/03\/LK-74_new.png\",\"width\":1000,\"height\":1000},{\"@type\":\"BreadcrumbList\",\"@id\":\"https:\/\/staging.lucky-hunter.com\/product\/zink-canada-goose-call-pc1\/#breadcrumb\",\"itemListElement\":[{\"@type\":\"ListItem\",\"position\":1,\"name\":\"Home\",\"item\":\"https:\/\/staging.lucky-hunter.com\/fr\/\"},{\"@type\":\"ListItem\",\"position\":2,\"name\":\"Boutique\",\"item\":\"https:\/\/staging.lucky-hunter.com\/fr\/shop\/\"},{\"@type\":\"ListItem\",\"position\":3,\"name\":\"Appeau \u00e0 Bernache du Canada Zink Calls &#8211; PC1\"}]},{\"@type\":\"WebSite\",\"@id\":\"https:\/\/staging.lucky-hunter.com\/#website\",\"url\":\"https:\/\/staging.lucky-hunter.com\/\",\"name\":\"Lucky-Hunter\",\"description\":\"Gear Up or Give Up\",\"potentialAction\":[{\"@type\":\"SearchAction\",\"target\":{\"@type\":\"EntryPoint\",\"urlTemplate\":\"https:\/\/staging.lucky-hunter.com\/?s={search_term_string}\"},\"query-input\":{\"@type\":\"PropertyValueSpecification\",\"valueRequired\":true,\"valueName\":\"search_term_string\"}}],\"inLanguage\":\"fr-FR\"}]}<\/script>\n<!-- \/ Yoast SEO plugin. -->","yoast_head_json":{"title":"Appeau pour bernache du Canada Zink PC1, r\u00e9gl\u00e9 et test\u00e9 \u00e0 la main | Lucky Hunter","description":"Dot\u00e9 du nouveau syst\u00e8me \u00ab Easy Blow \u00bb, l'appeau pour bernache du Canada Zink PC1 est fabriqu\u00e9 avec un mat\u00e9riau en polycarbonate l\u00e9ger. Emportez-le lors de votre prochaine chasse !","robots":{"index":"noindex","follow":"follow","max-snippet":"max-snippet:-1","max-image-preview":"max-image-preview:large","max-video-preview":"max-video-preview:-1"},"og_locale":"fr_FR","og_type":"article","og_title":"Zink Canada Goose Call PC1 Hand Tuned and Tested | Lucky Hunter","og_description":"Dot\u00e9 du nouveau syst\u00e8me \u00ab Easy Blow \u00bb, l'appeau pour bernache du Canada Zink PC1 est fabriqu\u00e9 avec un mat\u00e9riau en polycarbonate l\u00e9ger. Emportez-le lors de votre prochaine chasse !","og_url":"https:\/\/staging.lucky-hunter.com\/product\/zink-canada-goose-call-pc1\/","og_site_name":"Lucky-Hunter","article_modified_time":"2025-03-13T01:46:37+00:00","og_image":[{"width":1000,"height":1000,"url":"https:\/\/staging.lucky-hunter.com\/wp-content\/uploads\/2017\/03\/LK-74_new.png","type":"image\/png"}],"twitter_card":"summary_large_image","twitter_title":"Appeau pour bernache du Canada Zink PC1, r\u00e9gl\u00e9 et test\u00e9 \u00e0 la main | Lucky Hunter","twitter_description":"Appeau pour bernache du Canada Zink PC1, r\u00e9gl\u00e9 et test\u00e9 \u00e0 la main | Lucky Hunter","twitter_misc":{"Dur\u00e9e de lecture estim\u00e9e":"1 minute"},"schema":{"@context":"https:\/\/schema.org","@graph":[{"@type":"WebPage","@id":"https:\/\/staging.lucky-hunter.com\/product\/zink-canada-goose-call-pc1\/","url":"https:\/\/staging.lucky-hunter.com\/product\/zink-canada-goose-call-pc1\/","name":"Appeau pour bernache du Canada Zink PC1, r\u00e9gl\u00e9 et test\u00e9 \u00e0 la main | Lucky Hunter","isPartOf":{"@id":"https:\/\/staging.lucky-hunter.com\/#website"},"primaryImageOfPage":{"@id":"https:\/\/staging.lucky-hunter.com\/product\/zink-canada-goose-call-pc1\/#primaryimage"},"image":{"@id":"https:\/\/staging.lucky-hunter.com\/product\/zink-canada-goose-call-pc1\/#primaryimage"},"thumbnailUrl":"https:\/\/staging.lucky-hunter.com\/wp-content\/uploads\/2017\/03\/LK-74_new.png","datePublished":"2017-03-01T11:55:39+00:00","dateModified":"2025-03-13T01:46:37+00:00","description":"Dot\u00e9 du nouveau syst\u00e8me \u00ab Easy Blow \u00bb, l'appeau pour bernache du Canada Zink PC1 est fabriqu\u00e9 avec un mat\u00e9riau en polycarbonate l\u00e9ger. Emportez-le lors de votre prochaine chasse !","breadcrumb":{"@id":"https:\/\/staging.lucky-hunter.com\/product\/zink-canada-goose-call-pc1\/#breadcrumb"},"inLanguage":"fr-FR","potentialAction":[{"@type":"ReadAction","target":["https:\/\/staging.lucky-hunter.com\/product\/zink-canada-goose-call-pc1\/"]}]},{"@type":"ImageObject","inLanguage":"fr-FR","@id":"https:\/\/staging.lucky-hunter.com\/product\/zink-canada-goose-call-pc1\/#primaryimage","url":"https:\/\/staging.lucky-hunter.com\/wp-content\/uploads\/2017\/03\/LK-74_new.png","contentUrl":"https:\/\/staging.lucky-hunter.com\/wp-content\/uploads\/2017\/03\/LK-74_new.png","width":1000,"height":1000},{"@type":"BreadcrumbList","@id":"https:\/\/staging.lucky-hunter.com\/product\/zink-canada-goose-call-pc1\/#breadcrumb","itemListElement":[{"@type":"ListItem","position":1,"name":"Home","item":"https:\/\/staging.lucky-hunter.com\/fr\/"},{"@type":"ListItem","position":2,"name":"Boutique","item":"https:\/\/staging.lucky-hunter.com\/fr\/shop\/"},{"@type":"ListItem","position":3,"name":"Appeau \u00e0 Bernache du Canada Zink Calls &#8211; PC1"}]},{"@type":"WebSite","@id":"https:\/\/staging.lucky-hunter.com\/#website","url":"https:\/\/staging.lucky-hunter.com\/","name":"Lucky-Hunter","description":"Gear Up or Give Up","potentialAction":[{"@type":"SearchAction","target":{"@type":"EntryPoint","urlTemplate":"https:\/\/staging.lucky-hunter.com\/?s={search_term_string}"},"query-input":{"@type":"PropertyValueSpecification","valueRequired":true,"valueName":"search_term_string"}}],"inLanguage":"fr-FR"}]}},"_links":{"self":[{"href":"https:\/\/staging.lucky-hunter.com\/fr\/wp-json\/wp\/v2\/product\/31337"}],"collection":[{"href":"https:\/\/staging.lucky-hunter.com\/fr\/wp-json\/wp\/v2\/product"}],"about":[{"href":"https:\/\/staging.lucky-hunter.com\/fr\/wp-json\/wp\/v2\/types\/product"}],"wp:featuredmedia":[{"embeddable":true,"href":"https:\/\/staging.lucky-hunter.com\/fr\/wp-json\/wp\/v2\/media\/30029"}],"wp:attachment":[{"href":"https:\/\/staging.lucky-hunter.com\/fr\/wp-json\/wp\/v2\/media?parent=31337"}],"wp:term":[{"taxonomy":"product_brand","embeddable":true,"href":"https:\/\/staging.lucky-hunter.com\/fr\/wp-json\/wp\/v2\/product_brand?post=31337"},{"taxonomy":"product_cat","embeddable":true,"href":"https:\/\/staging.lucky-hunter.com\/fr\/wp-json\/wp\/v2\/product_cat?post=31337"},{"taxonomy":"product_tag","embeddable":true,"href":"https:\/\/staging.lucky-hunter.com\/fr\/wp-json\/wp\/v2\/product_tag?post=31337"}],"curies":[{"name":"wp","href":"https:\/\/api.w.org\/{rel}","templated":true}]}}