{"id":31336,"date":"2017-03-01T12:52:26","date_gmt":"2017-03-01T11:52:26","guid":{"rendered":"https:\/\/staging.lucky-hunter.com\/product\/zink-nbg-nothing-but-green-duck-call-2\/"},"modified":"2025-03-13T02:46:59","modified_gmt":"2025-03-13T01:46:59","slug":"zink-nbg-nothing-but-green-duck-call","status":"publish","type":"product","link":"https:\/\/staging.lucky-hunter.com\/fr\/product\/zink-nbg-nothing-but-green-duck-call\/","title":{"rendered":"Appeau \u00e0 colvert Zink NBG Nothing But Green"},"content":{"rendered":"<div class=\"video video-fit mb\" style=\"padding-top:56.25%;\"><p><iframe width=\"1020\" height=\"574\" src=\"https:\/\/www.youtube.com\/embed\/7SxgJNIW4Fw?wmode=transparent&amp;rel=0&amp;feature=oembed\" frameborder=\"0\" allowfullscreen><\/iframe><\/p>\n<\/div>\n<h2>Appeau \u00e0 Colvert Zink Calls &#8211; NBG Nothing But Green<\/h2>\n<p>Dot\u00e9 de l\u2019insert novateur Z-Cut No-Stick, l&#8217;appeau \u00e0 colvert NBG constitue une innovation prometteuse et minimaliste de la part du fabricant am\u00e9ricain Zink Calls. Le NBG vous offre de meilleures possibilit\u00e9s de variations dans vos appels, sur un registre plus large. De plus, la salive et le froid ne rendent pas l\u2019anche collante.<\/p>\n<p>L&#8217;appeau \u00e0 anche simple NBG peut reproduire tous les cris de canards, des plus doux et rauques aux plus stridents qui transpercent le vent. Il est parfait pour la chasse au canard en eau libre et par grand vent.<\/p>\n<p>\u00c0 l\u2019instar des autres appeaux Zink Calls, le NBG nothing but Green est facile \u00e0 utiliser. Adapt\u00e9 aux d\u00e9butants, il est aussi parfait pour ceux qui connaissent le pic d\u2019adr\u00e9naline ressenti lorsque les canards r\u00e9pondent \u00e0 l\u2019appel et se pressent dans votre direction.<\/p>\n<p>Les appeaux Zink Calls sont fabriqu\u00e9s aux \u00c9tats-Unis, accord\u00e9s \u00e0 la main et test\u00e9s par l&#8217;\u00e9quipe professionnelle de Fred Zink.<\/p>\n<p>Fabriqu\u00e9 en polycarbonate r\u00e9sistant au gel.<\/p>\n","protected":false},"excerpt":{"rendered":"<p>L&#8217;appeau pour canard NBG \u00e0 anche simple peut produire tout, des \u00ab gloussements d&#8217;alimentation \u00bb les plus doux et rauques aux \u00ab high balls \u00bb les plus per\u00e7ants, qui traversent le vent. Parfait pour la chasse aux canards en eau libre et par grand vent.<\/p>\n","protected":false},"featured_media":29504,"template":"","meta":[],"product_brand":[8128],"product_cat":[8167],"product_tag":[9235],"yoast_head":"<!-- This site is optimized with the Yoast SEO plugin v24.3 - https:\/\/yoast.com\/wordpress\/plugins\/seo\/ -->\n<title>Zink NBG Nothing But Green Appeau pour canard | Lucky Hunter<\/title>\n<meta name=\"description\" content=\"Appels forts et clairs. L&#039;appeau pour canard Zink NBG est id\u00e9al pour les eaux libres ou les vents forts, avec une large gamme d&#039;appels gr\u00e2ce \u00e0 l&#039;anche anti-adh\u00e9rente.\" \/>\n<meta name=\"robots\" content=\"noindex, follow, max-snippet:-1, max-image-preview:large, max-video-preview:-1\" \/>\n<meta property=\"og:locale\" content=\"fr_FR\" \/>\n<meta property=\"og:type\" content=\"article\" \/>\n<meta property=\"og:title\" content=\"Zink NBG Nothing But Green Duck Call | Lucky Hunter\" \/>\n<meta property=\"og:description\" content=\"Appels forts et clairs. L&#039;appeau pour canard Zink NBG est parfait pour les eaux libres ou les vents forts et offre une plus grande gamme d&#039;appels gr\u00e2ce \u00e0 son anche anti-adh\u00e9rente.\" \/>\n<meta property=\"og:url\" content=\"https:\/\/staging.lucky-hunter.com\/product\/zink-nbg-nothing-but-green-duck-call\/\" \/>\n<meta property=\"og:site_name\" content=\"Lucky-Hunter\" \/>\n<meta property=\"article:modified_time\" content=\"2025-03-13T01:46:59+00:00\" \/>\n<meta property=\"og:image\" content=\"https:\/\/staging.lucky-hunter.com\/wp-content\/uploads\/2017\/03\/LK-81.png\" \/>\n\t<meta property=\"og:image:width\" content=\"1000\" \/>\n\t<meta property=\"og:image:height\" content=\"1000\" \/>\n\t<meta property=\"og:image:type\" content=\"image\/png\" \/>\n<meta name=\"twitter:card\" content=\"summary_large_image\" \/>\n<meta name=\"twitter:title\" content=\"Zink NBG Nothing But Green Appeau pour canard | Lucky Hunter\" \/>\n<meta name=\"twitter:description\" content=\"Appels forts et clairs. L&#039;appeau pour canard Zink NBG est parfait pour les eaux libres ou les vents forts et offre une plus grande gamme d&#039;appels gr\u00e2ce \u00e0 son anche anti-adh\u00e9rente.\" \/>\n<meta name=\"twitter:label1\" content=\"Dur\u00e9e de lecture estim\u00e9e\" \/>\n\t<meta name=\"twitter:data1\" content=\"1 minute\" \/>\n<script type=\"application\/ld+json\" class=\"yoast-schema-graph\">{\"@context\":\"https:\/\/schema.org\",\"@graph\":[{\"@type\":\"WebPage\",\"@id\":\"https:\/\/staging.lucky-hunter.com\/product\/zink-nbg-nothing-but-green-duck-call\/\",\"url\":\"https:\/\/staging.lucky-hunter.com\/product\/zink-nbg-nothing-but-green-duck-call\/\",\"name\":\"Zink NBG Nothing But Green Appeau pour canard | Lucky Hunter\",\"isPartOf\":{\"@id\":\"https:\/\/staging.lucky-hunter.com\/#website\"},\"primaryImageOfPage\":{\"@id\":\"https:\/\/staging.lucky-hunter.com\/product\/zink-nbg-nothing-but-green-duck-call\/#primaryimage\"},\"image\":{\"@id\":\"https:\/\/staging.lucky-hunter.com\/product\/zink-nbg-nothing-but-green-duck-call\/#primaryimage\"},\"thumbnailUrl\":\"https:\/\/staging.lucky-hunter.com\/wp-content\/uploads\/2017\/03\/LK-81.png\",\"datePublished\":\"2017-03-01T11:52:26+00:00\",\"dateModified\":\"2025-03-13T01:46:59+00:00\",\"description\":\"Appels forts et clairs. L'appeau pour canard Zink NBG est id\u00e9al pour les eaux libres ou les vents forts, avec une large gamme d'appels gr\u00e2ce \u00e0 l'anche anti-adh\u00e9rente.\",\"breadcrumb\":{\"@id\":\"https:\/\/staging.lucky-hunter.com\/product\/zink-nbg-nothing-but-green-duck-call\/#breadcrumb\"},\"inLanguage\":\"fr-FR\",\"potentialAction\":[{\"@type\":\"ReadAction\",\"target\":[\"https:\/\/staging.lucky-hunter.com\/product\/zink-nbg-nothing-but-green-duck-call\/\"]}]},{\"@type\":\"ImageObject\",\"inLanguage\":\"fr-FR\",\"@id\":\"https:\/\/staging.lucky-hunter.com\/product\/zink-nbg-nothing-but-green-duck-call\/#primaryimage\",\"url\":\"https:\/\/staging.lucky-hunter.com\/wp-content\/uploads\/2017\/03\/LK-81.png\",\"contentUrl\":\"https:\/\/staging.lucky-hunter.com\/wp-content\/uploads\/2017\/03\/LK-81.png\",\"width\":1000,\"height\":1000},{\"@type\":\"BreadcrumbList\",\"@id\":\"https:\/\/staging.lucky-hunter.com\/product\/zink-nbg-nothing-but-green-duck-call\/#breadcrumb\",\"itemListElement\":[{\"@type\":\"ListItem\",\"position\":1,\"name\":\"Home\",\"item\":\"https:\/\/staging.lucky-hunter.com\/fr\/\"},{\"@type\":\"ListItem\",\"position\":2,\"name\":\"Boutique\",\"item\":\"https:\/\/staging.lucky-hunter.com\/fr\/shop\/\"},{\"@type\":\"ListItem\",\"position\":3,\"name\":\"Appeau \u00e0 colvert Zink NBG Nothing But Green\"}]},{\"@type\":\"WebSite\",\"@id\":\"https:\/\/staging.lucky-hunter.com\/#website\",\"url\":\"https:\/\/staging.lucky-hunter.com\/\",\"name\":\"Lucky-Hunter\",\"description\":\"Gear Up or Give Up\",\"potentialAction\":[{\"@type\":\"SearchAction\",\"target\":{\"@type\":\"EntryPoint\",\"urlTemplate\":\"https:\/\/staging.lucky-hunter.com\/?s={search_term_string}\"},\"query-input\":{\"@type\":\"PropertyValueSpecification\",\"valueRequired\":true,\"valueName\":\"search_term_string\"}}],\"inLanguage\":\"fr-FR\"}]}<\/script>\n<!-- \/ Yoast SEO plugin. -->","yoast_head_json":{"title":"Zink NBG Nothing But Green Appeau pour canard | Lucky Hunter","description":"Appels forts et clairs. L'appeau pour canard Zink NBG est id\u00e9al pour les eaux libres ou les vents forts, avec une large gamme d'appels gr\u00e2ce \u00e0 l'anche anti-adh\u00e9rente.","robots":{"index":"noindex","follow":"follow","max-snippet":"max-snippet:-1","max-image-preview":"max-image-preview:large","max-video-preview":"max-video-preview:-1"},"og_locale":"fr_FR","og_type":"article","og_title":"Zink NBG Nothing But Green Duck Call | Lucky Hunter","og_description":"Appels forts et clairs. L'appeau pour canard Zink NBG est parfait pour les eaux libres ou les vents forts et offre une plus grande gamme d'appels gr\u00e2ce \u00e0 son anche anti-adh\u00e9rente.","og_url":"https:\/\/staging.lucky-hunter.com\/product\/zink-nbg-nothing-but-green-duck-call\/","og_site_name":"Lucky-Hunter","article_modified_time":"2025-03-13T01:46:59+00:00","og_image":[{"width":1000,"height":1000,"url":"https:\/\/staging.lucky-hunter.com\/wp-content\/uploads\/2017\/03\/LK-81.png","type":"image\/png"}],"twitter_card":"summary_large_image","twitter_title":"Zink NBG Nothing But Green Appeau pour canard | Lucky Hunter","twitter_description":"Appels forts et clairs. L'appeau pour canard Zink NBG est parfait pour les eaux libres ou les vents forts et offre une plus grande gamme d'appels gr\u00e2ce \u00e0 son anche anti-adh\u00e9rente.","twitter_misc":{"Dur\u00e9e de lecture estim\u00e9e":"1 minute"},"schema":{"@context":"https:\/\/schema.org","@graph":[{"@type":"WebPage","@id":"https:\/\/staging.lucky-hunter.com\/product\/zink-nbg-nothing-but-green-duck-call\/","url":"https:\/\/staging.lucky-hunter.com\/product\/zink-nbg-nothing-but-green-duck-call\/","name":"Zink NBG Nothing But Green Appeau pour canard | Lucky Hunter","isPartOf":{"@id":"https:\/\/staging.lucky-hunter.com\/#website"},"primaryImageOfPage":{"@id":"https:\/\/staging.lucky-hunter.com\/product\/zink-nbg-nothing-but-green-duck-call\/#primaryimage"},"image":{"@id":"https:\/\/staging.lucky-hunter.com\/product\/zink-nbg-nothing-but-green-duck-call\/#primaryimage"},"thumbnailUrl":"https:\/\/staging.lucky-hunter.com\/wp-content\/uploads\/2017\/03\/LK-81.png","datePublished":"2017-03-01T11:52:26+00:00","dateModified":"2025-03-13T01:46:59+00:00","description":"Appels forts et clairs. L'appeau pour canard Zink NBG est id\u00e9al pour les eaux libres ou les vents forts, avec une large gamme d'appels gr\u00e2ce \u00e0 l'anche anti-adh\u00e9rente.","breadcrumb":{"@id":"https:\/\/staging.lucky-hunter.com\/product\/zink-nbg-nothing-but-green-duck-call\/#breadcrumb"},"inLanguage":"fr-FR","potentialAction":[{"@type":"ReadAction","target":["https:\/\/staging.lucky-hunter.com\/product\/zink-nbg-nothing-but-green-duck-call\/"]}]},{"@type":"ImageObject","inLanguage":"fr-FR","@id":"https:\/\/staging.lucky-hunter.com\/product\/zink-nbg-nothing-but-green-duck-call\/#primaryimage","url":"https:\/\/staging.lucky-hunter.com\/wp-content\/uploads\/2017\/03\/LK-81.png","contentUrl":"https:\/\/staging.lucky-hunter.com\/wp-content\/uploads\/2017\/03\/LK-81.png","width":1000,"height":1000},{"@type":"BreadcrumbList","@id":"https:\/\/staging.lucky-hunter.com\/product\/zink-nbg-nothing-but-green-duck-call\/#breadcrumb","itemListElement":[{"@type":"ListItem","position":1,"name":"Home","item":"https:\/\/staging.lucky-hunter.com\/fr\/"},{"@type":"ListItem","position":2,"name":"Boutique","item":"https:\/\/staging.lucky-hunter.com\/fr\/shop\/"},{"@type":"ListItem","position":3,"name":"Appeau \u00e0 colvert Zink NBG Nothing But Green"}]},{"@type":"WebSite","@id":"https:\/\/staging.lucky-hunter.com\/#website","url":"https:\/\/staging.lucky-hunter.com\/","name":"Lucky-Hunter","description":"Gear Up or Give Up","potentialAction":[{"@type":"SearchAction","target":{"@type":"EntryPoint","urlTemplate":"https:\/\/staging.lucky-hunter.com\/?s={search_term_string}"},"query-input":{"@type":"PropertyValueSpecification","valueRequired":true,"valueName":"search_term_string"}}],"inLanguage":"fr-FR"}]}},"_links":{"self":[{"href":"https:\/\/staging.lucky-hunter.com\/fr\/wp-json\/wp\/v2\/product\/31336"}],"collection":[{"href":"https:\/\/staging.lucky-hunter.com\/fr\/wp-json\/wp\/v2\/product"}],"about":[{"href":"https:\/\/staging.lucky-hunter.com\/fr\/wp-json\/wp\/v2\/types\/product"}],"wp:featuredmedia":[{"embeddable":true,"href":"https:\/\/staging.lucky-hunter.com\/fr\/wp-json\/wp\/v2\/media\/29504"}],"wp:attachment":[{"href":"https:\/\/staging.lucky-hunter.com\/fr\/wp-json\/wp\/v2\/media?parent=31336"}],"wp:term":[{"taxonomy":"product_brand","embeddable":true,"href":"https:\/\/staging.lucky-hunter.com\/fr\/wp-json\/wp\/v2\/product_brand?post=31336"},{"taxonomy":"product_cat","embeddable":true,"href":"https:\/\/staging.lucky-hunter.com\/fr\/wp-json\/wp\/v2\/product_cat?post=31336"},{"taxonomy":"product_tag","embeddable":true,"href":"https:\/\/staging.lucky-hunter.com\/fr\/wp-json\/wp\/v2\/product_tag?post=31336"}],"curies":[{"name":"wp","href":"https:\/\/api.w.org\/{rel}","templated":true}]}}