{"id":31335,"date":"2017-03-01T12:49:28","date_gmt":"2017-03-01T11:49:28","guid":{"rendered":"https:\/\/staging.lucky-hunter.com\/product\/zink-atm-green-machine-duck-call-2\/"},"modified":"2024-05-01T08:38:59","modified_gmt":"2024-05-01T06:38:59","slug":"zink-atm-green-machine-duck-call","status":"publish","type":"product","link":"https:\/\/staging.lucky-hunter.com\/fr\/product\/zink-atm-green-machine-duck-call\/","title":{"rendered":"Appeau \u00e0 Colvert Zink Calls &#8211; ATM Green Machine"},"content":{"rendered":"<h2>Appeau \u00e0 Colvert Zink ATM Green Machine<\/h2>\n<p>Nouvel ajout prometteur \u00e0 la gamme de Zink Calls, cet appeau \u00e0 canards int\u00e8gre l\u2019insert novateur Z-Cut No-Stick, qui vous donne de meilleures chances de varier vos appels. Il garantit \u00e9galement que la lamelle (ou anche) ne se coince pas \u00e0 cause de la salive ou du froid. Il s\u2019agit d\u2019une situation r\u00e9currente avec d\u2019autres appeaux et qui peut se r\u00e9v\u00e9ler ennuyeuse car vous risquez de rater une bonne partie de votre chasse au canard. Cependant, avec l\u2019Appeau \u00e0 Colvert ATM Green Machine de Zink Calls, vous \u00eates \u00e0 l\u2019abri des mauvaises surprises.<\/p>\n<p>L\u2019Appeau \u00e0 Colvert ATM Green Machine est con\u00e7u pour compl\u00e9ter le l\u00e9gendaire Colvert PH-2 (Power Hen 2) de Zink Calls.<\/p>\n<p>L\u2019ATM est parfait pour finir le travail lorsque les canards se rapprochent. Et ce, que vous chassiez le canard dans le marais, \u00e0 l&#8217;\u00e9tang ou en eau libre par vent l\u00e9ger.<\/p>\n<p>\u00c0 l\u2019instar des autres appeaux Zink Calls, l&#8217;ATM Green Machine est facile \u00e0 utiliser. Adapt\u00e9 aux d\u00e9butants, il est aussi parfait pour vous qui connaissez le pic d\u2019adr\u00e9naline ressenti lorsque les canards r\u00e9pondent \u00e0 votre appel et se pressent dans votre direction.<\/p>\n<p>Les appeaux Zink Calls sont fabriqu\u00e9s aux \u00c9tats-Unis, accord\u00e9s \u00e0 la main et test\u00e9s par l&#8217;\u00e9quipe professionnelle de Fred Zink. Ceci garantit que tous leurs produits soient toujours de la plus haute qualit\u00e9.<\/p>\n<p>Fabriqu\u00e9 en polycarbonate r\u00e9sistant au gel.<\/p>\n<div class=\"video video-fit mb\" style=\"padding-top:56.25%;\"><p><iframe width=\"1020\" height=\"574\" src=\"https:\/\/www.youtube.com\/embed\/1gW-B2qIytM?wmode=transparent&amp;rel=0&amp;feature=oembed\" frameborder=\"0\" allowfullscreen><\/iframe><\/p>\n<\/div>\n<div class=\"video video-fit mb\" style=\"padding-top:56.25%;\"><p><iframe width=\"1020\" height=\"574\" src=\"https:\/\/www.youtube.com\/embed\/CMgolcg0qdc?wmode=transparent&amp;rel=0&amp;feature=oembed\" frameborder=\"0\" allowfullscreen><\/iframe><\/p>\n<\/div>\n","protected":false},"excerpt":{"rendered":"<p>L\u2019Appeau \u00e0 Colvert ATM Green Machine est con\u00e7u pour compl\u00e9ter le l\u00e9gendaire Colvert PH-2 (Power Hen 2) de Zink Calls. Parfait pour appeler la proie lorsqu&#8217;elle se rapproche.<\/p>\n","protected":false},"featured_media":30193,"template":"","meta":[],"product_brand":[8128],"product_cat":[8167],"product_tag":[9235],"yoast_head":"<!-- This site is optimized with the Yoast SEO plugin v24.3 - https:\/\/yoast.com\/wordpress\/plugins\/seo\/ -->\n<title>Appel de canard Zink ATM Green Machine | Chasseur chanceux<\/title>\n<meta name=\"description\" content=\"Appelez le kill. Avec le canal de tonalit\u00e9 antiadh\u00e9sif innovant, le Zink ATM Green Machine Duck Call ne restera pas bloqu\u00e9 par la salive ou le froid. Facile \u00e0 utiliser\" \/>\n<meta name=\"robots\" content=\"noindex, follow, max-snippet:-1, max-image-preview:large, max-video-preview:-1\" \/>\n<meta property=\"og:locale\" content=\"fr_FR\" \/>\n<meta property=\"og:type\" content=\"article\" \/>\n<meta property=\"og:title\" content=\"Appel de canard Zink ATM Green Machine | Chasseur chanceux\" \/>\n<meta property=\"og:description\" content=\"Appelez le kill. Avec le canal de tonalit\u00e9 antiadh\u00e9sif innovant, le Zink ATM Green Machine Duck Call ne restera pas bloqu\u00e9 par la salive ou le froid. Facile \u00e0 utiliser\" \/>\n<meta property=\"og:url\" content=\"https:\/\/staging.lucky-hunter.com\/product\/zink-atm-green-machine-duck-call\/\" \/>\n<meta property=\"og:site_name\" content=\"Lucky-Hunter\" \/>\n<meta property=\"article:modified_time\" content=\"2024-05-01T06:38:59+00:00\" \/>\n<meta property=\"og:image\" content=\"https:\/\/staging.lucky-hunter.com\/wp-content\/uploads\/2017\/03\/LK-79.png\" \/>\n\t<meta property=\"og:image:width\" content=\"1000\" \/>\n\t<meta property=\"og:image:height\" content=\"1000\" \/>\n\t<meta property=\"og:image:type\" content=\"image\/png\" \/>\n<meta name=\"twitter:card\" content=\"summary_large_image\" \/>\n<meta name=\"twitter:title\" content=\"Appel de canard Zink ATM Green Machine | Chasseur chanceux\" \/>\n<meta name=\"twitter:description\" content=\"Appelez le kill. Avec le canal de tonalit\u00e9 antiadh\u00e9sif innovant, le Zink ATM Green Machine Duck Call ne restera pas bloqu\u00e9 par la salive ou le froid. Facile \u00e0 utiliser\" \/>\n<meta name=\"twitter:label1\" content=\"Dur\u00e9e de lecture estim\u00e9e\" \/>\n\t<meta name=\"twitter:data1\" content=\"2 minutes\" \/>\n<script type=\"application\/ld+json\" class=\"yoast-schema-graph\">{\"@context\":\"https:\/\/schema.org\",\"@graph\":[{\"@type\":\"WebPage\",\"@id\":\"https:\/\/staging.lucky-hunter.com\/product\/zink-atm-green-machine-duck-call\/\",\"url\":\"https:\/\/staging.lucky-hunter.com\/product\/zink-atm-green-machine-duck-call\/\",\"name\":\"Appel de canard Zink ATM Green Machine | Chasseur chanceux\",\"isPartOf\":{\"@id\":\"https:\/\/staging.lucky-hunter.com\/#website\"},\"primaryImageOfPage\":{\"@id\":\"https:\/\/staging.lucky-hunter.com\/product\/zink-atm-green-machine-duck-call\/#primaryimage\"},\"image\":{\"@id\":\"https:\/\/staging.lucky-hunter.com\/product\/zink-atm-green-machine-duck-call\/#primaryimage\"},\"thumbnailUrl\":\"https:\/\/staging.lucky-hunter.com\/wp-content\/uploads\/2017\/03\/LK-79.png\",\"datePublished\":\"2017-03-01T11:49:28+00:00\",\"dateModified\":\"2024-05-01T06:38:59+00:00\",\"description\":\"Appelez le kill. Avec le canal de tonalit\u00e9 antiadh\u00e9sif innovant, le Zink ATM Green Machine Duck Call ne restera pas bloqu\u00e9 par la salive ou le froid. Facile \u00e0 utiliser\",\"breadcrumb\":{\"@id\":\"https:\/\/staging.lucky-hunter.com\/product\/zink-atm-green-machine-duck-call\/#breadcrumb\"},\"inLanguage\":\"fr-FR\",\"potentialAction\":[{\"@type\":\"ReadAction\",\"target\":[\"https:\/\/staging.lucky-hunter.com\/product\/zink-atm-green-machine-duck-call\/\"]}]},{\"@type\":\"ImageObject\",\"inLanguage\":\"fr-FR\",\"@id\":\"https:\/\/staging.lucky-hunter.com\/product\/zink-atm-green-machine-duck-call\/#primaryimage\",\"url\":\"https:\/\/staging.lucky-hunter.com\/wp-content\/uploads\/2017\/03\/LK-79.png\",\"contentUrl\":\"https:\/\/staging.lucky-hunter.com\/wp-content\/uploads\/2017\/03\/LK-79.png\",\"width\":1000,\"height\":1000},{\"@type\":\"BreadcrumbList\",\"@id\":\"https:\/\/staging.lucky-hunter.com\/product\/zink-atm-green-machine-duck-call\/#breadcrumb\",\"itemListElement\":[{\"@type\":\"ListItem\",\"position\":1,\"name\":\"Home\",\"item\":\"https:\/\/staging.lucky-hunter.com\/fr\/\"},{\"@type\":\"ListItem\",\"position\":2,\"name\":\"Boutique\",\"item\":\"https:\/\/staging.lucky-hunter.com\/fr\/shop\/\"},{\"@type\":\"ListItem\",\"position\":3,\"name\":\"Appeau \u00e0 Colvert Zink Calls &#8211; ATM Green Machine\"}]},{\"@type\":\"WebSite\",\"@id\":\"https:\/\/staging.lucky-hunter.com\/#website\",\"url\":\"https:\/\/staging.lucky-hunter.com\/\",\"name\":\"Lucky-Hunter\",\"description\":\"Gear Up or Give Up\",\"potentialAction\":[{\"@type\":\"SearchAction\",\"target\":{\"@type\":\"EntryPoint\",\"urlTemplate\":\"https:\/\/staging.lucky-hunter.com\/?s={search_term_string}\"},\"query-input\":{\"@type\":\"PropertyValueSpecification\",\"valueRequired\":true,\"valueName\":\"search_term_string\"}}],\"inLanguage\":\"fr-FR\"}]}<\/script>\n<!-- \/ Yoast SEO plugin. -->","yoast_head_json":{"title":"Appel de canard Zink ATM Green Machine | Chasseur chanceux","description":"Appelez le kill. Avec le canal de tonalit\u00e9 antiadh\u00e9sif innovant, le Zink ATM Green Machine Duck Call ne restera pas bloqu\u00e9 par la salive ou le froid. Facile \u00e0 utiliser","robots":{"index":"noindex","follow":"follow","max-snippet":"max-snippet:-1","max-image-preview":"max-image-preview:large","max-video-preview":"max-video-preview:-1"},"og_locale":"fr_FR","og_type":"article","og_title":"Appel de canard Zink ATM Green Machine | Chasseur chanceux","og_description":"Appelez le kill. Avec le canal de tonalit\u00e9 antiadh\u00e9sif innovant, le Zink ATM Green Machine Duck Call ne restera pas bloqu\u00e9 par la salive ou le froid. Facile \u00e0 utiliser","og_url":"https:\/\/staging.lucky-hunter.com\/product\/zink-atm-green-machine-duck-call\/","og_site_name":"Lucky-Hunter","article_modified_time":"2024-05-01T06:38:59+00:00","og_image":[{"width":1000,"height":1000,"url":"https:\/\/staging.lucky-hunter.com\/wp-content\/uploads\/2017\/03\/LK-79.png","type":"image\/png"}],"twitter_card":"summary_large_image","twitter_title":"Appel de canard Zink ATM Green Machine | Chasseur chanceux","twitter_description":"Appelez le kill. Avec le canal de tonalit\u00e9 antiadh\u00e9sif innovant, le Zink ATM Green Machine Duck Call ne restera pas bloqu\u00e9 par la salive ou le froid. Facile \u00e0 utiliser","twitter_misc":{"Dur\u00e9e de lecture estim\u00e9e":"2 minutes"},"schema":{"@context":"https:\/\/schema.org","@graph":[{"@type":"WebPage","@id":"https:\/\/staging.lucky-hunter.com\/product\/zink-atm-green-machine-duck-call\/","url":"https:\/\/staging.lucky-hunter.com\/product\/zink-atm-green-machine-duck-call\/","name":"Appel de canard Zink ATM Green Machine | Chasseur chanceux","isPartOf":{"@id":"https:\/\/staging.lucky-hunter.com\/#website"},"primaryImageOfPage":{"@id":"https:\/\/staging.lucky-hunter.com\/product\/zink-atm-green-machine-duck-call\/#primaryimage"},"image":{"@id":"https:\/\/staging.lucky-hunter.com\/product\/zink-atm-green-machine-duck-call\/#primaryimage"},"thumbnailUrl":"https:\/\/staging.lucky-hunter.com\/wp-content\/uploads\/2017\/03\/LK-79.png","datePublished":"2017-03-01T11:49:28+00:00","dateModified":"2024-05-01T06:38:59+00:00","description":"Appelez le kill. Avec le canal de tonalit\u00e9 antiadh\u00e9sif innovant, le Zink ATM Green Machine Duck Call ne restera pas bloqu\u00e9 par la salive ou le froid. Facile \u00e0 utiliser","breadcrumb":{"@id":"https:\/\/staging.lucky-hunter.com\/product\/zink-atm-green-machine-duck-call\/#breadcrumb"},"inLanguage":"fr-FR","potentialAction":[{"@type":"ReadAction","target":["https:\/\/staging.lucky-hunter.com\/product\/zink-atm-green-machine-duck-call\/"]}]},{"@type":"ImageObject","inLanguage":"fr-FR","@id":"https:\/\/staging.lucky-hunter.com\/product\/zink-atm-green-machine-duck-call\/#primaryimage","url":"https:\/\/staging.lucky-hunter.com\/wp-content\/uploads\/2017\/03\/LK-79.png","contentUrl":"https:\/\/staging.lucky-hunter.com\/wp-content\/uploads\/2017\/03\/LK-79.png","width":1000,"height":1000},{"@type":"BreadcrumbList","@id":"https:\/\/staging.lucky-hunter.com\/product\/zink-atm-green-machine-duck-call\/#breadcrumb","itemListElement":[{"@type":"ListItem","position":1,"name":"Home","item":"https:\/\/staging.lucky-hunter.com\/fr\/"},{"@type":"ListItem","position":2,"name":"Boutique","item":"https:\/\/staging.lucky-hunter.com\/fr\/shop\/"},{"@type":"ListItem","position":3,"name":"Appeau \u00e0 Colvert Zink Calls &#8211; ATM Green Machine"}]},{"@type":"WebSite","@id":"https:\/\/staging.lucky-hunter.com\/#website","url":"https:\/\/staging.lucky-hunter.com\/","name":"Lucky-Hunter","description":"Gear Up or Give Up","potentialAction":[{"@type":"SearchAction","target":{"@type":"EntryPoint","urlTemplate":"https:\/\/staging.lucky-hunter.com\/?s={search_term_string}"},"query-input":{"@type":"PropertyValueSpecification","valueRequired":true,"valueName":"search_term_string"}}],"inLanguage":"fr-FR"}]}},"_links":{"self":[{"href":"https:\/\/staging.lucky-hunter.com\/fr\/wp-json\/wp\/v2\/product\/31335"}],"collection":[{"href":"https:\/\/staging.lucky-hunter.com\/fr\/wp-json\/wp\/v2\/product"}],"about":[{"href":"https:\/\/staging.lucky-hunter.com\/fr\/wp-json\/wp\/v2\/types\/product"}],"wp:featuredmedia":[{"embeddable":true,"href":"https:\/\/staging.lucky-hunter.com\/fr\/wp-json\/wp\/v2\/media\/30193"}],"wp:attachment":[{"href":"https:\/\/staging.lucky-hunter.com\/fr\/wp-json\/wp\/v2\/media?parent=31335"}],"wp:term":[{"taxonomy":"product_brand","embeddable":true,"href":"https:\/\/staging.lucky-hunter.com\/fr\/wp-json\/wp\/v2\/product_brand?post=31335"},{"taxonomy":"product_cat","embeddable":true,"href":"https:\/\/staging.lucky-hunter.com\/fr\/wp-json\/wp\/v2\/product_cat?post=31335"},{"taxonomy":"product_tag","embeddable":true,"href":"https:\/\/staging.lucky-hunter.com\/fr\/wp-json\/wp\/v2\/product_tag?post=31335"}],"curies":[{"name":"wp","href":"https:\/\/api.w.org\/{rel}","templated":true}]}}