{"id":31296,"date":"2016-11-07T16:10:58","date_gmt":"2016-11-07T15:10:58","guid":{"rendered":"https:\/\/staging.lucky-hunter.com\/product\/mojo-wind-duck-2\/"},"modified":"2025-07-02T15:03:27","modified_gmt":"2025-07-02T13:03:27","slug":"canard-eolien-mojo","status":"publish","type":"product","link":"https:\/\/staging.lucky-hunter.com\/fr\/product\/canard-eolien-mojo\/","title":{"rendered":"Canard \u00e9olien &#8211; MOJO"},"content":{"rendered":"<p><iframe title=\"MOJO Wind Duck | Wind driven Mallard decoy\" width=\"1020\" height=\"574\" src=\"https:\/\/www.youtube.com\/embed\/gbfkcF3_4Gg?wmode=transparent&amp;rel=0&amp;feature=oembed&#038;enablejsapi=1&#038;origin=https:\/\/staging.lucky-hunter.com\" frameborder=\"0\" allow=\"accelerometer; autoplay; clipboard-write; encrypted-media; gyroscope; picture-in-picture\" allowfullscreen><\/iframe><\/p>\n<p>Leurre colvert entra\u00een\u00e9 par le vent de MOJO &#8211; la solution id\u00e9ale pour les zones de chasse o\u00f9 les leurres motoris\u00e9s ne sont pas autoris\u00e9s.<\/p>\n<p>Les pales tournent dans le vent jusqu&#8217;\u00e0 8 km\/h.<\/p>\n<p>Ce leurre a le m\u00eame corps durable et le m\u00eame design r\u00e9aliste que le MOJO Mallard (article 510306).<\/p>\n<p>Le b\u00e2ton de montage (1,2 m\u00e8tre) est inclus.<\/p>\n","protected":false},"excerpt":{"rendered":"<p>Leurre de canard colvert motoris\u00e9 de MOJO &#8211; la solution id\u00e9ale pour les zones de chasse o\u00f9 les leurres motoris\u00e9s ne sont pas autoris\u00e9s.<\/p>\n","protected":false},"featured_media":28591,"template":"","meta":[],"product_brand":[9551],"product_cat":[8180,9683],"product_tag":[9235],"yoast_head":"<!-- This site is optimized with the Yoast SEO plugin v24.3 - https:\/\/yoast.com\/wordpress\/plugins\/seo\/ -->\n<title>Canard \u00e9olien - MOJO<\/title>\n<meta name=\"description\" content=\"Leurre de canard colvert motoris\u00e9 de MOJO - la solution id\u00e9ale pour les zones de chasse o\u00f9 les leurres motoris\u00e9s ne sont pas autoris\u00e9s.\" \/>\n<meta name=\"robots\" content=\"noindex, follow, max-snippet:-1, max-image-preview:large, max-video-preview:-1\" \/>\n<meta property=\"og:locale\" content=\"fr_FR\" \/>\n<meta property=\"og:type\" content=\"article\" \/>\n<meta property=\"og:title\" content=\"Canard \u00e9olien - MOJO\" \/>\n<meta property=\"og:description\" content=\"Leurre de canard colvert motoris\u00e9 de MOJO - la solution id\u00e9ale pour les zones de chasse o\u00f9 les leurres motoris\u00e9s ne sont pas autoris\u00e9s.\" \/>\n<meta property=\"og:url\" content=\"https:\/\/staging.lucky-hunter.com\/product\/mojo-wind-duck\/\" \/>\n<meta property=\"og:site_name\" content=\"Lucky-Hunter\" \/>\n<meta property=\"article:modified_time\" content=\"2025-07-02T13:03:27+00:00\" \/>\n<meta property=\"og:image\" content=\"https:\/\/staging.lucky-hunter.com\/wp-content\/uploads\/2017\/06\/510316.png\" \/>\n\t<meta property=\"og:image:width\" content=\"1000\" \/>\n\t<meta property=\"og:image:height\" content=\"1000\" \/>\n\t<meta property=\"og:image:type\" content=\"image\/png\" \/>\n<meta name=\"twitter:card\" content=\"summary_large_image\" \/>\n<meta name=\"twitter:label1\" content=\"Dur\u00e9e de lecture estim\u00e9e\" \/>\n\t<meta name=\"twitter:data1\" content=\"1 minute\" \/>\n<script type=\"application\/ld+json\" class=\"yoast-schema-graph\">{\"@context\":\"https:\/\/schema.org\",\"@graph\":[{\"@type\":\"WebPage\",\"@id\":\"https:\/\/staging.lucky-hunter.com\/product\/mojo-wind-duck\/\",\"url\":\"https:\/\/staging.lucky-hunter.com\/product\/mojo-wind-duck\/\",\"name\":\"Canard \u00e9olien - MOJO\",\"isPartOf\":{\"@id\":\"https:\/\/staging.lucky-hunter.com\/#website\"},\"primaryImageOfPage\":{\"@id\":\"https:\/\/staging.lucky-hunter.com\/product\/mojo-wind-duck\/#primaryimage\"},\"image\":{\"@id\":\"https:\/\/staging.lucky-hunter.com\/product\/mojo-wind-duck\/#primaryimage\"},\"thumbnailUrl\":\"https:\/\/staging.lucky-hunter.com\/wp-content\/uploads\/2017\/06\/510316.png\",\"datePublished\":\"2016-11-07T15:10:58+00:00\",\"dateModified\":\"2025-07-02T13:03:27+00:00\",\"description\":\"Leurre de canard colvert motoris\u00e9 de MOJO - la solution id\u00e9ale pour les zones de chasse o\u00f9 les leurres motoris\u00e9s ne sont pas autoris\u00e9s.\",\"breadcrumb\":{\"@id\":\"https:\/\/staging.lucky-hunter.com\/product\/mojo-wind-duck\/#breadcrumb\"},\"inLanguage\":\"fr-FR\",\"potentialAction\":[{\"@type\":\"ReadAction\",\"target\":[\"https:\/\/staging.lucky-hunter.com\/product\/mojo-wind-duck\/\"]}]},{\"@type\":\"ImageObject\",\"inLanguage\":\"fr-FR\",\"@id\":\"https:\/\/staging.lucky-hunter.com\/product\/mojo-wind-duck\/#primaryimage\",\"url\":\"https:\/\/staging.lucky-hunter.com\/wp-content\/uploads\/2017\/06\/510316.png\",\"contentUrl\":\"https:\/\/staging.lucky-hunter.com\/wp-content\/uploads\/2017\/06\/510316.png\",\"width\":1000,\"height\":1000},{\"@type\":\"BreadcrumbList\",\"@id\":\"https:\/\/staging.lucky-hunter.com\/product\/mojo-wind-duck\/#breadcrumb\",\"itemListElement\":[{\"@type\":\"ListItem\",\"position\":1,\"name\":\"Home\",\"item\":\"https:\/\/staging.lucky-hunter.com\/fr\/\"},{\"@type\":\"ListItem\",\"position\":2,\"name\":\"Boutique\",\"item\":\"https:\/\/staging.lucky-hunter.com\/fr\/shop\/\"},{\"@type\":\"ListItem\",\"position\":3,\"name\":\"Canard \u00e9olien &#8211; MOJO\"}]},{\"@type\":\"WebSite\",\"@id\":\"https:\/\/staging.lucky-hunter.com\/#website\",\"url\":\"https:\/\/staging.lucky-hunter.com\/\",\"name\":\"Lucky-Hunter\",\"description\":\"Gear Up or Give Up\",\"potentialAction\":[{\"@type\":\"SearchAction\",\"target\":{\"@type\":\"EntryPoint\",\"urlTemplate\":\"https:\/\/staging.lucky-hunter.com\/?s={search_term_string}\"},\"query-input\":{\"@type\":\"PropertyValueSpecification\",\"valueRequired\":true,\"valueName\":\"search_term_string\"}}],\"inLanguage\":\"fr-FR\"}]}<\/script>\n<!-- \/ Yoast SEO plugin. -->","yoast_head_json":{"title":"Canard \u00e9olien - MOJO","description":"Leurre de canard colvert motoris\u00e9 de MOJO - la solution id\u00e9ale pour les zones de chasse o\u00f9 les leurres motoris\u00e9s ne sont pas autoris\u00e9s.","robots":{"index":"noindex","follow":"follow","max-snippet":"max-snippet:-1","max-image-preview":"max-image-preview:large","max-video-preview":"max-video-preview:-1"},"og_locale":"fr_FR","og_type":"article","og_title":"Canard \u00e9olien - MOJO","og_description":"Leurre de canard colvert motoris\u00e9 de MOJO - la solution id\u00e9ale pour les zones de chasse o\u00f9 les leurres motoris\u00e9s ne sont pas autoris\u00e9s.","og_url":"https:\/\/staging.lucky-hunter.com\/product\/mojo-wind-duck\/","og_site_name":"Lucky-Hunter","article_modified_time":"2025-07-02T13:03:27+00:00","og_image":[{"width":1000,"height":1000,"url":"https:\/\/staging.lucky-hunter.com\/wp-content\/uploads\/2017\/06\/510316.png","type":"image\/png"}],"twitter_card":"summary_large_image","twitter_misc":{"Dur\u00e9e de lecture estim\u00e9e":"1 minute"},"schema":{"@context":"https:\/\/schema.org","@graph":[{"@type":"WebPage","@id":"https:\/\/staging.lucky-hunter.com\/product\/mojo-wind-duck\/","url":"https:\/\/staging.lucky-hunter.com\/product\/mojo-wind-duck\/","name":"Canard \u00e9olien - MOJO","isPartOf":{"@id":"https:\/\/staging.lucky-hunter.com\/#website"},"primaryImageOfPage":{"@id":"https:\/\/staging.lucky-hunter.com\/product\/mojo-wind-duck\/#primaryimage"},"image":{"@id":"https:\/\/staging.lucky-hunter.com\/product\/mojo-wind-duck\/#primaryimage"},"thumbnailUrl":"https:\/\/staging.lucky-hunter.com\/wp-content\/uploads\/2017\/06\/510316.png","datePublished":"2016-11-07T15:10:58+00:00","dateModified":"2025-07-02T13:03:27+00:00","description":"Leurre de canard colvert motoris\u00e9 de MOJO - la solution id\u00e9ale pour les zones de chasse o\u00f9 les leurres motoris\u00e9s ne sont pas autoris\u00e9s.","breadcrumb":{"@id":"https:\/\/staging.lucky-hunter.com\/product\/mojo-wind-duck\/#breadcrumb"},"inLanguage":"fr-FR","potentialAction":[{"@type":"ReadAction","target":["https:\/\/staging.lucky-hunter.com\/product\/mojo-wind-duck\/"]}]},{"@type":"ImageObject","inLanguage":"fr-FR","@id":"https:\/\/staging.lucky-hunter.com\/product\/mojo-wind-duck\/#primaryimage","url":"https:\/\/staging.lucky-hunter.com\/wp-content\/uploads\/2017\/06\/510316.png","contentUrl":"https:\/\/staging.lucky-hunter.com\/wp-content\/uploads\/2017\/06\/510316.png","width":1000,"height":1000},{"@type":"BreadcrumbList","@id":"https:\/\/staging.lucky-hunter.com\/product\/mojo-wind-duck\/#breadcrumb","itemListElement":[{"@type":"ListItem","position":1,"name":"Home","item":"https:\/\/staging.lucky-hunter.com\/fr\/"},{"@type":"ListItem","position":2,"name":"Boutique","item":"https:\/\/staging.lucky-hunter.com\/fr\/shop\/"},{"@type":"ListItem","position":3,"name":"Canard \u00e9olien &#8211; MOJO"}]},{"@type":"WebSite","@id":"https:\/\/staging.lucky-hunter.com\/#website","url":"https:\/\/staging.lucky-hunter.com\/","name":"Lucky-Hunter","description":"Gear Up or Give Up","potentialAction":[{"@type":"SearchAction","target":{"@type":"EntryPoint","urlTemplate":"https:\/\/staging.lucky-hunter.com\/?s={search_term_string}"},"query-input":{"@type":"PropertyValueSpecification","valueRequired":true,"valueName":"search_term_string"}}],"inLanguage":"fr-FR"}]}},"_links":{"self":[{"href":"https:\/\/staging.lucky-hunter.com\/fr\/wp-json\/wp\/v2\/product\/31296"}],"collection":[{"href":"https:\/\/staging.lucky-hunter.com\/fr\/wp-json\/wp\/v2\/product"}],"about":[{"href":"https:\/\/staging.lucky-hunter.com\/fr\/wp-json\/wp\/v2\/types\/product"}],"wp:featuredmedia":[{"embeddable":true,"href":"https:\/\/staging.lucky-hunter.com\/fr\/wp-json\/wp\/v2\/media\/28591"}],"wp:attachment":[{"href":"https:\/\/staging.lucky-hunter.com\/fr\/wp-json\/wp\/v2\/media?parent=31296"}],"wp:term":[{"taxonomy":"product_brand","embeddable":true,"href":"https:\/\/staging.lucky-hunter.com\/fr\/wp-json\/wp\/v2\/product_brand?post=31296"},{"taxonomy":"product_cat","embeddable":true,"href":"https:\/\/staging.lucky-hunter.com\/fr\/wp-json\/wp\/v2\/product_cat?post=31296"},{"taxonomy":"product_tag","embeddable":true,"href":"https:\/\/staging.lucky-hunter.com\/fr\/wp-json\/wp\/v2\/product_tag?post=31296"}],"curies":[{"name":"wp","href":"https:\/\/api.w.org\/{rel}","templated":true}]}}