{"id":31295,"date":"2018-01-31T08:12:04","date_gmt":"2018-01-31T07:12:04","guid":{"rendered":"https:\/\/staging.lucky-hunter.com\/product\/mojo-mama-jama-2\/"},"modified":"2022-10-28T11:59:03","modified_gmt":"2022-10-28T09:59:03","slug":"mojo-mama-jama","status":"publish","type":"product","link":"https:\/\/staging.lucky-hunter.com\/fr\/product\/mojo-mama-jama\/","title":{"rendered":"MOJO Mama Jama"},"content":{"rendered":"<h1><strong>MOJO Mama Jama &#8211; mouvement r\u00e9aliste sur l&#8217;eau<\/strong><\/h1>\n<p><iframe title=\"MOJO Mama Jama - Spinning Wing and Motion Duck Decoy\" width=\"1020\" height=\"574\" src=\"https:\/\/www.youtube.com\/embed\/j574mx20c3A?wmode=transparent&amp;rel=0&amp;feature=oembed&#038;enablejsapi=1&#038;origin=https:\/\/staging.lucky-hunter.com\" frameborder=\"0\" allow=\"accelerometer; autoplay; clipboard-write; encrypted-media; gyroscope; picture-in-picture\" allowfullscreen><\/iframe><\/p>\n<p>Leurre mobile polyvalent MOJO pour la chasse au canard.<\/p>\n<p>Le leurre cr\u00e9e un sillage en \u00ab\u00a0V\u00a0\u00bb tr\u00e8s important derri\u00e8re lui, qui est l&#8217;une des choses que les canards en volants recherchent sur l&#8217;eau pour se poser.<\/p>\n<p>Dispose du mouvement d&#8217;aile tournante, du mouvement typique du canard et d&#8217;un son qui attirent les canards de loin.<\/p>\n<p>La batterie 12 V dure jusqu&#8217;\u00e0 8 heures apr\u00e8s une charge compl\u00e8te et est \u00e9galement rechargeable. Par cons\u00e9quent, vous pouvez \u00e9conomiser de l&#8217;argent sur les batteries et les recharger lorsque vous rentrez chez vous ou \u00e0 votre pavillon de chasse, et \u00eatre pr\u00eat \u00e0 partir la fois suivante.<\/p>\n<p>Le style du corps est celui d&#8217;une poule colvert. L&#8217;unit\u00e9 fonctionne sur un rythme intermittent pour plus de r\u00e9alisme. Le mouvement r\u00e9aliste comprend des ailes qui tournent et un mouvement dans l&#8217;eau.<\/p>\n<p>Livr\u00e9 avec une batterie 12 volts et un chargeur.<\/p>\n<p>Dimensions :\u00a035,5 x 31 x 34 cm<\/p>\n","protected":false},"excerpt":{"rendered":"<p>MOJO Mama Jama est une combinaison parfaite d&#8217;un leurre \u00e0 aile tournante et des canards nageurs en forme de V qui se forment sur l&#8217;eau.\u00a0Livr\u00e9 avec une batterie 12 volts et un chargeur.<\/p>\n","protected":false},"featured_media":29672,"template":"","meta":[],"product_brand":[8122],"product_cat":[8180,9737],"product_tag":[9235],"yoast_head":"<!-- This site is optimized with the Yoast SEO plugin v24.3 - https:\/\/yoast.com\/wordpress\/plugins\/seo\/ -->\n<title>MOJO Mama Jama Motion Duck Leurre | Chasseur chanceux<\/title>\n<meta name=\"description\" content=\"Recr\u00e9ez le mouvement dans l&#039;eau. MOJO Mama Jama est con\u00e7u pour recr\u00e9er le mouvement et les sons des canards dans l&#039;eau pour attirer de vrais canards.\" \/>\n<meta name=\"robots\" content=\"noindex, follow, max-snippet:-1, max-image-preview:large, max-video-preview:-1\" \/>\n<meta property=\"og:locale\" content=\"fr_FR\" \/>\n<meta property=\"og:type\" content=\"article\" \/>\n<meta property=\"og:title\" content=\"MOJO Mama Jama Motion Duck Leurre | Chasseur chanceux\" \/>\n<meta property=\"og:description\" content=\"Recr\u00e9ez le mouvement dans l&#039;eau. MOJO Mama Jama est con\u00e7u pour recr\u00e9er le mouvement et les sons des canards dans l&#039;eau pour attirer de vrais canards.\" \/>\n<meta property=\"og:url\" content=\"https:\/\/staging.lucky-hunter.com\/product\/mojo-mama-jama\/\" \/>\n<meta property=\"og:site_name\" content=\"Lucky-Hunter\" \/>\n<meta property=\"article:modified_time\" content=\"2022-10-28T09:59:03+00:00\" \/>\n<meta property=\"og:image\" content=\"https:\/\/staging.lucky-hunter.com\/wp-content\/uploads\/2018\/01\/510380.png\" \/>\n\t<meta property=\"og:image:width\" content=\"1000\" \/>\n\t<meta property=\"og:image:height\" content=\"1000\" \/>\n\t<meta property=\"og:image:type\" content=\"image\/png\" \/>\n<meta name=\"twitter:card\" content=\"summary_large_image\" \/>\n<meta name=\"twitter:title\" content=\"MOJO Mama Jama Motion Duck Leurre | Chasseur chanceux\" \/>\n<meta name=\"twitter:description\" content=\"Recr\u00e9ez le mouvement dans l&#039;eau. MOJO Mama Jama est con\u00e7u pour recr\u00e9er le mouvement et les sons des canards dans l&#039;eau pour attirer de vrais canards.\" \/>\n<meta name=\"twitter:label1\" content=\"Dur\u00e9e de lecture estim\u00e9e\" \/>\n\t<meta name=\"twitter:data1\" content=\"1 minute\" \/>\n<script type=\"application\/ld+json\" class=\"yoast-schema-graph\">{\"@context\":\"https:\/\/schema.org\",\"@graph\":[{\"@type\":\"WebPage\",\"@id\":\"https:\/\/staging.lucky-hunter.com\/product\/mojo-mama-jama\/\",\"url\":\"https:\/\/staging.lucky-hunter.com\/product\/mojo-mama-jama\/\",\"name\":\"MOJO Mama Jama Motion Duck Leurre | Chasseur chanceux\",\"isPartOf\":{\"@id\":\"https:\/\/staging.lucky-hunter.com\/#website\"},\"primaryImageOfPage\":{\"@id\":\"https:\/\/staging.lucky-hunter.com\/product\/mojo-mama-jama\/#primaryimage\"},\"image\":{\"@id\":\"https:\/\/staging.lucky-hunter.com\/product\/mojo-mama-jama\/#primaryimage\"},\"thumbnailUrl\":\"https:\/\/staging.lucky-hunter.com\/wp-content\/uploads\/2018\/01\/510380.png\",\"datePublished\":\"2018-01-31T07:12:04+00:00\",\"dateModified\":\"2022-10-28T09:59:03+00:00\",\"description\":\"Recr\u00e9ez le mouvement dans l'eau. MOJO Mama Jama est con\u00e7u pour recr\u00e9er le mouvement et les sons des canards dans l'eau pour attirer de vrais canards.\",\"breadcrumb\":{\"@id\":\"https:\/\/staging.lucky-hunter.com\/product\/mojo-mama-jama\/#breadcrumb\"},\"inLanguage\":\"fr-FR\",\"potentialAction\":[{\"@type\":\"ReadAction\",\"target\":[\"https:\/\/staging.lucky-hunter.com\/product\/mojo-mama-jama\/\"]}]},{\"@type\":\"ImageObject\",\"inLanguage\":\"fr-FR\",\"@id\":\"https:\/\/staging.lucky-hunter.com\/product\/mojo-mama-jama\/#primaryimage\",\"url\":\"https:\/\/staging.lucky-hunter.com\/wp-content\/uploads\/2018\/01\/510380.png\",\"contentUrl\":\"https:\/\/staging.lucky-hunter.com\/wp-content\/uploads\/2018\/01\/510380.png\",\"width\":1000,\"height\":1000},{\"@type\":\"BreadcrumbList\",\"@id\":\"https:\/\/staging.lucky-hunter.com\/product\/mojo-mama-jama\/#breadcrumb\",\"itemListElement\":[{\"@type\":\"ListItem\",\"position\":1,\"name\":\"Home\",\"item\":\"https:\/\/staging.lucky-hunter.com\/fr\/\"},{\"@type\":\"ListItem\",\"position\":2,\"name\":\"Boutique\",\"item\":\"https:\/\/staging.lucky-hunter.com\/fr\/shop\/\"},{\"@type\":\"ListItem\",\"position\":3,\"name\":\"MOJO Mama Jama\"}]},{\"@type\":\"WebSite\",\"@id\":\"https:\/\/staging.lucky-hunter.com\/#website\",\"url\":\"https:\/\/staging.lucky-hunter.com\/\",\"name\":\"Lucky-Hunter\",\"description\":\"Gear Up or Give Up\",\"potentialAction\":[{\"@type\":\"SearchAction\",\"target\":{\"@type\":\"EntryPoint\",\"urlTemplate\":\"https:\/\/staging.lucky-hunter.com\/?s={search_term_string}\"},\"query-input\":{\"@type\":\"PropertyValueSpecification\",\"valueRequired\":true,\"valueName\":\"search_term_string\"}}],\"inLanguage\":\"fr-FR\"}]}<\/script>\n<!-- \/ Yoast SEO plugin. -->","yoast_head_json":{"title":"MOJO Mama Jama Motion Duck Leurre | Chasseur chanceux","description":"Recr\u00e9ez le mouvement dans l'eau. MOJO Mama Jama est con\u00e7u pour recr\u00e9er le mouvement et les sons des canards dans l'eau pour attirer de vrais canards.","robots":{"index":"noindex","follow":"follow","max-snippet":"max-snippet:-1","max-image-preview":"max-image-preview:large","max-video-preview":"max-video-preview:-1"},"og_locale":"fr_FR","og_type":"article","og_title":"MOJO Mama Jama Motion Duck Leurre | Chasseur chanceux","og_description":"Recr\u00e9ez le mouvement dans l'eau. MOJO Mama Jama est con\u00e7u pour recr\u00e9er le mouvement et les sons des canards dans l'eau pour attirer de vrais canards.","og_url":"https:\/\/staging.lucky-hunter.com\/product\/mojo-mama-jama\/","og_site_name":"Lucky-Hunter","article_modified_time":"2022-10-28T09:59:03+00:00","og_image":[{"width":1000,"height":1000,"url":"https:\/\/staging.lucky-hunter.com\/wp-content\/uploads\/2018\/01\/510380.png","type":"image\/png"}],"twitter_card":"summary_large_image","twitter_title":"MOJO Mama Jama Motion Duck Leurre | Chasseur chanceux","twitter_description":"Recr\u00e9ez le mouvement dans l'eau. MOJO Mama Jama est con\u00e7u pour recr\u00e9er le mouvement et les sons des canards dans l'eau pour attirer de vrais canards.","twitter_misc":{"Dur\u00e9e de lecture estim\u00e9e":"1 minute"},"schema":{"@context":"https:\/\/schema.org","@graph":[{"@type":"WebPage","@id":"https:\/\/staging.lucky-hunter.com\/product\/mojo-mama-jama\/","url":"https:\/\/staging.lucky-hunter.com\/product\/mojo-mama-jama\/","name":"MOJO Mama Jama Motion Duck Leurre | Chasseur chanceux","isPartOf":{"@id":"https:\/\/staging.lucky-hunter.com\/#website"},"primaryImageOfPage":{"@id":"https:\/\/staging.lucky-hunter.com\/product\/mojo-mama-jama\/#primaryimage"},"image":{"@id":"https:\/\/staging.lucky-hunter.com\/product\/mojo-mama-jama\/#primaryimage"},"thumbnailUrl":"https:\/\/staging.lucky-hunter.com\/wp-content\/uploads\/2018\/01\/510380.png","datePublished":"2018-01-31T07:12:04+00:00","dateModified":"2022-10-28T09:59:03+00:00","description":"Recr\u00e9ez le mouvement dans l'eau. MOJO Mama Jama est con\u00e7u pour recr\u00e9er le mouvement et les sons des canards dans l'eau pour attirer de vrais canards.","breadcrumb":{"@id":"https:\/\/staging.lucky-hunter.com\/product\/mojo-mama-jama\/#breadcrumb"},"inLanguage":"fr-FR","potentialAction":[{"@type":"ReadAction","target":["https:\/\/staging.lucky-hunter.com\/product\/mojo-mama-jama\/"]}]},{"@type":"ImageObject","inLanguage":"fr-FR","@id":"https:\/\/staging.lucky-hunter.com\/product\/mojo-mama-jama\/#primaryimage","url":"https:\/\/staging.lucky-hunter.com\/wp-content\/uploads\/2018\/01\/510380.png","contentUrl":"https:\/\/staging.lucky-hunter.com\/wp-content\/uploads\/2018\/01\/510380.png","width":1000,"height":1000},{"@type":"BreadcrumbList","@id":"https:\/\/staging.lucky-hunter.com\/product\/mojo-mama-jama\/#breadcrumb","itemListElement":[{"@type":"ListItem","position":1,"name":"Home","item":"https:\/\/staging.lucky-hunter.com\/fr\/"},{"@type":"ListItem","position":2,"name":"Boutique","item":"https:\/\/staging.lucky-hunter.com\/fr\/shop\/"},{"@type":"ListItem","position":3,"name":"MOJO Mama Jama"}]},{"@type":"WebSite","@id":"https:\/\/staging.lucky-hunter.com\/#website","url":"https:\/\/staging.lucky-hunter.com\/","name":"Lucky-Hunter","description":"Gear Up or Give Up","potentialAction":[{"@type":"SearchAction","target":{"@type":"EntryPoint","urlTemplate":"https:\/\/staging.lucky-hunter.com\/?s={search_term_string}"},"query-input":{"@type":"PropertyValueSpecification","valueRequired":true,"valueName":"search_term_string"}}],"inLanguage":"fr-FR"}]}},"_links":{"self":[{"href":"https:\/\/staging.lucky-hunter.com\/fr\/wp-json\/wp\/v2\/product\/31295"}],"collection":[{"href":"https:\/\/staging.lucky-hunter.com\/fr\/wp-json\/wp\/v2\/product"}],"about":[{"href":"https:\/\/staging.lucky-hunter.com\/fr\/wp-json\/wp\/v2\/types\/product"}],"wp:featuredmedia":[{"embeddable":true,"href":"https:\/\/staging.lucky-hunter.com\/fr\/wp-json\/wp\/v2\/media\/29672"}],"wp:attachment":[{"href":"https:\/\/staging.lucky-hunter.com\/fr\/wp-json\/wp\/v2\/media?parent=31295"}],"wp:term":[{"taxonomy":"product_brand","embeddable":true,"href":"https:\/\/staging.lucky-hunter.com\/fr\/wp-json\/wp\/v2\/product_brand?post=31295"},{"taxonomy":"product_cat","embeddable":true,"href":"https:\/\/staging.lucky-hunter.com\/fr\/wp-json\/wp\/v2\/product_cat?post=31295"},{"taxonomy":"product_tag","embeddable":true,"href":"https:\/\/staging.lucky-hunter.com\/fr\/wp-json\/wp\/v2\/product_tag?post=31295"}],"curies":[{"name":"wp","href":"https:\/\/api.w.org\/{rel}","templated":true}]}}