{"id":31292,"date":"2019-08-16T13:06:31","date_gmt":"2019-08-16T11:06:31","guid":{"rendered":"https:\/\/staging.lucky-hunter.com\/product\/mojo-elite-pintail-2\/"},"modified":"2022-11-16T09:58:40","modified_gmt":"2022-11-16T08:58:40","slug":"mojo-elite-pintail","status":"publish","type":"product","link":"https:\/\/staging.lucky-hunter.com\/fr\/product\/mojo-elite-pintail\/","title":{"rendered":"Canard pilet MOJO Elite"},"content":{"rendered":"<p><iframe title=\"MOJO Elite Pintail | Spinning wing decoy\" width=\"1020\" height=\"574\" src=\"https:\/\/www.youtube.com\/embed\/KPZOgeVw3HQ?wmode=transparent&amp;rel=0&amp;feature=oembed&#038;enablejsapi=1&#038;origin=https:\/\/staging.lucky-hunter.com\" frameborder=\"0\" allow=\"accelerometer; autoplay; clipboard-write; encrypted-media; gyroscope; picture-in-picture\" allowfullscreen><\/iframe><\/p>\n<h1><strong>NOUVEAU dans la gamme MOJO\u00ae Elite<\/strong><\/h1>\n<p>Le canard pilet est reconnaissable \u00e0 la forme de son corps, mince et \u00ab\u00a0pointu\u00a0\u00bb, qui lui a valu son nom.<\/p>\n<p>Ce leurre fait partie de la nouvelle gamme Elite de MOJO et poss\u00e8de de superbes d\u00e9tails, un corps en plastique plus souple et des ailes magn\u00e9tiques qui assurent une rotation rapide et silencieuse.<\/p>\n<p>Les pieds du canard pilet MOJO Elite sont fabriqu\u00e9s dans un nouveau plastique souple et ils peuvent \u00eatre facilement retir\u00e9s lorsque le leurre doit \u00eatre stock\u00e9 et transport\u00e9.<\/p>\n<p>La nouveaut\u00e9 est que la m\u00e9canique du leurre et le corps lui-m\u00eame sont s\u00e9par\u00e9s &#8211; l&#8217;avantage \u00e9tant qu&#8217;il est plus silencieux et \u00e9met moins de vibrations.<\/p>\n<p>Le leurre est aliment\u00e9 par 4 piles AA (non incluses) de bonne qualit\u00e9. Nous vous recommandons de retirer les piles lorsque l&#8217;appareil n&#8217;est pas utilis\u00e9.<\/p>\n<p>La dur\u00e9e de vie de la batterie d\u00e9pend de plusieurs facteurs, notamment des conditions de vent et de la temp\u00e9rature. Lorsque les ailes perdent leur \u00e9lan, il est temps de changer les piles.<\/p>\n<p>Un axe de montage en 3 parties est inclus.<\/p>\n<p>Ce leurre est un aimant \u00e0 canard qui attirera \u00e9galement d&#8217;autres oiseaux aquatiques.<\/p>\n<p><strong>Guide\u00a0: <\/strong><\/p>\n<p>Les reflets sombres\/clairs des ailes du leurre imitent le canard pilet lorsqu&#8217;il se pose ou \u00e9tend ses ailes sur l&#8217;eau. Ils attirent les canards en vol qui peuvent rep\u00e9rer leurs compagnons d&#8217;esp\u00e8ce \u00e0 une longue distance. Le canard pilet MOJO Elite doit \u00eatre plac\u00e9 entre vos leurres habituels &#8211; des \u00e9tudes montrent que les canards pilet aiment se poser pr\u00e8s du MOJO mais au sein du d\u00e9ploiement de leurres, assurez-vous donc qu&#8217;il y a un espace d&#8217;atterrissage et laissez le MOJO actif m\u00eame s&#8217;il n&#8217;y a pas de canards en vue &#8211; les canards le rep\u00e9reront avant que vous ne puissiez les voir. Les reflets sombres\/clairs des ailes sont mieux visibles de loin que de pr\u00e8s.<\/p>\n","protected":false},"excerpt":{"rendered":"<p>Le canard pilet MOJO a un motif peint ultra r\u00e9aliste qui pr\u00e9sente des d\u00e9tails plus fins et conserve sa couleur. De plus, gr\u00e2ce aux ailes fix\u00e9es magn\u00e9tiquement, ce leurre est plus r\u00e9aliste, plus silencieux, plus souple, plus rapide et sa batterie a une plus grande autonomie.<\/p>\n","protected":false},"featured_media":30413,"template":"","meta":[],"product_brand":[8122],"product_cat":[8184,9683,9737],"product_tag":[9235],"yoast_head":"<!-- This site is optimized with the Yoast SEO plugin v24.3 - https:\/\/yoast.com\/wordpress\/plugins\/seo\/ -->\n<title>MOJO Elite Pintail - Brand New from the MOJO Elite range | Lucky Hunter<\/title>\n<meta name=\"description\" content=\"MOJO Elite Pintail spinning wing decoy. Hyper-realistic, adding movement to your decoy spread. Brand new from MOJO&#039;s elite range.\" \/>\n<meta name=\"robots\" content=\"noindex, follow, max-snippet:-1, max-image-preview:large, max-video-preview:-1\" \/>\n<meta property=\"og:locale\" content=\"fr_FR\" \/>\n<meta property=\"og:type\" content=\"article\" \/>\n<meta property=\"og:title\" content=\"MOJO Elite Pintail - Brand New from the MOJO Elite range | Lucky Hunter\" \/>\n<meta property=\"og:description\" content=\"MOJO Elite Pintail spinning wing decoy. Hyper-realistic, adding movement to your decoy spread. Brand new from MOJO&#039;s elite range.\" \/>\n<meta property=\"og:url\" content=\"https:\/\/staging.lucky-hunter.com\/product\/mojo-elite-pintail\/\" \/>\n<meta property=\"og:site_name\" content=\"Lucky-Hunter\" \/>\n<meta property=\"article:modified_time\" content=\"2022-11-16T08:58:40+00:00\" \/>\n<meta property=\"og:image\" content=\"https:\/\/staging.lucky-hunter.com\/wp-content\/uploads\/2019\/08\/510409-pintail.png.webp\" \/>\n\t<meta property=\"og:image:width\" content=\"1000\" \/>\n\t<meta property=\"og:image:height\" content=\"1000\" \/>\n\t<meta property=\"og:image:type\" content=\"image\/webp\" \/>\n<meta name=\"twitter:card\" content=\"summary_large_image\" \/>\n<meta name=\"twitter:title\" content=\"MOJO Elite Pintail - Brand New from the MOJO Elite range | Lucky Hunter\" \/>\n<meta name=\"twitter:description\" content=\"MOJO Elite Pintail spinning wing decoy. Hyper-realistic, adding movement to your decoy spread. Brand new from MOJO&#039;s elite range.\" \/>\n<meta name=\"twitter:label1\" content=\"Dur\u00e9e de lecture estim\u00e9e\" \/>\n\t<meta name=\"twitter:data1\" content=\"2 minutes\" \/>\n<script type=\"application\/ld+json\" class=\"yoast-schema-graph\">{\"@context\":\"https:\/\/schema.org\",\"@graph\":[{\"@type\":\"WebPage\",\"@id\":\"https:\/\/staging.lucky-hunter.com\/product\/mojo-elite-pintail\/\",\"url\":\"https:\/\/staging.lucky-hunter.com\/product\/mojo-elite-pintail\/\",\"name\":\"MOJO Elite Pintail - Brand New from the MOJO Elite range | Lucky Hunter\",\"isPartOf\":{\"@id\":\"https:\/\/staging.lucky-hunter.com\/#website\"},\"primaryImageOfPage\":{\"@id\":\"https:\/\/staging.lucky-hunter.com\/product\/mojo-elite-pintail\/#primaryimage\"},\"image\":{\"@id\":\"https:\/\/staging.lucky-hunter.com\/product\/mojo-elite-pintail\/#primaryimage\"},\"thumbnailUrl\":\"https:\/\/staging.lucky-hunter.com\/wp-content\/uploads\/2019\/08\/510409-pintail.png.webp\",\"datePublished\":\"2019-08-16T11:06:31+00:00\",\"dateModified\":\"2022-11-16T08:58:40+00:00\",\"description\":\"MOJO Elite Pintail spinning wing decoy. Hyper-realistic, adding movement to your decoy spread. Brand new from MOJO's elite range.\",\"breadcrumb\":{\"@id\":\"https:\/\/staging.lucky-hunter.com\/product\/mojo-elite-pintail\/#breadcrumb\"},\"inLanguage\":\"fr-FR\",\"potentialAction\":[{\"@type\":\"ReadAction\",\"target\":[\"https:\/\/staging.lucky-hunter.com\/product\/mojo-elite-pintail\/\"]}]},{\"@type\":\"ImageObject\",\"inLanguage\":\"fr-FR\",\"@id\":\"https:\/\/staging.lucky-hunter.com\/product\/mojo-elite-pintail\/#primaryimage\",\"url\":\"https:\/\/staging.lucky-hunter.com\/wp-content\/uploads\/2019\/08\/510409-pintail.png.webp\",\"contentUrl\":\"https:\/\/staging.lucky-hunter.com\/wp-content\/uploads\/2019\/08\/510409-pintail.png.webp\",\"width\":1000,\"height\":1000},{\"@type\":\"BreadcrumbList\",\"@id\":\"https:\/\/staging.lucky-hunter.com\/product\/mojo-elite-pintail\/#breadcrumb\",\"itemListElement\":[{\"@type\":\"ListItem\",\"position\":1,\"name\":\"Home\",\"item\":\"https:\/\/staging.lucky-hunter.com\/fr\/\"},{\"@type\":\"ListItem\",\"position\":2,\"name\":\"Boutique\",\"item\":\"https:\/\/staging.lucky-hunter.com\/fr\/shop\/\"},{\"@type\":\"ListItem\",\"position\":3,\"name\":\"Canard pilet MOJO Elite\"}]},{\"@type\":\"WebSite\",\"@id\":\"https:\/\/staging.lucky-hunter.com\/#website\",\"url\":\"https:\/\/staging.lucky-hunter.com\/\",\"name\":\"Lucky-Hunter\",\"description\":\"Gear Up or Give Up\",\"potentialAction\":[{\"@type\":\"SearchAction\",\"target\":{\"@type\":\"EntryPoint\",\"urlTemplate\":\"https:\/\/staging.lucky-hunter.com\/?s={search_term_string}\"},\"query-input\":{\"@type\":\"PropertyValueSpecification\",\"valueRequired\":true,\"valueName\":\"search_term_string\"}}],\"inLanguage\":\"fr-FR\"}]}<\/script>\n<!-- \/ Yoast SEO plugin. -->","yoast_head_json":{"title":"MOJO Elite Pintail - Brand New from the MOJO Elite range | Lucky Hunter","description":"MOJO Elite Pintail spinning wing decoy. Hyper-realistic, adding movement to your decoy spread. Brand new from MOJO's elite range.","robots":{"index":"noindex","follow":"follow","max-snippet":"max-snippet:-1","max-image-preview":"max-image-preview:large","max-video-preview":"max-video-preview:-1"},"og_locale":"fr_FR","og_type":"article","og_title":"MOJO Elite Pintail - Brand New from the MOJO Elite range | Lucky Hunter","og_description":"MOJO Elite Pintail spinning wing decoy. Hyper-realistic, adding movement to your decoy spread. Brand new from MOJO's elite range.","og_url":"https:\/\/staging.lucky-hunter.com\/product\/mojo-elite-pintail\/","og_site_name":"Lucky-Hunter","article_modified_time":"2022-11-16T08:58:40+00:00","og_image":[{"width":1000,"height":1000,"url":"https:\/\/staging.lucky-hunter.com\/wp-content\/uploads\/2019\/08\/510409-pintail.png.webp","type":"image\/webp"}],"twitter_card":"summary_large_image","twitter_title":"MOJO Elite Pintail - Brand New from the MOJO Elite range | Lucky Hunter","twitter_description":"MOJO Elite Pintail spinning wing decoy. Hyper-realistic, adding movement to your decoy spread. Brand new from MOJO's elite range.","twitter_misc":{"Dur\u00e9e de lecture estim\u00e9e":"2 minutes"},"schema":{"@context":"https:\/\/schema.org","@graph":[{"@type":"WebPage","@id":"https:\/\/staging.lucky-hunter.com\/product\/mojo-elite-pintail\/","url":"https:\/\/staging.lucky-hunter.com\/product\/mojo-elite-pintail\/","name":"MOJO Elite Pintail - Brand New from the MOJO Elite range | Lucky Hunter","isPartOf":{"@id":"https:\/\/staging.lucky-hunter.com\/#website"},"primaryImageOfPage":{"@id":"https:\/\/staging.lucky-hunter.com\/product\/mojo-elite-pintail\/#primaryimage"},"image":{"@id":"https:\/\/staging.lucky-hunter.com\/product\/mojo-elite-pintail\/#primaryimage"},"thumbnailUrl":"https:\/\/staging.lucky-hunter.com\/wp-content\/uploads\/2019\/08\/510409-pintail.png.webp","datePublished":"2019-08-16T11:06:31+00:00","dateModified":"2022-11-16T08:58:40+00:00","description":"MOJO Elite Pintail spinning wing decoy. Hyper-realistic, adding movement to your decoy spread. Brand new from MOJO's elite range.","breadcrumb":{"@id":"https:\/\/staging.lucky-hunter.com\/product\/mojo-elite-pintail\/#breadcrumb"},"inLanguage":"fr-FR","potentialAction":[{"@type":"ReadAction","target":["https:\/\/staging.lucky-hunter.com\/product\/mojo-elite-pintail\/"]}]},{"@type":"ImageObject","inLanguage":"fr-FR","@id":"https:\/\/staging.lucky-hunter.com\/product\/mojo-elite-pintail\/#primaryimage","url":"https:\/\/staging.lucky-hunter.com\/wp-content\/uploads\/2019\/08\/510409-pintail.png.webp","contentUrl":"https:\/\/staging.lucky-hunter.com\/wp-content\/uploads\/2019\/08\/510409-pintail.png.webp","width":1000,"height":1000},{"@type":"BreadcrumbList","@id":"https:\/\/staging.lucky-hunter.com\/product\/mojo-elite-pintail\/#breadcrumb","itemListElement":[{"@type":"ListItem","position":1,"name":"Home","item":"https:\/\/staging.lucky-hunter.com\/fr\/"},{"@type":"ListItem","position":2,"name":"Boutique","item":"https:\/\/staging.lucky-hunter.com\/fr\/shop\/"},{"@type":"ListItem","position":3,"name":"Canard pilet MOJO Elite"}]},{"@type":"WebSite","@id":"https:\/\/staging.lucky-hunter.com\/#website","url":"https:\/\/staging.lucky-hunter.com\/","name":"Lucky-Hunter","description":"Gear Up or Give Up","potentialAction":[{"@type":"SearchAction","target":{"@type":"EntryPoint","urlTemplate":"https:\/\/staging.lucky-hunter.com\/?s={search_term_string}"},"query-input":{"@type":"PropertyValueSpecification","valueRequired":true,"valueName":"search_term_string"}}],"inLanguage":"fr-FR"}]}},"_links":{"self":[{"href":"https:\/\/staging.lucky-hunter.com\/fr\/wp-json\/wp\/v2\/product\/31292"}],"collection":[{"href":"https:\/\/staging.lucky-hunter.com\/fr\/wp-json\/wp\/v2\/product"}],"about":[{"href":"https:\/\/staging.lucky-hunter.com\/fr\/wp-json\/wp\/v2\/types\/product"}],"wp:featuredmedia":[{"embeddable":true,"href":"https:\/\/staging.lucky-hunter.com\/fr\/wp-json\/wp\/v2\/media\/30413"}],"wp:attachment":[{"href":"https:\/\/staging.lucky-hunter.com\/fr\/wp-json\/wp\/v2\/media?parent=31292"}],"wp:term":[{"taxonomy":"product_brand","embeddable":true,"href":"https:\/\/staging.lucky-hunter.com\/fr\/wp-json\/wp\/v2\/product_brand?post=31292"},{"taxonomy":"product_cat","embeddable":true,"href":"https:\/\/staging.lucky-hunter.com\/fr\/wp-json\/wp\/v2\/product_cat?post=31292"},{"taxonomy":"product_tag","embeddable":true,"href":"https:\/\/staging.lucky-hunter.com\/fr\/wp-json\/wp\/v2\/product_tag?post=31292"}],"curies":[{"name":"wp","href":"https:\/\/api.w.org\/{rel}","templated":true}]}}