{"id":31291,"date":"2019-08-02T15:43:39","date_gmt":"2019-08-02T13:43:39","guid":{"rendered":"https:\/\/staging.lucky-hunter.com\/product\/mojo-elite-diver-bluebill-2\/"},"modified":"2024-09-12T11:10:57","modified_gmt":"2024-09-12T09:10:57","slug":"mojo-elite-diver-bluebill","status":"publish","type":"product","link":"https:\/\/staging.lucky-hunter.com\/fr\/product\/mojo-elite-diver-bluebill\/","title":{"rendered":"Forme de fuligule plongeur MOJO Elite"},"content":{"rendered":"<p><iframe title=\"MOJO Elite Bluebill | Spinning wing decoys\" width=\"1020\" height=\"574\" src=\"https:\/\/www.youtube.com\/embed\/8Sp9f0QnNNA?wmode=transparent&amp;rel=0&amp;feature=oembed&#038;enablejsapi=1&#038;origin=https:\/\/staging.lucky-hunter.com\" frameborder=\"0\" allow=\"accelerometer; autoplay; clipboard-write; encrypted-media; gyroscope; picture-in-picture\" allowfullscreen><\/iframe><\/p>\n<h2><strong>Fuligule plongeur MOJO Elite &#8211; nouveaut\u00e9 de la gamme MOJO\u00ae Elite<\/strong><\/h2>\n<p>MOJO\u00ae Outdoors pr\u00e9sente une nouvelle gamme de formes \u00e0 ailes tournantes am\u00e9lior\u00e9s, bas\u00e9s sur un nouveau concept r\u00e9volutionnaire en instance de brevet.<\/p>\n<p>Con\u00e7us selon le concept utilis\u00e9 dans les v\u00e9hicules motoris\u00e9s. Tous les composants de fonctionnement sont install\u00e9s dans un bo\u00eetier structurel solide qui est fix\u00e9 de mani\u00e8re rigide au poteau de support. Ensuite, un corps de forme flexible et totalement ind\u00e9pendant est plac\u00e9 autour de ce bo\u00eetier. Cela permet de limiter le bruit du moteur et de r\u00e9duire les secousses du forme lui-m\u00eame. D&#8217;autres mod\u00e8les qui n&#8217;ont pas de structure s\u00e9par\u00e9e font trop de bruit de moteur et trop de secousses dues au mouvement.<\/p>\n<p>Le fuligule plongeur MOJO a un motif peint ultra-r\u00e9aliste qui pr\u00e9sente des d\u00e9tails plus fins et conserve sa couleur. De plus, gr\u00e2ce aux ailes fix\u00e9es magn\u00e9tiquement, ce forme est plus r\u00e9aliste, plus silencieux, plus souple, plus rapide et sa batterie a une grande autonomie.<\/p>\n<p>Le forme est \u00e9quip\u00e9 de pieds flexibles fix\u00e9s \u00e0 la peau du forme. Cela le rend facile \u00e0 manipuler pour le stockage et le transport.<\/p>\n<p>Fonctionne avec 4 piles AA de bonne qualit\u00e9. Comprend \u00e9galement un poteau\/piquet de support en 3 parties.<\/p>\n","protected":false},"excerpt":{"rendered":"<p>The MOJO Diver Bluebill has an ultra realistic paint scheme that presents finer detail and holds its color. Also, with the magnetically attached wings, this decoy is more realistic, quieter, smoother, faster and have longer battery life.<\/p>\n<p>&nbsp;<\/p>\n","protected":false},"featured_media":30412,"template":"","meta":[],"product_brand":[8122],"product_cat":[8186,9737],"product_tag":[9235],"yoast_head":"<!-- This site is optimized with the Yoast SEO plugin v24.3 - https:\/\/yoast.com\/wordpress\/plugins\/seo\/ -->\n<title>Forme MOJO Elite Fuligule plongeur - NOUVELLE s\u00e9rie Elite | Lucky Hunter<\/title>\n<meta name=\"description\" content=\"Forme MOJO Elite Fuligule plongeur - une nouvelle forme \u00e0 ailes tournantes de la gamme de formes MOJO Elite. Ajoutez du mouvement avec des formes \u00e0 ailes tournantes.\" \/>\n<meta name=\"robots\" content=\"noindex, follow, max-snippet:-1, max-image-preview:large, max-video-preview:-1\" \/>\n<meta property=\"og:locale\" content=\"fr_FR\" \/>\n<meta property=\"og:type\" content=\"article\" \/>\n<meta property=\"og:title\" content=\"MOJO Elite Diver Bluebill Decoy - NEW Elite Series | Lucky Hunter\" \/>\n<meta property=\"og:description\" content=\"Forme MOJO Elite Fuligule plongeur - une nouvelle forme \u00e0 ailes tournantes de la gamme de formes MOJO Elite. Ajoutez du mouvement avec des formes \u00e0 ailes tournantes.\" \/>\n<meta property=\"og:url\" content=\"https:\/\/staging.lucky-hunter.com\/product\/mojo-elite-diver-bluebill\/\" \/>\n<meta property=\"og:site_name\" content=\"Lucky-Hunter\" \/>\n<meta property=\"article:modified_time\" content=\"2024-09-12T09:10:57+00:00\" \/>\n<meta property=\"og:image\" content=\"https:\/\/staging.lucky-hunter.com\/wp-content\/uploads\/2019\/08\/spinner.png.webp\" \/>\n\t<meta property=\"og:image:width\" content=\"1000\" \/>\n\t<meta property=\"og:image:height\" content=\"1000\" \/>\n\t<meta property=\"og:image:type\" content=\"image\/webp\" \/>\n<meta name=\"twitter:card\" content=\"summary_large_image\" \/>\n<meta name=\"twitter:title\" content=\"Forme MOJO Elite Fuligule plongeur - NOUVELLE s\u00e9rie Elite | Lucky Hunter\" \/>\n<meta name=\"twitter:description\" content=\"Forme MOJO Elite Fuligule plongeur - une nouvelle forme \u00e0 ailes tournantes de la gamme de formes MOJO Elite. Ajoutez du mouvement avec des formes \u00e0 ailes tournantes.\" \/>\n<meta name=\"twitter:label1\" content=\"Dur\u00e9e de lecture estim\u00e9e\" \/>\n\t<meta name=\"twitter:data1\" content=\"1 minute\" \/>\n<script type=\"application\/ld+json\" class=\"yoast-schema-graph\">{\"@context\":\"https:\/\/schema.org\",\"@graph\":[{\"@type\":\"WebPage\",\"@id\":\"https:\/\/staging.lucky-hunter.com\/product\/mojo-elite-diver-bluebill\/\",\"url\":\"https:\/\/staging.lucky-hunter.com\/product\/mojo-elite-diver-bluebill\/\",\"name\":\"Forme MOJO Elite Fuligule plongeur - NOUVELLE s\u00e9rie Elite | Lucky Hunter\",\"isPartOf\":{\"@id\":\"https:\/\/staging.lucky-hunter.com\/#website\"},\"primaryImageOfPage\":{\"@id\":\"https:\/\/staging.lucky-hunter.com\/product\/mojo-elite-diver-bluebill\/#primaryimage\"},\"image\":{\"@id\":\"https:\/\/staging.lucky-hunter.com\/product\/mojo-elite-diver-bluebill\/#primaryimage\"},\"thumbnailUrl\":\"https:\/\/staging.lucky-hunter.com\/wp-content\/uploads\/2019\/08\/spinner.png.webp\",\"datePublished\":\"2019-08-02T13:43:39+00:00\",\"dateModified\":\"2024-09-12T09:10:57+00:00\",\"description\":\"Forme MOJO Elite Fuligule plongeur - une nouvelle forme \u00e0 ailes tournantes de la gamme de formes MOJO Elite. Ajoutez du mouvement avec des formes \u00e0 ailes tournantes.\",\"breadcrumb\":{\"@id\":\"https:\/\/staging.lucky-hunter.com\/product\/mojo-elite-diver-bluebill\/#breadcrumb\"},\"inLanguage\":\"fr-FR\",\"potentialAction\":[{\"@type\":\"ReadAction\",\"target\":[\"https:\/\/staging.lucky-hunter.com\/product\/mojo-elite-diver-bluebill\/\"]}]},{\"@type\":\"ImageObject\",\"inLanguage\":\"fr-FR\",\"@id\":\"https:\/\/staging.lucky-hunter.com\/product\/mojo-elite-diver-bluebill\/#primaryimage\",\"url\":\"https:\/\/staging.lucky-hunter.com\/wp-content\/uploads\/2019\/08\/spinner.png.webp\",\"contentUrl\":\"https:\/\/staging.lucky-hunter.com\/wp-content\/uploads\/2019\/08\/spinner.png.webp\",\"width\":1000,\"height\":1000},{\"@type\":\"BreadcrumbList\",\"@id\":\"https:\/\/staging.lucky-hunter.com\/product\/mojo-elite-diver-bluebill\/#breadcrumb\",\"itemListElement\":[{\"@type\":\"ListItem\",\"position\":1,\"name\":\"Home\",\"item\":\"https:\/\/staging.lucky-hunter.com\/fr\/\"},{\"@type\":\"ListItem\",\"position\":2,\"name\":\"Boutique\",\"item\":\"https:\/\/staging.lucky-hunter.com\/fr\/shop\/\"},{\"@type\":\"ListItem\",\"position\":3,\"name\":\"Forme de fuligule plongeur MOJO Elite\"}]},{\"@type\":\"WebSite\",\"@id\":\"https:\/\/staging.lucky-hunter.com\/#website\",\"url\":\"https:\/\/staging.lucky-hunter.com\/\",\"name\":\"Lucky-Hunter\",\"description\":\"Gear Up or Give Up\",\"potentialAction\":[{\"@type\":\"SearchAction\",\"target\":{\"@type\":\"EntryPoint\",\"urlTemplate\":\"https:\/\/staging.lucky-hunter.com\/?s={search_term_string}\"},\"query-input\":{\"@type\":\"PropertyValueSpecification\",\"valueRequired\":true,\"valueName\":\"search_term_string\"}}],\"inLanguage\":\"fr-FR\"}]}<\/script>\n<!-- \/ Yoast SEO plugin. -->","yoast_head_json":{"title":"Forme MOJO Elite Fuligule plongeur - NOUVELLE s\u00e9rie Elite | Lucky Hunter","description":"Forme MOJO Elite Fuligule plongeur - une nouvelle forme \u00e0 ailes tournantes de la gamme de formes MOJO Elite. Ajoutez du mouvement avec des formes \u00e0 ailes tournantes.","robots":{"index":"noindex","follow":"follow","max-snippet":"max-snippet:-1","max-image-preview":"max-image-preview:large","max-video-preview":"max-video-preview:-1"},"og_locale":"fr_FR","og_type":"article","og_title":"MOJO Elite Diver Bluebill Decoy - NEW Elite Series | Lucky Hunter","og_description":"Forme MOJO Elite Fuligule plongeur - une nouvelle forme \u00e0 ailes tournantes de la gamme de formes MOJO Elite. Ajoutez du mouvement avec des formes \u00e0 ailes tournantes.","og_url":"https:\/\/staging.lucky-hunter.com\/product\/mojo-elite-diver-bluebill\/","og_site_name":"Lucky-Hunter","article_modified_time":"2024-09-12T09:10:57+00:00","og_image":[{"width":1000,"height":1000,"url":"https:\/\/staging.lucky-hunter.com\/wp-content\/uploads\/2019\/08\/spinner.png.webp","type":"image\/webp"}],"twitter_card":"summary_large_image","twitter_title":"Forme MOJO Elite Fuligule plongeur - NOUVELLE s\u00e9rie Elite | Lucky Hunter","twitter_description":"Forme MOJO Elite Fuligule plongeur - une nouvelle forme \u00e0 ailes tournantes de la gamme de formes MOJO Elite. Ajoutez du mouvement avec des formes \u00e0 ailes tournantes.","twitter_misc":{"Dur\u00e9e de lecture estim\u00e9e":"1 minute"},"schema":{"@context":"https:\/\/schema.org","@graph":[{"@type":"WebPage","@id":"https:\/\/staging.lucky-hunter.com\/product\/mojo-elite-diver-bluebill\/","url":"https:\/\/staging.lucky-hunter.com\/product\/mojo-elite-diver-bluebill\/","name":"Forme MOJO Elite Fuligule plongeur - NOUVELLE s\u00e9rie Elite | Lucky Hunter","isPartOf":{"@id":"https:\/\/staging.lucky-hunter.com\/#website"},"primaryImageOfPage":{"@id":"https:\/\/staging.lucky-hunter.com\/product\/mojo-elite-diver-bluebill\/#primaryimage"},"image":{"@id":"https:\/\/staging.lucky-hunter.com\/product\/mojo-elite-diver-bluebill\/#primaryimage"},"thumbnailUrl":"https:\/\/staging.lucky-hunter.com\/wp-content\/uploads\/2019\/08\/spinner.png.webp","datePublished":"2019-08-02T13:43:39+00:00","dateModified":"2024-09-12T09:10:57+00:00","description":"Forme MOJO Elite Fuligule plongeur - une nouvelle forme \u00e0 ailes tournantes de la gamme de formes MOJO Elite. Ajoutez du mouvement avec des formes \u00e0 ailes tournantes.","breadcrumb":{"@id":"https:\/\/staging.lucky-hunter.com\/product\/mojo-elite-diver-bluebill\/#breadcrumb"},"inLanguage":"fr-FR","potentialAction":[{"@type":"ReadAction","target":["https:\/\/staging.lucky-hunter.com\/product\/mojo-elite-diver-bluebill\/"]}]},{"@type":"ImageObject","inLanguage":"fr-FR","@id":"https:\/\/staging.lucky-hunter.com\/product\/mojo-elite-diver-bluebill\/#primaryimage","url":"https:\/\/staging.lucky-hunter.com\/wp-content\/uploads\/2019\/08\/spinner.png.webp","contentUrl":"https:\/\/staging.lucky-hunter.com\/wp-content\/uploads\/2019\/08\/spinner.png.webp","width":1000,"height":1000},{"@type":"BreadcrumbList","@id":"https:\/\/staging.lucky-hunter.com\/product\/mojo-elite-diver-bluebill\/#breadcrumb","itemListElement":[{"@type":"ListItem","position":1,"name":"Home","item":"https:\/\/staging.lucky-hunter.com\/fr\/"},{"@type":"ListItem","position":2,"name":"Boutique","item":"https:\/\/staging.lucky-hunter.com\/fr\/shop\/"},{"@type":"ListItem","position":3,"name":"Forme de fuligule plongeur MOJO Elite"}]},{"@type":"WebSite","@id":"https:\/\/staging.lucky-hunter.com\/#website","url":"https:\/\/staging.lucky-hunter.com\/","name":"Lucky-Hunter","description":"Gear Up or Give Up","potentialAction":[{"@type":"SearchAction","target":{"@type":"EntryPoint","urlTemplate":"https:\/\/staging.lucky-hunter.com\/?s={search_term_string}"},"query-input":{"@type":"PropertyValueSpecification","valueRequired":true,"valueName":"search_term_string"}}],"inLanguage":"fr-FR"}]}},"_links":{"self":[{"href":"https:\/\/staging.lucky-hunter.com\/fr\/wp-json\/wp\/v2\/product\/31291"}],"collection":[{"href":"https:\/\/staging.lucky-hunter.com\/fr\/wp-json\/wp\/v2\/product"}],"about":[{"href":"https:\/\/staging.lucky-hunter.com\/fr\/wp-json\/wp\/v2\/types\/product"}],"wp:featuredmedia":[{"embeddable":true,"href":"https:\/\/staging.lucky-hunter.com\/fr\/wp-json\/wp\/v2\/media\/30412"}],"wp:attachment":[{"href":"https:\/\/staging.lucky-hunter.com\/fr\/wp-json\/wp\/v2\/media?parent=31291"}],"wp:term":[{"taxonomy":"product_brand","embeddable":true,"href":"https:\/\/staging.lucky-hunter.com\/fr\/wp-json\/wp\/v2\/product_brand?post=31291"},{"taxonomy":"product_cat","embeddable":true,"href":"https:\/\/staging.lucky-hunter.com\/fr\/wp-json\/wp\/v2\/product_cat?post=31291"},{"taxonomy":"product_tag","embeddable":true,"href":"https:\/\/staging.lucky-hunter.com\/fr\/wp-json\/wp\/v2\/product_tag?post=31291"}],"curies":[{"name":"wp","href":"https:\/\/api.w.org\/{rel}","templated":true}]}}