{"id":31287,"date":"2019-09-17T08:56:52","date_gmt":"2019-09-17T06:56:52","guid":{"rendered":"https:\/\/staging.lucky-hunter.com\/product\/ghg-butt-up-feeder-pintails-2\/"},"modified":"2022-11-16T09:54:02","modified_gmt":"2022-11-16T08:54:02","slug":"ghg-butt-up-feeder-pintails","status":"publish","type":"product","link":"https:\/\/staging.lucky-hunter.com\/fr\/product\/ghg-butt-up-feeder-pintails\/","title":{"rendered":"Canard pilet GHG Butt Up Feeder"},"content":{"rendered":"<p><iframe title=\"GHG &quot;Butt Up&quot; Feeder Pintails | Decoys for duck hunting\" width=\"1020\" height=\"574\" src=\"https:\/\/www.youtube.com\/embed\/tTNQn3LHIBY?wmode=transparent&amp;rel=0&amp;feature=oembed&#038;enablejsapi=1&#038;origin=https:\/\/staging.lucky-hunter.com\" frameborder=\"0\" allow=\"accelerometer; autoplay; clipboard-write; encrypted-media; gyroscope; picture-in-picture\" allowfullscreen><\/iframe><\/p>\n<h1><strong>Canard pilet GHG Butt Up Feeder\u00a0: nouveaut\u00e9s pour les chasseurs s\u00e9rieux<\/strong><\/h1>\n<p>Les nouveaux leurres de canard pilet Butt-Up Feeder d&#8217;American Greenhead Gear. Ils ajoutent un aspect plus r\u00e9aliste au d\u00e9ploiement des leurres. L\u00e9g\u00e8rement surdimensionn\u00e9s, ils offrent une meilleure visibilit\u00e9 sur l&#8217;eau.<\/p>\n<p>Dans chaque pack, vous recevrez 1 malard et 1 poule \u00e0 ajouter \u00e0 votre troupeau de leurres.<\/p>\n<p>Les gammes grandeur nature et surdimensionn\u00e9es permettent d\u2019approcher les canards de tr\u00e8s pr\u00e8s. Par cons\u00e9quent, il y a beaucoup plus de chances que le tir soit r\u00e9ussi\u00a0!<\/p>\n<p>Avec des couleurs et des d\u00e9tails parmi les plus naturels, Greenhead Gear est connu dans le monde entier pour ses leurres de qualit\u00e9 sup\u00e9rieure. Pour une utilisation intensive ann\u00e9e apr\u00e8s ann\u00e9e, ils sont con\u00e7us pour r\u00e9sister aux chocs. Par cons\u00e9quent, si vous achetez une meilleure qualit\u00e9, vous risquez moins de devoir les remplacer chaque ann\u00e9e.<\/p>\n<p>Fabriqu\u00e9 en plastique poly\u00e9thyl\u00e8ne lourd et durable, le canard pilet Butt Up Feeder de GHG est d&#8217;une qualit\u00e9 parfaite. Il dispose de la quille stable 60\/40 Dura qui assure l&#8217;\u00e9quilibre sur l&#8217;eau, m\u00eame par vent fort. Cela rend \u00e9galement les leurres r\u00e9alistes, car un vrai canard serait relativement stable par temps de temp\u00eate.<\/p>\n<p>Assurez-vous d&#8217;avoir un m\u00e9lange de leurres dans votre troupeau pour ajouter au r\u00e9alisme. Si vous avez un troupeau plus r\u00e9aliste, les vrais oiseaux sont plus susceptibles d&#8217;entrer dans la zone. Plus de r\u00e9alisme \u00e9quivaut \u00e0 plus de chances de r\u00e9ussir sa chasse. C\u2019est pourquoi vous voulez que votre troupeau garde une apparence fantastique ann\u00e9e apr\u00e8s ann\u00e9e.<\/p>\n","protected":false},"excerpt":{"rendered":"<p>Les nouveaux arri\u00e8res-trains de pilets du fabricant am\u00e9ricain Greenhead Gear ajoutent un aspect plus r\u00e9aliste \u00e0 vos leurres. En outre ils sont l\u00e9g\u00e8rement surdimensionn\u00e9s pour une meilleure visibilit\u00e9 sur l&#8217;eau.<\/p>\n","protected":false},"featured_media":30410,"template":"","meta":[],"product_brand":[8125],"product_cat":[8184],"product_tag":[9235],"yoast_head":"<!-- This site is optimized with the Yoast SEO plugin v24.3 - https:\/\/yoast.com\/wordpress\/plugins\/seo\/ -->\n<title>GHG Butt Up Feeder Pintails Ultra Realistic | Lucky Hunter<\/title>\n<meta name=\"description\" content=\"Add more realism to your decoy spread with the GHG Butt Up Feeder Pintails. These decoys add a realistic touch to your duck spread.\" \/>\n<meta name=\"robots\" content=\"noindex, follow, max-snippet:-1, max-image-preview:large, max-video-preview:-1\" \/>\n<meta property=\"og:locale\" content=\"fr_FR\" \/>\n<meta property=\"og:type\" content=\"article\" \/>\n<meta property=\"og:title\" content=\"GHG Butt Up Feeder Mallards Ultra Realistic | Lucky Hunter\" \/>\n<meta property=\"og:description\" content=\"Add more realism to your decoy spread with the GHG Butt Up Mallards. These decoys add a realistic touch to your duck spread.\" \/>\n<meta property=\"og:url\" content=\"https:\/\/staging.lucky-hunter.com\/product\/ghg-butt-up-feeder-pintails\/\" \/>\n<meta property=\"og:site_name\" content=\"Lucky-Hunter\" \/>\n<meta property=\"article:modified_time\" content=\"2022-11-16T08:54:02+00:00\" \/>\n<meta property=\"og:image\" content=\"https:\/\/staging.lucky-hunter.com\/wp-content\/uploads\/2019\/09\/pintail.png.webp\" \/>\n\t<meta property=\"og:image:width\" content=\"1000\" \/>\n\t<meta property=\"og:image:height\" content=\"1000\" \/>\n\t<meta property=\"og:image:type\" content=\"image\/webp\" \/>\n<meta name=\"twitter:card\" content=\"summary_large_image\" \/>\n<meta name=\"twitter:title\" content=\"GHG Butt Up Feeder Mallards Ultra Realistic | Lucky Hunter\" \/>\n<meta name=\"twitter:description\" content=\"Add more realism to your decoy spread with the GHG Butt Up Mallards. These decoys add a realistic touch to your duck spread.\" \/>\n<meta name=\"twitter:label1\" content=\"Dur\u00e9e de lecture estim\u00e9e\" \/>\n\t<meta name=\"twitter:data1\" content=\"2 minutes\" \/>\n<script type=\"application\/ld+json\" class=\"yoast-schema-graph\">{\"@context\":\"https:\/\/schema.org\",\"@graph\":[{\"@type\":\"WebPage\",\"@id\":\"https:\/\/staging.lucky-hunter.com\/product\/ghg-butt-up-feeder-pintails\/\",\"url\":\"https:\/\/staging.lucky-hunter.com\/product\/ghg-butt-up-feeder-pintails\/\",\"name\":\"GHG Butt Up Feeder Pintails Ultra Realistic | Lucky Hunter\",\"isPartOf\":{\"@id\":\"https:\/\/staging.lucky-hunter.com\/#website\"},\"primaryImageOfPage\":{\"@id\":\"https:\/\/staging.lucky-hunter.com\/product\/ghg-butt-up-feeder-pintails\/#primaryimage\"},\"image\":{\"@id\":\"https:\/\/staging.lucky-hunter.com\/product\/ghg-butt-up-feeder-pintails\/#primaryimage\"},\"thumbnailUrl\":\"https:\/\/staging.lucky-hunter.com\/wp-content\/uploads\/2019\/09\/pintail.png.webp\",\"datePublished\":\"2019-09-17T06:56:52+00:00\",\"dateModified\":\"2022-11-16T08:54:02+00:00\",\"description\":\"Add more realism to your decoy spread with the GHG Butt Up Feeder Pintails. These decoys add a realistic touch to your duck spread.\",\"breadcrumb\":{\"@id\":\"https:\/\/staging.lucky-hunter.com\/product\/ghg-butt-up-feeder-pintails\/#breadcrumb\"},\"inLanguage\":\"fr-FR\",\"potentialAction\":[{\"@type\":\"ReadAction\",\"target\":[\"https:\/\/staging.lucky-hunter.com\/product\/ghg-butt-up-feeder-pintails\/\"]}]},{\"@type\":\"ImageObject\",\"inLanguage\":\"fr-FR\",\"@id\":\"https:\/\/staging.lucky-hunter.com\/product\/ghg-butt-up-feeder-pintails\/#primaryimage\",\"url\":\"https:\/\/staging.lucky-hunter.com\/wp-content\/uploads\/2019\/09\/pintail.png.webp\",\"contentUrl\":\"https:\/\/staging.lucky-hunter.com\/wp-content\/uploads\/2019\/09\/pintail.png.webp\",\"width\":1000,\"height\":1000},{\"@type\":\"BreadcrumbList\",\"@id\":\"https:\/\/staging.lucky-hunter.com\/product\/ghg-butt-up-feeder-pintails\/#breadcrumb\",\"itemListElement\":[{\"@type\":\"ListItem\",\"position\":1,\"name\":\"Home\",\"item\":\"https:\/\/staging.lucky-hunter.com\/fr\/\"},{\"@type\":\"ListItem\",\"position\":2,\"name\":\"Boutique\",\"item\":\"https:\/\/staging.lucky-hunter.com\/fr\/shop\/\"},{\"@type\":\"ListItem\",\"position\":3,\"name\":\"Canard pilet GHG Butt Up Feeder\"}]},{\"@type\":\"WebSite\",\"@id\":\"https:\/\/staging.lucky-hunter.com\/#website\",\"url\":\"https:\/\/staging.lucky-hunter.com\/\",\"name\":\"Lucky-Hunter\",\"description\":\"Gear Up or Give Up\",\"potentialAction\":[{\"@type\":\"SearchAction\",\"target\":{\"@type\":\"EntryPoint\",\"urlTemplate\":\"https:\/\/staging.lucky-hunter.com\/?s={search_term_string}\"},\"query-input\":{\"@type\":\"PropertyValueSpecification\",\"valueRequired\":true,\"valueName\":\"search_term_string\"}}],\"inLanguage\":\"fr-FR\"}]}<\/script>\n<!-- \/ Yoast SEO plugin. -->","yoast_head_json":{"title":"GHG Butt Up Feeder Pintails Ultra Realistic | Lucky Hunter","description":"Add more realism to your decoy spread with the GHG Butt Up Feeder Pintails. These decoys add a realistic touch to your duck spread.","robots":{"index":"noindex","follow":"follow","max-snippet":"max-snippet:-1","max-image-preview":"max-image-preview:large","max-video-preview":"max-video-preview:-1"},"og_locale":"fr_FR","og_type":"article","og_title":"GHG Butt Up Feeder Mallards Ultra Realistic | Lucky Hunter","og_description":"Add more realism to your decoy spread with the GHG Butt Up Mallards. These decoys add a realistic touch to your duck spread.","og_url":"https:\/\/staging.lucky-hunter.com\/product\/ghg-butt-up-feeder-pintails\/","og_site_name":"Lucky-Hunter","article_modified_time":"2022-11-16T08:54:02+00:00","og_image":[{"width":1000,"height":1000,"url":"https:\/\/staging.lucky-hunter.com\/wp-content\/uploads\/2019\/09\/pintail.png.webp","type":"image\/webp"}],"twitter_card":"summary_large_image","twitter_title":"GHG Butt Up Feeder Mallards Ultra Realistic | Lucky Hunter","twitter_description":"Add more realism to your decoy spread with the GHG Butt Up Mallards. These decoys add a realistic touch to your duck spread.","twitter_misc":{"Dur\u00e9e de lecture estim\u00e9e":"2 minutes"},"schema":{"@context":"https:\/\/schema.org","@graph":[{"@type":"WebPage","@id":"https:\/\/staging.lucky-hunter.com\/product\/ghg-butt-up-feeder-pintails\/","url":"https:\/\/staging.lucky-hunter.com\/product\/ghg-butt-up-feeder-pintails\/","name":"GHG Butt Up Feeder Pintails Ultra Realistic | Lucky Hunter","isPartOf":{"@id":"https:\/\/staging.lucky-hunter.com\/#website"},"primaryImageOfPage":{"@id":"https:\/\/staging.lucky-hunter.com\/product\/ghg-butt-up-feeder-pintails\/#primaryimage"},"image":{"@id":"https:\/\/staging.lucky-hunter.com\/product\/ghg-butt-up-feeder-pintails\/#primaryimage"},"thumbnailUrl":"https:\/\/staging.lucky-hunter.com\/wp-content\/uploads\/2019\/09\/pintail.png.webp","datePublished":"2019-09-17T06:56:52+00:00","dateModified":"2022-11-16T08:54:02+00:00","description":"Add more realism to your decoy spread with the GHG Butt Up Feeder Pintails. These decoys add a realistic touch to your duck spread.","breadcrumb":{"@id":"https:\/\/staging.lucky-hunter.com\/product\/ghg-butt-up-feeder-pintails\/#breadcrumb"},"inLanguage":"fr-FR","potentialAction":[{"@type":"ReadAction","target":["https:\/\/staging.lucky-hunter.com\/product\/ghg-butt-up-feeder-pintails\/"]}]},{"@type":"ImageObject","inLanguage":"fr-FR","@id":"https:\/\/staging.lucky-hunter.com\/product\/ghg-butt-up-feeder-pintails\/#primaryimage","url":"https:\/\/staging.lucky-hunter.com\/wp-content\/uploads\/2019\/09\/pintail.png.webp","contentUrl":"https:\/\/staging.lucky-hunter.com\/wp-content\/uploads\/2019\/09\/pintail.png.webp","width":1000,"height":1000},{"@type":"BreadcrumbList","@id":"https:\/\/staging.lucky-hunter.com\/product\/ghg-butt-up-feeder-pintails\/#breadcrumb","itemListElement":[{"@type":"ListItem","position":1,"name":"Home","item":"https:\/\/staging.lucky-hunter.com\/fr\/"},{"@type":"ListItem","position":2,"name":"Boutique","item":"https:\/\/staging.lucky-hunter.com\/fr\/shop\/"},{"@type":"ListItem","position":3,"name":"Canard pilet GHG Butt Up Feeder"}]},{"@type":"WebSite","@id":"https:\/\/staging.lucky-hunter.com\/#website","url":"https:\/\/staging.lucky-hunter.com\/","name":"Lucky-Hunter","description":"Gear Up or Give Up","potentialAction":[{"@type":"SearchAction","target":{"@type":"EntryPoint","urlTemplate":"https:\/\/staging.lucky-hunter.com\/?s={search_term_string}"},"query-input":{"@type":"PropertyValueSpecification","valueRequired":true,"valueName":"search_term_string"}}],"inLanguage":"fr-FR"}]}},"_links":{"self":[{"href":"https:\/\/staging.lucky-hunter.com\/fr\/wp-json\/wp\/v2\/product\/31287"}],"collection":[{"href":"https:\/\/staging.lucky-hunter.com\/fr\/wp-json\/wp\/v2\/product"}],"about":[{"href":"https:\/\/staging.lucky-hunter.com\/fr\/wp-json\/wp\/v2\/types\/product"}],"wp:featuredmedia":[{"embeddable":true,"href":"https:\/\/staging.lucky-hunter.com\/fr\/wp-json\/wp\/v2\/media\/30410"}],"wp:attachment":[{"href":"https:\/\/staging.lucky-hunter.com\/fr\/wp-json\/wp\/v2\/media?parent=31287"}],"wp:term":[{"taxonomy":"product_brand","embeddable":true,"href":"https:\/\/staging.lucky-hunter.com\/fr\/wp-json\/wp\/v2\/product_brand?post=31287"},{"taxonomy":"product_cat","embeddable":true,"href":"https:\/\/staging.lucky-hunter.com\/fr\/wp-json\/wp\/v2\/product_cat?post=31287"},{"taxonomy":"product_tag","embeddable":true,"href":"https:\/\/staging.lucky-hunter.com\/fr\/wp-json\/wp\/v2\/product_tag?post=31287"}],"curies":[{"name":"wp","href":"https:\/\/api.w.org\/{rel}","templated":true}]}}