{"id":31228,"date":"2020-06-24T09:14:09","date_gmt":"2020-06-24T07:14:09","guid":{"rendered":"https:\/\/staging.lucky-hunter.com\/product\/avian-x-lesser-canada-decoys-feeder-2\/"},"modified":"2024-07-24T15:23:07","modified_gmt":"2024-07-24T13:23:07","slug":"avian-x-lesser-canada-decoys-feeder","status":"publish","type":"product","link":"https:\/\/staging.lucky-hunter.com\/fr\/product\/avian-x-lesser-canada-decoys-feeder\/","title":{"rendered":"Formes Avian-X Lesser Bernache &#8211; Mangeuse"},"content":{"rendered":"<h2><strong>Formes Avian-X Lesser Canada &#8211; les formes les plus durables du march\u00e9, point final\u00a0!<\/strong><\/h2>\n<p>Les formes \u00e0 corps entier Avian-X AXP rivalisent avec toutes les formes de production existantes.<\/p>\n<p>Des motifs peints ultra-r\u00e9alistes et une adh\u00e9rence sup\u00e9rieure de la peinture se combinent aux t\u00eates floqu\u00e9es fix\u00e9es en usine pour un aspect vraiment r\u00e9aliste.<\/p>\n<p>Les bases de mouvement surdimensionn\u00e9es et r\u00e9tractables facilitent les installations et augmentent la durabilit\u00e9.<\/p>\n<p>Ces oiseaux sont parfaits pour la chasse au lancer et \u00e0 l&#8217;emporter afin d&#8217;\u00e9liminer l&#8217;ensachage et le d\u00e9ballage des blocs individuels. La norme a \u00e9t\u00e9 \u00e9tablie pour les formes du Canada &#8211; et c&#8217;est celle-ci.<\/p>\n<p>Avian-X se concentre sur un d\u00e9veloppement constant pour cr\u00e9er les meilleures formes du march\u00e9 pour que vous puissiez r\u00e9ussir votre chasse \u00e0 l&#8217;oie.<\/p>\n<p>Attirez de grands groupes d\u2019esp\u00e8ces plus petites avec ces formes de haute qualit\u00e9. Avian-X ne se prive pas lorsqu&#8217;il s&#8217;agit de cr\u00e9er des formes r\u00e9alistes.<\/p>\n<h3>Incroyable qualit\u00e9 r\u00e9aliste<\/h3>\n<p>De nombreuses heures sont pass\u00e9es \u00e0 sculpter et \u00e0 peindre les mod\u00e8les \u00e0 la perfection. Ils n&#8217;utilisent pas le m\u00eame mod\u00e8le copi\u00e9-coll\u00e9 pour toutes les esp\u00e8ces d&#8217;oiseaux, contrairement \u00e0 de nombreuses marques moins ch\u00e8res. De ce fait, leur peinture est plus r\u00e9aliste et personnalis\u00e9e \u00e0 chaque esp\u00e8ce.<\/p>\n<p>Cette sculpture et cette peinture garantissent que le produit fini est tr\u00e8s proche de l&#8217;apparence du vrai oiseau &#8211; et il attirera donc plus facilement les vrais oiseaux. Les formes Avian-X pr\u00e9sentent \u00e9galement une anatomie, des positions principales et corporelles plus vraies que nature. Tout cela ajoute au pouvoir d&#8217;attraction des formes.<\/p>\n<p>Avian-X utilise un plastique plus souple et plus flexible que les autres marques de formes. Ces formes peuvent supporter des temp\u00e9ratures glaciales sans risque de fissures. Enlevez la glace et la neige rapidement et facilement d&#8217;un l\u00e9ger coup ou d&#8217;une petite pression.<\/p>\n<p>Peints avec une peinture mate r\u00e9volutionnaire ultra adh\u00e9rente. Comme vous pouvez le constater sur leurs autres formes, cette peinture est hyperr\u00e9aliste et fid\u00e8le \u00e0 la r\u00e9alit\u00e9. Une autre grande caract\u00e9ristique est que cette peinture ne brille pas sous la lumi\u00e8re UV. C\u2019est le cas pour de nombreuses formes de marque bon march\u00e9, et c&#8217;est un probl\u00e8me. Les oiseaux vivants ne seront pas attir\u00e9s par une forme qui brille de mani\u00e8re flagrante dans la lumi\u00e8re UV. De nombreux chasseurs d&#8217;oies se tournent vers des formes non floqu\u00e9es car s\u2019ils manipulent des formes floqu\u00e9es sans gants de velours, le flocage glissera rapidement.<\/p>\n<h3>Variantes\u00a0:<\/h3>\n<ul>\n<li>Mangeuse Short-Neck x 2<\/li>\n<li>Mangeuse marchant x 2<\/li>\n<li>Mangeuse Stretch-Neck x 2<\/li>\n<\/ul>\n<p>Comprend un \u00e9tui de transport \u00e0 6 compartiments pour un transport et un stockage faciles.<\/p>\n<p>Si vous pr\u00e9f\u00e9rez, vous pouvez opter pour les bernaches du Canada d\u2019Avian-X avec flocage &#8211; num\u00e9ros de produit LF-320 et LF-321 respectivement.<\/p>\n<p>Nom du produit\u00a0: Mangeuse peinte Avian-X Lesser AXP.<\/p>\n<p>\u00a0Les formes \u00e0 corps entier Avian-X AXP rivalisent avec toutes les formes de production existantes. Des motifs peints ultra-r\u00e9alistes et une adh\u00e9rence sup\u00e9rieure de la peinture se combinent aux t\u00eates floqu\u00e9es fix\u00e9es en usine pour un aspect vraiment r\u00e9aliste.<\/p>\n","protected":false},"excerpt":{"rendered":"<p>Les formes \u00e0 corps entier Avian-X AXP rivalisent avec toutes les formes de production existantes. Des motifs peints ultra-r\u00e9alistes et une adh\u00e9rence sup\u00e9rieure de la peinture se combinent aux t\u00eates floqu\u00e9es fix\u00e9es en usine pour un aspect vraiment r\u00e9aliste.<\/p>\n","protected":false},"featured_media":30429,"template":"","meta":[],"product_brand":[8132],"product_cat":[8178],"product_tag":[9446],"yoast_head":"<!-- This site is optimized with the Yoast SEO plugin v24.3 - https:\/\/yoast.com\/wordpress\/plugins\/seo\/ -->\n<title>Avian-X Lesser Canada Formes de haute qualit\u00e9 | Chasseur chanceux<\/title>\n<meta name=\"description\" content=\"Formes complets peints de haute qualit\u00e9. Les formes Avian-X Lesser Canada sont parfaits pour les chasseurs d&#039;oies. Belle, qualit\u00e9 sup\u00e9rieure.\" \/>\n<meta name=\"robots\" content=\"noindex, follow, max-snippet:-1, max-image-preview:large, max-video-preview:-1\" \/>\n<meta property=\"og:locale\" content=\"fr_FR\" \/>\n<meta property=\"og:type\" content=\"article\" \/>\n<meta property=\"og:title\" content=\"Avian-X Lesser Canada Leurres de haute qualit\u00e9 | Chasseur chanceux\" \/>\n<meta property=\"og:description\" content=\"Formes complets peints de haute qualit\u00e9. Les formes Avian-X Lesser Canada sont parfaits pour les chasseurs d&#039;oies. Belle, qualit\u00e9 sup\u00e9rieure.\" \/>\n<meta property=\"og:url\" content=\"https:\/\/staging.lucky-hunter.com\/fr\/product\/avian-x-lesser-canada-decoys-feeder\/\" \/>\n<meta property=\"og:site_name\" content=\"Lucky-Hunter\" \/>\n<meta property=\"article:modified_time\" content=\"2024-07-24T13:23:07+00:00\" \/>\n<meta property=\"og:image\" content=\"https:\/\/staging.lucky-hunter.com\/wp-content\/uploads\/2020\/06\/LF-327.png.webp\" \/>\n\t<meta property=\"og:image:width\" content=\"1000\" \/>\n\t<meta property=\"og:image:height\" content=\"1000\" \/>\n\t<meta property=\"og:image:type\" content=\"image\/webp\" \/>\n<meta name=\"twitter:card\" content=\"summary_large_image\" \/>\n<meta name=\"twitter:title\" content=\"Avian-X Lesser Canada formes de haute qualit\u00e9 | Chasseur chanceux\" \/>\n<meta name=\"twitter:label1\" content=\"Dur\u00e9e de lecture estim\u00e9e\" \/>\n\t<meta name=\"twitter:data1\" content=\"2 minutes\" \/>\n<script type=\"application\/ld+json\" class=\"yoast-schema-graph\">{\"@context\":\"https:\/\/schema.org\",\"@graph\":[{\"@type\":\"WebPage\",\"@id\":\"https:\/\/staging.lucky-hunter.com\/fr\/product\/avian-x-lesser-canada-decoys-feeder\/\",\"url\":\"https:\/\/staging.lucky-hunter.com\/fr\/product\/avian-x-lesser-canada-decoys-feeder\/\",\"name\":\"Avian-X Lesser Canada Formes de haute qualit\u00e9 | Chasseur chanceux\",\"isPartOf\":{\"@id\":\"https:\/\/staging.lucky-hunter.com\/#website\"},\"primaryImageOfPage\":{\"@id\":\"https:\/\/staging.lucky-hunter.com\/fr\/product\/avian-x-lesser-canada-decoys-feeder\/#primaryimage\"},\"image\":{\"@id\":\"https:\/\/staging.lucky-hunter.com\/fr\/product\/avian-x-lesser-canada-decoys-feeder\/#primaryimage\"},\"thumbnailUrl\":\"https:\/\/staging.lucky-hunter.com\/wp-content\/uploads\/2020\/06\/LF-327.png.webp\",\"datePublished\":\"2020-06-24T07:14:09+00:00\",\"dateModified\":\"2024-07-24T13:23:07+00:00\",\"description\":\"Formes complets peints de haute qualit\u00e9. Les formes Avian-X Lesser Canada sont parfaits pour les chasseurs d'oies. Belle, qualit\u00e9 sup\u00e9rieure.\",\"breadcrumb\":{\"@id\":\"https:\/\/staging.lucky-hunter.com\/fr\/product\/avian-x-lesser-canada-decoys-feeder\/#breadcrumb\"},\"inLanguage\":\"fr-FR\",\"potentialAction\":[{\"@type\":\"ReadAction\",\"target\":[\"https:\/\/staging.lucky-hunter.com\/fr\/product\/avian-x-lesser-canada-decoys-feeder\/\"]}]},{\"@type\":\"ImageObject\",\"inLanguage\":\"fr-FR\",\"@id\":\"https:\/\/staging.lucky-hunter.com\/fr\/product\/avian-x-lesser-canada-decoys-feeder\/#primaryimage\",\"url\":\"https:\/\/staging.lucky-hunter.com\/wp-content\/uploads\/2020\/06\/LF-327.png.webp\",\"contentUrl\":\"https:\/\/staging.lucky-hunter.com\/wp-content\/uploads\/2020\/06\/LF-327.png.webp\",\"width\":1000,\"height\":1000},{\"@type\":\"BreadcrumbList\",\"@id\":\"https:\/\/staging.lucky-hunter.com\/fr\/product\/avian-x-lesser-canada-decoys-feeder\/#breadcrumb\",\"itemListElement\":[{\"@type\":\"ListItem\",\"position\":1,\"name\":\"Home\",\"item\":\"https:\/\/staging.lucky-hunter.com\/fr\/\"},{\"@type\":\"ListItem\",\"position\":2,\"name\":\"Boutique\",\"item\":\"https:\/\/staging.lucky-hunter.com\/fr\/shop\/\"},{\"@type\":\"ListItem\",\"position\":3,\"name\":\"Formes Avian-X Lesser Bernache &#8211; Mangeuse\"}]},{\"@type\":\"WebSite\",\"@id\":\"https:\/\/staging.lucky-hunter.com\/#website\",\"url\":\"https:\/\/staging.lucky-hunter.com\/\",\"name\":\"Lucky-Hunter\",\"description\":\"Gear Up or Give Up\",\"potentialAction\":[{\"@type\":\"SearchAction\",\"target\":{\"@type\":\"EntryPoint\",\"urlTemplate\":\"https:\/\/staging.lucky-hunter.com\/?s={search_term_string}\"},\"query-input\":{\"@type\":\"PropertyValueSpecification\",\"valueRequired\":true,\"valueName\":\"search_term_string\"}}],\"inLanguage\":\"fr-FR\"}]}<\/script>\n<!-- \/ Yoast SEO plugin. -->","yoast_head_json":{"title":"Avian-X Lesser Canada Formes de haute qualit\u00e9 | Chasseur chanceux","description":"Formes complets peints de haute qualit\u00e9. Les formes Avian-X Lesser Canada sont parfaits pour les chasseurs d'oies. Belle, qualit\u00e9 sup\u00e9rieure.","robots":{"index":"noindex","follow":"follow","max-snippet":"max-snippet:-1","max-image-preview":"max-image-preview:large","max-video-preview":"max-video-preview:-1"},"og_locale":"fr_FR","og_type":"article","og_title":"Avian-X Lesser Canada Leurres de haute qualit\u00e9 | Chasseur chanceux","og_description":"Formes complets peints de haute qualit\u00e9. Les formes Avian-X Lesser Canada sont parfaits pour les chasseurs d'oies. Belle, qualit\u00e9 sup\u00e9rieure.","og_url":"https:\/\/staging.lucky-hunter.com\/fr\/product\/avian-x-lesser-canada-decoys-feeder\/","og_site_name":"Lucky-Hunter","article_modified_time":"2024-07-24T13:23:07+00:00","og_image":[{"width":1000,"height":1000,"url":"https:\/\/staging.lucky-hunter.com\/wp-content\/uploads\/2020\/06\/LF-327.png.webp","type":"image\/webp"}],"twitter_card":"summary_large_image","twitter_title":"Avian-X Lesser Canada formes de haute qualit\u00e9 | Chasseur chanceux","twitter_misc":{"Dur\u00e9e de lecture estim\u00e9e":"2 minutes"},"schema":{"@context":"https:\/\/schema.org","@graph":[{"@type":"WebPage","@id":"https:\/\/staging.lucky-hunter.com\/fr\/product\/avian-x-lesser-canada-decoys-feeder\/","url":"https:\/\/staging.lucky-hunter.com\/fr\/product\/avian-x-lesser-canada-decoys-feeder\/","name":"Avian-X Lesser Canada Formes de haute qualit\u00e9 | Chasseur chanceux","isPartOf":{"@id":"https:\/\/staging.lucky-hunter.com\/#website"},"primaryImageOfPage":{"@id":"https:\/\/staging.lucky-hunter.com\/fr\/product\/avian-x-lesser-canada-decoys-feeder\/#primaryimage"},"image":{"@id":"https:\/\/staging.lucky-hunter.com\/fr\/product\/avian-x-lesser-canada-decoys-feeder\/#primaryimage"},"thumbnailUrl":"https:\/\/staging.lucky-hunter.com\/wp-content\/uploads\/2020\/06\/LF-327.png.webp","datePublished":"2020-06-24T07:14:09+00:00","dateModified":"2024-07-24T13:23:07+00:00","description":"Formes complets peints de haute qualit\u00e9. Les formes Avian-X Lesser Canada sont parfaits pour les chasseurs d'oies. Belle, qualit\u00e9 sup\u00e9rieure.","breadcrumb":{"@id":"https:\/\/staging.lucky-hunter.com\/fr\/product\/avian-x-lesser-canada-decoys-feeder\/#breadcrumb"},"inLanguage":"fr-FR","potentialAction":[{"@type":"ReadAction","target":["https:\/\/staging.lucky-hunter.com\/fr\/product\/avian-x-lesser-canada-decoys-feeder\/"]}]},{"@type":"ImageObject","inLanguage":"fr-FR","@id":"https:\/\/staging.lucky-hunter.com\/fr\/product\/avian-x-lesser-canada-decoys-feeder\/#primaryimage","url":"https:\/\/staging.lucky-hunter.com\/wp-content\/uploads\/2020\/06\/LF-327.png.webp","contentUrl":"https:\/\/staging.lucky-hunter.com\/wp-content\/uploads\/2020\/06\/LF-327.png.webp","width":1000,"height":1000},{"@type":"BreadcrumbList","@id":"https:\/\/staging.lucky-hunter.com\/fr\/product\/avian-x-lesser-canada-decoys-feeder\/#breadcrumb","itemListElement":[{"@type":"ListItem","position":1,"name":"Home","item":"https:\/\/staging.lucky-hunter.com\/fr\/"},{"@type":"ListItem","position":2,"name":"Boutique","item":"https:\/\/staging.lucky-hunter.com\/fr\/shop\/"},{"@type":"ListItem","position":3,"name":"Formes Avian-X Lesser Bernache &#8211; Mangeuse"}]},{"@type":"WebSite","@id":"https:\/\/staging.lucky-hunter.com\/#website","url":"https:\/\/staging.lucky-hunter.com\/","name":"Lucky-Hunter","description":"Gear Up or Give Up","potentialAction":[{"@type":"SearchAction","target":{"@type":"EntryPoint","urlTemplate":"https:\/\/staging.lucky-hunter.com\/?s={search_term_string}"},"query-input":{"@type":"PropertyValueSpecification","valueRequired":true,"valueName":"search_term_string"}}],"inLanguage":"fr-FR"}]}},"_links":{"self":[{"href":"https:\/\/staging.lucky-hunter.com\/fr\/wp-json\/wp\/v2\/product\/31228"}],"collection":[{"href":"https:\/\/staging.lucky-hunter.com\/fr\/wp-json\/wp\/v2\/product"}],"about":[{"href":"https:\/\/staging.lucky-hunter.com\/fr\/wp-json\/wp\/v2\/types\/product"}],"wp:featuredmedia":[{"embeddable":true,"href":"https:\/\/staging.lucky-hunter.com\/fr\/wp-json\/wp\/v2\/media\/30429"}],"wp:attachment":[{"href":"https:\/\/staging.lucky-hunter.com\/fr\/wp-json\/wp\/v2\/media?parent=31228"}],"wp:term":[{"taxonomy":"product_brand","embeddable":true,"href":"https:\/\/staging.lucky-hunter.com\/fr\/wp-json\/wp\/v2\/product_brand?post=31228"},{"taxonomy":"product_cat","embeddable":true,"href":"https:\/\/staging.lucky-hunter.com\/fr\/wp-json\/wp\/v2\/product_cat?post=31228"},{"taxonomy":"product_tag","embeddable":true,"href":"https:\/\/staging.lucky-hunter.com\/fr\/wp-json\/wp\/v2\/product_tag?post=31228"}],"curies":[{"name":"wp","href":"https:\/\/api.w.org\/{rel}","templated":true}]}}