{"id":31227,"date":"2019-06-24T12:06:04","date_gmt":"2019-06-24T10:06:04","guid":{"rendered":"https:\/\/staging.lucky-hunter.com\/product\/avian-x-gadwalls-2\/"},"modified":"2024-11-14T11:18:30","modified_gmt":"2024-11-14T10:18:30","slug":"avian-x-gadwalls","status":"publish","type":"product","link":"https:\/\/staging.lucky-hunter.com\/fr\/product\/avian-x-gadwalls\/","title":{"rendered":"Canard Chipeau Avian-X Topflight"},"content":{"rendered":"<h2><strong> Canard chipeau Avian-X &#8211; les leurres \u00e9tonnants d&#8217;Avian-X feront en sorte que les canards chipeau encerclent votre d\u00e9ploiement<\/strong><\/h2>\n<p>Les leurres de canards chipeau Avian-X sont cr\u00e9\u00e9s avec l&#8217;attitude des canards gris de fin de saison \u00e0 plumage complet. Ces chefs-d&#8217;\u0153uvre capturent parfaitement la forme courte et robuste du corps d&#8217;un canard chipeau adulte, avec un \u00e9clat gris argent\u00e9 parfait.<\/p>\n<p>Les leurres sont dot\u00e9s d\u2019une quille de nage \u00e0 l\u2019avant sp\u00e9cialement con\u00e7ue avec deux clips de nage int\u00e9gr\u00e9s que vous pouvez manipuler avec la ligne de fixation de 4 mani\u00e8res diff\u00e9rentes. Vos leurres se d\u00e9placeront donc de mani\u00e8re extr\u00eamement vari\u00e9e, m\u00eame par vent faible.<\/p>\n<p>Les colverts sont surdimensionn\u00e9s pour une meilleure visibilit\u00e9. La mesure de la poitrine \u00e0 la queue est d&#8217;environ 36,83 cm.<\/p>\n<p><strong>Contenu de la bo\u00eete\u00a0:<\/strong><\/p>\n<ul>\n<li>Malard \u00e0 t\u00eate basse x2<\/li>\n<li>Malard \u00e0 t\u00eate haute x2<\/li>\n<li>Poule \u00e0 t\u00eate basse x2<\/li>\n<\/ul>\n<p>Les leurres Avian-X sont fabriqu\u00e9s dans un mat\u00e9riau plastique souple qui ne se fissure pas, m\u00eame par temps froid. De plus, les leurres sont peints avec une peinture mate et ultra adh\u00e9rente qui ne se d\u00e9colle pas.<\/p>\n","protected":false},"excerpt":{"rendered":"<p>La marque am\u00e9ricaine Avian-X \u00e9tablit de nouvelles normes pour la production et le design des formes. D\u00e9sormais, votre chasse aux canards peut \u00eatre une exp\u00e9rience encore plus incroyable.<\/p>\n","protected":false},"featured_media":30033,"template":"","meta":[],"product_brand":[8132],"product_cat":[8183],"product_tag":[9235],"yoast_head":"<!-- This site is optimized with the Yoast SEO plugin v24.3 - https:\/\/yoast.com\/wordpress\/plugins\/seo\/ -->\n<title>Formes de Canards Chipeaux Avian-X - De loin les formes les plus naturelles du march\u00e9 | Lucky Hunter<\/title>\n<meta name=\"description\" content=\"Les formes de canards chipeaux Avian-X sont bien au-dessus du reste. Des d\u00e9tails r\u00e9alistes et une qualit\u00e9 sur laquelle vous pouvez compter saison apr\u00e8s saison. Essayez Avian-X lors de votre prochaine chasse !\" \/>\n<meta name=\"robots\" content=\"noindex, follow, max-snippet:-1, max-image-preview:large, max-video-preview:-1\" \/>\n<meta property=\"og:locale\" content=\"fr_FR\" \/>\n<meta property=\"og:type\" content=\"article\" \/>\n<meta property=\"og:title\" content=\"Avian-X Gadwall Decoys - By far the most natural decoys on the market | Lucky Hunter\" \/>\n<meta property=\"og:description\" content=\"Les formes de canards chipeaux Avian-X sont bien au-dessus du reste. Des d\u00e9tails r\u00e9alistes et une qualit\u00e9 sur laquelle vous pouvez compter saison apr\u00e8s saison. Essayez Avian-X lors de votre prochaine chasse !\" \/>\n<meta property=\"og:url\" content=\"https:\/\/staging.lucky-hunter.com\/product\/avian-x-gadwalls\/\" \/>\n<meta property=\"og:site_name\" content=\"Lucky-Hunter\" \/>\n<meta property=\"article:modified_time\" content=\"2024-11-14T10:18:30+00:00\" \/>\n<meta property=\"og:image\" content=\"https:\/\/staging.lucky-hunter.com\/wp-content\/uploads\/2019\/06\/LF-347.png\" \/>\n\t<meta property=\"og:image:width\" content=\"1000\" \/>\n\t<meta property=\"og:image:height\" content=\"1000\" \/>\n\t<meta property=\"og:image:type\" content=\"image\/png\" \/>\n<meta name=\"twitter:card\" content=\"summary_large_image\" \/>\n<meta name=\"twitter:title\" content=\"Formes de Canards Chipeaux Avian-X - De loin les formes les plus naturelles du march\u00e9 | Lucky Hunter\" \/>\n<meta name=\"twitter:description\" content=\"Les formes de canards chipeaux Avian-X sont bien au-dessus du reste. Des d\u00e9tails r\u00e9alistes et une qualit\u00e9 sur laquelle vous pouvez compter saison apr\u00e8s saison. Essayez Avian-X lors de votre prochaine chasse !\" \/>\n<meta name=\"twitter:label1\" content=\"Dur\u00e9e de lecture estim\u00e9e\" \/>\n\t<meta name=\"twitter:data1\" content=\"1 minute\" \/>\n<script type=\"application\/ld+json\" class=\"yoast-schema-graph\">{\"@context\":\"https:\/\/schema.org\",\"@graph\":[{\"@type\":\"WebPage\",\"@id\":\"https:\/\/staging.lucky-hunter.com\/product\/avian-x-gadwalls\/\",\"url\":\"https:\/\/staging.lucky-hunter.com\/product\/avian-x-gadwalls\/\",\"name\":\"Formes de Canards Chipeaux Avian-X - De loin les formes les plus naturelles du march\u00e9 | Lucky Hunter\",\"isPartOf\":{\"@id\":\"https:\/\/staging.lucky-hunter.com\/#website\"},\"primaryImageOfPage\":{\"@id\":\"https:\/\/staging.lucky-hunter.com\/product\/avian-x-gadwalls\/#primaryimage\"},\"image\":{\"@id\":\"https:\/\/staging.lucky-hunter.com\/product\/avian-x-gadwalls\/#primaryimage\"},\"thumbnailUrl\":\"https:\/\/staging.lucky-hunter.com\/wp-content\/uploads\/2019\/06\/LF-347.png\",\"datePublished\":\"2019-06-24T10:06:04+00:00\",\"dateModified\":\"2024-11-14T10:18:30+00:00\",\"description\":\"Les formes de canards chipeaux Avian-X sont bien au-dessus du reste. Des d\u00e9tails r\u00e9alistes et une qualit\u00e9 sur laquelle vous pouvez compter saison apr\u00e8s saison. Essayez Avian-X lors de votre prochaine chasse !\",\"breadcrumb\":{\"@id\":\"https:\/\/staging.lucky-hunter.com\/product\/avian-x-gadwalls\/#breadcrumb\"},\"inLanguage\":\"fr-FR\",\"potentialAction\":[{\"@type\":\"ReadAction\",\"target\":[\"https:\/\/staging.lucky-hunter.com\/product\/avian-x-gadwalls\/\"]}]},{\"@type\":\"ImageObject\",\"inLanguage\":\"fr-FR\",\"@id\":\"https:\/\/staging.lucky-hunter.com\/product\/avian-x-gadwalls\/#primaryimage\",\"url\":\"https:\/\/staging.lucky-hunter.com\/wp-content\/uploads\/2019\/06\/LF-347.png\",\"contentUrl\":\"https:\/\/staging.lucky-hunter.com\/wp-content\/uploads\/2019\/06\/LF-347.png\",\"width\":1000,\"height\":1000},{\"@type\":\"BreadcrumbList\",\"@id\":\"https:\/\/staging.lucky-hunter.com\/product\/avian-x-gadwalls\/#breadcrumb\",\"itemListElement\":[{\"@type\":\"ListItem\",\"position\":1,\"name\":\"Home\",\"item\":\"https:\/\/staging.lucky-hunter.com\/fr\/\"},{\"@type\":\"ListItem\",\"position\":2,\"name\":\"Boutique\",\"item\":\"https:\/\/staging.lucky-hunter.com\/fr\/shop\/\"},{\"@type\":\"ListItem\",\"position\":3,\"name\":\"Canard Chipeau Avian-X Topflight\"}]},{\"@type\":\"WebSite\",\"@id\":\"https:\/\/staging.lucky-hunter.com\/#website\",\"url\":\"https:\/\/staging.lucky-hunter.com\/\",\"name\":\"Lucky-Hunter\",\"description\":\"Gear Up or Give Up\",\"potentialAction\":[{\"@type\":\"SearchAction\",\"target\":{\"@type\":\"EntryPoint\",\"urlTemplate\":\"https:\/\/staging.lucky-hunter.com\/?s={search_term_string}\"},\"query-input\":{\"@type\":\"PropertyValueSpecification\",\"valueRequired\":true,\"valueName\":\"search_term_string\"}}],\"inLanguage\":\"fr-FR\"}]}<\/script>\n<!-- \/ Yoast SEO plugin. -->","yoast_head_json":{"title":"Formes de Canards Chipeaux Avian-X - De loin les formes les plus naturelles du march\u00e9 | Lucky Hunter","description":"Les formes de canards chipeaux Avian-X sont bien au-dessus du reste. Des d\u00e9tails r\u00e9alistes et une qualit\u00e9 sur laquelle vous pouvez compter saison apr\u00e8s saison. Essayez Avian-X lors de votre prochaine chasse !","robots":{"index":"noindex","follow":"follow","max-snippet":"max-snippet:-1","max-image-preview":"max-image-preview:large","max-video-preview":"max-video-preview:-1"},"og_locale":"fr_FR","og_type":"article","og_title":"Avian-X Gadwall Decoys - By far the most natural decoys on the market | Lucky Hunter","og_description":"Les formes de canards chipeaux Avian-X sont bien au-dessus du reste. Des d\u00e9tails r\u00e9alistes et une qualit\u00e9 sur laquelle vous pouvez compter saison apr\u00e8s saison. Essayez Avian-X lors de votre prochaine chasse !","og_url":"https:\/\/staging.lucky-hunter.com\/product\/avian-x-gadwalls\/","og_site_name":"Lucky-Hunter","article_modified_time":"2024-11-14T10:18:30+00:00","og_image":[{"width":1000,"height":1000,"url":"https:\/\/staging.lucky-hunter.com\/wp-content\/uploads\/2019\/06\/LF-347.png","type":"image\/png"}],"twitter_card":"summary_large_image","twitter_title":"Formes de Canards Chipeaux Avian-X - De loin les formes les plus naturelles du march\u00e9 | Lucky Hunter","twitter_description":"Les formes de canards chipeaux Avian-X sont bien au-dessus du reste. Des d\u00e9tails r\u00e9alistes et une qualit\u00e9 sur laquelle vous pouvez compter saison apr\u00e8s saison. Essayez Avian-X lors de votre prochaine chasse !","twitter_misc":{"Dur\u00e9e de lecture estim\u00e9e":"1 minute"},"schema":{"@context":"https:\/\/schema.org","@graph":[{"@type":"WebPage","@id":"https:\/\/staging.lucky-hunter.com\/product\/avian-x-gadwalls\/","url":"https:\/\/staging.lucky-hunter.com\/product\/avian-x-gadwalls\/","name":"Formes de Canards Chipeaux Avian-X - De loin les formes les plus naturelles du march\u00e9 | Lucky Hunter","isPartOf":{"@id":"https:\/\/staging.lucky-hunter.com\/#website"},"primaryImageOfPage":{"@id":"https:\/\/staging.lucky-hunter.com\/product\/avian-x-gadwalls\/#primaryimage"},"image":{"@id":"https:\/\/staging.lucky-hunter.com\/product\/avian-x-gadwalls\/#primaryimage"},"thumbnailUrl":"https:\/\/staging.lucky-hunter.com\/wp-content\/uploads\/2019\/06\/LF-347.png","datePublished":"2019-06-24T10:06:04+00:00","dateModified":"2024-11-14T10:18:30+00:00","description":"Les formes de canards chipeaux Avian-X sont bien au-dessus du reste. Des d\u00e9tails r\u00e9alistes et une qualit\u00e9 sur laquelle vous pouvez compter saison apr\u00e8s saison. Essayez Avian-X lors de votre prochaine chasse !","breadcrumb":{"@id":"https:\/\/staging.lucky-hunter.com\/product\/avian-x-gadwalls\/#breadcrumb"},"inLanguage":"fr-FR","potentialAction":[{"@type":"ReadAction","target":["https:\/\/staging.lucky-hunter.com\/product\/avian-x-gadwalls\/"]}]},{"@type":"ImageObject","inLanguage":"fr-FR","@id":"https:\/\/staging.lucky-hunter.com\/product\/avian-x-gadwalls\/#primaryimage","url":"https:\/\/staging.lucky-hunter.com\/wp-content\/uploads\/2019\/06\/LF-347.png","contentUrl":"https:\/\/staging.lucky-hunter.com\/wp-content\/uploads\/2019\/06\/LF-347.png","width":1000,"height":1000},{"@type":"BreadcrumbList","@id":"https:\/\/staging.lucky-hunter.com\/product\/avian-x-gadwalls\/#breadcrumb","itemListElement":[{"@type":"ListItem","position":1,"name":"Home","item":"https:\/\/staging.lucky-hunter.com\/fr\/"},{"@type":"ListItem","position":2,"name":"Boutique","item":"https:\/\/staging.lucky-hunter.com\/fr\/shop\/"},{"@type":"ListItem","position":3,"name":"Canard Chipeau Avian-X Topflight"}]},{"@type":"WebSite","@id":"https:\/\/staging.lucky-hunter.com\/#website","url":"https:\/\/staging.lucky-hunter.com\/","name":"Lucky-Hunter","description":"Gear Up or Give Up","potentialAction":[{"@type":"SearchAction","target":{"@type":"EntryPoint","urlTemplate":"https:\/\/staging.lucky-hunter.com\/?s={search_term_string}"},"query-input":{"@type":"PropertyValueSpecification","valueRequired":true,"valueName":"search_term_string"}}],"inLanguage":"fr-FR"}]}},"_links":{"self":[{"href":"https:\/\/staging.lucky-hunter.com\/fr\/wp-json\/wp\/v2\/product\/31227"}],"collection":[{"href":"https:\/\/staging.lucky-hunter.com\/fr\/wp-json\/wp\/v2\/product"}],"about":[{"href":"https:\/\/staging.lucky-hunter.com\/fr\/wp-json\/wp\/v2\/types\/product"}],"wp:featuredmedia":[{"embeddable":true,"href":"https:\/\/staging.lucky-hunter.com\/fr\/wp-json\/wp\/v2\/media\/30033"}],"wp:attachment":[{"href":"https:\/\/staging.lucky-hunter.com\/fr\/wp-json\/wp\/v2\/media?parent=31227"}],"wp:term":[{"taxonomy":"product_brand","embeddable":true,"href":"https:\/\/staging.lucky-hunter.com\/fr\/wp-json\/wp\/v2\/product_brand?post=31227"},{"taxonomy":"product_cat","embeddable":true,"href":"https:\/\/staging.lucky-hunter.com\/fr\/wp-json\/wp\/v2\/product_cat?post=31227"},{"taxonomy":"product_tag","embeddable":true,"href":"https:\/\/staging.lucky-hunter.com\/fr\/wp-json\/wp\/v2\/product_tag?post=31227"}],"curies":[{"name":"wp","href":"https:\/\/api.w.org\/{rel}","templated":true}]}}