{"id":31226,"date":"2019-01-02T13:24:27","date_gmt":"2019-01-02T12:24:27","guid":{"rendered":"https:\/\/staging.lucky-hunter.com\/product\/avian-x-full-body-honkers-2\/"},"modified":"2022-11-16T10:15:52","modified_gmt":"2022-11-16T09:15:52","slug":"avian-x-full-body-honkers","status":"publish","type":"product","link":"https:\/\/staging.lucky-hunter.com\/fr\/product\/avian-x-full-body-honkers\/","title":{"rendered":"Oies AXP Avian-X &#8211; Pack fusion"},"content":{"rendered":"<h2><strong>Oies AXP Avian-X &#8211; Les leurres Avian-X sont incontestablement les leurres les plus raffin\u00e9s et les plus durables du march\u00e9<\/strong><\/h2>\n<h1 class=\"page-title\"><span class=\"base\" data-ui-id=\"page-title-wrapper\">OIES AXP\u00a0: PACK FUSION<\/span><\/h1>\n<p>Pour la nouvelle saison de chasse \u00e0 l&#8217;oie, nous lan\u00e7ons ces magnifiques leurres d\u2019oies du Canada Avian-X, qui sont plus grands que les esp\u00e8ces Canada Lesser.<\/p>\n<h4>Contenu de la bo\u00eete\u00a0:<\/h4>\n<h4>6 leurres d\u2019oie du Canada surdimensionn\u00e9s avec flocage sur les t\u00eates et 6 positions de t\u00eate diff\u00e9rentes\u00a0:<\/h4>\n<ul>\n<li>Mangeuse Stretch-Neck<\/li>\n<li>Mangeuse Short-Neck<\/li>\n<li>Mangeuse marchant<\/li>\n<li>Jeune<\/li>\n<li>Femelle d\u00e9tendue<\/li>\n<li>Appelant masculin.<\/li>\n<\/ul>\n<p>Livr\u00e9s avec des bases de mouvement r\u00e9tractables carr\u00e9es surdimensionn\u00e9es.<\/p>\n<p>Ces leurres peuvent \u00eatre transport\u00e9s et stock\u00e9s avec la base mont\u00e9e dans notre sac de transport pour leurres (num\u00e9ro de produit LF-130). Les jours de vent fort, les leurres peuvent \u00eatre attach\u00e9s aux bases avec un \u00e9lastique ajust\u00e9.<\/p>\n<p>Avian-X a investi des centaines d&#8217;heures dans le r\u00e9alisme des leurres. Le r\u00e9sultat de cette intense \u00e9tude et cr\u00e9ation est merveilleux. Des positions r\u00e9alistes de la t\u00eate et du corps et une anatomie super d\u00e9taill\u00e9e en sont le r\u00e9sultat.<\/p>\n<p>Construit \u00e0 partir d&#8217;un plastique plus souple et flexible par rapport aux autres leurres. Cela signifie qu&#8217;Avian-X peut supporter beaucoup plus de contraintes que les autres marques. Vous pouvez enlever rapidement et facilement la glace et la neige d&#8217;un l\u00e9ger coup ou d&#8217;une petite pression.<\/p>\n<p>L\u2019oie du Canada Avian-X est peinte avec une peinture r\u00e9volutionnaire mate et ultra-adh\u00e9rente. On dit que cela correspond \u00e0 la vision de l&#8217;oiseau &#8211; pas de reflets UV g\u00eanants. Les leurres moins chers ont des probl\u00e8mes de reflets UV. Les t\u00eates sont floqu\u00e9es.<\/p>\n<p>Certains chasseurs d&#8217;oies peuvent \u00eatre sceptiques et vouloir opter pour des leurres floqu\u00e9s. Avian-X a rendu ses leurres peints si parfaits que vous ne reviendrez jamais aux leurres floqu\u00e9s\u00a0!<br \/>\nLe flocage doit \u00eatre manipul\u00e9 avec beaucoup de soin et d&#8217;attention, alors que les leurres peints sont beaucoup plus r\u00e9sistants.<\/p>\n<p>Si vous voulez vraiment vous en tenir aux leurres floqu\u00e9s, vous avez l\u2019option des leurres de Lesser Canada d\u2019Avian-X. Ce sont les num\u00e9ros de produit LF-320 et LF-321.<\/p>\n<p>Nom du produit\u00a0: Oies AXP peintes \u00e0 corps entier Pack fusion.<\/p>\n","protected":false},"excerpt":{"rendered":"<p>Pour la nouvelle saison de chasse \u00e0 l&#8217;oie, nous lan\u00e7ons ces magnifiques leurres d\u2019oies du Canada Avian-X, qui sont plus grands que les esp\u00e8ces Canada Lesser.<\/p>\n","protected":false},"featured_media":30455,"template":"","meta":[],"product_brand":[8132],"product_cat":[8178],"product_tag":[9446],"yoast_head":"<!-- This site is optimized with the Yoast SEO plugin v24.3 - https:\/\/yoast.com\/wordpress\/plugins\/seo\/ -->\n<title>Avian-X AXP Honkers - Fusion Pack | Lucky Hunter<\/title>\n<meta name=\"description\" content=\"Avian-X AXP Honkers - Fusion Pack are brand new for the Summer 2019 hunting season. 6 varied head positions, and super hard wearing.\" \/>\n<meta name=\"robots\" content=\"noindex, follow, max-snippet:-1, max-image-preview:large, max-video-preview:-1\" \/>\n<meta property=\"og:locale\" content=\"fr_FR\" \/>\n<meta property=\"og:type\" content=\"article\" \/>\n<meta property=\"og:title\" content=\"Avian-X AXP Honkers - Fusion Pack | Lucky Hunter\" \/>\n<meta property=\"og:description\" content=\"Avian-X AXP Honkers - Fusion Pack are brand new for the Summer 2019 hunting season. 6 varied head positions, and super hard wearing.\" \/>\n<meta property=\"og:url\" content=\"https:\/\/staging.lucky-hunter.com\/fr\/product\/avian-x-full-body-honkers\/\" \/>\n<meta property=\"og:site_name\" content=\"Lucky-Hunter\" \/>\n<meta property=\"article:modified_time\" content=\"2022-11-16T09:15:52+00:00\" \/>\n<meta property=\"og:image\" content=\"https:\/\/staging.lucky-hunter.com\/wp-content\/uploads\/2019\/01\/LF-333.png\" \/>\n\t<meta property=\"og:image:width\" content=\"1000\" \/>\n\t<meta property=\"og:image:height\" content=\"1000\" \/>\n\t<meta property=\"og:image:type\" content=\"image\/png\" \/>\n<meta name=\"twitter:card\" content=\"summary_large_image\" \/>\n<meta name=\"twitter:title\" content=\"Avian-X AXP Honkers - Fusion Pack | Lucky Hunter\" \/>\n<meta name=\"twitter:description\" content=\"Avian-X AXP Honkers - Fusion Pack are brand new for the Summer 2019 hunting season. 6 varied head positions, and super hard wearing.\" \/>\n<meta name=\"twitter:label1\" content=\"Dur\u00e9e de lecture estim\u00e9e\" \/>\n\t<meta name=\"twitter:data1\" content=\"2 minutes\" \/>\n<script type=\"application\/ld+json\" class=\"yoast-schema-graph\">{\"@context\":\"https:\/\/schema.org\",\"@graph\":[{\"@type\":\"WebPage\",\"@id\":\"https:\/\/staging.lucky-hunter.com\/fr\/product\/avian-x-full-body-honkers\/\",\"url\":\"https:\/\/staging.lucky-hunter.com\/fr\/product\/avian-x-full-body-honkers\/\",\"name\":\"Avian-X AXP Honkers - Fusion Pack | Lucky Hunter\",\"isPartOf\":{\"@id\":\"https:\/\/staging.lucky-hunter.com\/#website\"},\"primaryImageOfPage\":{\"@id\":\"https:\/\/staging.lucky-hunter.com\/fr\/product\/avian-x-full-body-honkers\/#primaryimage\"},\"image\":{\"@id\":\"https:\/\/staging.lucky-hunter.com\/fr\/product\/avian-x-full-body-honkers\/#primaryimage\"},\"thumbnailUrl\":\"https:\/\/staging.lucky-hunter.com\/wp-content\/uploads\/2019\/01\/LF-333.png\",\"datePublished\":\"2019-01-02T12:24:27+00:00\",\"dateModified\":\"2022-11-16T09:15:52+00:00\",\"description\":\"Avian-X AXP Honkers - Fusion Pack are brand new for the Summer 2019 hunting season. 6 varied head positions, and super hard wearing.\",\"breadcrumb\":{\"@id\":\"https:\/\/staging.lucky-hunter.com\/fr\/product\/avian-x-full-body-honkers\/#breadcrumb\"},\"inLanguage\":\"fr-FR\",\"potentialAction\":[{\"@type\":\"ReadAction\",\"target\":[\"https:\/\/staging.lucky-hunter.com\/fr\/product\/avian-x-full-body-honkers\/\"]}]},{\"@type\":\"ImageObject\",\"inLanguage\":\"fr-FR\",\"@id\":\"https:\/\/staging.lucky-hunter.com\/fr\/product\/avian-x-full-body-honkers\/#primaryimage\",\"url\":\"https:\/\/staging.lucky-hunter.com\/wp-content\/uploads\/2019\/01\/LF-333.png\",\"contentUrl\":\"https:\/\/staging.lucky-hunter.com\/wp-content\/uploads\/2019\/01\/LF-333.png\",\"width\":1000,\"height\":1000},{\"@type\":\"BreadcrumbList\",\"@id\":\"https:\/\/staging.lucky-hunter.com\/fr\/product\/avian-x-full-body-honkers\/#breadcrumb\",\"itemListElement\":[{\"@type\":\"ListItem\",\"position\":1,\"name\":\"Home\",\"item\":\"https:\/\/staging.lucky-hunter.com\/fr\/\"},{\"@type\":\"ListItem\",\"position\":2,\"name\":\"Boutique\",\"item\":\"https:\/\/staging.lucky-hunter.com\/fr\/shop\/\"},{\"@type\":\"ListItem\",\"position\":3,\"name\":\"Oies AXP Avian-X &#8211; Pack fusion\"}]},{\"@type\":\"WebSite\",\"@id\":\"https:\/\/staging.lucky-hunter.com\/#website\",\"url\":\"https:\/\/staging.lucky-hunter.com\/\",\"name\":\"Lucky-Hunter\",\"description\":\"Gear Up or Give Up\",\"potentialAction\":[{\"@type\":\"SearchAction\",\"target\":{\"@type\":\"EntryPoint\",\"urlTemplate\":\"https:\/\/staging.lucky-hunter.com\/?s={search_term_string}\"},\"query-input\":{\"@type\":\"PropertyValueSpecification\",\"valueRequired\":true,\"valueName\":\"search_term_string\"}}],\"inLanguage\":\"fr-FR\"}]}<\/script>\n<!-- \/ Yoast SEO plugin. -->","yoast_head_json":{"title":"Avian-X AXP Honkers - Fusion Pack | Lucky Hunter","description":"Avian-X AXP Honkers - Fusion Pack are brand new for the Summer 2019 hunting season. 6 varied head positions, and super hard wearing.","robots":{"index":"noindex","follow":"follow","max-snippet":"max-snippet:-1","max-image-preview":"max-image-preview:large","max-video-preview":"max-video-preview:-1"},"og_locale":"fr_FR","og_type":"article","og_title":"Avian-X AXP Honkers - Fusion Pack | Lucky Hunter","og_description":"Avian-X AXP Honkers - Fusion Pack are brand new for the Summer 2019 hunting season. 6 varied head positions, and super hard wearing.","og_url":"https:\/\/staging.lucky-hunter.com\/fr\/product\/avian-x-full-body-honkers\/","og_site_name":"Lucky-Hunter","article_modified_time":"2022-11-16T09:15:52+00:00","og_image":[{"width":1000,"height":1000,"url":"https:\/\/staging.lucky-hunter.com\/wp-content\/uploads\/2019\/01\/LF-333.png","type":"image\/png"}],"twitter_card":"summary_large_image","twitter_title":"Avian-X AXP Honkers - Fusion Pack | Lucky Hunter","twitter_description":"Avian-X AXP Honkers - Fusion Pack are brand new for the Summer 2019 hunting season. 6 varied head positions, and super hard wearing.","twitter_misc":{"Dur\u00e9e de lecture estim\u00e9e":"2 minutes"},"schema":{"@context":"https:\/\/schema.org","@graph":[{"@type":"WebPage","@id":"https:\/\/staging.lucky-hunter.com\/fr\/product\/avian-x-full-body-honkers\/","url":"https:\/\/staging.lucky-hunter.com\/fr\/product\/avian-x-full-body-honkers\/","name":"Avian-X AXP Honkers - Fusion Pack | Lucky Hunter","isPartOf":{"@id":"https:\/\/staging.lucky-hunter.com\/#website"},"primaryImageOfPage":{"@id":"https:\/\/staging.lucky-hunter.com\/fr\/product\/avian-x-full-body-honkers\/#primaryimage"},"image":{"@id":"https:\/\/staging.lucky-hunter.com\/fr\/product\/avian-x-full-body-honkers\/#primaryimage"},"thumbnailUrl":"https:\/\/staging.lucky-hunter.com\/wp-content\/uploads\/2019\/01\/LF-333.png","datePublished":"2019-01-02T12:24:27+00:00","dateModified":"2022-11-16T09:15:52+00:00","description":"Avian-X AXP Honkers - Fusion Pack are brand new for the Summer 2019 hunting season. 6 varied head positions, and super hard wearing.","breadcrumb":{"@id":"https:\/\/staging.lucky-hunter.com\/fr\/product\/avian-x-full-body-honkers\/#breadcrumb"},"inLanguage":"fr-FR","potentialAction":[{"@type":"ReadAction","target":["https:\/\/staging.lucky-hunter.com\/fr\/product\/avian-x-full-body-honkers\/"]}]},{"@type":"ImageObject","inLanguage":"fr-FR","@id":"https:\/\/staging.lucky-hunter.com\/fr\/product\/avian-x-full-body-honkers\/#primaryimage","url":"https:\/\/staging.lucky-hunter.com\/wp-content\/uploads\/2019\/01\/LF-333.png","contentUrl":"https:\/\/staging.lucky-hunter.com\/wp-content\/uploads\/2019\/01\/LF-333.png","width":1000,"height":1000},{"@type":"BreadcrumbList","@id":"https:\/\/staging.lucky-hunter.com\/fr\/product\/avian-x-full-body-honkers\/#breadcrumb","itemListElement":[{"@type":"ListItem","position":1,"name":"Home","item":"https:\/\/staging.lucky-hunter.com\/fr\/"},{"@type":"ListItem","position":2,"name":"Boutique","item":"https:\/\/staging.lucky-hunter.com\/fr\/shop\/"},{"@type":"ListItem","position":3,"name":"Oies AXP Avian-X &#8211; Pack fusion"}]},{"@type":"WebSite","@id":"https:\/\/staging.lucky-hunter.com\/#website","url":"https:\/\/staging.lucky-hunter.com\/","name":"Lucky-Hunter","description":"Gear Up or Give Up","potentialAction":[{"@type":"SearchAction","target":{"@type":"EntryPoint","urlTemplate":"https:\/\/staging.lucky-hunter.com\/?s={search_term_string}"},"query-input":{"@type":"PropertyValueSpecification","valueRequired":true,"valueName":"search_term_string"}}],"inLanguage":"fr-FR"}]}},"_links":{"self":[{"href":"https:\/\/staging.lucky-hunter.com\/fr\/wp-json\/wp\/v2\/product\/31226"}],"collection":[{"href":"https:\/\/staging.lucky-hunter.com\/fr\/wp-json\/wp\/v2\/product"}],"about":[{"href":"https:\/\/staging.lucky-hunter.com\/fr\/wp-json\/wp\/v2\/types\/product"}],"wp:featuredmedia":[{"embeddable":true,"href":"https:\/\/staging.lucky-hunter.com\/fr\/wp-json\/wp\/v2\/media\/30455"}],"wp:attachment":[{"href":"https:\/\/staging.lucky-hunter.com\/fr\/wp-json\/wp\/v2\/media?parent=31226"}],"wp:term":[{"taxonomy":"product_brand","embeddable":true,"href":"https:\/\/staging.lucky-hunter.com\/fr\/wp-json\/wp\/v2\/product_brand?post=31226"},{"taxonomy":"product_cat","embeddable":true,"href":"https:\/\/staging.lucky-hunter.com\/fr\/wp-json\/wp\/v2\/product_cat?post=31226"},{"taxonomy":"product_tag","embeddable":true,"href":"https:\/\/staging.lucky-hunter.com\/fr\/wp-json\/wp\/v2\/product_tag?post=31226"}],"curies":[{"name":"wp","href":"https:\/\/api.w.org\/{rel}","templated":true}]}}