{"id":31224,"date":"2017-10-01T10:54:39","date_gmt":"2017-10-01T08:54:39","guid":{"rendered":"https:\/\/staging.lucky-hunter.com\/product\/avian-x-canada-goose-full-body-2-2\/"},"modified":"2022-11-16T10:35:47","modified_gmt":"2022-11-16T09:35:47","slug":"avian-x-canada-goose-full-body-2","status":"publish","type":"product","link":"https:\/\/staging.lucky-hunter.com\/fr\/product\/avian-x-canada-goose-full-body-2\/","title":{"rendered":"Bernache du Canada \u00e0 corps entier Avian-X &#8211; pack de 12"},"content":{"rendered":"<p><iframe title=\"Avian-X Full Body Canada Goose | Flocked decoys\" width=\"1020\" height=\"574\" src=\"https:\/\/www.youtube.com\/embed\/vXAXtFP8InM?wmode=transparent&amp;rel=0&amp;feature=oembed&#038;enablejsapi=1&#038;origin=https:\/\/staging.lucky-hunter.com\" frameborder=\"0\" allow=\"accelerometer; autoplay; clipboard-write; encrypted-media; gyroscope; picture-in-picture\" allowfullscreen><\/iframe><\/p>\n<h2><strong>Leurre \u00e0 corps entier de bernache du Canada Avian-X &#8211; les leurres les plus naturels du march\u00e9.<\/strong><\/h2>\n<p>Ces bernaches du Canada AXF Flocked Outfitter sont parfaites pour le plein champ.<\/p>\n<p>Surdimensionn\u00e9 de 20\u00a0%, ils attirent de grands groupes de migrateurs plus petits. Se fondant parfaitement avec les leurres d\u2019oies du Canada, ils offrent un contraste de couleur, une diff\u00e9rence de taille et de postures pour cr\u00e9er le d\u00e9ploiement parfait du leurre d&#8217;oie. Vous pouvez ainsi r\u00e9aliser la cr\u00e9ation de votre d\u00e9ploiement parfait.<\/p>\n<p>Enti\u00e8rement floqu\u00e9s, ces leurres ont un aspect extr\u00eamement naturel. Cela garantit que les leurres ont un aspect naturel et r\u00e9el par tous les temps, ce qui augmente la probabilit\u00e9 d&#8217;attirer les vrais oiseaux.<\/p>\n<p>Fabriqu\u00e9s dans un plastique souple et flexible.<\/p>\n<p>Disponibles en packs de 12, ils sont parfaits pour remplir enti\u00e8rement votre d\u00e9ploiement.<\/p>\n<p><strong>Chaque pack comprend\u00a0:<\/strong><\/p>\n<ul>\n<li>Marcheuse x2<\/li>\n<li>Chercheuse x1<\/li>\n<li>Stub-Neck x1<\/li>\n<li>Sentinelle x1<\/li>\n<li>Appelant x1<\/li>\n<li>Mangeuse Stretch-Neck x2<\/li>\n<li>V\u00e9ritables mangeuse x2<\/li>\n<li>Mangeuse piqueuse x2<\/li>\n<\/ul>\n<p>Le pack de 12 est \u00e9galement livr\u00e9 avec un sac \u00e0 leurre Avian-X \u00e0 fente et un syst\u00e8me de piquet de terrain. D\u00e8s la sortie de la bo\u00eete, vous \u00eates pr\u00eat \u00e0 chasser\u00a0!<\/p>\n","protected":false},"excerpt":{"rendered":"<p>Les leurres complets Avian-X Canada Goose sont parfaits pour ajouter \u00e0 votre troupeau. Les leurres naturels ultra r\u00e9alistes les rendent parfaits pour votre prochaine chasse.<\/p>\n","protected":false},"featured_media":30458,"template":"","meta":[],"product_brand":[8132],"product_cat":[8178],"product_tag":[9446],"yoast_head":"<!-- This site is optimized with the Yoast SEO plugin v24.3 - https:\/\/yoast.com\/wordpress\/plugins\/seo\/ -->\n<title>Appelant Avian-X Canada Goose | Chasseur chanceux<\/title>\n<meta name=\"description\" content=\"Remplissez vos rangs de leurre. Avec des caract\u00e9ristiques r\u00e9alistes, ces leurres Avian-X Canada Goose Full Body sont s\u00fbrs d&#039;attirer le vrai McCoy.\" \/>\n<meta name=\"robots\" content=\"noindex, follow, max-snippet:-1, max-image-preview:large, max-video-preview:-1\" \/>\n<meta property=\"og:locale\" content=\"fr_FR\" \/>\n<meta property=\"og:type\" content=\"article\" \/>\n<meta property=\"og:title\" content=\"Appelant Avian-X Canada Goose | Chasseur chanceux\" \/>\n<meta property=\"og:description\" content=\"Remplissez vos rangs de leurre. Avec des caract\u00e9ristiques r\u00e9alistes, ces leurres Avian-X Canada Goose Full Body sont s\u00fbrs d&#039;attirer le vrai McCoy.\" \/>\n<meta property=\"og:url\" content=\"https:\/\/staging.lucky-hunter.com\/product\/avian-x-canada-goose-full-body-2\/\" \/>\n<meta property=\"og:site_name\" content=\"Lucky-Hunter\" \/>\n<meta property=\"article:modified_time\" content=\"2022-11-16T09:35:47+00:00\" \/>\n<meta property=\"og:image\" content=\"https:\/\/staging.lucky-hunter.com\/wp-content\/uploads\/2017\/10\/LF-321.png\" \/>\n\t<meta property=\"og:image:width\" content=\"1000\" \/>\n\t<meta property=\"og:image:height\" content=\"1000\" \/>\n\t<meta property=\"og:image:type\" content=\"image\/png\" \/>\n<meta name=\"twitter:card\" content=\"summary_large_image\" \/>\n<meta name=\"twitter:title\" content=\"Avian-X Canada Goose Full Body | Chasseur chanceux\" \/>\n<meta name=\"twitter:description\" content=\"Remplissez vos rangs de leurre. Avec des caract\u00e9ristiques r\u00e9alistes, ces leurres Avian-X Canada Goose Full Body sont s\u00fbrs d&#039;attirer le vrai McCoy.\" \/>\n<meta name=\"twitter:label1\" content=\"Dur\u00e9e de lecture estim\u00e9e\" \/>\n\t<meta name=\"twitter:data1\" content=\"1 minute\" \/>\n<script type=\"application\/ld+json\" class=\"yoast-schema-graph\">{\"@context\":\"https:\/\/schema.org\",\"@graph\":[{\"@type\":\"WebPage\",\"@id\":\"https:\/\/staging.lucky-hunter.com\/product\/avian-x-canada-goose-full-body-2\/\",\"url\":\"https:\/\/staging.lucky-hunter.com\/product\/avian-x-canada-goose-full-body-2\/\",\"name\":\"Appelant Avian-X Canada Goose | Chasseur chanceux\",\"isPartOf\":{\"@id\":\"https:\/\/staging.lucky-hunter.com\/#website\"},\"primaryImageOfPage\":{\"@id\":\"https:\/\/staging.lucky-hunter.com\/product\/avian-x-canada-goose-full-body-2\/#primaryimage\"},\"image\":{\"@id\":\"https:\/\/staging.lucky-hunter.com\/product\/avian-x-canada-goose-full-body-2\/#primaryimage\"},\"thumbnailUrl\":\"https:\/\/staging.lucky-hunter.com\/wp-content\/uploads\/2017\/10\/LF-321.png\",\"datePublished\":\"2017-10-01T08:54:39+00:00\",\"dateModified\":\"2022-11-16T09:35:47+00:00\",\"description\":\"Remplissez vos rangs de leurre. Avec des caract\u00e9ristiques r\u00e9alistes, ces leurres Avian-X Canada Goose Full Body sont s\u00fbrs d'attirer le vrai McCoy.\",\"breadcrumb\":{\"@id\":\"https:\/\/staging.lucky-hunter.com\/product\/avian-x-canada-goose-full-body-2\/#breadcrumb\"},\"inLanguage\":\"fr-FR\",\"potentialAction\":[{\"@type\":\"ReadAction\",\"target\":[\"https:\/\/staging.lucky-hunter.com\/product\/avian-x-canada-goose-full-body-2\/\"]}]},{\"@type\":\"ImageObject\",\"inLanguage\":\"fr-FR\",\"@id\":\"https:\/\/staging.lucky-hunter.com\/product\/avian-x-canada-goose-full-body-2\/#primaryimage\",\"url\":\"https:\/\/staging.lucky-hunter.com\/wp-content\/uploads\/2017\/10\/LF-321.png\",\"contentUrl\":\"https:\/\/staging.lucky-hunter.com\/wp-content\/uploads\/2017\/10\/LF-321.png\",\"width\":1000,\"height\":1000},{\"@type\":\"BreadcrumbList\",\"@id\":\"https:\/\/staging.lucky-hunter.com\/product\/avian-x-canada-goose-full-body-2\/#breadcrumb\",\"itemListElement\":[{\"@type\":\"ListItem\",\"position\":1,\"name\":\"Home\",\"item\":\"https:\/\/staging.lucky-hunter.com\/fr\/\"},{\"@type\":\"ListItem\",\"position\":2,\"name\":\"Boutique\",\"item\":\"https:\/\/staging.lucky-hunter.com\/fr\/shop\/\"},{\"@type\":\"ListItem\",\"position\":3,\"name\":\"Bernache du Canada \u00e0 corps entier Avian-X &#8211; pack de 12\"}]},{\"@type\":\"WebSite\",\"@id\":\"https:\/\/staging.lucky-hunter.com\/#website\",\"url\":\"https:\/\/staging.lucky-hunter.com\/\",\"name\":\"Lucky-Hunter\",\"description\":\"Gear Up or Give Up\",\"potentialAction\":[{\"@type\":\"SearchAction\",\"target\":{\"@type\":\"EntryPoint\",\"urlTemplate\":\"https:\/\/staging.lucky-hunter.com\/?s={search_term_string}\"},\"query-input\":{\"@type\":\"PropertyValueSpecification\",\"valueRequired\":true,\"valueName\":\"search_term_string\"}}],\"inLanguage\":\"fr-FR\"}]}<\/script>\n<!-- \/ Yoast SEO plugin. -->","yoast_head_json":{"title":"Appelant Avian-X Canada Goose | Chasseur chanceux","description":"Remplissez vos rangs de leurre. Avec des caract\u00e9ristiques r\u00e9alistes, ces leurres Avian-X Canada Goose Full Body sont s\u00fbrs d'attirer le vrai McCoy.","robots":{"index":"noindex","follow":"follow","max-snippet":"max-snippet:-1","max-image-preview":"max-image-preview:large","max-video-preview":"max-video-preview:-1"},"og_locale":"fr_FR","og_type":"article","og_title":"Appelant Avian-X Canada Goose | Chasseur chanceux","og_description":"Remplissez vos rangs de leurre. Avec des caract\u00e9ristiques r\u00e9alistes, ces leurres Avian-X Canada Goose Full Body sont s\u00fbrs d'attirer le vrai McCoy.","og_url":"https:\/\/staging.lucky-hunter.com\/product\/avian-x-canada-goose-full-body-2\/","og_site_name":"Lucky-Hunter","article_modified_time":"2022-11-16T09:35:47+00:00","og_image":[{"width":1000,"height":1000,"url":"https:\/\/staging.lucky-hunter.com\/wp-content\/uploads\/2017\/10\/LF-321.png","type":"image\/png"}],"twitter_card":"summary_large_image","twitter_title":"Avian-X Canada Goose Full Body | Chasseur chanceux","twitter_description":"Remplissez vos rangs de leurre. Avec des caract\u00e9ristiques r\u00e9alistes, ces leurres Avian-X Canada Goose Full Body sont s\u00fbrs d'attirer le vrai McCoy.","twitter_misc":{"Dur\u00e9e de lecture estim\u00e9e":"1 minute"},"schema":{"@context":"https:\/\/schema.org","@graph":[{"@type":"WebPage","@id":"https:\/\/staging.lucky-hunter.com\/product\/avian-x-canada-goose-full-body-2\/","url":"https:\/\/staging.lucky-hunter.com\/product\/avian-x-canada-goose-full-body-2\/","name":"Appelant Avian-X Canada Goose | Chasseur chanceux","isPartOf":{"@id":"https:\/\/staging.lucky-hunter.com\/#website"},"primaryImageOfPage":{"@id":"https:\/\/staging.lucky-hunter.com\/product\/avian-x-canada-goose-full-body-2\/#primaryimage"},"image":{"@id":"https:\/\/staging.lucky-hunter.com\/product\/avian-x-canada-goose-full-body-2\/#primaryimage"},"thumbnailUrl":"https:\/\/staging.lucky-hunter.com\/wp-content\/uploads\/2017\/10\/LF-321.png","datePublished":"2017-10-01T08:54:39+00:00","dateModified":"2022-11-16T09:35:47+00:00","description":"Remplissez vos rangs de leurre. Avec des caract\u00e9ristiques r\u00e9alistes, ces leurres Avian-X Canada Goose Full Body sont s\u00fbrs d'attirer le vrai McCoy.","breadcrumb":{"@id":"https:\/\/staging.lucky-hunter.com\/product\/avian-x-canada-goose-full-body-2\/#breadcrumb"},"inLanguage":"fr-FR","potentialAction":[{"@type":"ReadAction","target":["https:\/\/staging.lucky-hunter.com\/product\/avian-x-canada-goose-full-body-2\/"]}]},{"@type":"ImageObject","inLanguage":"fr-FR","@id":"https:\/\/staging.lucky-hunter.com\/product\/avian-x-canada-goose-full-body-2\/#primaryimage","url":"https:\/\/staging.lucky-hunter.com\/wp-content\/uploads\/2017\/10\/LF-321.png","contentUrl":"https:\/\/staging.lucky-hunter.com\/wp-content\/uploads\/2017\/10\/LF-321.png","width":1000,"height":1000},{"@type":"BreadcrumbList","@id":"https:\/\/staging.lucky-hunter.com\/product\/avian-x-canada-goose-full-body-2\/#breadcrumb","itemListElement":[{"@type":"ListItem","position":1,"name":"Home","item":"https:\/\/staging.lucky-hunter.com\/fr\/"},{"@type":"ListItem","position":2,"name":"Boutique","item":"https:\/\/staging.lucky-hunter.com\/fr\/shop\/"},{"@type":"ListItem","position":3,"name":"Bernache du Canada \u00e0 corps entier Avian-X &#8211; pack de 12"}]},{"@type":"WebSite","@id":"https:\/\/staging.lucky-hunter.com\/#website","url":"https:\/\/staging.lucky-hunter.com\/","name":"Lucky-Hunter","description":"Gear Up or Give Up","potentialAction":[{"@type":"SearchAction","target":{"@type":"EntryPoint","urlTemplate":"https:\/\/staging.lucky-hunter.com\/?s={search_term_string}"},"query-input":{"@type":"PropertyValueSpecification","valueRequired":true,"valueName":"search_term_string"}}],"inLanguage":"fr-FR"}]}},"_links":{"self":[{"href":"https:\/\/staging.lucky-hunter.com\/fr\/wp-json\/wp\/v2\/product\/31224"}],"collection":[{"href":"https:\/\/staging.lucky-hunter.com\/fr\/wp-json\/wp\/v2\/product"}],"about":[{"href":"https:\/\/staging.lucky-hunter.com\/fr\/wp-json\/wp\/v2\/types\/product"}],"wp:featuredmedia":[{"embeddable":true,"href":"https:\/\/staging.lucky-hunter.com\/fr\/wp-json\/wp\/v2\/media\/30458"}],"wp:attachment":[{"href":"https:\/\/staging.lucky-hunter.com\/fr\/wp-json\/wp\/v2\/media?parent=31224"}],"wp:term":[{"taxonomy":"product_brand","embeddable":true,"href":"https:\/\/staging.lucky-hunter.com\/fr\/wp-json\/wp\/v2\/product_brand?post=31224"},{"taxonomy":"product_cat","embeddable":true,"href":"https:\/\/staging.lucky-hunter.com\/fr\/wp-json\/wp\/v2\/product_cat?post=31224"},{"taxonomy":"product_tag","embeddable":true,"href":"https:\/\/staging.lucky-hunter.com\/fr\/wp-json\/wp\/v2\/product_tag?post=31224"}],"curies":[{"name":"wp","href":"https:\/\/api.w.org\/{rel}","templated":true}]}}