{"id":31221,"date":"2017-04-06T16:50:53","date_gmt":"2017-04-06T14:50:53","guid":{"rendered":"https:\/\/staging.lucky-hunter.com\/product\/avian-x-floater-canada-goose-2\/"},"modified":"2022-11-16T11:02:17","modified_gmt":"2022-11-16T10:02:17","slug":"avian-x-floater-canada-goose","status":"publish","type":"product","link":"https:\/\/staging.lucky-hunter.com\/fr\/product\/avian-x-floater-canada-goose\/","title":{"rendered":"Bernache du Canada flottante Avian-X"},"content":{"rendered":"<p><iframe title=\"Avian-X Floater Canada Goose | Decoys for hunting on water\" width=\"1020\" height=\"574\" src=\"https:\/\/www.youtube.com\/embed\/fsZVBbUQvLU?wmode=transparent&amp;rel=0&amp;list=PLnzljXc1Q7kYyjmGF_vrzPHQMsaCe_ulZ\" frameborder=\"0\" allow=\"accelerometer; autoplay; clipboard-write; encrypted-media; gyroscope; picture-in-picture\" allowfullscreen><\/iframe><\/p>\n<h2>Bernaches du Canada flottantes Avian-X &#8211; leurres de qualit\u00e9 unique<\/h2>\n<p>Quatre leurres flottants de bernaches du Canada de la gamme Topflight. Con\u00e7u par le l\u00e9gendaire chasseur de gibier d\u2019eau Fred Zink et le sculpteur de leurres champion du monde, Rick Johannsen.<\/p>\n<p>Les leurres sont des r\u00e9pliques exactes de la r\u00e9alit\u00e9. Mis en valeur par des motifs peints complexes, les corps imitent les bernaches du Canada, de la pointe du bec aux plumes de la queue. En raison de leurs postures naturelles et de leurs corps anatomiquement parfaits, ils sont susceptibles d\u2019attirer l\u2019attention des vrais oiseaux.<\/p>\n<p>Les leurres sont fabriqu\u00e9s dans un plastique souple et flexible et l&#8217;avantage est, entre autres, qu\u2019ils peuvent \u00eatre utilis\u00e9s sans risque de fissure, m\u00eame \u00e0 des temp\u00e9ratures glaciales.<\/p>\n<p>T\u00eates raccord\u00e9es en usine qui ne se d\u00e9tachent pas sur le terrain. Les quilles lest\u00e9es offrent un mouvement r\u00e9aliste sur l&#8217;eau.<\/p>\n<p>Peints avec une peinture mate et ultra adh\u00e9rente qui ne s\u2019\u00e9caille pas et rend les corps parfaits. Gr\u00e2ce au flocage sur les t\u00eates, les leurres ont l&#8217;air tr\u00e8s r\u00e9alistes. Ils sont ainsi susceptibles d&#8217;attirer plus souvent les oiseaux vivants.<\/p>\n<p>Les leurres flottants d&#8217;Avian-X sont absolument fantastiques sur l&#8217;eau et nagent naturellement m\u00eame par vent faible. Cela est d\u00fb \u00e0 la construction r\u00e9aliste et de qualit\u00e9 sup\u00e9rieure.<\/p>\n<p><strong>Vendus par pack de 4\u00a0:<\/strong><\/p>\n<ul>\n<li>1 appelant sentinelle<\/li>\n<li>2 sentinelles<\/li>\n<li>1 nageur.<\/li>\n<\/ul>\n","protected":false},"excerpt":{"rendered":"<p>4 floating Canada goose decoys from the topflight series designed by legendary waterfowler Fred Zink and World Champion decoy carver, Rick Johannsen.<\/p>\n","protected":false},"featured_media":30449,"template":"","meta":[],"product_brand":[8132],"product_cat":[8178],"product_tag":[],"yoast_head":"<!-- This site is optimized with the Yoast SEO plugin v24.3 - https:\/\/yoast.com\/wordpress\/plugins\/seo\/ -->\n<title>Avian-X Floater Canada Goose High Quality Decoys | Lucky Hunter<\/title>\n<meta name=\"description\" content=\"Floating Canada goose decoys from Avian-X. Avian-X Floater Canada Goose is the perfect addition to your decoy flock. Make your next hunt the best!\" \/>\n<meta name=\"robots\" content=\"noindex, follow, max-snippet:-1, max-image-preview:large, max-video-preview:-1\" \/>\n<meta property=\"og:locale\" content=\"fr_FR\" \/>\n<meta property=\"og:type\" content=\"article\" \/>\n<meta property=\"og:title\" content=\"Avian-X Floater Canada Goose High Quality Decoys | Lucky Hunter\" \/>\n<meta property=\"og:description\" content=\"Floating Canada goose decoys from Avian-X. Avian-X Floater Canada Goose is the perfect addition to your decoy flock. Make your next hunt the best!\" \/>\n<meta property=\"og:url\" content=\"https:\/\/staging.lucky-hunter.com\/product\/avian-x-floater-canada-goose\/\" \/>\n<meta property=\"og:site_name\" content=\"Lucky-Hunter\" \/>\n<meta property=\"article:modified_time\" content=\"2022-11-16T10:02:17+00:00\" \/>\n<meta property=\"og:image\" content=\"https:\/\/staging.lucky-hunter.com\/wp-content\/uploads\/2017\/04\/LF-315-1.png.webp\" \/>\n\t<meta property=\"og:image:width\" content=\"1000\" \/>\n\t<meta property=\"og:image:height\" content=\"1000\" \/>\n\t<meta property=\"og:image:type\" content=\"image\/webp\" \/>\n<meta name=\"twitter:card\" content=\"summary_large_image\" \/>\n<meta name=\"twitter:title\" content=\"Avian-X Floater Canada Goose High Quality Decoys | Lucky Hunter\" \/>\n<meta name=\"twitter:description\" content=\"Floating Canada goose decoys from Avian-X. Avian-X Floater Canada Goose is the perfect addition to your decoy flock. Make your next hunt the best!\" \/>\n<meta name=\"twitter:label1\" content=\"Dur\u00e9e de lecture estim\u00e9e\" \/>\n\t<meta name=\"twitter:data1\" content=\"1 minute\" \/>\n<script type=\"application\/ld+json\" class=\"yoast-schema-graph\">{\"@context\":\"https:\/\/schema.org\",\"@graph\":[{\"@type\":\"WebPage\",\"@id\":\"https:\/\/staging.lucky-hunter.com\/product\/avian-x-floater-canada-goose\/\",\"url\":\"https:\/\/staging.lucky-hunter.com\/product\/avian-x-floater-canada-goose\/\",\"name\":\"Avian-X Floater Canada Goose High Quality Decoys | Lucky Hunter\",\"isPartOf\":{\"@id\":\"https:\/\/staging.lucky-hunter.com\/#website\"},\"primaryImageOfPage\":{\"@id\":\"https:\/\/staging.lucky-hunter.com\/product\/avian-x-floater-canada-goose\/#primaryimage\"},\"image\":{\"@id\":\"https:\/\/staging.lucky-hunter.com\/product\/avian-x-floater-canada-goose\/#primaryimage\"},\"thumbnailUrl\":\"https:\/\/staging.lucky-hunter.com\/wp-content\/uploads\/2017\/04\/LF-315-1.png.webp\",\"datePublished\":\"2017-04-06T14:50:53+00:00\",\"dateModified\":\"2022-11-16T10:02:17+00:00\",\"description\":\"Floating Canada goose decoys from Avian-X. Avian-X Floater Canada Goose is the perfect addition to your decoy flock. Make your next hunt the best!\",\"breadcrumb\":{\"@id\":\"https:\/\/staging.lucky-hunter.com\/product\/avian-x-floater-canada-goose\/#breadcrumb\"},\"inLanguage\":\"fr-FR\",\"potentialAction\":[{\"@type\":\"ReadAction\",\"target\":[\"https:\/\/staging.lucky-hunter.com\/product\/avian-x-floater-canada-goose\/\"]}]},{\"@type\":\"ImageObject\",\"inLanguage\":\"fr-FR\",\"@id\":\"https:\/\/staging.lucky-hunter.com\/product\/avian-x-floater-canada-goose\/#primaryimage\",\"url\":\"https:\/\/staging.lucky-hunter.com\/wp-content\/uploads\/2017\/04\/LF-315-1.png.webp\",\"contentUrl\":\"https:\/\/staging.lucky-hunter.com\/wp-content\/uploads\/2017\/04\/LF-315-1.png.webp\",\"width\":1000,\"height\":1000},{\"@type\":\"BreadcrumbList\",\"@id\":\"https:\/\/staging.lucky-hunter.com\/product\/avian-x-floater-canada-goose\/#breadcrumb\",\"itemListElement\":[{\"@type\":\"ListItem\",\"position\":1,\"name\":\"Home\",\"item\":\"https:\/\/staging.lucky-hunter.com\/fr\/\"},{\"@type\":\"ListItem\",\"position\":2,\"name\":\"Boutique\",\"item\":\"https:\/\/staging.lucky-hunter.com\/fr\/shop\/\"},{\"@type\":\"ListItem\",\"position\":3,\"name\":\"Bernache du Canada flottante Avian-X\"}]},{\"@type\":\"WebSite\",\"@id\":\"https:\/\/staging.lucky-hunter.com\/#website\",\"url\":\"https:\/\/staging.lucky-hunter.com\/\",\"name\":\"Lucky-Hunter\",\"description\":\"Gear Up or Give Up\",\"potentialAction\":[{\"@type\":\"SearchAction\",\"target\":{\"@type\":\"EntryPoint\",\"urlTemplate\":\"https:\/\/staging.lucky-hunter.com\/?s={search_term_string}\"},\"query-input\":{\"@type\":\"PropertyValueSpecification\",\"valueRequired\":true,\"valueName\":\"search_term_string\"}}],\"inLanguage\":\"fr-FR\"}]}<\/script>\n<!-- \/ Yoast SEO plugin. -->","yoast_head_json":{"title":"Avian-X Floater Canada Goose High Quality Decoys | Lucky Hunter","description":"Floating Canada goose decoys from Avian-X. Avian-X Floater Canada Goose is the perfect addition to your decoy flock. Make your next hunt the best!","robots":{"index":"noindex","follow":"follow","max-snippet":"max-snippet:-1","max-image-preview":"max-image-preview:large","max-video-preview":"max-video-preview:-1"},"og_locale":"fr_FR","og_type":"article","og_title":"Avian-X Floater Canada Goose High Quality Decoys | Lucky Hunter","og_description":"Floating Canada goose decoys from Avian-X. Avian-X Floater Canada Goose is the perfect addition to your decoy flock. Make your next hunt the best!","og_url":"https:\/\/staging.lucky-hunter.com\/product\/avian-x-floater-canada-goose\/","og_site_name":"Lucky-Hunter","article_modified_time":"2022-11-16T10:02:17+00:00","og_image":[{"width":1000,"height":1000,"url":"https:\/\/staging.lucky-hunter.com\/wp-content\/uploads\/2017\/04\/LF-315-1.png.webp","type":"image\/webp"}],"twitter_card":"summary_large_image","twitter_title":"Avian-X Floater Canada Goose High Quality Decoys | Lucky Hunter","twitter_description":"Floating Canada goose decoys from Avian-X. Avian-X Floater Canada Goose is the perfect addition to your decoy flock. Make your next hunt the best!","twitter_misc":{"Dur\u00e9e de lecture estim\u00e9e":"1 minute"},"schema":{"@context":"https:\/\/schema.org","@graph":[{"@type":"WebPage","@id":"https:\/\/staging.lucky-hunter.com\/product\/avian-x-floater-canada-goose\/","url":"https:\/\/staging.lucky-hunter.com\/product\/avian-x-floater-canada-goose\/","name":"Avian-X Floater Canada Goose High Quality Decoys | Lucky Hunter","isPartOf":{"@id":"https:\/\/staging.lucky-hunter.com\/#website"},"primaryImageOfPage":{"@id":"https:\/\/staging.lucky-hunter.com\/product\/avian-x-floater-canada-goose\/#primaryimage"},"image":{"@id":"https:\/\/staging.lucky-hunter.com\/product\/avian-x-floater-canada-goose\/#primaryimage"},"thumbnailUrl":"https:\/\/staging.lucky-hunter.com\/wp-content\/uploads\/2017\/04\/LF-315-1.png.webp","datePublished":"2017-04-06T14:50:53+00:00","dateModified":"2022-11-16T10:02:17+00:00","description":"Floating Canada goose decoys from Avian-X. Avian-X Floater Canada Goose is the perfect addition to your decoy flock. Make your next hunt the best!","breadcrumb":{"@id":"https:\/\/staging.lucky-hunter.com\/product\/avian-x-floater-canada-goose\/#breadcrumb"},"inLanguage":"fr-FR","potentialAction":[{"@type":"ReadAction","target":["https:\/\/staging.lucky-hunter.com\/product\/avian-x-floater-canada-goose\/"]}]},{"@type":"ImageObject","inLanguage":"fr-FR","@id":"https:\/\/staging.lucky-hunter.com\/product\/avian-x-floater-canada-goose\/#primaryimage","url":"https:\/\/staging.lucky-hunter.com\/wp-content\/uploads\/2017\/04\/LF-315-1.png.webp","contentUrl":"https:\/\/staging.lucky-hunter.com\/wp-content\/uploads\/2017\/04\/LF-315-1.png.webp","width":1000,"height":1000},{"@type":"BreadcrumbList","@id":"https:\/\/staging.lucky-hunter.com\/product\/avian-x-floater-canada-goose\/#breadcrumb","itemListElement":[{"@type":"ListItem","position":1,"name":"Home","item":"https:\/\/staging.lucky-hunter.com\/fr\/"},{"@type":"ListItem","position":2,"name":"Boutique","item":"https:\/\/staging.lucky-hunter.com\/fr\/shop\/"},{"@type":"ListItem","position":3,"name":"Bernache du Canada flottante Avian-X"}]},{"@type":"WebSite","@id":"https:\/\/staging.lucky-hunter.com\/#website","url":"https:\/\/staging.lucky-hunter.com\/","name":"Lucky-Hunter","description":"Gear Up or Give Up","potentialAction":[{"@type":"SearchAction","target":{"@type":"EntryPoint","urlTemplate":"https:\/\/staging.lucky-hunter.com\/?s={search_term_string}"},"query-input":{"@type":"PropertyValueSpecification","valueRequired":true,"valueName":"search_term_string"}}],"inLanguage":"fr-FR"}]}},"_links":{"self":[{"href":"https:\/\/staging.lucky-hunter.com\/fr\/wp-json\/wp\/v2\/product\/31221"}],"collection":[{"href":"https:\/\/staging.lucky-hunter.com\/fr\/wp-json\/wp\/v2\/product"}],"about":[{"href":"https:\/\/staging.lucky-hunter.com\/fr\/wp-json\/wp\/v2\/types\/product"}],"wp:featuredmedia":[{"embeddable":true,"href":"https:\/\/staging.lucky-hunter.com\/fr\/wp-json\/wp\/v2\/media\/30449"}],"wp:attachment":[{"href":"https:\/\/staging.lucky-hunter.com\/fr\/wp-json\/wp\/v2\/media?parent=31221"}],"wp:term":[{"taxonomy":"product_brand","embeddable":true,"href":"https:\/\/staging.lucky-hunter.com\/fr\/wp-json\/wp\/v2\/product_brand?post=31221"},{"taxonomy":"product_cat","embeddable":true,"href":"https:\/\/staging.lucky-hunter.com\/fr\/wp-json\/wp\/v2\/product_cat?post=31221"},{"taxonomy":"product_tag","embeddable":true,"href":"https:\/\/staging.lucky-hunter.com\/fr\/wp-json\/wp\/v2\/product_tag?post=31221"}],"curies":[{"name":"wp","href":"https:\/\/api.w.org\/{rel}","templated":true}]}}