{"id":31214,"date":"2017-03-13T15:24:37","date_gmt":"2017-03-13T14:24:37","guid":{"rendered":"https:\/\/staging.lucky-hunter.com\/product\/avian-x-pinkfoot-2\/"},"modified":"2022-11-16T11:05:19","modified_gmt":"2022-11-16T10:05:19","slug":"avian-x-pinkfoot","status":"publish","type":"product","link":"https:\/\/staging.lucky-hunter.com\/fr\/product\/avian-x-pinkfoot\/","title":{"rendered":"Oies \u00e0 Bec Court AXP Avian-X : Pack Fusion"},"content":{"rendered":"<p><iframe title=\"Avian-X AXP Pinkfoots | Full body goose decoys\" width=\"1020\" height=\"574\" src=\"https:\/\/www.youtube.com\/embed\/IvPHaOwmYnI?wmode=transparent&amp;rel=0&amp;feature=oembed&#038;enablejsapi=1&#038;origin=https:\/\/staging.lucky-hunter.com\" frameborder=\"0\" allow=\"accelerometer; autoplay; clipboard-write; encrypted-media; gyroscope; picture-in-picture; web-share\" allowfullscreen><\/iframe><\/p>\n<h2><strong>Oies \u00e0 Bec Court AXP Avian-X &#8211; Pack Fusion &#8211; L&#8217;excellence na\u00eet dans les d\u00e9tails<\/strong><\/h2>\n<p>Avian-X se focalise sur l\u2019innovation et sur le d\u00e9veloppement continu pour cr\u00e9er des formes d\u2019une qualit\u00e9 et d\u2019un r\u00e9alisme in\u00e9gal\u00e9s.<\/p>\n<p>Contrairement \u00e0 d&#8217;autres fabricants, Avian-X ne se contente pas de la solution de facilit\u00e9 consistant \u00e0 utiliser le m\u00eame mod\u00e8le pour toutes les formes en variant uniquement les couleurs.<\/p>\n<p>Avian-X a pass\u00e9 des centaines d&#8217;heures \u00e0 concevoir et \u00e0 peindre chaque type d&#8217;oiseau &#8211; ici, l\u2019Oie \u00e0 bec court &#8211; \u00e0 la main, et il en r\u00e9sulte des formes avec des d\u00e9tails \u00e9poustouflants, tant en ce qui concerne leur anatomie que la position de leur t\u00eate et la posture de leur corps. Ce proc\u00e9d\u00e9 unique rend leurs formes plus vraies que nature.<\/p>\n<p><strong>Vendues par pack de 6 avec diff\u00e9rentes positions de t\u00eate\u00a0:<\/strong><\/p>\n<ul>\n<li>1 Oie Sentinelle<\/li>\n<li>2 Oies en train de marcher<\/li>\n<li>3 Oies en train de se nourrir<\/li>\n<li>6 Piquets de montage robustes et de qualit\u00e9, afin que les oies soient stables m\u00eame par vent fort<\/li>\n<li>1 \u00c9tui de transport avec 6 compartiments.<\/li>\n<\/ul>\n<p>Les formes sont en plastique souple et flexible. L&#8217;un des principaux avantages est de pouvoir utiliser les formes sans risque de fissuration m\u00eame en cas de temp\u00e9ratures glaciales. Vous pouvez facilement enlever la glace et la neige en pressant l\u00e9g\u00e8rement les formes.<\/p>\n<p>Les Oies \u00e0 Bec Court Avian-X sont peintes avec la m\u00eame peinture r\u00e9volutionnaire mate et ultra adh\u00e9rente que celle utilis\u00e9e pour les formes de colverts Avian-X. Les UV ne font pas briller les oies et leur peinture ne s&#8217;\u00e9caille pas. Contrairement aux formes bon march\u00e9 avec lesquelles ces probl\u00e8mes sont r\u00e9currents.<\/p>\n<p>Bien entendu, certains chasseurs d&#8217;oies peuvent se montrer sceptiques et persister \u00e0 utiliser les formes traditionnelles avec flocage, mais Avian-X est synonyme d&#8217;innovation et de d\u00e9veloppement continu pour cr\u00e9er des formes d\u2019une qualit\u00e9 et d\u2019un r\u00e9alisme in\u00e9gal\u00e9s.<\/p>\n","protected":false},"excerpt":{"rendered":"<p>Avian-X se concentre sur l&#8217;innovation et le d\u00e9veloppement continu pour cr\u00e9er les leurres de la meilleure qualit\u00e9 et les plus naturels au monde. Vendu avec 6 positions de t\u00eate diff\u00e9rentes.<\/p>\n","protected":false},"featured_media":29882,"template":"","meta":[],"product_brand":[8132],"product_cat":[8176],"product_tag":[],"yoast_head":"<!-- This site is optimized with the Yoast SEO plugin v24.3 - https:\/\/yoast.com\/wordpress\/plugins\/seo\/ -->\n<title>Avian-X AXP Pinkfoots - NOUVELLE s\u00e9rie Avian-X Nordic Goose | Chasseur chanceux<\/title>\n<meta name=\"description\" content=\"Oies \u00e0 Bec Court AXP Avian-X : Fusion Pack comprend 6 positions de t\u00eate diff\u00e9rentes et des d\u00e9tails sculpt\u00e9s et peints ultra r\u00e9alistes. R\u00e9sistant et de haute qualit\u00e9.\" \/>\n<meta name=\"robots\" content=\"noindex, follow, max-snippet:-1, max-image-preview:large, max-video-preview:-1\" \/>\n<meta property=\"og:locale\" content=\"fr_FR\" \/>\n<meta property=\"og:type\" content=\"article\" \/>\n<meta property=\"og:title\" content=\"Avian-X AXP Pinkfoots - NOUVELLE s\u00e9rie Avian-X Nordic Goose | Chasseur chanceux\" \/>\n<meta property=\"og:description\" content=\"Oies \u00e0 Bec Court AXP Avian-X : Fusion Pack comprend 6 positions de t\u00eate diff\u00e9rentes et des d\u00e9tails sculpt\u00e9s et peints ultra r\u00e9alistes. R\u00e9sistant et de haute qualit\u00e9.\" \/>\n<meta property=\"og:url\" content=\"https:\/\/staging.lucky-hunter.com\/product\/avian-x-pinkfoot\/\" \/>\n<meta property=\"og:site_name\" content=\"Lucky-Hunter\" \/>\n<meta property=\"article:modified_time\" content=\"2022-11-16T10:05:19+00:00\" \/>\n<meta property=\"og:image\" content=\"https:\/\/staging.lucky-hunter.com\/wp-content\/uploads\/2017\/03\/LF-323-1.png\" \/>\n\t<meta property=\"og:image:width\" content=\"1000\" \/>\n\t<meta property=\"og:image:height\" content=\"1000\" \/>\n\t<meta property=\"og:image:type\" content=\"image\/png\" \/>\n<meta name=\"twitter:card\" content=\"summary_large_image\" \/>\n<meta name=\"twitter:title\" content=\"Avian-X AXP Pinkfoots - NOUVELLE s\u00e9rie Avian-X Nordic Goose | Chasseur chanceux\" \/>\n<meta name=\"twitter:description\" content=\"Oies \u00e0 Bec Court AXP Avian-X : Fusion Pack comprend 6 positions de t\u00eate diff\u00e9rentes et des d\u00e9tails sculpt\u00e9s et peints ultra r\u00e9alistes. R\u00e9sistant et de haute qualit\u00e9.\" \/>\n<meta name=\"twitter:label1\" content=\"Dur\u00e9e de lecture estim\u00e9e\" \/>\n\t<meta name=\"twitter:data1\" content=\"2 minutes\" \/>\n<script type=\"application\/ld+json\" class=\"yoast-schema-graph\">{\"@context\":\"https:\/\/schema.org\",\"@graph\":[{\"@type\":\"WebPage\",\"@id\":\"https:\/\/staging.lucky-hunter.com\/product\/avian-x-pinkfoot\/\",\"url\":\"https:\/\/staging.lucky-hunter.com\/product\/avian-x-pinkfoot\/\",\"name\":\"Avian-X AXP Pinkfoots - NOUVELLE s\u00e9rie Avian-X Nordic Goose | Chasseur chanceux\",\"isPartOf\":{\"@id\":\"https:\/\/staging.lucky-hunter.com\/#website\"},\"primaryImageOfPage\":{\"@id\":\"https:\/\/staging.lucky-hunter.com\/product\/avian-x-pinkfoot\/#primaryimage\"},\"image\":{\"@id\":\"https:\/\/staging.lucky-hunter.com\/product\/avian-x-pinkfoot\/#primaryimage\"},\"thumbnailUrl\":\"https:\/\/staging.lucky-hunter.com\/wp-content\/uploads\/2017\/03\/LF-323-1.png\",\"datePublished\":\"2017-03-13T14:24:37+00:00\",\"dateModified\":\"2022-11-16T10:05:19+00:00\",\"description\":\"Oies \u00e0 Bec Court AXP Avian-X : Fusion Pack comprend 6 positions de t\u00eate diff\u00e9rentes et des d\u00e9tails sculpt\u00e9s et peints ultra r\u00e9alistes. R\u00e9sistant et de haute qualit\u00e9.\",\"breadcrumb\":{\"@id\":\"https:\/\/staging.lucky-hunter.com\/product\/avian-x-pinkfoot\/#breadcrumb\"},\"inLanguage\":\"fr-FR\",\"potentialAction\":[{\"@type\":\"ReadAction\",\"target\":[\"https:\/\/staging.lucky-hunter.com\/product\/avian-x-pinkfoot\/\"]}]},{\"@type\":\"ImageObject\",\"inLanguage\":\"fr-FR\",\"@id\":\"https:\/\/staging.lucky-hunter.com\/product\/avian-x-pinkfoot\/#primaryimage\",\"url\":\"https:\/\/staging.lucky-hunter.com\/wp-content\/uploads\/2017\/03\/LF-323-1.png\",\"contentUrl\":\"https:\/\/staging.lucky-hunter.com\/wp-content\/uploads\/2017\/03\/LF-323-1.png\",\"width\":1000,\"height\":1000,\"caption\":\"Avian-X AXP Pinkfoots: Fusion Pack - a mixture of Pinkfoot goose decoys for your next wildfowling trip\"},{\"@type\":\"BreadcrumbList\",\"@id\":\"https:\/\/staging.lucky-hunter.com\/product\/avian-x-pinkfoot\/#breadcrumb\",\"itemListElement\":[{\"@type\":\"ListItem\",\"position\":1,\"name\":\"Home\",\"item\":\"https:\/\/staging.lucky-hunter.com\/fr\/\"},{\"@type\":\"ListItem\",\"position\":2,\"name\":\"Boutique\",\"item\":\"https:\/\/staging.lucky-hunter.com\/fr\/shop\/\"},{\"@type\":\"ListItem\",\"position\":3,\"name\":\"Oies \u00e0 Bec Court AXP Avian-X : Pack Fusion\"}]},{\"@type\":\"WebSite\",\"@id\":\"https:\/\/staging.lucky-hunter.com\/#website\",\"url\":\"https:\/\/staging.lucky-hunter.com\/\",\"name\":\"Lucky-Hunter\",\"description\":\"Gear Up or Give Up\",\"potentialAction\":[{\"@type\":\"SearchAction\",\"target\":{\"@type\":\"EntryPoint\",\"urlTemplate\":\"https:\/\/staging.lucky-hunter.com\/?s={search_term_string}\"},\"query-input\":{\"@type\":\"PropertyValueSpecification\",\"valueRequired\":true,\"valueName\":\"search_term_string\"}}],\"inLanguage\":\"fr-FR\"}]}<\/script>\n<!-- \/ Yoast SEO plugin. -->","yoast_head_json":{"title":"Avian-X AXP Pinkfoots - NOUVELLE s\u00e9rie Avian-X Nordic Goose | Chasseur chanceux","description":"Oies \u00e0 Bec Court AXP Avian-X : Fusion Pack comprend 6 positions de t\u00eate diff\u00e9rentes et des d\u00e9tails sculpt\u00e9s et peints ultra r\u00e9alistes. R\u00e9sistant et de haute qualit\u00e9.","robots":{"index":"noindex","follow":"follow","max-snippet":"max-snippet:-1","max-image-preview":"max-image-preview:large","max-video-preview":"max-video-preview:-1"},"og_locale":"fr_FR","og_type":"article","og_title":"Avian-X AXP Pinkfoots - NOUVELLE s\u00e9rie Avian-X Nordic Goose | Chasseur chanceux","og_description":"Oies \u00e0 Bec Court AXP Avian-X : Fusion Pack comprend 6 positions de t\u00eate diff\u00e9rentes et des d\u00e9tails sculpt\u00e9s et peints ultra r\u00e9alistes. R\u00e9sistant et de haute qualit\u00e9.","og_url":"https:\/\/staging.lucky-hunter.com\/product\/avian-x-pinkfoot\/","og_site_name":"Lucky-Hunter","article_modified_time":"2022-11-16T10:05:19+00:00","og_image":[{"width":1000,"height":1000,"url":"https:\/\/staging.lucky-hunter.com\/wp-content\/uploads\/2017\/03\/LF-323-1.png","type":"image\/png"}],"twitter_card":"summary_large_image","twitter_title":"Avian-X AXP Pinkfoots - NOUVELLE s\u00e9rie Avian-X Nordic Goose | Chasseur chanceux","twitter_description":"Oies \u00e0 Bec Court AXP Avian-X : Fusion Pack comprend 6 positions de t\u00eate diff\u00e9rentes et des d\u00e9tails sculpt\u00e9s et peints ultra r\u00e9alistes. R\u00e9sistant et de haute qualit\u00e9.","twitter_misc":{"Dur\u00e9e de lecture estim\u00e9e":"2 minutes"},"schema":{"@context":"https:\/\/schema.org","@graph":[{"@type":"WebPage","@id":"https:\/\/staging.lucky-hunter.com\/product\/avian-x-pinkfoot\/","url":"https:\/\/staging.lucky-hunter.com\/product\/avian-x-pinkfoot\/","name":"Avian-X AXP Pinkfoots - NOUVELLE s\u00e9rie Avian-X Nordic Goose | Chasseur chanceux","isPartOf":{"@id":"https:\/\/staging.lucky-hunter.com\/#website"},"primaryImageOfPage":{"@id":"https:\/\/staging.lucky-hunter.com\/product\/avian-x-pinkfoot\/#primaryimage"},"image":{"@id":"https:\/\/staging.lucky-hunter.com\/product\/avian-x-pinkfoot\/#primaryimage"},"thumbnailUrl":"https:\/\/staging.lucky-hunter.com\/wp-content\/uploads\/2017\/03\/LF-323-1.png","datePublished":"2017-03-13T14:24:37+00:00","dateModified":"2022-11-16T10:05:19+00:00","description":"Oies \u00e0 Bec Court AXP Avian-X : Fusion Pack comprend 6 positions de t\u00eate diff\u00e9rentes et des d\u00e9tails sculpt\u00e9s et peints ultra r\u00e9alistes. R\u00e9sistant et de haute qualit\u00e9.","breadcrumb":{"@id":"https:\/\/staging.lucky-hunter.com\/product\/avian-x-pinkfoot\/#breadcrumb"},"inLanguage":"fr-FR","potentialAction":[{"@type":"ReadAction","target":["https:\/\/staging.lucky-hunter.com\/product\/avian-x-pinkfoot\/"]}]},{"@type":"ImageObject","inLanguage":"fr-FR","@id":"https:\/\/staging.lucky-hunter.com\/product\/avian-x-pinkfoot\/#primaryimage","url":"https:\/\/staging.lucky-hunter.com\/wp-content\/uploads\/2017\/03\/LF-323-1.png","contentUrl":"https:\/\/staging.lucky-hunter.com\/wp-content\/uploads\/2017\/03\/LF-323-1.png","width":1000,"height":1000,"caption":"Avian-X AXP Pinkfoots: Fusion Pack - a mixture of Pinkfoot goose decoys for your next wildfowling trip"},{"@type":"BreadcrumbList","@id":"https:\/\/staging.lucky-hunter.com\/product\/avian-x-pinkfoot\/#breadcrumb","itemListElement":[{"@type":"ListItem","position":1,"name":"Home","item":"https:\/\/staging.lucky-hunter.com\/fr\/"},{"@type":"ListItem","position":2,"name":"Boutique","item":"https:\/\/staging.lucky-hunter.com\/fr\/shop\/"},{"@type":"ListItem","position":3,"name":"Oies \u00e0 Bec Court AXP Avian-X : Pack Fusion"}]},{"@type":"WebSite","@id":"https:\/\/staging.lucky-hunter.com\/#website","url":"https:\/\/staging.lucky-hunter.com\/","name":"Lucky-Hunter","description":"Gear Up or Give Up","potentialAction":[{"@type":"SearchAction","target":{"@type":"EntryPoint","urlTemplate":"https:\/\/staging.lucky-hunter.com\/?s={search_term_string}"},"query-input":{"@type":"PropertyValueSpecification","valueRequired":true,"valueName":"search_term_string"}}],"inLanguage":"fr-FR"}]}},"_links":{"self":[{"href":"https:\/\/staging.lucky-hunter.com\/fr\/wp-json\/wp\/v2\/product\/31214"}],"collection":[{"href":"https:\/\/staging.lucky-hunter.com\/fr\/wp-json\/wp\/v2\/product"}],"about":[{"href":"https:\/\/staging.lucky-hunter.com\/fr\/wp-json\/wp\/v2\/types\/product"}],"wp:featuredmedia":[{"embeddable":true,"href":"https:\/\/staging.lucky-hunter.com\/fr\/wp-json\/wp\/v2\/media\/29882"}],"wp:attachment":[{"href":"https:\/\/staging.lucky-hunter.com\/fr\/wp-json\/wp\/v2\/media?parent=31214"}],"wp:term":[{"taxonomy":"product_brand","embeddable":true,"href":"https:\/\/staging.lucky-hunter.com\/fr\/wp-json\/wp\/v2\/product_brand?post=31214"},{"taxonomy":"product_cat","embeddable":true,"href":"https:\/\/staging.lucky-hunter.com\/fr\/wp-json\/wp\/v2\/product_cat?post=31214"},{"taxonomy":"product_tag","embeddable":true,"href":"https:\/\/staging.lucky-hunter.com\/fr\/wp-json\/wp\/v2\/product_tag?post=31214"}],"curies":[{"name":"wp","href":"https:\/\/api.w.org\/{rel}","templated":true}]}}