{"id":31212,"date":"2017-03-02T14:17:07","date_gmt":"2017-03-02T13:17:07","guid":{"rendered":"https:\/\/staging.lucky-hunter.com\/product\/avian-x-pintail-2\/"},"modified":"2022-11-16T11:10:10","modified_gmt":"2022-11-16T10:10:10","slug":"avian-x-pintail","status":"publish","type":"product","link":"https:\/\/staging.lucky-hunter.com\/fr\/product\/avian-x-pintail\/","title":{"rendered":"Canards Pilets Avian-X"},"content":{"rendered":"<p><iframe title=\"Avian-X Pintail Decoys | Top decoys for duck hunting\" width=\"1020\" height=\"574\" src=\"https:\/\/www.youtube.com\/embed\/N81jC4VUlf8?wmode=transparent&amp;rel=0&amp;feature=oembed&#038;enablejsapi=1&#038;origin=https:\/\/staging.lucky-hunter.com\" frameborder=\"0\" allow=\"accelerometer; autoplay; clipboard-write; encrypted-media; gyroscope; picture-in-picture\" allowfullscreen><\/iframe><\/p>\n<h2><strong>Formes Avian-X, de v\u00e9ritables chefs-d&#8217;\u0153uvre<\/strong><\/h2>\n<p>Si vous cherchez les meilleures formes de pilets sur le march\u00e9, vous \u00eates au bon endroit.<\/p>\n<p>Incroyablement r\u00e9alistes et peintes de mani\u00e8re fabuleuse, ce sont de vraies \u0153uvres d\u2019art. Avec, en plus, un mat\u00e9riau caoutchouteux dernier cri utilis\u00e9 pour le moulage et une peinture qui ne s\u2019\u00e9caille pas, c\u2019est vraiment ce qui se fait de mieux.<\/p>\n<p>Les formes sont dot\u00e9es d\u2019une quille de nage dont le design innovant mise sur un poids plus important \u00e0 l\u2019avant. Qu\u2019il y ait du courant ou m\u00eame juste une l\u00e9g\u00e8re brise, il suffit de clipser la ligne dans les fentes pour donner aux formes un mouvement naturel.<\/p>\n<p>Les formes sont l\u00e9g\u00e8rement surdimensionn\u00e9es pour une meilleure visibilit\u00e9.<\/p>\n<p>Les formes Avian-X sont fabriqu\u00e9es dans un mat\u00e9riau plastique souple qui ne se fissure pas, m\u00eame par temps froid. De plus, elles sont recouvertes d\u2019une peinture mate et ultra adh\u00e9rente qui ne s\u2019\u00e9caille pas.<\/p>\n<p><strong>Vendues par pack de 6\u00a0:<\/strong><\/p>\n<ul>\n<li>2 Canards en train de se nourrir<\/li>\n<li>2 Canards t\u00eate baiss\u00e9e<\/li>\n<li>2 Canes t\u00eate baiss\u00e9e<\/li>\n<\/ul>\n","protected":false},"excerpt":{"rendered":"<p>Incroyablement r\u00e9alistes et peints de mani\u00e8re fabuleuse, ces leurres Avian-X sont de v\u00e9ritables \u0153uvres d\u2019art. Les formes sont l\u00e9g\u00e8rement surdimensionn\u00e9es pour une meilleure visibilit\u00e9.<\/p>\n","protected":false},"featured_media":30192,"template":"","meta":[],"product_brand":[8132],"product_cat":[8184],"product_tag":[9235],"yoast_head":"<!-- This site is optimized with the Yoast SEO plugin v24.3 - https:\/\/yoast.com\/wordpress\/plugins\/seo\/ -->\n<title>Avian-X Pintail - If you are looking for the best pintail decoys on the market, look no further<\/title>\n<meta name=\"description\" content=\"The incredible realism and paint schemes make these Avian-X decoys a work of art. The pintail decoys are slightly oversized for extra visibility.\" \/>\n<meta name=\"robots\" content=\"noindex, follow, max-snippet:-1, max-image-preview:large, max-video-preview:-1\" \/>\n<meta property=\"og:locale\" content=\"fr_FR\" \/>\n<meta property=\"og:type\" content=\"article\" \/>\n<meta property=\"og:title\" content=\"Avian-X Pintail - If you are looking for the best pintail decoys on the market, look no further\" \/>\n<meta property=\"og:description\" content=\"The incredible realism and paint schemes make these Avian-X decoys a work of art. The pintail decoys are slightly oversized for extra visibility.\" \/>\n<meta property=\"og:url\" content=\"https:\/\/staging.lucky-hunter.com\/product\/avian-x-pintail\/\" \/>\n<meta property=\"og:site_name\" content=\"Lucky-Hunter\" \/>\n<meta property=\"article:modified_time\" content=\"2022-11-16T10:10:10+00:00\" \/>\n<meta property=\"og:image\" content=\"https:\/\/staging.lucky-hunter.com\/wp-content\/uploads\/2017\/03\/LF-330-ny.png\" \/>\n\t<meta property=\"og:image:width\" content=\"1000\" \/>\n\t<meta property=\"og:image:height\" content=\"1000\" \/>\n\t<meta property=\"og:image:type\" content=\"image\/png\" \/>\n<meta name=\"twitter:card\" content=\"summary_large_image\" \/>\n<meta name=\"twitter:label1\" content=\"Dur\u00e9e de lecture estim\u00e9e\" \/>\n\t<meta name=\"twitter:data1\" content=\"1 minute\" \/>\n<script type=\"application\/ld+json\" class=\"yoast-schema-graph\">{\"@context\":\"https:\/\/schema.org\",\"@graph\":[{\"@type\":\"WebPage\",\"@id\":\"https:\/\/staging.lucky-hunter.com\/product\/avian-x-pintail\/\",\"url\":\"https:\/\/staging.lucky-hunter.com\/product\/avian-x-pintail\/\",\"name\":\"Avian-X Pintail - If you are looking for the best pintail decoys on the market, look no further\",\"isPartOf\":{\"@id\":\"https:\/\/staging.lucky-hunter.com\/#website\"},\"primaryImageOfPage\":{\"@id\":\"https:\/\/staging.lucky-hunter.com\/product\/avian-x-pintail\/#primaryimage\"},\"image\":{\"@id\":\"https:\/\/staging.lucky-hunter.com\/product\/avian-x-pintail\/#primaryimage\"},\"thumbnailUrl\":\"https:\/\/staging.lucky-hunter.com\/wp-content\/uploads\/2017\/03\/LF-330-ny.png\",\"datePublished\":\"2017-03-02T13:17:07+00:00\",\"dateModified\":\"2022-11-16T10:10:10+00:00\",\"description\":\"The incredible realism and paint schemes make these Avian-X decoys a work of art. The pintail decoys are slightly oversized for extra visibility.\",\"breadcrumb\":{\"@id\":\"https:\/\/staging.lucky-hunter.com\/product\/avian-x-pintail\/#breadcrumb\"},\"inLanguage\":\"fr-FR\",\"potentialAction\":[{\"@type\":\"ReadAction\",\"target\":[\"https:\/\/staging.lucky-hunter.com\/product\/avian-x-pintail\/\"]}]},{\"@type\":\"ImageObject\",\"inLanguage\":\"fr-FR\",\"@id\":\"https:\/\/staging.lucky-hunter.com\/product\/avian-x-pintail\/#primaryimage\",\"url\":\"https:\/\/staging.lucky-hunter.com\/wp-content\/uploads\/2017\/03\/LF-330-ny.png\",\"contentUrl\":\"https:\/\/staging.lucky-hunter.com\/wp-content\/uploads\/2017\/03\/LF-330-ny.png\",\"width\":1000,\"height\":1000},{\"@type\":\"BreadcrumbList\",\"@id\":\"https:\/\/staging.lucky-hunter.com\/product\/avian-x-pintail\/#breadcrumb\",\"itemListElement\":[{\"@type\":\"ListItem\",\"position\":1,\"name\":\"Home\",\"item\":\"https:\/\/staging.lucky-hunter.com\/fr\/\"},{\"@type\":\"ListItem\",\"position\":2,\"name\":\"Boutique\",\"item\":\"https:\/\/staging.lucky-hunter.com\/fr\/shop\/\"},{\"@type\":\"ListItem\",\"position\":3,\"name\":\"Canards Pilets Avian-X\"}]},{\"@type\":\"WebSite\",\"@id\":\"https:\/\/staging.lucky-hunter.com\/#website\",\"url\":\"https:\/\/staging.lucky-hunter.com\/\",\"name\":\"Lucky-Hunter\",\"description\":\"Gear Up or Give Up\",\"potentialAction\":[{\"@type\":\"SearchAction\",\"target\":{\"@type\":\"EntryPoint\",\"urlTemplate\":\"https:\/\/staging.lucky-hunter.com\/?s={search_term_string}\"},\"query-input\":{\"@type\":\"PropertyValueSpecification\",\"valueRequired\":true,\"valueName\":\"search_term_string\"}}],\"inLanguage\":\"fr-FR\"}]}<\/script>\n<!-- \/ Yoast SEO plugin. -->","yoast_head_json":{"title":"Avian-X Pintail - If you are looking for the best pintail decoys on the market, look no further","description":"The incredible realism and paint schemes make these Avian-X decoys a work of art. The pintail decoys are slightly oversized for extra visibility.","robots":{"index":"noindex","follow":"follow","max-snippet":"max-snippet:-1","max-image-preview":"max-image-preview:large","max-video-preview":"max-video-preview:-1"},"og_locale":"fr_FR","og_type":"article","og_title":"Avian-X Pintail - If you are looking for the best pintail decoys on the market, look no further","og_description":"The incredible realism and paint schemes make these Avian-X decoys a work of art. The pintail decoys are slightly oversized for extra visibility.","og_url":"https:\/\/staging.lucky-hunter.com\/product\/avian-x-pintail\/","og_site_name":"Lucky-Hunter","article_modified_time":"2022-11-16T10:10:10+00:00","og_image":[{"width":1000,"height":1000,"url":"https:\/\/staging.lucky-hunter.com\/wp-content\/uploads\/2017\/03\/LF-330-ny.png","type":"image\/png"}],"twitter_card":"summary_large_image","twitter_misc":{"Dur\u00e9e de lecture estim\u00e9e":"1 minute"},"schema":{"@context":"https:\/\/schema.org","@graph":[{"@type":"WebPage","@id":"https:\/\/staging.lucky-hunter.com\/product\/avian-x-pintail\/","url":"https:\/\/staging.lucky-hunter.com\/product\/avian-x-pintail\/","name":"Avian-X Pintail - If you are looking for the best pintail decoys on the market, look no further","isPartOf":{"@id":"https:\/\/staging.lucky-hunter.com\/#website"},"primaryImageOfPage":{"@id":"https:\/\/staging.lucky-hunter.com\/product\/avian-x-pintail\/#primaryimage"},"image":{"@id":"https:\/\/staging.lucky-hunter.com\/product\/avian-x-pintail\/#primaryimage"},"thumbnailUrl":"https:\/\/staging.lucky-hunter.com\/wp-content\/uploads\/2017\/03\/LF-330-ny.png","datePublished":"2017-03-02T13:17:07+00:00","dateModified":"2022-11-16T10:10:10+00:00","description":"The incredible realism and paint schemes make these Avian-X decoys a work of art. The pintail decoys are slightly oversized for extra visibility.","breadcrumb":{"@id":"https:\/\/staging.lucky-hunter.com\/product\/avian-x-pintail\/#breadcrumb"},"inLanguage":"fr-FR","potentialAction":[{"@type":"ReadAction","target":["https:\/\/staging.lucky-hunter.com\/product\/avian-x-pintail\/"]}]},{"@type":"ImageObject","inLanguage":"fr-FR","@id":"https:\/\/staging.lucky-hunter.com\/product\/avian-x-pintail\/#primaryimage","url":"https:\/\/staging.lucky-hunter.com\/wp-content\/uploads\/2017\/03\/LF-330-ny.png","contentUrl":"https:\/\/staging.lucky-hunter.com\/wp-content\/uploads\/2017\/03\/LF-330-ny.png","width":1000,"height":1000},{"@type":"BreadcrumbList","@id":"https:\/\/staging.lucky-hunter.com\/product\/avian-x-pintail\/#breadcrumb","itemListElement":[{"@type":"ListItem","position":1,"name":"Home","item":"https:\/\/staging.lucky-hunter.com\/fr\/"},{"@type":"ListItem","position":2,"name":"Boutique","item":"https:\/\/staging.lucky-hunter.com\/fr\/shop\/"},{"@type":"ListItem","position":3,"name":"Canards Pilets Avian-X"}]},{"@type":"WebSite","@id":"https:\/\/staging.lucky-hunter.com\/#website","url":"https:\/\/staging.lucky-hunter.com\/","name":"Lucky-Hunter","description":"Gear Up or Give Up","potentialAction":[{"@type":"SearchAction","target":{"@type":"EntryPoint","urlTemplate":"https:\/\/staging.lucky-hunter.com\/?s={search_term_string}"},"query-input":{"@type":"PropertyValueSpecification","valueRequired":true,"valueName":"search_term_string"}}],"inLanguage":"fr-FR"}]}},"_links":{"self":[{"href":"https:\/\/staging.lucky-hunter.com\/fr\/wp-json\/wp\/v2\/product\/31212"}],"collection":[{"href":"https:\/\/staging.lucky-hunter.com\/fr\/wp-json\/wp\/v2\/product"}],"about":[{"href":"https:\/\/staging.lucky-hunter.com\/fr\/wp-json\/wp\/v2\/types\/product"}],"wp:featuredmedia":[{"embeddable":true,"href":"https:\/\/staging.lucky-hunter.com\/fr\/wp-json\/wp\/v2\/media\/30192"}],"wp:attachment":[{"href":"https:\/\/staging.lucky-hunter.com\/fr\/wp-json\/wp\/v2\/media?parent=31212"}],"wp:term":[{"taxonomy":"product_brand","embeddable":true,"href":"https:\/\/staging.lucky-hunter.com\/fr\/wp-json\/wp\/v2\/product_brand?post=31212"},{"taxonomy":"product_cat","embeddable":true,"href":"https:\/\/staging.lucky-hunter.com\/fr\/wp-json\/wp\/v2\/product_cat?post=31212"},{"taxonomy":"product_tag","embeddable":true,"href":"https:\/\/staging.lucky-hunter.com\/fr\/wp-json\/wp\/v2\/product_tag?post=31212"}],"curies":[{"name":"wp","href":"https:\/\/api.w.org\/{rel}","templated":true}]}}