{"id":31211,"date":"2019-08-27T10:17:41","date_gmt":"2019-08-27T08:17:41","guid":{"rendered":"https:\/\/staging.lucky-hunter.com\/product\/avianx-topflight-redhead-decoys-2\/"},"modified":"2022-11-25T11:04:32","modified_gmt":"2022-11-25T10:04:32","slug":"avianx-topflight-redhead-decoys","status":"publish","type":"product","link":"https:\/\/staging.lucky-hunter.com\/fr\/product\/avianx-topflight-redhead-decoys\/","title":{"rendered":"Formes de Milouins Topflight Avian-X"},"content":{"rendered":"<p><iframe title=\"Avian-X Topflight Redhead | Duck Decoys\" width=\"1020\" height=\"574\" src=\"https:\/\/www.youtube.com\/embed\/mOgYvEzbtVI?wmode=transparent&amp;rel=0&amp;feature=oembed&#038;enablejsapi=1&#038;origin=https:\/\/staging.lucky-hunter.com\" frameborder=\"0\" allow=\"accelerometer; autoplay; clipboard-write; encrypted-media; gyroscope; picture-in-picture\" allowfullscreen><\/iframe><\/p>\n<h2><strong>Formes de Milouins Topflight Avian-X &#8211; Sans aucun doute les formes de milouins les plus r\u00e9alistes sur le march\u00e9<\/strong><\/h2>\n<p>Voici un pack de 6 formes de milouins flottantes avec diff\u00e9rentes positions de t\u00eate et, comme toujours chez Avian-X, de haute qualit\u00e9.<\/p>\n<ul>\n<li>2 Canards t\u00eate baiss\u00e9e<\/li>\n<li>2 Canes t\u00eate baiss\u00e9e<\/li>\n<li>1 Canard endormi<\/li>\n<li>1 Cane endormie<\/li>\n<\/ul>\n<p>Les formes Avian-X ont une quille lest\u00e9e au design in\u00e9dit. Vous serez surpris par la sensation de r\u00e9alisme en les voyant &#8220;nager&#8221; sur l&#8217;eau m\u00eame par vent faible.<\/p>\n<p>Les formes de milouins sont surdimensionn\u00e9es pour une meilleure visibilit\u00e9. Les dimensions du corps sont d&#8217;env. 36,83 cm.<\/p>\n<p>Fabriqu\u00e9es \u00e0 partir d&#8217;un plastique souple, leur peinture ne se fissurera pas et durera des ann\u00e9es.<\/p>\n<p>Mod\u00e8le\u00a0: AvianX Topflight Redheads SKU AVX8089.<\/p>\n","protected":false},"excerpt":{"rendered":"<p>Voici un pack de 6 leurres flottants de milouins avec diff\u00e9rentes positions de t\u00eate et, comme toujours chez Avian-X, de haute qualit\u00e9. Vous serez surpris par la sensation de r\u00e9alisme en les voyant \u00ab\u00a0nager\u00a0\u00bb sur l&#8217;eau m\u00eame par vent faible.<\/p>\n","protected":false},"featured_media":30024,"template":"","meta":[],"product_brand":[8132],"product_cat":[8187],"product_tag":[9235],"yoast_head":"<!-- This site is optimized with the Yoast SEO plugin v24.3 - https:\/\/yoast.com\/wordpress\/plugins\/seo\/ -->\n<title>Avian-X Topflight Redhead Duck Decoys | Lucky Hunter<\/title>\n<meta name=\"description\" content=\"Avian-X Topflight Redhead decoys are high-quality, hard-wearing and fantastic to hunt with. As always, Avian-X have produced an exceptional product.\" \/>\n<meta name=\"robots\" content=\"noindex, follow, max-snippet:-1, max-image-preview:large, max-video-preview:-1\" \/>\n<meta property=\"og:locale\" content=\"fr_FR\" \/>\n<meta property=\"og:type\" content=\"article\" \/>\n<meta property=\"og:title\" content=\"Avian-X Topflight Redhead Duck Decoys | Lucky Hunter\" \/>\n<meta property=\"og:description\" content=\"Avian-X Topflight Redheads are high-quality, hard-wearing and fantastic to hunt with. As always, Avian-X have produced an exceptional product.\" \/>\n<meta property=\"og:url\" content=\"https:\/\/staging.lucky-hunter.com\/product\/avianx-topflight-redhead-decoys\/\" \/>\n<meta property=\"og:site_name\" content=\"Lucky-Hunter\" \/>\n<meta property=\"article:modified_time\" content=\"2022-11-25T10:04:32+00:00\" \/>\n<meta property=\"og:image\" content=\"https:\/\/staging.lucky-hunter.com\/wp-content\/uploads\/2019\/08\/LF-336_01.png\" \/>\n\t<meta property=\"og:image:width\" content=\"1000\" \/>\n\t<meta property=\"og:image:height\" content=\"1000\" \/>\n\t<meta property=\"og:image:type\" content=\"image\/png\" \/>\n<meta name=\"twitter:card\" content=\"summary_large_image\" \/>\n<meta name=\"twitter:title\" content=\"Avian-X Topflight Redhead Duck Decoys | Lucky Hunter\" \/>\n<meta name=\"twitter:description\" content=\"Avian-X Topflight Redheads are high-quality, hard-wearing and fantastic to hunt with. As always, Avian-X have produced an exceptional product.\" \/>\n<meta name=\"twitter:label1\" content=\"Dur\u00e9e de lecture estim\u00e9e\" \/>\n\t<meta name=\"twitter:data1\" content=\"1 minute\" \/>\n<script type=\"application\/ld+json\" class=\"yoast-schema-graph\">{\"@context\":\"https:\/\/schema.org\",\"@graph\":[{\"@type\":\"WebPage\",\"@id\":\"https:\/\/staging.lucky-hunter.com\/product\/avianx-topflight-redhead-decoys\/\",\"url\":\"https:\/\/staging.lucky-hunter.com\/product\/avianx-topflight-redhead-decoys\/\",\"name\":\"Avian-X Topflight Redhead Duck Decoys | Lucky Hunter\",\"isPartOf\":{\"@id\":\"https:\/\/staging.lucky-hunter.com\/#website\"},\"primaryImageOfPage\":{\"@id\":\"https:\/\/staging.lucky-hunter.com\/product\/avianx-topflight-redhead-decoys\/#primaryimage\"},\"image\":{\"@id\":\"https:\/\/staging.lucky-hunter.com\/product\/avianx-topflight-redhead-decoys\/#primaryimage\"},\"thumbnailUrl\":\"https:\/\/staging.lucky-hunter.com\/wp-content\/uploads\/2019\/08\/LF-336_01.png\",\"datePublished\":\"2019-08-27T08:17:41+00:00\",\"dateModified\":\"2022-11-25T10:04:32+00:00\",\"description\":\"Avian-X Topflight Redhead decoys are high-quality, hard-wearing and fantastic to hunt with. As always, Avian-X have produced an exceptional product.\",\"breadcrumb\":{\"@id\":\"https:\/\/staging.lucky-hunter.com\/product\/avianx-topflight-redhead-decoys\/#breadcrumb\"},\"inLanguage\":\"fr-FR\",\"potentialAction\":[{\"@type\":\"ReadAction\",\"target\":[\"https:\/\/staging.lucky-hunter.com\/product\/avianx-topflight-redhead-decoys\/\"]}]},{\"@type\":\"ImageObject\",\"inLanguage\":\"fr-FR\",\"@id\":\"https:\/\/staging.lucky-hunter.com\/product\/avianx-topflight-redhead-decoys\/#primaryimage\",\"url\":\"https:\/\/staging.lucky-hunter.com\/wp-content\/uploads\/2019\/08\/LF-336_01.png\",\"contentUrl\":\"https:\/\/staging.lucky-hunter.com\/wp-content\/uploads\/2019\/08\/LF-336_01.png\",\"width\":1000,\"height\":1000},{\"@type\":\"BreadcrumbList\",\"@id\":\"https:\/\/staging.lucky-hunter.com\/product\/avianx-topflight-redhead-decoys\/#breadcrumb\",\"itemListElement\":[{\"@type\":\"ListItem\",\"position\":1,\"name\":\"Home\",\"item\":\"https:\/\/staging.lucky-hunter.com\/fr\/\"},{\"@type\":\"ListItem\",\"position\":2,\"name\":\"Boutique\",\"item\":\"https:\/\/staging.lucky-hunter.com\/fr\/shop\/\"},{\"@type\":\"ListItem\",\"position\":3,\"name\":\"Formes de Milouins Topflight Avian-X\"}]},{\"@type\":\"WebSite\",\"@id\":\"https:\/\/staging.lucky-hunter.com\/#website\",\"url\":\"https:\/\/staging.lucky-hunter.com\/\",\"name\":\"Lucky-Hunter\",\"description\":\"Gear Up or Give Up\",\"potentialAction\":[{\"@type\":\"SearchAction\",\"target\":{\"@type\":\"EntryPoint\",\"urlTemplate\":\"https:\/\/staging.lucky-hunter.com\/?s={search_term_string}\"},\"query-input\":{\"@type\":\"PropertyValueSpecification\",\"valueRequired\":true,\"valueName\":\"search_term_string\"}}],\"inLanguage\":\"fr-FR\"}]}<\/script>\n<!-- \/ Yoast SEO plugin. -->","yoast_head_json":{"title":"Avian-X Topflight Redhead Duck Decoys | Lucky Hunter","description":"Avian-X Topflight Redhead decoys are high-quality, hard-wearing and fantastic to hunt with. As always, Avian-X have produced an exceptional product.","robots":{"index":"noindex","follow":"follow","max-snippet":"max-snippet:-1","max-image-preview":"max-image-preview:large","max-video-preview":"max-video-preview:-1"},"og_locale":"fr_FR","og_type":"article","og_title":"Avian-X Topflight Redhead Duck Decoys | Lucky Hunter","og_description":"Avian-X Topflight Redheads are high-quality, hard-wearing and fantastic to hunt with. As always, Avian-X have produced an exceptional product.","og_url":"https:\/\/staging.lucky-hunter.com\/product\/avianx-topflight-redhead-decoys\/","og_site_name":"Lucky-Hunter","article_modified_time":"2022-11-25T10:04:32+00:00","og_image":[{"width":1000,"height":1000,"url":"https:\/\/staging.lucky-hunter.com\/wp-content\/uploads\/2019\/08\/LF-336_01.png","type":"image\/png"}],"twitter_card":"summary_large_image","twitter_title":"Avian-X Topflight Redhead Duck Decoys | Lucky Hunter","twitter_description":"Avian-X Topflight Redheads are high-quality, hard-wearing and fantastic to hunt with. As always, Avian-X have produced an exceptional product.","twitter_misc":{"Dur\u00e9e de lecture estim\u00e9e":"1 minute"},"schema":{"@context":"https:\/\/schema.org","@graph":[{"@type":"WebPage","@id":"https:\/\/staging.lucky-hunter.com\/product\/avianx-topflight-redhead-decoys\/","url":"https:\/\/staging.lucky-hunter.com\/product\/avianx-topflight-redhead-decoys\/","name":"Avian-X Topflight Redhead Duck Decoys | Lucky Hunter","isPartOf":{"@id":"https:\/\/staging.lucky-hunter.com\/#website"},"primaryImageOfPage":{"@id":"https:\/\/staging.lucky-hunter.com\/product\/avianx-topflight-redhead-decoys\/#primaryimage"},"image":{"@id":"https:\/\/staging.lucky-hunter.com\/product\/avianx-topflight-redhead-decoys\/#primaryimage"},"thumbnailUrl":"https:\/\/staging.lucky-hunter.com\/wp-content\/uploads\/2019\/08\/LF-336_01.png","datePublished":"2019-08-27T08:17:41+00:00","dateModified":"2022-11-25T10:04:32+00:00","description":"Avian-X Topflight Redhead decoys are high-quality, hard-wearing and fantastic to hunt with. As always, Avian-X have produced an exceptional product.","breadcrumb":{"@id":"https:\/\/staging.lucky-hunter.com\/product\/avianx-topflight-redhead-decoys\/#breadcrumb"},"inLanguage":"fr-FR","potentialAction":[{"@type":"ReadAction","target":["https:\/\/staging.lucky-hunter.com\/product\/avianx-topflight-redhead-decoys\/"]}]},{"@type":"ImageObject","inLanguage":"fr-FR","@id":"https:\/\/staging.lucky-hunter.com\/product\/avianx-topflight-redhead-decoys\/#primaryimage","url":"https:\/\/staging.lucky-hunter.com\/wp-content\/uploads\/2019\/08\/LF-336_01.png","contentUrl":"https:\/\/staging.lucky-hunter.com\/wp-content\/uploads\/2019\/08\/LF-336_01.png","width":1000,"height":1000},{"@type":"BreadcrumbList","@id":"https:\/\/staging.lucky-hunter.com\/product\/avianx-topflight-redhead-decoys\/#breadcrumb","itemListElement":[{"@type":"ListItem","position":1,"name":"Home","item":"https:\/\/staging.lucky-hunter.com\/fr\/"},{"@type":"ListItem","position":2,"name":"Boutique","item":"https:\/\/staging.lucky-hunter.com\/fr\/shop\/"},{"@type":"ListItem","position":3,"name":"Formes de Milouins Topflight Avian-X"}]},{"@type":"WebSite","@id":"https:\/\/staging.lucky-hunter.com\/#website","url":"https:\/\/staging.lucky-hunter.com\/","name":"Lucky-Hunter","description":"Gear Up or Give Up","potentialAction":[{"@type":"SearchAction","target":{"@type":"EntryPoint","urlTemplate":"https:\/\/staging.lucky-hunter.com\/?s={search_term_string}"},"query-input":{"@type":"PropertyValueSpecification","valueRequired":true,"valueName":"search_term_string"}}],"inLanguage":"fr-FR"}]}},"_links":{"self":[{"href":"https:\/\/staging.lucky-hunter.com\/fr\/wp-json\/wp\/v2\/product\/31211"}],"collection":[{"href":"https:\/\/staging.lucky-hunter.com\/fr\/wp-json\/wp\/v2\/product"}],"about":[{"href":"https:\/\/staging.lucky-hunter.com\/fr\/wp-json\/wp\/v2\/types\/product"}],"wp:featuredmedia":[{"embeddable":true,"href":"https:\/\/staging.lucky-hunter.com\/fr\/wp-json\/wp\/v2\/media\/30024"}],"wp:attachment":[{"href":"https:\/\/staging.lucky-hunter.com\/fr\/wp-json\/wp\/v2\/media?parent=31211"}],"wp:term":[{"taxonomy":"product_brand","embeddable":true,"href":"https:\/\/staging.lucky-hunter.com\/fr\/wp-json\/wp\/v2\/product_brand?post=31211"},{"taxonomy":"product_cat","embeddable":true,"href":"https:\/\/staging.lucky-hunter.com\/fr\/wp-json\/wp\/v2\/product_cat?post=31211"},{"taxonomy":"product_tag","embeddable":true,"href":"https:\/\/staging.lucky-hunter.com\/fr\/wp-json\/wp\/v2\/product_tag?post=31211"}],"curies":[{"name":"wp","href":"https:\/\/api.w.org\/{rel}","templated":true}]}}