{"id":31210,"date":"2019-08-27T09:50:01","date_gmt":"2019-08-27T07:50:01","guid":{"rendered":"https:\/\/staging.lucky-hunter.com\/product\/avian-x-topflight-bluebill-2\/"},"modified":"2024-07-23T11:42:43","modified_gmt":"2024-07-23T09:42:43","slug":"avian-x-topflight-bluebill","status":"publish","type":"product","link":"https:\/\/staging.lucky-hunter.com\/fr\/product\/avian-x-topflight-bluebill\/","title":{"rendered":"Formes de Milouinans Topflight Avian-X"},"content":{"rendered":"<p><iframe title=\"Avian-X Topflight Bluebill | Duck Decoys\" width=\"1020\" height=\"574\" src=\"https:\/\/www.youtube.com\/embed\/7dLbmaf09bY?wmode=transparent&amp;rel=0&amp;feature=oembed&#038;enablejsapi=1&#038;origin=https:\/\/staging.lucky-hunter.com\" frameborder=\"0\" allow=\"accelerometer; autoplay; clipboard-write; encrypted-media; gyroscope; picture-in-picture\" allowfullscreen><\/iframe><\/p>\n<h2><strong>Milouinans Topflight Avian-X &#8211; Sans aucun doute les formes de milouinans les plus r\u00e9alistes sur le march\u00e9<\/strong><\/h2>\n<p>Voici un pack de 6 formes de milouinans flottantes avec diff\u00e9rentes positions de t\u00eate et, comme toujours chez Avian-X, de haute qualit\u00e9.<\/p>\n<ul>\n<li>2 canards t\u00eate lev\u00e9e<\/li>\n<li>2 canards t\u00eate baiss\u00e9e<\/li>\n<li>1 cane t\u00eate baiss\u00e9e<\/li>\n<li>1 cane t\u00eate lev\u00e9e<\/li>\n<\/ul>\n<p>Les formes Avian-X ont une quille lest\u00e9e au design in\u00e9dit. Vous serez surpris par la sensation de r\u00e9alisme en les voyant &#8220;nager&#8221; sur l&#8217;eau m\u00eame par vent faible.<\/p>\n<p>Les formes sont surdimensionn\u00e9es pour une meilleure visibilit\u00e9. Les dimensions du corps sont d&#8217;env. 36,83 cm.<\/p>\n<p>Les formes Avian-X sont fabriqu\u00e9es dans un mat\u00e9riau plastique souple, ce qui garantit que la peinture durera des ann\u00e9es sans se fissurer.<\/p>\n","protected":false},"excerpt":{"rendered":"<p>Dans la qualit\u00e9 habituelle d&#8217;Avian-X, vous obtenez un ensemble de 6 formes de morillons flottantes avec diff\u00e9rentes positions de t\u00eate. Les formes Avian-X sont fabriqu\u00e9es dans un mat\u00e9riau plastique plus souple, ce qui garantit que la peinture ne se fissure pas et dure des ann\u00e9es.<\/p>\n","protected":false},"featured_media":30514,"template":"","meta":[],"product_brand":[8132],"product_cat":[8186],"product_tag":[],"yoast_head":"<!-- This site is optimized with the Yoast SEO plugin v24.3 - https:\/\/yoast.com\/wordpress\/plugins\/seo\/ -->\n<title>Formes de Canard Morillon Topflight Avian-X | Lucky Hunter<\/title>\n<meta name=\"description\" content=\"Les formes de canard Morillon Topflight Avian-X sont de haute qualit\u00e9 et incroyablement d\u00e9taill\u00e9es. Les formes Avian-X sont toujours de grande qualit\u00e9.\" \/>\n<meta name=\"robots\" content=\"noindex, follow, max-snippet:-1, max-image-preview:large, max-video-preview:-1\" \/>\n<meta property=\"og:locale\" content=\"fr_FR\" \/>\n<meta property=\"og:type\" content=\"article\" \/>\n<meta property=\"og:title\" content=\"Avian-X Topflight Bluebill Duck Decoys | Lucky Hunter\" \/>\n<meta property=\"og:description\" content=\"Avian-X Topflight Bluebill Duck Decoys are high-quality and amazingly detailed duck decoys. Avian-X decoys are always great quality.\" \/>\n<meta property=\"og:url\" content=\"https:\/\/staging.lucky-hunter.com\/product\/avian-x-topflight-bluebill\/\" \/>\n<meta property=\"og:site_name\" content=\"Lucky-Hunter\" \/>\n<meta property=\"article:modified_time\" content=\"2024-07-23T09:42:43+00:00\" \/>\n<meta property=\"og:image\" content=\"https:\/\/staging.lucky-hunter.com\/wp-content\/uploads\/2019\/08\/LF-380.png\" \/>\n\t<meta property=\"og:image:width\" content=\"1000\" \/>\n\t<meta property=\"og:image:height\" content=\"1000\" \/>\n\t<meta property=\"og:image:type\" content=\"image\/png\" \/>\n<meta name=\"twitter:card\" content=\"summary_large_image\" \/>\n<meta name=\"twitter:title\" content=\"Avian-X Topflight Bluebill Duck Decoys | Lucky Hunter\" \/>\n<meta name=\"twitter:description\" content=\"Avian-X Topflight Bluebill Duck Decoys are high-quality and amazingly detailed duck decoys. Avian-X decoys are always great quality.\" \/>\n<meta name=\"twitter:label1\" content=\"Dur\u00e9e de lecture estim\u00e9e\" \/>\n\t<meta name=\"twitter:data1\" content=\"1 minute\" \/>\n<script type=\"application\/ld+json\" class=\"yoast-schema-graph\">{\"@context\":\"https:\/\/schema.org\",\"@graph\":[{\"@type\":\"WebPage\",\"@id\":\"https:\/\/staging.lucky-hunter.com\/product\/avian-x-topflight-bluebill\/\",\"url\":\"https:\/\/staging.lucky-hunter.com\/product\/avian-x-topflight-bluebill\/\",\"name\":\"Formes de Canard Morillon Topflight Avian-X | Lucky Hunter\",\"isPartOf\":{\"@id\":\"https:\/\/staging.lucky-hunter.com\/#website\"},\"primaryImageOfPage\":{\"@id\":\"https:\/\/staging.lucky-hunter.com\/product\/avian-x-topflight-bluebill\/#primaryimage\"},\"image\":{\"@id\":\"https:\/\/staging.lucky-hunter.com\/product\/avian-x-topflight-bluebill\/#primaryimage\"},\"thumbnailUrl\":\"https:\/\/staging.lucky-hunter.com\/wp-content\/uploads\/2019\/08\/LF-380.png\",\"datePublished\":\"2019-08-27T07:50:01+00:00\",\"dateModified\":\"2024-07-23T09:42:43+00:00\",\"description\":\"Les formes de canard Morillon Topflight Avian-X sont de haute qualit\u00e9 et incroyablement d\u00e9taill\u00e9es. Les formes Avian-X sont toujours de grande qualit\u00e9.\",\"breadcrumb\":{\"@id\":\"https:\/\/staging.lucky-hunter.com\/product\/avian-x-topflight-bluebill\/#breadcrumb\"},\"inLanguage\":\"fr-FR\",\"potentialAction\":[{\"@type\":\"ReadAction\",\"target\":[\"https:\/\/staging.lucky-hunter.com\/product\/avian-x-topflight-bluebill\/\"]}]},{\"@type\":\"ImageObject\",\"inLanguage\":\"fr-FR\",\"@id\":\"https:\/\/staging.lucky-hunter.com\/product\/avian-x-topflight-bluebill\/#primaryimage\",\"url\":\"https:\/\/staging.lucky-hunter.com\/wp-content\/uploads\/2019\/08\/LF-380.png\",\"contentUrl\":\"https:\/\/staging.lucky-hunter.com\/wp-content\/uploads\/2019\/08\/LF-380.png\",\"width\":1000,\"height\":1000},{\"@type\":\"BreadcrumbList\",\"@id\":\"https:\/\/staging.lucky-hunter.com\/product\/avian-x-topflight-bluebill\/#breadcrumb\",\"itemListElement\":[{\"@type\":\"ListItem\",\"position\":1,\"name\":\"Home\",\"item\":\"https:\/\/staging.lucky-hunter.com\/fr\/\"},{\"@type\":\"ListItem\",\"position\":2,\"name\":\"Boutique\",\"item\":\"https:\/\/staging.lucky-hunter.com\/fr\/shop\/\"},{\"@type\":\"ListItem\",\"position\":3,\"name\":\"Formes de Milouinans Topflight Avian-X\"}]},{\"@type\":\"WebSite\",\"@id\":\"https:\/\/staging.lucky-hunter.com\/#website\",\"url\":\"https:\/\/staging.lucky-hunter.com\/\",\"name\":\"Lucky-Hunter\",\"description\":\"Gear Up or Give Up\",\"potentialAction\":[{\"@type\":\"SearchAction\",\"target\":{\"@type\":\"EntryPoint\",\"urlTemplate\":\"https:\/\/staging.lucky-hunter.com\/?s={search_term_string}\"},\"query-input\":{\"@type\":\"PropertyValueSpecification\",\"valueRequired\":true,\"valueName\":\"search_term_string\"}}],\"inLanguage\":\"fr-FR\"}]}<\/script>\n<!-- \/ Yoast SEO plugin. -->","yoast_head_json":{"title":"Formes de Canard Morillon Topflight Avian-X | Lucky Hunter","description":"Les formes de canard Morillon Topflight Avian-X sont de haute qualit\u00e9 et incroyablement d\u00e9taill\u00e9es. Les formes Avian-X sont toujours de grande qualit\u00e9.","robots":{"index":"noindex","follow":"follow","max-snippet":"max-snippet:-1","max-image-preview":"max-image-preview:large","max-video-preview":"max-video-preview:-1"},"og_locale":"fr_FR","og_type":"article","og_title":"Avian-X Topflight Bluebill Duck Decoys | Lucky Hunter","og_description":"Avian-X Topflight Bluebill Duck Decoys are high-quality and amazingly detailed duck decoys. Avian-X decoys are always great quality.","og_url":"https:\/\/staging.lucky-hunter.com\/product\/avian-x-topflight-bluebill\/","og_site_name":"Lucky-Hunter","article_modified_time":"2024-07-23T09:42:43+00:00","og_image":[{"width":1000,"height":1000,"url":"https:\/\/staging.lucky-hunter.com\/wp-content\/uploads\/2019\/08\/LF-380.png","type":"image\/png"}],"twitter_card":"summary_large_image","twitter_title":"Avian-X Topflight Bluebill Duck Decoys | Lucky Hunter","twitter_description":"Avian-X Topflight Bluebill Duck Decoys are high-quality and amazingly detailed duck decoys. Avian-X decoys are always great quality.","twitter_misc":{"Dur\u00e9e de lecture estim\u00e9e":"1 minute"},"schema":{"@context":"https:\/\/schema.org","@graph":[{"@type":"WebPage","@id":"https:\/\/staging.lucky-hunter.com\/product\/avian-x-topflight-bluebill\/","url":"https:\/\/staging.lucky-hunter.com\/product\/avian-x-topflight-bluebill\/","name":"Formes de Canard Morillon Topflight Avian-X | Lucky Hunter","isPartOf":{"@id":"https:\/\/staging.lucky-hunter.com\/#website"},"primaryImageOfPage":{"@id":"https:\/\/staging.lucky-hunter.com\/product\/avian-x-topflight-bluebill\/#primaryimage"},"image":{"@id":"https:\/\/staging.lucky-hunter.com\/product\/avian-x-topflight-bluebill\/#primaryimage"},"thumbnailUrl":"https:\/\/staging.lucky-hunter.com\/wp-content\/uploads\/2019\/08\/LF-380.png","datePublished":"2019-08-27T07:50:01+00:00","dateModified":"2024-07-23T09:42:43+00:00","description":"Les formes de canard Morillon Topflight Avian-X sont de haute qualit\u00e9 et incroyablement d\u00e9taill\u00e9es. Les formes Avian-X sont toujours de grande qualit\u00e9.","breadcrumb":{"@id":"https:\/\/staging.lucky-hunter.com\/product\/avian-x-topflight-bluebill\/#breadcrumb"},"inLanguage":"fr-FR","potentialAction":[{"@type":"ReadAction","target":["https:\/\/staging.lucky-hunter.com\/product\/avian-x-topflight-bluebill\/"]}]},{"@type":"ImageObject","inLanguage":"fr-FR","@id":"https:\/\/staging.lucky-hunter.com\/product\/avian-x-topflight-bluebill\/#primaryimage","url":"https:\/\/staging.lucky-hunter.com\/wp-content\/uploads\/2019\/08\/LF-380.png","contentUrl":"https:\/\/staging.lucky-hunter.com\/wp-content\/uploads\/2019\/08\/LF-380.png","width":1000,"height":1000},{"@type":"BreadcrumbList","@id":"https:\/\/staging.lucky-hunter.com\/product\/avian-x-topflight-bluebill\/#breadcrumb","itemListElement":[{"@type":"ListItem","position":1,"name":"Home","item":"https:\/\/staging.lucky-hunter.com\/fr\/"},{"@type":"ListItem","position":2,"name":"Boutique","item":"https:\/\/staging.lucky-hunter.com\/fr\/shop\/"},{"@type":"ListItem","position":3,"name":"Formes de Milouinans Topflight Avian-X"}]},{"@type":"WebSite","@id":"https:\/\/staging.lucky-hunter.com\/#website","url":"https:\/\/staging.lucky-hunter.com\/","name":"Lucky-Hunter","description":"Gear Up or Give Up","potentialAction":[{"@type":"SearchAction","target":{"@type":"EntryPoint","urlTemplate":"https:\/\/staging.lucky-hunter.com\/?s={search_term_string}"},"query-input":{"@type":"PropertyValueSpecification","valueRequired":true,"valueName":"search_term_string"}}],"inLanguage":"fr-FR"}]}},"_links":{"self":[{"href":"https:\/\/staging.lucky-hunter.com\/fr\/wp-json\/wp\/v2\/product\/31210"}],"collection":[{"href":"https:\/\/staging.lucky-hunter.com\/fr\/wp-json\/wp\/v2\/product"}],"about":[{"href":"https:\/\/staging.lucky-hunter.com\/fr\/wp-json\/wp\/v2\/types\/product"}],"wp:featuredmedia":[{"embeddable":true,"href":"https:\/\/staging.lucky-hunter.com\/fr\/wp-json\/wp\/v2\/media\/30514"}],"wp:attachment":[{"href":"https:\/\/staging.lucky-hunter.com\/fr\/wp-json\/wp\/v2\/media?parent=31210"}],"wp:term":[{"taxonomy":"product_brand","embeddable":true,"href":"https:\/\/staging.lucky-hunter.com\/fr\/wp-json\/wp\/v2\/product_brand?post=31210"},{"taxonomy":"product_cat","embeddable":true,"href":"https:\/\/staging.lucky-hunter.com\/fr\/wp-json\/wp\/v2\/product_cat?post=31210"},{"taxonomy":"product_tag","embeddable":true,"href":"https:\/\/staging.lucky-hunter.com\/fr\/wp-json\/wp\/v2\/product_tag?post=31210"}],"curies":[{"name":"wp","href":"https:\/\/api.w.org\/{rel}","templated":true}]}}