{"id":31209,"date":"2017-03-13T17:33:12","date_gmt":"2017-03-13T16:33:12","guid":{"rendered":"https:\/\/staging.lucky-hunter.com\/product\/avian-x-wigeon-european-2\/"},"modified":"2023-02-02T00:49:56","modified_gmt":"2023-02-01T23:49:56","slug":"avian-x-wigeon-european","status":"publish","type":"product","link":"https:\/\/staging.lucky-hunter.com\/fr\/product\/avian-x-wigeon-european\/","title":{"rendered":"Canard Siffleur d\u2019Europe Avian-X"},"content":{"rendered":"<div class=\"video video-fit mb\" style=\"padding-top:56.25%;\"><p><iframe width=\"1020\" height=\"574\" src=\"https:\/\/www.youtube.com\/embed\/XZEnZ3JFDiU?wmode=transparent&amp;rel=0&amp;feature=oembed\" frameborder=\"0\" allowfullscreen><\/iframe><\/p>\n<\/div>\n<div class=\"container section-title-container\" ><h2 class=\"section-title section-title-normal\"><b><\/b><span class=\"section-title-main\" >Des leurres in\u00e9gal\u00e9s par avian-X<\/span><b><\/b><\/h2><\/div>\n<p>Le fabricant am\u00e9ricain Avian-X red\u00e9finit les standards du design d\u2019appelants artificiels, pour que vous viviez une exp\u00e9rience encore plus forte lorsque vous chassez le canard.<\/p>\n<div class=\"container section-title-container\" ><h3 class=\"section-title section-title-normal\"><b><\/b><span class=\"section-title-main\" >Vendus en pack de 6 leurres<\/span><b><\/b><\/h3><\/div>\n\t<div class=\"img has-hover x md-x lg-x y md-y lg-y\" id=\"image_1236347538\">\n\t\t\t\t\t\t\t\t<div class=\"img-inner dark\" >\n\t\t\t<img decoding=\"async\" width=\"1600\" height=\"600\" src=\"https:\/\/staging.lucky-hunter.com\/wp-content\/uploads\/2019\/03\/LF-335-avian-x-decoy-display.png\" class=\"attachment-large size-large\" alt=\"\" srcset=\"https:\/\/staging.lucky-hunter.com\/wp-content\/uploads\/2019\/03\/LF-335-avian-x-decoy-display.png 1600w, https:\/\/staging.lucky-hunter.com\/wp-content\/uploads\/2019\/03\/LF-335-avian-x-decoy-display-768x288.png 768w, https:\/\/staging.lucky-hunter.com\/wp-content\/uploads\/2019\/03\/LF-335-avian-x-decoy-display-300x113.png 300w, https:\/\/staging.lucky-hunter.com\/wp-content\/uploads\/2019\/03\/LF-335-avian-x-decoy-display-1536x576.png 1536w, https:\/\/staging.lucky-hunter.com\/wp-content\/uploads\/2019\/03\/LF-335-avian-x-decoy-display-1000x375.png 1000w\" sizes=\"(max-width: 1600px) 100vw, 1600px\" \/>\t\t\t\t\t\t\n\t\t\t\t\t<\/div>\n\t\t\t\t\t\t\t\t\n<style>\n#image_1236347538 {\n  width: 100%;\n}\n<\/style>\n\t<\/div>\n\t\n<div class=\"row\"  id=\"row-301779264\">\n\n\t<div id=\"col-339780996\" class=\"col medium-4 small-12 large-4\"  >\n\t\t\t\t<div class=\"col-inner\"  >\n\t\t\t\n\t\t\t\n<p style=\"text-align: center;\">2 Canards t\u00eate baiss\u00e9e<\/p>\n\t\t<\/div>\n\t\t\t\t\t<\/div>\n\n\t\n\n\t<div id=\"col-1006663996\" class=\"col medium-4 small-12 large-4\"  >\n\t\t\t\t<div class=\"col-inner\"  >\n\t\t\t\n\t\t\t\n<p style=\"text-align: center;\">2 Canards t\u00eate lev\u00e9e<\/p>\n\t\t<\/div>\n\t\t\t\t\t<\/div>\n\n\t\n\n\t<div id=\"col-253997474\" class=\"col medium-4 small-12 large-4\"  >\n\t\t\t\t<div class=\"col-inner\"  >\n\t\t\t\n\t\t\t\n<p style=\"text-align: center;\">2 Canes t\u00eate lev\u00e9e<\/p>\n\t\t<\/div>\n\t\t\t\t\t<\/div>\n\n\t\n<\/div>\n<p>Les formes ont une quille lest\u00e9e au design in\u00e9dit. M\u00eame en cas de vent faible, elles nageront de mani\u00e8re naturelle gr\u00e2ce au poids de cette technologie sp\u00e9ciale. Elles donneront de bons r\u00e9sultats m\u00eame en cas de vent faible.<\/p>\n<p>Les formes sont surdimensionn\u00e9es pour une meilleure visibilit\u00e9. Elles mesurent environ 36,83 cm au niveau du corps.<\/p>\n<p>Les formes Avian-X sont fabriqu\u00e9es dans un mat\u00e9riau plastique souple afin de garantir que la peinture dure des ann\u00e9es sans se fissurer.<\/p>\n<p>Elles sont cr\u00e9\u00e9es par le champion du monde de sculpture de blettes, Rick Johannsen, et son \u00e9quipe.<\/p>\n","protected":false},"excerpt":{"rendered":"<p>Nouveau pour la saison de chasse aux canards d&#8217;automne. American Avian-X \u00e9tablit de nouvelles normes pour la conception des leurres afin que votre chasse au canard devienne une exp\u00e9rience encore plus incroyable.<\/p>\n","protected":false},"featured_media":29960,"template":"","meta":[],"product_brand":[8132],"product_cat":[8182],"product_tag":[9235],"yoast_head":"<!-- This site is optimized with the Yoast SEO plugin v24.3 - https:\/\/yoast.com\/wordpress\/plugins\/seo\/ -->\n<title>Avian-X Wigeon (europ\u00e9en) Leurres de haute qualit\u00e9 | Chasseur chanceux<\/title>\n<meta name=\"description\" content=\"Surdimensionn\u00e9 pour la visibilit\u00e9. Les leurres Avian-X Wigeon (europ\u00e9ens) sont parfaits pour les chasses aux canards d&#039;automne. Dans la haute qualit\u00e9 que vous attendez d&#039;Avian-X.\" \/>\n<meta name=\"robots\" content=\"noindex, follow, max-snippet:-1, max-image-preview:large, max-video-preview:-1\" \/>\n<meta property=\"og:locale\" content=\"fr_FR\" \/>\n<meta property=\"og:type\" content=\"article\" \/>\n<meta property=\"og:title\" content=\"Avian-X Widgeon (europ\u00e9en) Leurres de haute qualit\u00e9 | Chasseur chanceux\" \/>\n<meta property=\"og:description\" content=\"Surdimensionn\u00e9 pour la visibilit\u00e9. Les leurres Avian-X Widgeon (europ\u00e9ens) sont parfaits pour les chasses aux canards d&#039;automne. Dans la haute qualit\u00e9 que vous attendez d&#039;Avian-X.\" \/>\n<meta property=\"og:url\" content=\"https:\/\/staging.lucky-hunter.com\/fr\/product\/avian-x-wigeon-european\/\" \/>\n<meta property=\"og:site_name\" content=\"Lucky-Hunter\" \/>\n<meta property=\"article:modified_time\" content=\"2023-02-01T23:49:56+00:00\" \/>\n<meta property=\"og:image\" content=\"https:\/\/staging.lucky-hunter.com\/wp-content\/uploads\/2017\/03\/LF-335-thumbnail.png\" \/>\n\t<meta property=\"og:image:width\" content=\"1000\" \/>\n\t<meta property=\"og:image:height\" content=\"1000\" \/>\n\t<meta property=\"og:image:type\" content=\"image\/png\" \/>\n<meta name=\"twitter:card\" content=\"summary_large_image\" \/>\n<meta name=\"twitter:title\" content=\"Avian-X Widgeon (europ\u00e9en) Leurres de haute qualit\u00e9 | Chasseur chanceux\" \/>\n<meta name=\"twitter:description\" content=\"Surdimensionn\u00e9 pour la visibilit\u00e9. Les leurres Avian-X Widgeon (europ\u00e9ens) sont parfaits pour les chasses aux canards d&#039;automne. Dans la haute qualit\u00e9 que vous attendez d&#039;Avian-X.\" \/>\n<meta name=\"twitter:label1\" content=\"Dur\u00e9e de lecture estim\u00e9e\" \/>\n\t<meta name=\"twitter:data1\" content=\"1 minute\" \/>\n<script type=\"application\/ld+json\" class=\"yoast-schema-graph\">{\"@context\":\"https:\/\/schema.org\",\"@graph\":[{\"@type\":\"WebPage\",\"@id\":\"https:\/\/staging.lucky-hunter.com\/fr\/product\/avian-x-wigeon-european\/\",\"url\":\"https:\/\/staging.lucky-hunter.com\/fr\/product\/avian-x-wigeon-european\/\",\"name\":\"Avian-X Wigeon (europ\u00e9en) Leurres de haute qualit\u00e9 | Chasseur chanceux\",\"isPartOf\":{\"@id\":\"https:\/\/staging.lucky-hunter.com\/#website\"},\"primaryImageOfPage\":{\"@id\":\"https:\/\/staging.lucky-hunter.com\/fr\/product\/avian-x-wigeon-european\/#primaryimage\"},\"image\":{\"@id\":\"https:\/\/staging.lucky-hunter.com\/fr\/product\/avian-x-wigeon-european\/#primaryimage\"},\"thumbnailUrl\":\"https:\/\/staging.lucky-hunter.com\/wp-content\/uploads\/2017\/03\/LF-335-thumbnail.png\",\"datePublished\":\"2017-03-13T16:33:12+00:00\",\"dateModified\":\"2023-02-01T23:49:56+00:00\",\"description\":\"Surdimensionn\u00e9 pour la visibilit\u00e9. Les leurres Avian-X Wigeon (europ\u00e9ens) sont parfaits pour les chasses aux canards d'automne. Dans la haute qualit\u00e9 que vous attendez d'Avian-X.\",\"breadcrumb\":{\"@id\":\"https:\/\/staging.lucky-hunter.com\/fr\/product\/avian-x-wigeon-european\/#breadcrumb\"},\"inLanguage\":\"fr-FR\",\"potentialAction\":[{\"@type\":\"ReadAction\",\"target\":[\"https:\/\/staging.lucky-hunter.com\/fr\/product\/avian-x-wigeon-european\/\"]}]},{\"@type\":\"ImageObject\",\"inLanguage\":\"fr-FR\",\"@id\":\"https:\/\/staging.lucky-hunter.com\/fr\/product\/avian-x-wigeon-european\/#primaryimage\",\"url\":\"https:\/\/staging.lucky-hunter.com\/wp-content\/uploads\/2017\/03\/LF-335-thumbnail.png\",\"contentUrl\":\"https:\/\/staging.lucky-hunter.com\/wp-content\/uploads\/2017\/03\/LF-335-thumbnail.png\",\"width\":1000,\"height\":1000,\"caption\":\"Avian-X Widgeon (European) - widgeon duck decoys for your next wildfowling trip\"},{\"@type\":\"BreadcrumbList\",\"@id\":\"https:\/\/staging.lucky-hunter.com\/fr\/product\/avian-x-wigeon-european\/#breadcrumb\",\"itemListElement\":[{\"@type\":\"ListItem\",\"position\":1,\"name\":\"Home\",\"item\":\"https:\/\/staging.lucky-hunter.com\/fr\/\"},{\"@type\":\"ListItem\",\"position\":2,\"name\":\"Boutique\",\"item\":\"https:\/\/staging.lucky-hunter.com\/fr\/shop\/\"},{\"@type\":\"ListItem\",\"position\":3,\"name\":\"Canard Siffleur d\u2019Europe Avian-X\"}]},{\"@type\":\"WebSite\",\"@id\":\"https:\/\/staging.lucky-hunter.com\/#website\",\"url\":\"https:\/\/staging.lucky-hunter.com\/\",\"name\":\"Lucky-Hunter\",\"description\":\"Gear Up or Give Up\",\"potentialAction\":[{\"@type\":\"SearchAction\",\"target\":{\"@type\":\"EntryPoint\",\"urlTemplate\":\"https:\/\/staging.lucky-hunter.com\/?s={search_term_string}\"},\"query-input\":{\"@type\":\"PropertyValueSpecification\",\"valueRequired\":true,\"valueName\":\"search_term_string\"}}],\"inLanguage\":\"fr-FR\"}]}<\/script>\n<!-- \/ Yoast SEO plugin. -->","yoast_head_json":{"title":"Avian-X Wigeon (europ\u00e9en) Leurres de haute qualit\u00e9 | Chasseur chanceux","description":"Surdimensionn\u00e9 pour la visibilit\u00e9. Les leurres Avian-X Wigeon (europ\u00e9ens) sont parfaits pour les chasses aux canards d'automne. Dans la haute qualit\u00e9 que vous attendez d'Avian-X.","robots":{"index":"noindex","follow":"follow","max-snippet":"max-snippet:-1","max-image-preview":"max-image-preview:large","max-video-preview":"max-video-preview:-1"},"og_locale":"fr_FR","og_type":"article","og_title":"Avian-X Widgeon (europ\u00e9en) Leurres de haute qualit\u00e9 | Chasseur chanceux","og_description":"Surdimensionn\u00e9 pour la visibilit\u00e9. Les leurres Avian-X Widgeon (europ\u00e9ens) sont parfaits pour les chasses aux canards d'automne. Dans la haute qualit\u00e9 que vous attendez d'Avian-X.","og_url":"https:\/\/staging.lucky-hunter.com\/fr\/product\/avian-x-wigeon-european\/","og_site_name":"Lucky-Hunter","article_modified_time":"2023-02-01T23:49:56+00:00","og_image":[{"width":1000,"height":1000,"url":"https:\/\/staging.lucky-hunter.com\/wp-content\/uploads\/2017\/03\/LF-335-thumbnail.png","type":"image\/png"}],"twitter_card":"summary_large_image","twitter_title":"Avian-X Widgeon (europ\u00e9en) Leurres de haute qualit\u00e9 | Chasseur chanceux","twitter_description":"Surdimensionn\u00e9 pour la visibilit\u00e9. Les leurres Avian-X Widgeon (europ\u00e9ens) sont parfaits pour les chasses aux canards d'automne. Dans la haute qualit\u00e9 que vous attendez d'Avian-X.","twitter_misc":{"Dur\u00e9e de lecture estim\u00e9e":"1 minute"},"schema":{"@context":"https:\/\/schema.org","@graph":[{"@type":"WebPage","@id":"https:\/\/staging.lucky-hunter.com\/fr\/product\/avian-x-wigeon-european\/","url":"https:\/\/staging.lucky-hunter.com\/fr\/product\/avian-x-wigeon-european\/","name":"Avian-X Wigeon (europ\u00e9en) Leurres de haute qualit\u00e9 | Chasseur chanceux","isPartOf":{"@id":"https:\/\/staging.lucky-hunter.com\/#website"},"primaryImageOfPage":{"@id":"https:\/\/staging.lucky-hunter.com\/fr\/product\/avian-x-wigeon-european\/#primaryimage"},"image":{"@id":"https:\/\/staging.lucky-hunter.com\/fr\/product\/avian-x-wigeon-european\/#primaryimage"},"thumbnailUrl":"https:\/\/staging.lucky-hunter.com\/wp-content\/uploads\/2017\/03\/LF-335-thumbnail.png","datePublished":"2017-03-13T16:33:12+00:00","dateModified":"2023-02-01T23:49:56+00:00","description":"Surdimensionn\u00e9 pour la visibilit\u00e9. Les leurres Avian-X Wigeon (europ\u00e9ens) sont parfaits pour les chasses aux canards d'automne. Dans la haute qualit\u00e9 que vous attendez d'Avian-X.","breadcrumb":{"@id":"https:\/\/staging.lucky-hunter.com\/fr\/product\/avian-x-wigeon-european\/#breadcrumb"},"inLanguage":"fr-FR","potentialAction":[{"@type":"ReadAction","target":["https:\/\/staging.lucky-hunter.com\/fr\/product\/avian-x-wigeon-european\/"]}]},{"@type":"ImageObject","inLanguage":"fr-FR","@id":"https:\/\/staging.lucky-hunter.com\/fr\/product\/avian-x-wigeon-european\/#primaryimage","url":"https:\/\/staging.lucky-hunter.com\/wp-content\/uploads\/2017\/03\/LF-335-thumbnail.png","contentUrl":"https:\/\/staging.lucky-hunter.com\/wp-content\/uploads\/2017\/03\/LF-335-thumbnail.png","width":1000,"height":1000,"caption":"Avian-X Widgeon (European) - widgeon duck decoys for your next wildfowling trip"},{"@type":"BreadcrumbList","@id":"https:\/\/staging.lucky-hunter.com\/fr\/product\/avian-x-wigeon-european\/#breadcrumb","itemListElement":[{"@type":"ListItem","position":1,"name":"Home","item":"https:\/\/staging.lucky-hunter.com\/fr\/"},{"@type":"ListItem","position":2,"name":"Boutique","item":"https:\/\/staging.lucky-hunter.com\/fr\/shop\/"},{"@type":"ListItem","position":3,"name":"Canard Siffleur d\u2019Europe Avian-X"}]},{"@type":"WebSite","@id":"https:\/\/staging.lucky-hunter.com\/#website","url":"https:\/\/staging.lucky-hunter.com\/","name":"Lucky-Hunter","description":"Gear Up or Give Up","potentialAction":[{"@type":"SearchAction","target":{"@type":"EntryPoint","urlTemplate":"https:\/\/staging.lucky-hunter.com\/?s={search_term_string}"},"query-input":{"@type":"PropertyValueSpecification","valueRequired":true,"valueName":"search_term_string"}}],"inLanguage":"fr-FR"}]}},"_links":{"self":[{"href":"https:\/\/staging.lucky-hunter.com\/fr\/wp-json\/wp\/v2\/product\/31209"}],"collection":[{"href":"https:\/\/staging.lucky-hunter.com\/fr\/wp-json\/wp\/v2\/product"}],"about":[{"href":"https:\/\/staging.lucky-hunter.com\/fr\/wp-json\/wp\/v2\/types\/product"}],"wp:featuredmedia":[{"embeddable":true,"href":"https:\/\/staging.lucky-hunter.com\/fr\/wp-json\/wp\/v2\/media\/29960"}],"wp:attachment":[{"href":"https:\/\/staging.lucky-hunter.com\/fr\/wp-json\/wp\/v2\/media?parent=31209"}],"wp:term":[{"taxonomy":"product_brand","embeddable":true,"href":"https:\/\/staging.lucky-hunter.com\/fr\/wp-json\/wp\/v2\/product_brand?post=31209"},{"taxonomy":"product_cat","embeddable":true,"href":"https:\/\/staging.lucky-hunter.com\/fr\/wp-json\/wp\/v2\/product_cat?post=31209"},{"taxonomy":"product_tag","embeddable":true,"href":"https:\/\/staging.lucky-hunter.com\/fr\/wp-json\/wp\/v2\/product_tag?post=31209"}],"curies":[{"name":"wp","href":"https:\/\/api.w.org\/{rel}","templated":true}]}}