{"id":31202,"date":"2021-10-04T11:55:58","date_gmt":"2021-10-04T09:55:58","guid":{"rendered":"https:\/\/staging.lucky-hunter.com\/product\/big-als-silhouette-wood-pigeons-x12-2\/"},"modified":"2024-05-01T08:38:54","modified_gmt":"2024-05-01T06:38:54","slug":"big-als-silhouette-wood-pigeons-x12","status":"publish","type":"product","link":"https:\/\/staging.lucky-hunter.com\/fr\/product\/big-als-silhouette-wood-pigeons-x12\/","title":{"rendered":"Formes Silhouettes de Pigeons Ramiers Big Al&#8217;s &#8211; Pack de 12"},"content":{"rendered":"<h1><strong>Formes Silhouette de Pigeons Ramiers Big Al\u2019s<\/strong><\/h1>\n<p>Big Al&#8217;s Decoys USA est l&#8217;un des fabricants leaders de l\u2019industrie des appelants artificiels pour la chasse au canard et \u00e0 l&#8217;oie.<\/p>\n<p>Le gros avantage des formes de type Silhouette, \u00e0 l\u2019instar des Sillosocks, c\u2019est que vous pouvez recr\u00e9er une grande troupe d&#8217;oiseaux en train de se nourrir et de se reposer sans pour autant avoir \u00e0 transporter de nombreux sacs remplis de formes pleines.<\/p>\n<p>Disposez les silhouettes Big Al selon un ordre vari\u00e9 en ajoutant des formes pleines, des coquilles et des Sillosocks. C&#8217;est une technique tr\u00e8s efficace pour augmenter la discr\u00e9tion de votre aff\u00fbt, car les pigeons seront focalis\u00e9s sur le nombre de leurs cong\u00e9n\u00e8res qui se sont pos\u00e9s pour se nourrir.<\/p>\n<p>Assurez-vous de varier l&#8217;angle des silhouettes pour qu\u2019elles soient vues par les pigeons venant de toutes les directions.<\/p>\n<p><strong>Contenu\u00a0:<\/strong><\/p>\n<ul>\n<li>6 Pigeons debout<\/li>\n<li>6 Pigeons en train de se nourrir<\/li>\n<li>12 piquets de montage.<\/li>\n<\/ul>\n<p>Bien qu\u2019elle soient fabriqu\u00e9es dans un mat\u00e9riau tr\u00e8s r\u00e9sistant, les silhouettes peuvent se froisser ou se tordre si elles ne sont pas manipul\u00e9es correctement. Nous vous conseillons de les transporter et de les ranger dans un sac de transport.<\/p>\n<p><strong>\u00c0 propos du fabricant\u00a0: <\/strong><\/p>\n<p>Big Al a grandi dans l&#8217;Ohio, au sein d\u2019une famille passionn\u00e9e de chasse au gibier d\u2019eau. Depuis le d\u00e9but des ann\u00e9es 1970, il chasse et \u00e9tudie ces magnifiques oiseaux et, peu \u00e0 peu, la cr\u00e9ation de blettes r\u00e9alistes est devenue sa grande passion. Par la suite, avec son entreprise, Big Al\u2019s Decoys, il est devenu un acteur majeur de l\u2019industrie des appelants artificiels aux \u00c9tats-Unis, o\u00f9 ses formes silhouettes sont reconnues pour leur tr\u00e8s grande qualit\u00e9 en termes de mat\u00e9riaux, de d\u00e9tails, de couleurs et d\u2019impression.<\/p>\n<p>Aujourd\u2019hui, Big Al continue d\u2019\u00eatre le protagoniste central du processus de conception et d&#8217;impression.<\/p>\n","protected":false},"excerpt":{"rendered":"<p>Gr\u00e2ce aux leurres silhouettes de Big Al, vous pouvez recr\u00e9er un grand nombre de colverts en train de se reposer et de manger dans un champ ou au bord de l&#8217;eau.<\/p>\n","protected":false},"featured_media":30712,"template":"","meta":[],"product_brand":[9641],"product_cat":[8163],"product_tag":[9250],"yoast_head":"<!-- This site is optimized with the Yoast SEO plugin v24.3 - https:\/\/yoast.com\/wordpress\/plugins\/seo\/ -->\n<title>{1&gt;Formes Silhouette de Pigeons Ramiers Big Al\u2019s&lt;1}<\/title>\n<meta name=\"description\" content=\"Gr\u00e2ce aux leurres silhouettes de Big Al, vous pouvez recr\u00e9er un grand nombre de colverts en train de se reposer et de manger dans un champ ou au bord de l&#039;eau. Transport ultra facile.\" \/>\n<meta name=\"robots\" content=\"noindex, follow, max-snippet:-1, max-image-preview:large, max-video-preview:-1\" \/>\n<meta property=\"og:locale\" content=\"fr_FR\" \/>\n<meta property=\"og:type\" content=\"article\" \/>\n<meta property=\"og:title\" content=\"Colverts Silhouette de Big Al - GRANDES nouvelles pour la saison 2019 de la sauvagine | Chasseur chanceux\" \/>\n<meta property=\"og:description\" content=\"Les colverts Big Al&#039;s Silhouette arrivent pour la saison 2019 de la sauvagine! Les leurres Big Al&#039;s Silhouette sont id\u00e9aux pour toutes les situations de gibier \u00e0 plumes.\" \/>\n<meta property=\"og:url\" content=\"https:\/\/staging.lucky-hunter.com\/product\/big-als-silhouette-wood-pigeons-x12\/\" \/>\n<meta property=\"og:site_name\" content=\"Lucky-Hunter\" \/>\n<meta property=\"article:modified_time\" content=\"2024-05-01T06:38:54+00:00\" \/>\n<meta property=\"og:image\" content=\"https:\/\/staging.lucky-hunter.com\/wp-content\/uploads\/2021\/10\/LF-690.png\" \/>\n\t<meta property=\"og:image:width\" content=\"1000\" \/>\n\t<meta property=\"og:image:height\" content=\"1000\" \/>\n\t<meta property=\"og:image:type\" content=\"image\/png\" \/>\n<meta name=\"twitter:card\" content=\"summary_large_image\" \/>\n<meta name=\"twitter:title\" content=\"Colverts Silhouette de Big Al - GRANDES nouvelles pour la saison 2019 de la sauvagine | Chasseur chanceux\" \/>\n<meta name=\"twitter:description\" content=\"Les colverts Big Al&#039;s Silhouette arrivent pour la saison 2019 de la sauvagine! Les leurres Big Al&#039;s Silhouette sont id\u00e9aux pour toutes les situations de gibier \u00e0 plumes.\" \/>\n<meta name=\"twitter:label1\" content=\"Dur\u00e9e de lecture estim\u00e9e\" \/>\n\t<meta name=\"twitter:data1\" content=\"2 minutes\" \/>\n<script type=\"application\/ld+json\" class=\"yoast-schema-graph\">{\"@context\":\"https:\/\/schema.org\",\"@graph\":[{\"@type\":\"WebPage\",\"@id\":\"https:\/\/staging.lucky-hunter.com\/product\/big-als-silhouette-wood-pigeons-x12\/\",\"url\":\"https:\/\/staging.lucky-hunter.com\/product\/big-als-silhouette-wood-pigeons-x12\/\",\"name\":\"{1>Formes Silhouette de Pigeons Ramiers Big Al\u2019s&lt;1}\",\"isPartOf\":{\"@id\":\"https:\/\/staging.lucky-hunter.com\/#website\"},\"primaryImageOfPage\":{\"@id\":\"https:\/\/staging.lucky-hunter.com\/product\/big-als-silhouette-wood-pigeons-x12\/#primaryimage\"},\"image\":{\"@id\":\"https:\/\/staging.lucky-hunter.com\/product\/big-als-silhouette-wood-pigeons-x12\/#primaryimage\"},\"thumbnailUrl\":\"https:\/\/staging.lucky-hunter.com\/wp-content\/uploads\/2021\/10\/LF-690.png\",\"datePublished\":\"2021-10-04T09:55:58+00:00\",\"dateModified\":\"2024-05-01T06:38:54+00:00\",\"description\":\"Gr\u00e2ce aux leurres silhouettes de Big Al, vous pouvez recr\u00e9er un grand nombre de colverts en train de se reposer et de manger dans un champ ou au bord de l'eau. Transport ultra facile.\",\"breadcrumb\":{\"@id\":\"https:\/\/staging.lucky-hunter.com\/product\/big-als-silhouette-wood-pigeons-x12\/#breadcrumb\"},\"inLanguage\":\"fr-FR\",\"potentialAction\":[{\"@type\":\"ReadAction\",\"target\":[\"https:\/\/staging.lucky-hunter.com\/product\/big-als-silhouette-wood-pigeons-x12\/\"]}]},{\"@type\":\"ImageObject\",\"inLanguage\":\"fr-FR\",\"@id\":\"https:\/\/staging.lucky-hunter.com\/product\/big-als-silhouette-wood-pigeons-x12\/#primaryimage\",\"url\":\"https:\/\/staging.lucky-hunter.com\/wp-content\/uploads\/2021\/10\/LF-690.png\",\"contentUrl\":\"https:\/\/staging.lucky-hunter.com\/wp-content\/uploads\/2021\/10\/LF-690.png\",\"width\":1000,\"height\":1000},{\"@type\":\"BreadcrumbList\",\"@id\":\"https:\/\/staging.lucky-hunter.com\/product\/big-als-silhouette-wood-pigeons-x12\/#breadcrumb\",\"itemListElement\":[{\"@type\":\"ListItem\",\"position\":1,\"name\":\"Home\",\"item\":\"https:\/\/staging.lucky-hunter.com\/fr\/\"},{\"@type\":\"ListItem\",\"position\":2,\"name\":\"Boutique\",\"item\":\"https:\/\/staging.lucky-hunter.com\/fr\/shop\/\"},{\"@type\":\"ListItem\",\"position\":3,\"name\":\"Formes Silhouettes de Pigeons Ramiers Big Al&#8217;s &#8211; Pack de 12\"}]},{\"@type\":\"WebSite\",\"@id\":\"https:\/\/staging.lucky-hunter.com\/#website\",\"url\":\"https:\/\/staging.lucky-hunter.com\/\",\"name\":\"Lucky-Hunter\",\"description\":\"Gear Up or Give Up\",\"potentialAction\":[{\"@type\":\"SearchAction\",\"target\":{\"@type\":\"EntryPoint\",\"urlTemplate\":\"https:\/\/staging.lucky-hunter.com\/?s={search_term_string}\"},\"query-input\":{\"@type\":\"PropertyValueSpecification\",\"valueRequired\":true,\"valueName\":\"search_term_string\"}}],\"inLanguage\":\"fr-FR\"}]}<\/script>\n<!-- \/ Yoast SEO plugin. -->","yoast_head_json":{"title":"{1>Formes Silhouette de Pigeons Ramiers Big Al\u2019s&lt;1}","description":"Gr\u00e2ce aux leurres silhouettes de Big Al, vous pouvez recr\u00e9er un grand nombre de colverts en train de se reposer et de manger dans un champ ou au bord de l'eau. Transport ultra facile.","robots":{"index":"noindex","follow":"follow","max-snippet":"max-snippet:-1","max-image-preview":"max-image-preview:large","max-video-preview":"max-video-preview:-1"},"og_locale":"fr_FR","og_type":"article","og_title":"Colverts Silhouette de Big Al - GRANDES nouvelles pour la saison 2019 de la sauvagine | Chasseur chanceux","og_description":"Les colverts Big Al's Silhouette arrivent pour la saison 2019 de la sauvagine! Les leurres Big Al's Silhouette sont id\u00e9aux pour toutes les situations de gibier \u00e0 plumes.","og_url":"https:\/\/staging.lucky-hunter.com\/product\/big-als-silhouette-wood-pigeons-x12\/","og_site_name":"Lucky-Hunter","article_modified_time":"2024-05-01T06:38:54+00:00","og_image":[{"width":1000,"height":1000,"url":"https:\/\/staging.lucky-hunter.com\/wp-content\/uploads\/2021\/10\/LF-690.png","type":"image\/png"}],"twitter_card":"summary_large_image","twitter_title":"Colverts Silhouette de Big Al - GRANDES nouvelles pour la saison 2019 de la sauvagine | Chasseur chanceux","twitter_description":"Les colverts Big Al's Silhouette arrivent pour la saison 2019 de la sauvagine! Les leurres Big Al's Silhouette sont id\u00e9aux pour toutes les situations de gibier \u00e0 plumes.","twitter_misc":{"Dur\u00e9e de lecture estim\u00e9e":"2 minutes"},"schema":{"@context":"https:\/\/schema.org","@graph":[{"@type":"WebPage","@id":"https:\/\/staging.lucky-hunter.com\/product\/big-als-silhouette-wood-pigeons-x12\/","url":"https:\/\/staging.lucky-hunter.com\/product\/big-als-silhouette-wood-pigeons-x12\/","name":"{1>Formes Silhouette de Pigeons Ramiers Big Al\u2019s&lt;1}","isPartOf":{"@id":"https:\/\/staging.lucky-hunter.com\/#website"},"primaryImageOfPage":{"@id":"https:\/\/staging.lucky-hunter.com\/product\/big-als-silhouette-wood-pigeons-x12\/#primaryimage"},"image":{"@id":"https:\/\/staging.lucky-hunter.com\/product\/big-als-silhouette-wood-pigeons-x12\/#primaryimage"},"thumbnailUrl":"https:\/\/staging.lucky-hunter.com\/wp-content\/uploads\/2021\/10\/LF-690.png","datePublished":"2021-10-04T09:55:58+00:00","dateModified":"2024-05-01T06:38:54+00:00","description":"Gr\u00e2ce aux leurres silhouettes de Big Al, vous pouvez recr\u00e9er un grand nombre de colverts en train de se reposer et de manger dans un champ ou au bord de l'eau. Transport ultra facile.","breadcrumb":{"@id":"https:\/\/staging.lucky-hunter.com\/product\/big-als-silhouette-wood-pigeons-x12\/#breadcrumb"},"inLanguage":"fr-FR","potentialAction":[{"@type":"ReadAction","target":["https:\/\/staging.lucky-hunter.com\/product\/big-als-silhouette-wood-pigeons-x12\/"]}]},{"@type":"ImageObject","inLanguage":"fr-FR","@id":"https:\/\/staging.lucky-hunter.com\/product\/big-als-silhouette-wood-pigeons-x12\/#primaryimage","url":"https:\/\/staging.lucky-hunter.com\/wp-content\/uploads\/2021\/10\/LF-690.png","contentUrl":"https:\/\/staging.lucky-hunter.com\/wp-content\/uploads\/2021\/10\/LF-690.png","width":1000,"height":1000},{"@type":"BreadcrumbList","@id":"https:\/\/staging.lucky-hunter.com\/product\/big-als-silhouette-wood-pigeons-x12\/#breadcrumb","itemListElement":[{"@type":"ListItem","position":1,"name":"Home","item":"https:\/\/staging.lucky-hunter.com\/fr\/"},{"@type":"ListItem","position":2,"name":"Boutique","item":"https:\/\/staging.lucky-hunter.com\/fr\/shop\/"},{"@type":"ListItem","position":3,"name":"Formes Silhouettes de Pigeons Ramiers Big Al&#8217;s &#8211; Pack de 12"}]},{"@type":"WebSite","@id":"https:\/\/staging.lucky-hunter.com\/#website","url":"https:\/\/staging.lucky-hunter.com\/","name":"Lucky-Hunter","description":"Gear Up or Give Up","potentialAction":[{"@type":"SearchAction","target":{"@type":"EntryPoint","urlTemplate":"https:\/\/staging.lucky-hunter.com\/?s={search_term_string}"},"query-input":{"@type":"PropertyValueSpecification","valueRequired":true,"valueName":"search_term_string"}}],"inLanguage":"fr-FR"}]}},"_links":{"self":[{"href":"https:\/\/staging.lucky-hunter.com\/fr\/wp-json\/wp\/v2\/product\/31202"}],"collection":[{"href":"https:\/\/staging.lucky-hunter.com\/fr\/wp-json\/wp\/v2\/product"}],"about":[{"href":"https:\/\/staging.lucky-hunter.com\/fr\/wp-json\/wp\/v2\/types\/product"}],"wp:featuredmedia":[{"embeddable":true,"href":"https:\/\/staging.lucky-hunter.com\/fr\/wp-json\/wp\/v2\/media\/30712"}],"wp:attachment":[{"href":"https:\/\/staging.lucky-hunter.com\/fr\/wp-json\/wp\/v2\/media?parent=31202"}],"wp:term":[{"taxonomy":"product_brand","embeddable":true,"href":"https:\/\/staging.lucky-hunter.com\/fr\/wp-json\/wp\/v2\/product_brand?post=31202"},{"taxonomy":"product_cat","embeddable":true,"href":"https:\/\/staging.lucky-hunter.com\/fr\/wp-json\/wp\/v2\/product_cat?post=31202"},{"taxonomy":"product_tag","embeddable":true,"href":"https:\/\/staging.lucky-hunter.com\/fr\/wp-json\/wp\/v2\/product_tag?post=31202"}],"curies":[{"name":"wp","href":"https:\/\/api.w.org\/{rel}","templated":true}]}}