{"id":31197,"date":"2021-10-04T12:35:02","date_gmt":"2021-10-04T10:35:02","guid":{"rendered":"https:\/\/staging.lucky-hunter.com\/product\/big-als-silhouette-swans-x4in-a-pack-2\/"},"modified":"2023-03-15T10:42:24","modified_gmt":"2023-03-15T09:42:24","slug":"big-als-silhouette-swans-x4in-a-pack","status":"publish","type":"product","link":"https:\/\/staging.lucky-hunter.com\/fr\/product\/big-als-silhouette-swans-x4in-a-pack\/","title":{"rendered":"Formes Silhouettes de Cygnes Big Al\u2019s &#8211; Pack de 4"},"content":{"rendered":"<p><iframe title=\"Big Al\u2019s Silhouette Swans | Decoys for goose hunting\" width=\"1020\" height=\"574\" src=\"https:\/\/www.youtube.com\/embed\/iI7-GizJ-3Q?wmode=transparent&amp;rel=0&amp;feature=oembed&#038;enablejsapi=1&#038;origin=https:\/\/staging.lucky-hunter.com\" frameborder=\"0\" allow=\"accelerometer; autoplay; clipboard-write; encrypted-media; gyroscope; picture-in-picture; web-share\" allowfullscreen><\/iframe><\/p>\n<h1><strong>Formes Silhouettes de Cygnes Big Al\u2019s<\/strong><\/h1>\n<p>Big Al&#8217;s Decoys USA est l&#8217;un des fabricants leaders de l\u2019industrie des appelants artificiels pour la chasse au canard et \u00e0 l&#8217;oie.<\/p>\n<p>Le gros avantage des formes de type Silhouette, c\u2019est que vous pouvez recr\u00e9er un grand groupe d&#8217;oiseaux en train de se nourrir et de se reposer sans pour autant avoir \u00e0 transporter de nombreux sacs remplis de formes pleines.<\/p>\n<p>Disposez les silhouettes Big Al selon un ordre vari\u00e9 en ajoutant des formes pleines, des coquilles et des Sillosocks. C&#8217;est une technique tr\u00e8s efficace pour augmenter la discr\u00e9tion de votre aff\u00fbt, car les oies seront focalis\u00e9es sur le nombre de cygnes et d\u2019oies qui se sont pos\u00e9s dans le champ pour se nourrir.<\/p>\n<p>De plus, la couleur blanche du cygne est naturellement voyante et signale aux oies qu\u2019elles peuvent calmement s&#8217;installer ici.<\/p>\n<p>Assurez-vous de varier l&#8217;angle des silhouettes pour qu\u2019elles soient vues par les oies venant de toutes les directions.<\/p>\n<p><strong>Contenu\u00a0:<\/strong><\/p>\n<ul>\n<li>2 Cygnes assis<\/li>\n<li>2 Cygnes debout<\/li>\n<li>4 piquets de montage.<\/li>\n<\/ul>\n<p>Bien qu\u2019elle soient fabriqu\u00e9es dans un mat\u00e9riau tr\u00e8s r\u00e9sistant, les silhouettes peuvent se froisser ou se tordre si elles ne sont pas manipul\u00e9es correctement. Nous vous conseillons de les transporter et de les ranger dans un sac de transport.<\/p>\n<p><strong>\u00c0 propos du fabricant\u00a0: <\/strong><\/p>\n<p>Big Al a grandi dans l&#8217;Ohio, au sein d\u2019une famille passionn\u00e9e de chasse au gibier d\u2019eau. Depuis le d\u00e9but des ann\u00e9es 1970, il chasse et \u00e9tudie ces magnifiques oiseaux et, peu \u00e0 peu, la cr\u00e9ation de blettes r\u00e9alistes est devenue sa grande passion. Par la suite, avec son entreprise, Big Al\u2019s Decoys, il est devenu un acteur majeur de l\u2019industrie des appelants artificiels aux \u00c9tats-Unis, o\u00f9 ses formes silhouettes sont reconnues pour leur tr\u00e8s grande qualit\u00e9 en termes de mat\u00e9riaux, de d\u00e9tails, de couleurs et d\u2019impression.<\/p>\n<p>Aujourd\u2019hui, Big Al continue d\u2019\u00eatre le protagoniste central du processus de conception et d&#8217;impression.<\/p>\n","protected":false},"excerpt":{"rendered":"<p>Gr\u00e2ce aux leurres silhouettes de Big Al, vous pouvez recr\u00e9er un grand nombre de colverts en train de se reposer et de manger dans un champ ou au bord de l&#8217;eau.<\/p>\n","protected":false},"featured_media":30360,"template":"","meta":[],"product_brand":[8135],"product_cat":[9327],"product_tag":[9446],"yoast_head":"<!-- This site is optimized with the Yoast SEO plugin v24.3 - https:\/\/yoast.com\/wordpress\/plugins\/seo\/ -->\n<title>Big Al&#039;s Silhouette Mallards - | Lucky Hunter<\/title>\n<meta name=\"description\" content=\"With Big Al\u00b4s silhouette decoys, you can recreate a large number of mallards resting and eating on the field or the edge of the water.\" \/>\n<meta name=\"robots\" content=\"noindex, follow, max-snippet:-1, max-image-preview:large, max-video-preview:-1\" \/>\n<meta property=\"og:locale\" content=\"fr_FR\" \/>\n<meta property=\"og:type\" content=\"article\" \/>\n<meta property=\"og:title\" content=\"Big Al&#039;s Silhouette Mallards - BIG News for 2019 Wildfowl Season | Lucky Hunter\" \/>\n<meta property=\"og:description\" content=\"Big Al&#039;s Silhouette Mallards are coming for the 2019 wildfowl season! Big Al&#039;s Silhouette decoys are ideal for all wildfowl situations.\" \/>\n<meta property=\"og:url\" content=\"https:\/\/staging.lucky-hunter.com\/product\/big-als-silhouette-swans-x4in-a-pack\/\" \/>\n<meta property=\"og:site_name\" content=\"Lucky-Hunter\" \/>\n<meta property=\"article:modified_time\" content=\"2023-03-15T09:42:24+00:00\" \/>\n<meta property=\"og:image\" content=\"https:\/\/staging.lucky-hunter.com\/wp-content\/uploads\/2021\/10\/LF-610-C.png\" \/>\n\t<meta property=\"og:image:width\" content=\"1000\" \/>\n\t<meta property=\"og:image:height\" content=\"1000\" \/>\n\t<meta property=\"og:image:type\" content=\"image\/png\" \/>\n<meta name=\"twitter:card\" content=\"summary_large_image\" \/>\n<meta name=\"twitter:title\" content=\"Big Al&#039;s Silhouette Mallards - BIG News for 2019 Wildfowl Season | Lucky Hunter\" \/>\n<meta name=\"twitter:description\" content=\"Big Al&#039;s Silhouette Mallards are coming for the 2019 wildfowl season! Big Al&#039;s Silhouette decoys are ideal for all wildfowl situations.\" \/>\n<meta name=\"twitter:label1\" content=\"Dur\u00e9e de lecture estim\u00e9e\" \/>\n\t<meta name=\"twitter:data1\" content=\"2 minutes\" \/>\n<script type=\"application\/ld+json\" class=\"yoast-schema-graph\">{\"@context\":\"https:\/\/schema.org\",\"@graph\":[{\"@type\":\"WebPage\",\"@id\":\"https:\/\/staging.lucky-hunter.com\/product\/big-als-silhouette-swans-x4in-a-pack\/\",\"url\":\"https:\/\/staging.lucky-hunter.com\/product\/big-als-silhouette-swans-x4in-a-pack\/\",\"name\":\"Big Al's Silhouette Mallards - | Lucky Hunter\",\"isPartOf\":{\"@id\":\"https:\/\/staging.lucky-hunter.com\/#website\"},\"primaryImageOfPage\":{\"@id\":\"https:\/\/staging.lucky-hunter.com\/product\/big-als-silhouette-swans-x4in-a-pack\/#primaryimage\"},\"image\":{\"@id\":\"https:\/\/staging.lucky-hunter.com\/product\/big-als-silhouette-swans-x4in-a-pack\/#primaryimage\"},\"thumbnailUrl\":\"https:\/\/staging.lucky-hunter.com\/wp-content\/uploads\/2021\/10\/LF-610-C.png\",\"datePublished\":\"2021-10-04T10:35:02+00:00\",\"dateModified\":\"2023-03-15T09:42:24+00:00\",\"description\":\"With Big Al\u00b4s silhouette decoys, you can recreate a large number of mallards resting and eating on the field or the edge of the water.\",\"breadcrumb\":{\"@id\":\"https:\/\/staging.lucky-hunter.com\/product\/big-als-silhouette-swans-x4in-a-pack\/#breadcrumb\"},\"inLanguage\":\"fr-FR\",\"potentialAction\":[{\"@type\":\"ReadAction\",\"target\":[\"https:\/\/staging.lucky-hunter.com\/product\/big-als-silhouette-swans-x4in-a-pack\/\"]}]},{\"@type\":\"ImageObject\",\"inLanguage\":\"fr-FR\",\"@id\":\"https:\/\/staging.lucky-hunter.com\/product\/big-als-silhouette-swans-x4in-a-pack\/#primaryimage\",\"url\":\"https:\/\/staging.lucky-hunter.com\/wp-content\/uploads\/2021\/10\/LF-610-C.png\",\"contentUrl\":\"https:\/\/staging.lucky-hunter.com\/wp-content\/uploads\/2021\/10\/LF-610-C.png\",\"width\":1000,\"height\":1000},{\"@type\":\"BreadcrumbList\",\"@id\":\"https:\/\/staging.lucky-hunter.com\/product\/big-als-silhouette-swans-x4in-a-pack\/#breadcrumb\",\"itemListElement\":[{\"@type\":\"ListItem\",\"position\":1,\"name\":\"Home\",\"item\":\"https:\/\/staging.lucky-hunter.com\/fr\/\"},{\"@type\":\"ListItem\",\"position\":2,\"name\":\"Boutique\",\"item\":\"https:\/\/staging.lucky-hunter.com\/fr\/shop\/\"},{\"@type\":\"ListItem\",\"position\":3,\"name\":\"Formes Silhouettes de Cygnes Big Al\u2019s &#8211; Pack de 4\"}]},{\"@type\":\"WebSite\",\"@id\":\"https:\/\/staging.lucky-hunter.com\/#website\",\"url\":\"https:\/\/staging.lucky-hunter.com\/\",\"name\":\"Lucky-Hunter\",\"description\":\"Gear Up or Give Up\",\"potentialAction\":[{\"@type\":\"SearchAction\",\"target\":{\"@type\":\"EntryPoint\",\"urlTemplate\":\"https:\/\/staging.lucky-hunter.com\/?s={search_term_string}\"},\"query-input\":{\"@type\":\"PropertyValueSpecification\",\"valueRequired\":true,\"valueName\":\"search_term_string\"}}],\"inLanguage\":\"fr-FR\"}]}<\/script>\n<!-- \/ Yoast SEO plugin. -->","yoast_head_json":{"title":"Big Al's Silhouette Mallards - | Lucky Hunter","description":"With Big Al\u00b4s silhouette decoys, you can recreate a large number of mallards resting and eating on the field or the edge of the water.","robots":{"index":"noindex","follow":"follow","max-snippet":"max-snippet:-1","max-image-preview":"max-image-preview:large","max-video-preview":"max-video-preview:-1"},"og_locale":"fr_FR","og_type":"article","og_title":"Big Al's Silhouette Mallards - BIG News for 2019 Wildfowl Season | Lucky Hunter","og_description":"Big Al's Silhouette Mallards are coming for the 2019 wildfowl season! Big Al's Silhouette decoys are ideal for all wildfowl situations.","og_url":"https:\/\/staging.lucky-hunter.com\/product\/big-als-silhouette-swans-x4in-a-pack\/","og_site_name":"Lucky-Hunter","article_modified_time":"2023-03-15T09:42:24+00:00","og_image":[{"width":1000,"height":1000,"url":"https:\/\/staging.lucky-hunter.com\/wp-content\/uploads\/2021\/10\/LF-610-C.png","type":"image\/png"}],"twitter_card":"summary_large_image","twitter_title":"Big Al's Silhouette Mallards - BIG News for 2019 Wildfowl Season | Lucky Hunter","twitter_description":"Big Al's Silhouette Mallards are coming for the 2019 wildfowl season! Big Al's Silhouette decoys are ideal for all wildfowl situations.","twitter_misc":{"Dur\u00e9e de lecture estim\u00e9e":"2 minutes"},"schema":{"@context":"https:\/\/schema.org","@graph":[{"@type":"WebPage","@id":"https:\/\/staging.lucky-hunter.com\/product\/big-als-silhouette-swans-x4in-a-pack\/","url":"https:\/\/staging.lucky-hunter.com\/product\/big-als-silhouette-swans-x4in-a-pack\/","name":"Big Al's Silhouette Mallards - | Lucky Hunter","isPartOf":{"@id":"https:\/\/staging.lucky-hunter.com\/#website"},"primaryImageOfPage":{"@id":"https:\/\/staging.lucky-hunter.com\/product\/big-als-silhouette-swans-x4in-a-pack\/#primaryimage"},"image":{"@id":"https:\/\/staging.lucky-hunter.com\/product\/big-als-silhouette-swans-x4in-a-pack\/#primaryimage"},"thumbnailUrl":"https:\/\/staging.lucky-hunter.com\/wp-content\/uploads\/2021\/10\/LF-610-C.png","datePublished":"2021-10-04T10:35:02+00:00","dateModified":"2023-03-15T09:42:24+00:00","description":"With Big Al\u00b4s silhouette decoys, you can recreate a large number of mallards resting and eating on the field or the edge of the water.","breadcrumb":{"@id":"https:\/\/staging.lucky-hunter.com\/product\/big-als-silhouette-swans-x4in-a-pack\/#breadcrumb"},"inLanguage":"fr-FR","potentialAction":[{"@type":"ReadAction","target":["https:\/\/staging.lucky-hunter.com\/product\/big-als-silhouette-swans-x4in-a-pack\/"]}]},{"@type":"ImageObject","inLanguage":"fr-FR","@id":"https:\/\/staging.lucky-hunter.com\/product\/big-als-silhouette-swans-x4in-a-pack\/#primaryimage","url":"https:\/\/staging.lucky-hunter.com\/wp-content\/uploads\/2021\/10\/LF-610-C.png","contentUrl":"https:\/\/staging.lucky-hunter.com\/wp-content\/uploads\/2021\/10\/LF-610-C.png","width":1000,"height":1000},{"@type":"BreadcrumbList","@id":"https:\/\/staging.lucky-hunter.com\/product\/big-als-silhouette-swans-x4in-a-pack\/#breadcrumb","itemListElement":[{"@type":"ListItem","position":1,"name":"Home","item":"https:\/\/staging.lucky-hunter.com\/fr\/"},{"@type":"ListItem","position":2,"name":"Boutique","item":"https:\/\/staging.lucky-hunter.com\/fr\/shop\/"},{"@type":"ListItem","position":3,"name":"Formes Silhouettes de Cygnes Big Al\u2019s &#8211; Pack de 4"}]},{"@type":"WebSite","@id":"https:\/\/staging.lucky-hunter.com\/#website","url":"https:\/\/staging.lucky-hunter.com\/","name":"Lucky-Hunter","description":"Gear Up or Give Up","potentialAction":[{"@type":"SearchAction","target":{"@type":"EntryPoint","urlTemplate":"https:\/\/staging.lucky-hunter.com\/?s={search_term_string}"},"query-input":{"@type":"PropertyValueSpecification","valueRequired":true,"valueName":"search_term_string"}}],"inLanguage":"fr-FR"}]}},"_links":{"self":[{"href":"https:\/\/staging.lucky-hunter.com\/fr\/wp-json\/wp\/v2\/product\/31197"}],"collection":[{"href":"https:\/\/staging.lucky-hunter.com\/fr\/wp-json\/wp\/v2\/product"}],"about":[{"href":"https:\/\/staging.lucky-hunter.com\/fr\/wp-json\/wp\/v2\/types\/product"}],"wp:featuredmedia":[{"embeddable":true,"href":"https:\/\/staging.lucky-hunter.com\/fr\/wp-json\/wp\/v2\/media\/30360"}],"wp:attachment":[{"href":"https:\/\/staging.lucky-hunter.com\/fr\/wp-json\/wp\/v2\/media?parent=31197"}],"wp:term":[{"taxonomy":"product_brand","embeddable":true,"href":"https:\/\/staging.lucky-hunter.com\/fr\/wp-json\/wp\/v2\/product_brand?post=31197"},{"taxonomy":"product_cat","embeddable":true,"href":"https:\/\/staging.lucky-hunter.com\/fr\/wp-json\/wp\/v2\/product_cat?post=31197"},{"taxonomy":"product_tag","embeddable":true,"href":"https:\/\/staging.lucky-hunter.com\/fr\/wp-json\/wp\/v2\/product_tag?post=31197"}],"curies":[{"name":"wp","href":"https:\/\/api.w.org\/{rel}","templated":true}]}}