{"id":31179,"date":"2021-05-14T10:59:27","date_gmt":"2021-05-14T08:59:27","guid":{"rendered":"https:\/\/staging.lucky-hunter.com\/product\/rigem-right-x-factor-layout-blind-2\/"},"modified":"2022-11-15T15:46:34","modified_gmt":"2022-11-15T14:46:34","slug":"rigem-right-x-factor-layout-blind","status":"publish","type":"product","link":"https:\/\/staging.lucky-hunter.com\/fr\/product\/rigem-right-x-factor-layout-blind\/","title":{"rendered":"Aff\u00fbt Couch\u00e9 Rig\u00b4Em Right X-Factor"},"content":{"rendered":"<h2><strong>Aff\u00fbt couch\u00e9 haut de gamme avec dossier et appui-t\u00eate multicouches et rembourr\u00e9s<\/strong><\/h2>\n<p>L\u2019aff\u00fbt couch\u00e9 X-Factor de Rig&#8217;Em Right est con\u00e7u pour \u00eatre r\u00e9sistant et durable sans pour autant compromettre le confort et la fonctionnalit\u00e9.<\/p>\n<p>Gr\u00e2ce au design sans fioritures de son armature en acier, cet aff\u00fbt r\u00e9sistera \u00e0 toutes les \u00e9preuves que peut lui faire subir un guide chevronn\u00e9 de la chasse au gibier d\u2019eau. Il est dot\u00e9 d&#8217;un dossier et d&#8217;un appui-t\u00eate multicouches et rembourr\u00e9s pour plus de confort, d&#8217;un int\u00e9rieur spacieux pour la mobilit\u00e9 et le rangement, de trous parfaitement plac\u00e9s pour les drapeaux, d&#8217;un sac pour les pieds avec fermeture \u00e9clair pour un nettoyage facile, et de nombreuses sangles \u00e0 v\u00e9g\u00e9tation pour vous aider \u00e0 vous cacher.<\/p>\n<p><strong>Maintenant disponible avec le camouflage Gore\u00ae Optifade\u00ae Marsh, qui est aussi utilis\u00e9 par Sitka Gear.<\/strong><\/p>\n<ul>\n<li>Armature r\u00e9sistante en m\u00e9tal et tiges en acier pour des ann\u00e9es d&#8217;utilisation<\/li>\n<li>Design au profil surbaiss\u00e9 pour une dissimulation facile et des ombres r\u00e9duites<\/li>\n<li>Si\u00e8ge, dossier et appui-t\u00eate multicouches et rembourr\u00e9s pour plus de confort et de chaleur<\/li>\n<li>Grand sac confortable pour les pieds avec acc\u00e8s \u00e0 fermeture \u00e9clair pour le nettoyage<\/li>\n<li>Fond robuste et durable pour une utilisation rude et une longue dur\u00e9e de vie<\/li>\n<li>Trous faciles d&#8217;acc\u00e8s pour les drapeaux et \u00e9cran facial transparent<\/li>\n<li>Bandouli\u00e8re amovible<\/li>\n<li>Pli\u00e9: 130 x 94 x 10 cm<\/li>\n<li>Install\u00e9 : 214 x 94 x 43 cm<\/li>\n<li>Poids\u00a0: 9 kg.<\/li>\n<\/ul>\n","protected":false},"excerpt":{"rendered":"<p>Le nouvel aff\u00fbt couch\u00e9 X-Factor de Rig&#8217;Em Right est con\u00e7u pour \u00eatre r\u00e9sistant et durable sans pour autant compromettre le confort et la fonctionnalit\u00e9. Maintenant disponible avec le camouflage Gore\u00ae Optifade\u00ae Marsh, qui est aussi utilis\u00e9 par Sitka Gear.<\/p>\n","protected":false},"featured_media":30185,"template":"","meta":[],"product_brand":[8127],"product_cat":[8161],"product_tag":[9446],"yoast_head":"<!-- This site is optimized with the Yoast SEO plugin v24.3 - https:\/\/yoast.com\/wordpress\/plugins\/seo\/ -->\n<title>Rig\u00b4Em Right X-Factor Layout Blind - Optifade Marsh camo also used by Sitka Gear<\/title>\n<meta name=\"description\" content=\"Rig&#039;Em Right\u00b4s X-Factor Layout Blind is built for strength and durability without compromising comfort and function.\" \/>\n<meta name=\"robots\" content=\"noindex, follow, max-snippet:-1, max-image-preview:large, max-video-preview:-1\" \/>\n<meta property=\"og:locale\" content=\"fr_FR\" \/>\n<meta property=\"og:type\" content=\"article\" \/>\n<meta property=\"og:title\" content=\"Rig\u00b4Em Right X-Factor Layout Blind - Optifade Marsh camo also used by Sitka Gear\" \/>\n<meta property=\"og:description\" content=\"Rig&#039;Em Right\u00b4s X-Factor Layout Blind is built for strength and durability without compromising comfort and function.\" \/>\n<meta property=\"og:url\" content=\"https:\/\/staging.lucky-hunter.com\/fr\/product\/rigem-right-x-factor-layout-blind\/\" \/>\n<meta property=\"og:site_name\" content=\"Lucky-Hunter\" \/>\n<meta property=\"article:modified_time\" content=\"2022-11-15T14:46:34+00:00\" \/>\n<meta property=\"og:image\" content=\"https:\/\/staging.lucky-hunter.com\/wp-content\/uploads\/2021\/05\/LS-212.png\" \/>\n\t<meta property=\"og:image:width\" content=\"1000\" \/>\n\t<meta property=\"og:image:height\" content=\"1000\" \/>\n\t<meta property=\"og:image:type\" content=\"image\/png\" \/>\n<meta name=\"twitter:card\" content=\"summary_large_image\" \/>\n<meta name=\"twitter:label1\" content=\"Dur\u00e9e de lecture estim\u00e9e\" \/>\n\t<meta name=\"twitter:data1\" content=\"2 minutes\" \/>\n<script type=\"application\/ld+json\" class=\"yoast-schema-graph\">{\"@context\":\"https:\/\/schema.org\",\"@graph\":[{\"@type\":\"WebPage\",\"@id\":\"https:\/\/staging.lucky-hunter.com\/fr\/product\/rigem-right-x-factor-layout-blind\/\",\"url\":\"https:\/\/staging.lucky-hunter.com\/fr\/product\/rigem-right-x-factor-layout-blind\/\",\"name\":\"Rig\u00b4Em Right X-Factor Layout Blind - Optifade Marsh camo also used by Sitka Gear\",\"isPartOf\":{\"@id\":\"https:\/\/staging.lucky-hunter.com\/#website\"},\"primaryImageOfPage\":{\"@id\":\"https:\/\/staging.lucky-hunter.com\/fr\/product\/rigem-right-x-factor-layout-blind\/#primaryimage\"},\"image\":{\"@id\":\"https:\/\/staging.lucky-hunter.com\/fr\/product\/rigem-right-x-factor-layout-blind\/#primaryimage\"},\"thumbnailUrl\":\"https:\/\/staging.lucky-hunter.com\/wp-content\/uploads\/2021\/05\/LS-212.png\",\"datePublished\":\"2021-05-14T08:59:27+00:00\",\"dateModified\":\"2022-11-15T14:46:34+00:00\",\"description\":\"Rig'Em Right\u00b4s X-Factor Layout Blind is built for strength and durability without compromising comfort and function.\",\"breadcrumb\":{\"@id\":\"https:\/\/staging.lucky-hunter.com\/fr\/product\/rigem-right-x-factor-layout-blind\/#breadcrumb\"},\"inLanguage\":\"fr-FR\",\"potentialAction\":[{\"@type\":\"ReadAction\",\"target\":[\"https:\/\/staging.lucky-hunter.com\/fr\/product\/rigem-right-x-factor-layout-blind\/\"]}]},{\"@type\":\"ImageObject\",\"inLanguage\":\"fr-FR\",\"@id\":\"https:\/\/staging.lucky-hunter.com\/fr\/product\/rigem-right-x-factor-layout-blind\/#primaryimage\",\"url\":\"https:\/\/staging.lucky-hunter.com\/wp-content\/uploads\/2021\/05\/LS-212.png\",\"contentUrl\":\"https:\/\/staging.lucky-hunter.com\/wp-content\/uploads\/2021\/05\/LS-212.png\",\"width\":1000,\"height\":1000},{\"@type\":\"BreadcrumbList\",\"@id\":\"https:\/\/staging.lucky-hunter.com\/fr\/product\/rigem-right-x-factor-layout-blind\/#breadcrumb\",\"itemListElement\":[{\"@type\":\"ListItem\",\"position\":1,\"name\":\"Home\",\"item\":\"https:\/\/staging.lucky-hunter.com\/fr\/\"},{\"@type\":\"ListItem\",\"position\":2,\"name\":\"Boutique\",\"item\":\"https:\/\/staging.lucky-hunter.com\/fr\/shop\/\"},{\"@type\":\"ListItem\",\"position\":3,\"name\":\"Aff\u00fbt Couch\u00e9 Rig\u00b4Em Right X-Factor\"}]},{\"@type\":\"WebSite\",\"@id\":\"https:\/\/staging.lucky-hunter.com\/#website\",\"url\":\"https:\/\/staging.lucky-hunter.com\/\",\"name\":\"Lucky-Hunter\",\"description\":\"Gear Up or Give Up\",\"potentialAction\":[{\"@type\":\"SearchAction\",\"target\":{\"@type\":\"EntryPoint\",\"urlTemplate\":\"https:\/\/staging.lucky-hunter.com\/?s={search_term_string}\"},\"query-input\":{\"@type\":\"PropertyValueSpecification\",\"valueRequired\":true,\"valueName\":\"search_term_string\"}}],\"inLanguage\":\"fr-FR\"}]}<\/script>\n<!-- \/ Yoast SEO plugin. -->","yoast_head_json":{"title":"Rig\u00b4Em Right X-Factor Layout Blind - Optifade Marsh camo also used by Sitka Gear","description":"Rig'Em Right\u00b4s X-Factor Layout Blind is built for strength and durability without compromising comfort and function.","robots":{"index":"noindex","follow":"follow","max-snippet":"max-snippet:-1","max-image-preview":"max-image-preview:large","max-video-preview":"max-video-preview:-1"},"og_locale":"fr_FR","og_type":"article","og_title":"Rig\u00b4Em Right X-Factor Layout Blind - Optifade Marsh camo also used by Sitka Gear","og_description":"Rig'Em Right\u00b4s X-Factor Layout Blind is built for strength and durability without compromising comfort and function.","og_url":"https:\/\/staging.lucky-hunter.com\/fr\/product\/rigem-right-x-factor-layout-blind\/","og_site_name":"Lucky-Hunter","article_modified_time":"2022-11-15T14:46:34+00:00","og_image":[{"width":1000,"height":1000,"url":"https:\/\/staging.lucky-hunter.com\/wp-content\/uploads\/2021\/05\/LS-212.png","type":"image\/png"}],"twitter_card":"summary_large_image","twitter_misc":{"Dur\u00e9e de lecture estim\u00e9e":"2 minutes"},"schema":{"@context":"https:\/\/schema.org","@graph":[{"@type":"WebPage","@id":"https:\/\/staging.lucky-hunter.com\/fr\/product\/rigem-right-x-factor-layout-blind\/","url":"https:\/\/staging.lucky-hunter.com\/fr\/product\/rigem-right-x-factor-layout-blind\/","name":"Rig\u00b4Em Right X-Factor Layout Blind - Optifade Marsh camo also used by Sitka Gear","isPartOf":{"@id":"https:\/\/staging.lucky-hunter.com\/#website"},"primaryImageOfPage":{"@id":"https:\/\/staging.lucky-hunter.com\/fr\/product\/rigem-right-x-factor-layout-blind\/#primaryimage"},"image":{"@id":"https:\/\/staging.lucky-hunter.com\/fr\/product\/rigem-right-x-factor-layout-blind\/#primaryimage"},"thumbnailUrl":"https:\/\/staging.lucky-hunter.com\/wp-content\/uploads\/2021\/05\/LS-212.png","datePublished":"2021-05-14T08:59:27+00:00","dateModified":"2022-11-15T14:46:34+00:00","description":"Rig'Em Right\u00b4s X-Factor Layout Blind is built for strength and durability without compromising comfort and function.","breadcrumb":{"@id":"https:\/\/staging.lucky-hunter.com\/fr\/product\/rigem-right-x-factor-layout-blind\/#breadcrumb"},"inLanguage":"fr-FR","potentialAction":[{"@type":"ReadAction","target":["https:\/\/staging.lucky-hunter.com\/fr\/product\/rigem-right-x-factor-layout-blind\/"]}]},{"@type":"ImageObject","inLanguage":"fr-FR","@id":"https:\/\/staging.lucky-hunter.com\/fr\/product\/rigem-right-x-factor-layout-blind\/#primaryimage","url":"https:\/\/staging.lucky-hunter.com\/wp-content\/uploads\/2021\/05\/LS-212.png","contentUrl":"https:\/\/staging.lucky-hunter.com\/wp-content\/uploads\/2021\/05\/LS-212.png","width":1000,"height":1000},{"@type":"BreadcrumbList","@id":"https:\/\/staging.lucky-hunter.com\/fr\/product\/rigem-right-x-factor-layout-blind\/#breadcrumb","itemListElement":[{"@type":"ListItem","position":1,"name":"Home","item":"https:\/\/staging.lucky-hunter.com\/fr\/"},{"@type":"ListItem","position":2,"name":"Boutique","item":"https:\/\/staging.lucky-hunter.com\/fr\/shop\/"},{"@type":"ListItem","position":3,"name":"Aff\u00fbt Couch\u00e9 Rig\u00b4Em Right X-Factor"}]},{"@type":"WebSite","@id":"https:\/\/staging.lucky-hunter.com\/#website","url":"https:\/\/staging.lucky-hunter.com\/","name":"Lucky-Hunter","description":"Gear Up or Give Up","potentialAction":[{"@type":"SearchAction","target":{"@type":"EntryPoint","urlTemplate":"https:\/\/staging.lucky-hunter.com\/?s={search_term_string}"},"query-input":{"@type":"PropertyValueSpecification","valueRequired":true,"valueName":"search_term_string"}}],"inLanguage":"fr-FR"}]}},"_links":{"self":[{"href":"https:\/\/staging.lucky-hunter.com\/fr\/wp-json\/wp\/v2\/product\/31179"}],"collection":[{"href":"https:\/\/staging.lucky-hunter.com\/fr\/wp-json\/wp\/v2\/product"}],"about":[{"href":"https:\/\/staging.lucky-hunter.com\/fr\/wp-json\/wp\/v2\/types\/product"}],"wp:featuredmedia":[{"embeddable":true,"href":"https:\/\/staging.lucky-hunter.com\/fr\/wp-json\/wp\/v2\/media\/30185"}],"wp:attachment":[{"href":"https:\/\/staging.lucky-hunter.com\/fr\/wp-json\/wp\/v2\/media?parent=31179"}],"wp:term":[{"taxonomy":"product_brand","embeddable":true,"href":"https:\/\/staging.lucky-hunter.com\/fr\/wp-json\/wp\/v2\/product_brand?post=31179"},{"taxonomy":"product_cat","embeddable":true,"href":"https:\/\/staging.lucky-hunter.com\/fr\/wp-json\/wp\/v2\/product_cat?post=31179"},{"taxonomy":"product_tag","embeddable":true,"href":"https:\/\/staging.lucky-hunter.com\/fr\/wp-json\/wp\/v2\/product_tag?post=31179"}],"curies":[{"name":"wp","href":"https:\/\/api.w.org\/{rel}","templated":true}]}}