{"id":31178,"date":"2021-05-02T10:03:18","date_gmt":"2021-05-02T08:03:18","guid":{"rendered":"https:\/\/staging.lucky-hunter.com\/?post_type=product&#038;p=31178"},"modified":"2022-11-15T15:49:39","modified_gmt":"2022-11-15T14:49:39","slug":"final-approach-express-layout-blind","status":"publish","type":"product","link":"https:\/\/staging.lucky-hunter.com\/fr\/product\/final-approach-express-layout-blind\/","title":{"rendered":"Aff\u00fbt Couch\u00e9 Final Approach Express"},"content":{"rendered":"<h2><strong>Aff\u00fbt couch\u00e9 l\u00e9ger pour la chasse \u00e0 l&#8217;oie<\/strong><\/h2>\n<p>Comme son nom l\u2019indique, cet aff\u00fbt couch\u00e9 d&#8217;American Final Approach est extr\u00eamement rapide \u00e0 mettre en place pour la chasse \u00e0 l&#8217;oie : il s\u2019installe en quelques secondes !<\/p>\n<p>L\u2019aff\u00fbt Express est destin\u00e9 aux chasseurs qui restent constamment en mouvement et ont donc besoin d\u2019un bagage l\u00e9ger plut\u00f4t que d\u2019un aff\u00fbt de grande taille avec armature compl\u00e8te.<\/p>\n<p>Ses tissus enduits ne manqueront pas de vous garder au sec sur le terrain et r\u00e9sisteront m\u00eame s\u2019ils sont mis \u00e0 l\u2019\u00e9preuve par un chasseur passionn\u00e9.<\/p>\n<p><strong>Caract\u00e9ristiques\u00a0:<\/strong><\/p>\n<ul>\n<li>Extr\u00eamement rapide et facile \u00e0 mettre en place<\/li>\n<li>Armature en aluminium l\u00e9g\u00e8re et antirouille<\/li>\n<li>Sangles \u00e0 v\u00e9g\u00e9tation int\u00e9gr\u00e9es pour \u00eatre encore plus dissimul\u00e9<\/li>\n<li>Inclut notre syst\u00e8me original d\u2019ouverture en deux parties, pour vous mettre en position de tir facilement et rapidement.<\/li>\n<li>Dossier et sol isol\u00e9s pour plus de confort<\/li>\n<li>Tissu de camouflage robuste 600D avec support imperm\u00e9able en PVC<\/li>\n<li>Trous pratiques des deux c\u00f4t\u00e9s pour installer des drapeaux<\/li>\n<li>Appui-t\u00eate rembourr\u00e9 confortable<\/li>\n<li>P\u00e8se seulement 5,5 kg<\/li>\n<li>24 x 198 x 35 cm<\/li>\n<li>Camouflage\u00a0: Habitat.<\/li>\n<\/ul>\n","protected":false},"excerpt":{"rendered":"<p>Comme son nom l\u2019indique, cet aff\u00fbt couch\u00e9 d&#8217;American Final Approach est extr\u00eamement rapide \u00e0 mettre en place pour la chasse \u00e0 l&#8217;oie. Il s&#8217;installe en quelques secondes !<\/p>\n","protected":false},"featured_media":30179,"template":"","meta":[],"product_brand":[8136],"product_cat":[8161],"product_tag":[9446],"yoast_head":"<!-- This site is optimized with the Yoast SEO plugin v24.3 - https:\/\/yoast.com\/wordpress\/plugins\/seo\/ -->\n<title>Final Approach Express Layout Blind - It sets up in seconds !<\/title>\n<meta name=\"description\" content=\"It is in the name that this layout blind from American Final Approach is extremely quick to prepare for the goose hunt.\" \/>\n<meta name=\"robots\" content=\"noindex, follow, max-snippet:-1, max-image-preview:large, max-video-preview:-1\" \/>\n<meta property=\"og:locale\" content=\"fr_FR\" \/>\n<meta property=\"og:type\" content=\"article\" \/>\n<meta property=\"og:title\" content=\"Final Approach Express Layout Blind - It sets up in seconds !\" \/>\n<meta property=\"og:description\" content=\"It is in the name that this layout blind from American Final Approach is extremely quick to prepare for the goose hunt.\" \/>\n<meta property=\"og:url\" content=\"https:\/\/staging.lucky-hunter.com\/fr\/product\/final-approach-express-layout-blind\/\" \/>\n<meta property=\"og:site_name\" content=\"Lucky-Hunter\" \/>\n<meta property=\"article:modified_time\" content=\"2022-11-15T14:49:39+00:00\" \/>\n<meta property=\"og:image\" content=\"https:\/\/staging.lucky-hunter.com\/wp-content\/uploads\/2021\/05\/LS-312-1.png\" \/>\n\t<meta property=\"og:image:width\" content=\"1000\" \/>\n\t<meta property=\"og:image:height\" content=\"1000\" \/>\n\t<meta property=\"og:image:type\" content=\"image\/png\" \/>\n<meta name=\"twitter:card\" content=\"summary_large_image\" \/>\n<meta name=\"twitter:label1\" content=\"Dur\u00e9e de lecture estim\u00e9e\" \/>\n\t<meta name=\"twitter:data1\" content=\"1 minute\" \/>\n<script type=\"application\/ld+json\" class=\"yoast-schema-graph\">{\"@context\":\"https:\/\/schema.org\",\"@graph\":[{\"@type\":\"WebPage\",\"@id\":\"https:\/\/staging.lucky-hunter.com\/fr\/product\/final-approach-express-layout-blind\/\",\"url\":\"https:\/\/staging.lucky-hunter.com\/fr\/product\/final-approach-express-layout-blind\/\",\"name\":\"Final Approach Express Layout Blind - It sets up in seconds !\",\"isPartOf\":{\"@id\":\"https:\/\/staging.lucky-hunter.com\/#website\"},\"primaryImageOfPage\":{\"@id\":\"https:\/\/staging.lucky-hunter.com\/fr\/product\/final-approach-express-layout-blind\/#primaryimage\"},\"image\":{\"@id\":\"https:\/\/staging.lucky-hunter.com\/fr\/product\/final-approach-express-layout-blind\/#primaryimage\"},\"thumbnailUrl\":\"https:\/\/staging.lucky-hunter.com\/wp-content\/uploads\/2021\/05\/LS-312-1.png\",\"datePublished\":\"2021-05-02T08:03:18+00:00\",\"dateModified\":\"2022-11-15T14:49:39+00:00\",\"description\":\"It is in the name that this layout blind from American Final Approach is extremely quick to prepare for the goose hunt.\",\"breadcrumb\":{\"@id\":\"https:\/\/staging.lucky-hunter.com\/fr\/product\/final-approach-express-layout-blind\/#breadcrumb\"},\"inLanguage\":\"fr-FR\",\"potentialAction\":[{\"@type\":\"ReadAction\",\"target\":[\"https:\/\/staging.lucky-hunter.com\/fr\/product\/final-approach-express-layout-blind\/\"]}]},{\"@type\":\"ImageObject\",\"inLanguage\":\"fr-FR\",\"@id\":\"https:\/\/staging.lucky-hunter.com\/fr\/product\/final-approach-express-layout-blind\/#primaryimage\",\"url\":\"https:\/\/staging.lucky-hunter.com\/wp-content\/uploads\/2021\/05\/LS-312-1.png\",\"contentUrl\":\"https:\/\/staging.lucky-hunter.com\/wp-content\/uploads\/2021\/05\/LS-312-1.png\",\"width\":1000,\"height\":1000},{\"@type\":\"BreadcrumbList\",\"@id\":\"https:\/\/staging.lucky-hunter.com\/fr\/product\/final-approach-express-layout-blind\/#breadcrumb\",\"itemListElement\":[{\"@type\":\"ListItem\",\"position\":1,\"name\":\"Home\",\"item\":\"https:\/\/staging.lucky-hunter.com\/fr\/\"},{\"@type\":\"ListItem\",\"position\":2,\"name\":\"Boutique\",\"item\":\"https:\/\/staging.lucky-hunter.com\/fr\/shop\/\"},{\"@type\":\"ListItem\",\"position\":3,\"name\":\"Aff\u00fbt Couch\u00e9 Final Approach Express\"}]},{\"@type\":\"WebSite\",\"@id\":\"https:\/\/staging.lucky-hunter.com\/#website\",\"url\":\"https:\/\/staging.lucky-hunter.com\/\",\"name\":\"Lucky-Hunter\",\"description\":\"Gear Up or Give Up\",\"potentialAction\":[{\"@type\":\"SearchAction\",\"target\":{\"@type\":\"EntryPoint\",\"urlTemplate\":\"https:\/\/staging.lucky-hunter.com\/?s={search_term_string}\"},\"query-input\":{\"@type\":\"PropertyValueSpecification\",\"valueRequired\":true,\"valueName\":\"search_term_string\"}}],\"inLanguage\":\"fr-FR\"}]}<\/script>\n<!-- \/ Yoast SEO plugin. -->","yoast_head_json":{"title":"Final Approach Express Layout Blind - It sets up in seconds !","description":"It is in the name that this layout blind from American Final Approach is extremely quick to prepare for the goose hunt.","robots":{"index":"noindex","follow":"follow","max-snippet":"max-snippet:-1","max-image-preview":"max-image-preview:large","max-video-preview":"max-video-preview:-1"},"og_locale":"fr_FR","og_type":"article","og_title":"Final Approach Express Layout Blind - It sets up in seconds !","og_description":"It is in the name that this layout blind from American Final Approach is extremely quick to prepare for the goose hunt.","og_url":"https:\/\/staging.lucky-hunter.com\/fr\/product\/final-approach-express-layout-blind\/","og_site_name":"Lucky-Hunter","article_modified_time":"2022-11-15T14:49:39+00:00","og_image":[{"width":1000,"height":1000,"url":"https:\/\/staging.lucky-hunter.com\/wp-content\/uploads\/2021\/05\/LS-312-1.png","type":"image\/png"}],"twitter_card":"summary_large_image","twitter_misc":{"Dur\u00e9e de lecture estim\u00e9e":"1 minute"},"schema":{"@context":"https:\/\/schema.org","@graph":[{"@type":"WebPage","@id":"https:\/\/staging.lucky-hunter.com\/fr\/product\/final-approach-express-layout-blind\/","url":"https:\/\/staging.lucky-hunter.com\/fr\/product\/final-approach-express-layout-blind\/","name":"Final Approach Express Layout Blind - It sets up in seconds !","isPartOf":{"@id":"https:\/\/staging.lucky-hunter.com\/#website"},"primaryImageOfPage":{"@id":"https:\/\/staging.lucky-hunter.com\/fr\/product\/final-approach-express-layout-blind\/#primaryimage"},"image":{"@id":"https:\/\/staging.lucky-hunter.com\/fr\/product\/final-approach-express-layout-blind\/#primaryimage"},"thumbnailUrl":"https:\/\/staging.lucky-hunter.com\/wp-content\/uploads\/2021\/05\/LS-312-1.png","datePublished":"2021-05-02T08:03:18+00:00","dateModified":"2022-11-15T14:49:39+00:00","description":"It is in the name that this layout blind from American Final Approach is extremely quick to prepare for the goose hunt.","breadcrumb":{"@id":"https:\/\/staging.lucky-hunter.com\/fr\/product\/final-approach-express-layout-blind\/#breadcrumb"},"inLanguage":"fr-FR","potentialAction":[{"@type":"ReadAction","target":["https:\/\/staging.lucky-hunter.com\/fr\/product\/final-approach-express-layout-blind\/"]}]},{"@type":"ImageObject","inLanguage":"fr-FR","@id":"https:\/\/staging.lucky-hunter.com\/fr\/product\/final-approach-express-layout-blind\/#primaryimage","url":"https:\/\/staging.lucky-hunter.com\/wp-content\/uploads\/2021\/05\/LS-312-1.png","contentUrl":"https:\/\/staging.lucky-hunter.com\/wp-content\/uploads\/2021\/05\/LS-312-1.png","width":1000,"height":1000},{"@type":"BreadcrumbList","@id":"https:\/\/staging.lucky-hunter.com\/fr\/product\/final-approach-express-layout-blind\/#breadcrumb","itemListElement":[{"@type":"ListItem","position":1,"name":"Home","item":"https:\/\/staging.lucky-hunter.com\/fr\/"},{"@type":"ListItem","position":2,"name":"Boutique","item":"https:\/\/staging.lucky-hunter.com\/fr\/shop\/"},{"@type":"ListItem","position":3,"name":"Aff\u00fbt Couch\u00e9 Final Approach Express"}]},{"@type":"WebSite","@id":"https:\/\/staging.lucky-hunter.com\/#website","url":"https:\/\/staging.lucky-hunter.com\/","name":"Lucky-Hunter","description":"Gear Up or Give Up","potentialAction":[{"@type":"SearchAction","target":{"@type":"EntryPoint","urlTemplate":"https:\/\/staging.lucky-hunter.com\/?s={search_term_string}"},"query-input":{"@type":"PropertyValueSpecification","valueRequired":true,"valueName":"search_term_string"}}],"inLanguage":"fr-FR"}]}},"_links":{"self":[{"href":"https:\/\/staging.lucky-hunter.com\/fr\/wp-json\/wp\/v2\/product\/31178"}],"collection":[{"href":"https:\/\/staging.lucky-hunter.com\/fr\/wp-json\/wp\/v2\/product"}],"about":[{"href":"https:\/\/staging.lucky-hunter.com\/fr\/wp-json\/wp\/v2\/types\/product"}],"wp:featuredmedia":[{"embeddable":true,"href":"https:\/\/staging.lucky-hunter.com\/fr\/wp-json\/wp\/v2\/media\/30179"}],"wp:attachment":[{"href":"https:\/\/staging.lucky-hunter.com\/fr\/wp-json\/wp\/v2\/media?parent=31178"}],"wp:term":[{"taxonomy":"product_brand","embeddable":true,"href":"https:\/\/staging.lucky-hunter.com\/fr\/wp-json\/wp\/v2\/product_brand?post=31178"},{"taxonomy":"product_cat","embeddable":true,"href":"https:\/\/staging.lucky-hunter.com\/fr\/wp-json\/wp\/v2\/product_cat?post=31178"},{"taxonomy":"product_tag","embeddable":true,"href":"https:\/\/staging.lucky-hunter.com\/fr\/wp-json\/wp\/v2\/product_tag?post=31178"}],"curies":[{"name":"wp","href":"https:\/\/api.w.org\/{rel}","templated":true}]}}