{"id":31175,"date":"2019-09-09T09:52:53","date_gmt":"2019-09-09T07:52:53","guid":{"rendered":"https:\/\/staging.lucky-hunter.com\/product\/sub-layout-blind-2\/"},"modified":"2022-11-16T09:55:22","modified_gmt":"2022-11-16T08:55:22","slug":"sub-layout-blind","status":"publish","type":"product","link":"https:\/\/staging.lucky-hunter.com\/fr\/product\/sub-layout-blind\/","title":{"rendered":"Aff\u00fbt Couch\u00e9 Final Approach Knockout"},"content":{"rendered":"<p><iframe title=\"Final Approach Knockout Blind\" width=\"1020\" height=\"574\" src=\"https:\/\/www.youtube.com\/embed\/R-OWZyOr3Io?wmode=transparent&amp;rel=0&amp;feature=oembed&#038;enablejsapi=1&#038;origin=https:\/\/staging.lucky-hunter.com\" frameborder=\"0\" allow=\"accelerometer; autoplay; clipboard-write; encrypted-media; gyroscope; picture-in-picture\" allowfullscreen><\/iframe><\/p>\n<h2><strong>Le nouvel aff\u00fbt couch\u00e9 Knockout d&#8217;American Final Approach<\/strong><\/h2>\n<p>American Final Approach a \u00e9t\u00e9 cr\u00e9\u00e9e en 1993, apr\u00e8s que Ron Latschaw ait eu l&#8217;id\u00e9e d&#8217;un aff\u00fbt qui soit \u00e0 la fois confortable et adapt\u00e9 pour passer inaper\u00e7u pendant la chasse \u00e0 l&#8217;oie. L&#8217;id\u00e9e de d\u00e9part n&#8217;\u00e9tait pas de cr\u00e9er une entreprise mais de devenir un meilleur chasseur.<\/p>\n<p>Depuis lors, plusieurs fabricants ont suivi son exemple et d\u00e9velopp\u00e9 ses id\u00e9es.<\/p>\n<p>Le nouvel aff\u00fbt couch\u00e9 \u00ab\u00a0KO\u00a0\u00bb est con\u00e7u pour assommer les oiseaux avec une discr\u00e9tion incroyable, et il est parmi les plus rapides \u00e0 monter et \u00e0 d\u00e9monter de tous les aff\u00fbts sur le march\u00e9. Il se monte et se d\u00e9monte en quelques secondes et se range rapidement.<\/p>\n<p>L\u2019armature robuste et les barres de soutien vous permettront d&#8217;exercer une pression maximale sur l\u2019aff\u00fbt pour y entrer ou pour en sortir, ce qui n&#8217;\u00e9tait pas le cas avec les aff\u00fbts disponibles jusqu&#8217;\u00e0 pr\u00e9sent.<\/p>\n<p><strong>Caract\u00e9ristiques\u00a0:<\/strong><\/p>\n<ul>\n<li>Nouveau design d\u2019armature articul\u00e9e pour un montage et un d\u00e9montage rapides<\/li>\n<li>Barres de d\u00e9montage et barres d&#8217;appui-t\u00eate pour plus de durabilit\u00e9 et de stabilit\u00e9<\/li>\n<li>Nouveau maillage arri\u00e8re pour dissimuler l&#8217;arri\u00e8re de votre t\u00eate lorsque vous vous tournez pour observer les oiseaux<\/li>\n<li>Stubble Straps &#x2122; int\u00e9gr\u00e9s pour ajouter encore plus de camouflage \u00e0 l\u2019aff\u00fbt<\/li>\n<li>Trous \u00e0 acc\u00e8s rapide int\u00e9gr\u00e9s pour installer des drapeaux<\/li>\n<li>Fermeture \u00e9clair au niveau des pieds pour enlever facilement les d\u00e9bris situ\u00e9s \u00e0 l\u2019int\u00e9rieur.<\/li>\n<li>Tissu de camouflage robuste avec support r\u00e9sistant \u00e0 l&#8217;eau<\/li>\n<li>Appui-t\u00eate rembourr\u00e9 confortable<\/li>\n<li>216 x 100 x 46 cm<\/li>\n<li>P\u00e8se seulement 8 kg.<\/li>\n<\/ul>\n","protected":false},"excerpt":{"rendered":"<p>Le nouvel aff\u00fbt couch\u00e9 \u00ab\u00a0KO\u00a0\u00bb est con\u00e7u pour assommer les oiseaux avec une discr\u00e9tion incroyable, et il est parmi les plus rapides \u00e0 monter et \u00e0 d\u00e9monter de tous les aff\u00fbts sur le march\u00e9.<\/p>\n","protected":false},"featured_media":30180,"template":"","meta":[],"product_brand":[8136],"product_cat":[8161],"product_tag":[9446],"yoast_head":"<!-- This site is optimized with the Yoast SEO plugin v24.3 - https:\/\/yoast.com\/wordpress\/plugins\/seo\/ -->\n<title>Final Approach Knockout Layout Blind | Lucky Hunter<\/title>\n<meta name=\"description\" content=\"The new Final Approach layout blind is set to knockout the birds with incredible concealment. Super easy and fast setup and take down.\" \/>\n<meta name=\"robots\" content=\"noindex, follow, max-snippet:-1, max-image-preview:large, max-video-preview:-1\" \/>\n<meta property=\"og:locale\" content=\"fr_FR\" \/>\n<meta property=\"og:type\" content=\"article\" \/>\n<meta property=\"og:title\" content=\"Final Approach SUB Pack-N-Go Layout Blind | Lucky Hunter\" \/>\n<meta property=\"og:description\" content=\"Final Approach SUB Pack-N-Go Layout Blind is perfect for reclining in-field, as well as top for comfort and portability. Waterproof base.\" \/>\n<meta property=\"og:url\" content=\"https:\/\/staging.lucky-hunter.com\/product\/final-approach-knockout-layout-blind\/\" \/>\n<meta property=\"og:site_name\" content=\"Lucky-Hunter\" \/>\n<meta property=\"article:modified_time\" content=\"2022-11-16T08:55:22+00:00\" \/>\n<meta property=\"og:image\" content=\"https:\/\/staging.lucky-hunter.com\/wp-content\/uploads\/2019\/09\/LS-300-2.png\" \/>\n\t<meta property=\"og:image:width\" content=\"1000\" \/>\n\t<meta property=\"og:image:height\" content=\"1000\" \/>\n\t<meta property=\"og:image:type\" content=\"image\/png\" \/>\n<meta name=\"twitter:card\" content=\"summary_large_image\" \/>\n<meta name=\"twitter:title\" content=\"Final Approach SUB Pack-N-Go Layout Blind | Lucky Hunter\" \/>\n<meta name=\"twitter:description\" content=\"Final Approach SUB Pack-N-Go Layout Blind is perfect for reclining in-field, as well as top for comfort and portability. Waterproof base.\" \/>\n<meta name=\"twitter:label1\" content=\"Dur\u00e9e de lecture estim\u00e9e\" \/>\n\t<meta name=\"twitter:data1\" content=\"2 minutes\" \/>\n<script type=\"application\/ld+json\" class=\"yoast-schema-graph\">{\"@context\":\"https:\/\/schema.org\",\"@graph\":[{\"@type\":\"WebPage\",\"@id\":\"https:\/\/staging.lucky-hunter.com\/product\/final-approach-knockout-layout-blind\/\",\"url\":\"https:\/\/staging.lucky-hunter.com\/product\/final-approach-knockout-layout-blind\/\",\"name\":\"Final Approach Knockout Layout Blind | Lucky Hunter\",\"isPartOf\":{\"@id\":\"https:\/\/staging.lucky-hunter.com\/#website\"},\"primaryImageOfPage\":{\"@id\":\"https:\/\/staging.lucky-hunter.com\/product\/final-approach-knockout-layout-blind\/#primaryimage\"},\"image\":{\"@id\":\"https:\/\/staging.lucky-hunter.com\/product\/final-approach-knockout-layout-blind\/#primaryimage\"},\"thumbnailUrl\":\"https:\/\/staging.lucky-hunter.com\/wp-content\/uploads\/2019\/09\/LS-300-2.png\",\"datePublished\":\"2019-09-09T07:52:53+00:00\",\"dateModified\":\"2022-11-16T08:55:22+00:00\",\"description\":\"The new Final Approach layout blind is set to knockout the birds with incredible concealment. Super easy and fast setup and take down.\",\"breadcrumb\":{\"@id\":\"https:\/\/staging.lucky-hunter.com\/product\/final-approach-knockout-layout-blind\/#breadcrumb\"},\"inLanguage\":\"fr-FR\",\"potentialAction\":[{\"@type\":\"ReadAction\",\"target\":[\"https:\/\/staging.lucky-hunter.com\/product\/final-approach-knockout-layout-blind\/\"]}]},{\"@type\":\"ImageObject\",\"inLanguage\":\"fr-FR\",\"@id\":\"https:\/\/staging.lucky-hunter.com\/product\/final-approach-knockout-layout-blind\/#primaryimage\",\"url\":\"https:\/\/staging.lucky-hunter.com\/wp-content\/uploads\/2019\/09\/LS-300-2.png\",\"contentUrl\":\"https:\/\/staging.lucky-hunter.com\/wp-content\/uploads\/2019\/09\/LS-300-2.png\",\"width\":1000,\"height\":1000},{\"@type\":\"BreadcrumbList\",\"@id\":\"https:\/\/staging.lucky-hunter.com\/product\/final-approach-knockout-layout-blind\/#breadcrumb\",\"itemListElement\":[{\"@type\":\"ListItem\",\"position\":1,\"name\":\"Home\",\"item\":\"https:\/\/staging.lucky-hunter.com\/fr\/\"},{\"@type\":\"ListItem\",\"position\":2,\"name\":\"Boutique\",\"item\":\"https:\/\/staging.lucky-hunter.com\/fr\/shop\/\"},{\"@type\":\"ListItem\",\"position\":3,\"name\":\"Aff\u00fbt Couch\u00e9 Final Approach Knockout\"}]},{\"@type\":\"WebSite\",\"@id\":\"https:\/\/staging.lucky-hunter.com\/#website\",\"url\":\"https:\/\/staging.lucky-hunter.com\/\",\"name\":\"Lucky-Hunter\",\"description\":\"Gear Up or Give Up\",\"potentialAction\":[{\"@type\":\"SearchAction\",\"target\":{\"@type\":\"EntryPoint\",\"urlTemplate\":\"https:\/\/staging.lucky-hunter.com\/?s={search_term_string}\"},\"query-input\":{\"@type\":\"PropertyValueSpecification\",\"valueRequired\":true,\"valueName\":\"search_term_string\"}}],\"inLanguage\":\"fr-FR\"}]}<\/script>\n<!-- \/ Yoast SEO plugin. -->","yoast_head_json":{"title":"Final Approach Knockout Layout Blind | Lucky Hunter","description":"The new Final Approach layout blind is set to knockout the birds with incredible concealment. Super easy and fast setup and take down.","robots":{"index":"noindex","follow":"follow","max-snippet":"max-snippet:-1","max-image-preview":"max-image-preview:large","max-video-preview":"max-video-preview:-1"},"og_locale":"fr_FR","og_type":"article","og_title":"Final Approach SUB Pack-N-Go Layout Blind | Lucky Hunter","og_description":"Final Approach SUB Pack-N-Go Layout Blind is perfect for reclining in-field, as well as top for comfort and portability. Waterproof base.","og_url":"https:\/\/staging.lucky-hunter.com\/product\/final-approach-knockout-layout-blind\/","og_site_name":"Lucky-Hunter","article_modified_time":"2022-11-16T08:55:22+00:00","og_image":[{"width":1000,"height":1000,"url":"https:\/\/staging.lucky-hunter.com\/wp-content\/uploads\/2019\/09\/LS-300-2.png","type":"image\/png"}],"twitter_card":"summary_large_image","twitter_title":"Final Approach SUB Pack-N-Go Layout Blind | Lucky Hunter","twitter_description":"Final Approach SUB Pack-N-Go Layout Blind is perfect for reclining in-field, as well as top for comfort and portability. Waterproof base.","twitter_misc":{"Dur\u00e9e de lecture estim\u00e9e":"2 minutes"},"schema":{"@context":"https:\/\/schema.org","@graph":[{"@type":"WebPage","@id":"https:\/\/staging.lucky-hunter.com\/product\/final-approach-knockout-layout-blind\/","url":"https:\/\/staging.lucky-hunter.com\/product\/final-approach-knockout-layout-blind\/","name":"Final Approach Knockout Layout Blind | Lucky Hunter","isPartOf":{"@id":"https:\/\/staging.lucky-hunter.com\/#website"},"primaryImageOfPage":{"@id":"https:\/\/staging.lucky-hunter.com\/product\/final-approach-knockout-layout-blind\/#primaryimage"},"image":{"@id":"https:\/\/staging.lucky-hunter.com\/product\/final-approach-knockout-layout-blind\/#primaryimage"},"thumbnailUrl":"https:\/\/staging.lucky-hunter.com\/wp-content\/uploads\/2019\/09\/LS-300-2.png","datePublished":"2019-09-09T07:52:53+00:00","dateModified":"2022-11-16T08:55:22+00:00","description":"The new Final Approach layout blind is set to knockout the birds with incredible concealment. Super easy and fast setup and take down.","breadcrumb":{"@id":"https:\/\/staging.lucky-hunter.com\/product\/final-approach-knockout-layout-blind\/#breadcrumb"},"inLanguage":"fr-FR","potentialAction":[{"@type":"ReadAction","target":["https:\/\/staging.lucky-hunter.com\/product\/final-approach-knockout-layout-blind\/"]}]},{"@type":"ImageObject","inLanguage":"fr-FR","@id":"https:\/\/staging.lucky-hunter.com\/product\/final-approach-knockout-layout-blind\/#primaryimage","url":"https:\/\/staging.lucky-hunter.com\/wp-content\/uploads\/2019\/09\/LS-300-2.png","contentUrl":"https:\/\/staging.lucky-hunter.com\/wp-content\/uploads\/2019\/09\/LS-300-2.png","width":1000,"height":1000},{"@type":"BreadcrumbList","@id":"https:\/\/staging.lucky-hunter.com\/product\/final-approach-knockout-layout-blind\/#breadcrumb","itemListElement":[{"@type":"ListItem","position":1,"name":"Home","item":"https:\/\/staging.lucky-hunter.com\/fr\/"},{"@type":"ListItem","position":2,"name":"Boutique","item":"https:\/\/staging.lucky-hunter.com\/fr\/shop\/"},{"@type":"ListItem","position":3,"name":"Aff\u00fbt Couch\u00e9 Final Approach Knockout"}]},{"@type":"WebSite","@id":"https:\/\/staging.lucky-hunter.com\/#website","url":"https:\/\/staging.lucky-hunter.com\/","name":"Lucky-Hunter","description":"Gear Up or Give Up","potentialAction":[{"@type":"SearchAction","target":{"@type":"EntryPoint","urlTemplate":"https:\/\/staging.lucky-hunter.com\/?s={search_term_string}"},"query-input":{"@type":"PropertyValueSpecification","valueRequired":true,"valueName":"search_term_string"}}],"inLanguage":"fr-FR"}]}},"_links":{"self":[{"href":"https:\/\/staging.lucky-hunter.com\/fr\/wp-json\/wp\/v2\/product\/31175"}],"collection":[{"href":"https:\/\/staging.lucky-hunter.com\/fr\/wp-json\/wp\/v2\/product"}],"about":[{"href":"https:\/\/staging.lucky-hunter.com\/fr\/wp-json\/wp\/v2\/types\/product"}],"wp:featuredmedia":[{"embeddable":true,"href":"https:\/\/staging.lucky-hunter.com\/fr\/wp-json\/wp\/v2\/media\/30180"}],"wp:attachment":[{"href":"https:\/\/staging.lucky-hunter.com\/fr\/wp-json\/wp\/v2\/media?parent=31175"}],"wp:term":[{"taxonomy":"product_brand","embeddable":true,"href":"https:\/\/staging.lucky-hunter.com\/fr\/wp-json\/wp\/v2\/product_brand?post=31175"},{"taxonomy":"product_cat","embeddable":true,"href":"https:\/\/staging.lucky-hunter.com\/fr\/wp-json\/wp\/v2\/product_cat?post=31175"},{"taxonomy":"product_tag","embeddable":true,"href":"https:\/\/staging.lucky-hunter.com\/fr\/wp-json\/wp\/v2\/product_tag?post=31175"}],"curies":[{"name":"wp","href":"https:\/\/api.w.org\/{rel}","templated":true}]}}